{"id":13403,"date":"2015-03-15T17:07:21","date_gmt":"2015-03-15T16:07:21","guid":{"rendered":"http:\/\/arquitecturadegalicia.eu\/blog\/?page_id=13403"},"modified":"2015-03-15T17:13:16","modified_gmt":"2015-03-15T16:13:16","slug":"xvi-premios-coag-2014-14","status":"publish","type":"page","link":"http:\/\/arquitecturadegalicia.eu\/blog\/xvi-premios-coag-2014-14\/","title":{"rendered":"XVI Premios COAG (2014-14)"},"content":{"rendered":"<p><strong>Xurado e entrega de premios<\/strong><\/p>\n<ul>\n<li>Presidente: O Ilmo. Sr. Decano do COAG\n<ul>\n<li>Don Antonio Maro\u00f1o Cal<\/li>\n<\/ul>\n<\/li>\n<li>Vocais: Dous arquitectos de reco\u00f1ecido prestixio\n<ul>\n<li>Don Antonio Miranda Regojo<\/li>\n<li>Don Joao Mendes Ribeiro<\/li>\n<\/ul>\n<\/li>\n<li>Un representante da ETSA de A Coru\u00f1a\n<ul>\n<li>Don Alfredo Freixedo Alemparte<\/li>\n<\/ul>\n<\/li>\n<li>Secretario: Presidente da Comisi\u00f3n de Cultura ou membro da Xunta de Goberno\n<ul>\n<li>Don Crist\u00f3bal Crespo Gonz\u00e1lez<\/li>\n<\/ul>\n<\/li>\n<\/ul>\n<p><a href=\"http:\/\/www.coag.es\/premioscoag\/candidaturas\/infoprevisualizacion\/ACTA_DO_XURADO_XVI_PREMIOS_COAG.pdf\" target=\"_blank\">Acta do Xurado XVI Premios COAG<\/a><\/p>\n<p>Ind\u00edcase que a Xunta de Goberno, na s\u00faa sesi\u00f3n 2\/2015 de 12 de febreiro, acordou outorgar o premio COAG nesta categor\u00eda especial ao colexiado D. Xos\u00e9 Manuel Gallego Jorreto.<\/p>\n<p>A entrega dos premios realizouse nun acto p\u00fablico o 13 de marzo, as 20:00 no Auditorio da sede de Afundaci\u00f3n de Vigo.<\/p>\n<ul>\n<li>Premio \u00e1 traxectoria profesional: Manuel Gallego Jorreto<\/li>\n<li>Rehabilitaci\u00f3n: Emilio Rodr\u00edguez Blanco pola Rehabilitaci\u00f3n Integral dunha vivenda en Portanova<\/li>\n<li>Interiorismo e Reforma Interior: Villac\u00e9 y Comingues pola Adaptaci\u00f3n de local e actividade de Cafeter\u00eda en Vigo.<\/li>\n<li>Arquitectura ef\u00e9mera: Jorge Garc\u00eda, Fernando Eiroa, Francisco Xabier Barral e Rebeca Eiras pola Ordenaci\u00f3n do Festival do Norte 2014<\/li>\n<li>Vivenda: \u201cex aequo\u201d a Manuel Jorreto D\u00edaz pola s\u00faa vivenda en Ourense, e a Terceroderecha Arquitectos pola s\u00faa Vivenda Unifamiliar en Xuanzo.<\/li>\n<li>Equipamento: Carlos Seoane polo Centro Social e de Ocio Biosaludable<\/li>\n<li>Proxecto fin de carreira: Pablo L\u00f3pez Prol polo Estadio Ol\u00edmpico na Ribeira do Manzanares<\/li>\n<li>Baixo custo: Castroferro Arquitectos polo Refuxio en Vilaboa<\/li>\n<li>Divulgaci\u00f3n e Investigaci\u00f3n:<a href=\"http:\/\/arquitecturadegalicia.eu\"> arquitecturadegalicia.eu<\/a><\/li>\n<\/ul>\n<p>&nbsp;<\/p>\n","protected":false},"excerpt":{"rendered":"<p>Xurado e entrega de premios Presidente: O Ilmo. Sr. Decano do COAG Don Antonio Maro\u00f1o Cal Vocais: Dous arquitectos de reco\u00f1ecido prestixio Don Antonio Miranda Regojo Don Joao Mendes Ribeiro Un representante da ETSA de A Coru\u00f1a Don Alfredo Freixedo Alemparte Secretario: Presidente da Comisi\u00f3n de Cultura ou membro da Xunta de Goberno Don Crist\u00f3bal<a href=\"http:\/\/arquitecturadegalicia.eu\/blog\/xvi-premios-coag-2014-14\/\" title=\"Read more\" >&#8230;<\/a><\/p>\n","protected":false},"author":3,"featured_media":13387,"parent":0,"menu_order":0,"comment_status":"open","ping_status":"open","template":"","meta":{"jetpack_post_was_ever_published":false,"footnotes":""},"class_list":["post-13403","page","type-page","status-publish","has-post-thumbnail","hentry","content-print"],"yoast_head":"<!-- This site is optimized with the Yoast SEO plugin v24.1 - https:\/\/yoast.com\/wordpress\/plugins\/seo\/ -->\n<title>XVI Premios COAG (2012-2014)<\/title>\n<meta name=\"description\" content=\"Co\u00f1ece os finalistas e ga\u00f1adores do premio COAG concedido no ano 2015 \u00f3s mellores proxectos rematados entre os anos 2012 a 2014\" \/>\n<meta name=\"robots\" content=\"index, follow, max-snippet:-1, max-image-preview:large, max-video-preview:-1\" \/>\n<link rel=\"canonical\" href=\"http:\/\/arquitecturadegalicia.eu\/blog\/xvi-premios-coag-2014-14\/\" \/>\n<meta property=\"og:locale\" content=\"es_ES\" \/>\n<meta property=\"og:type\" content=\"article\" \/>\n<meta property=\"og:title\" content=\"XVI Premios COAG (2012-2014)\" \/>\n<meta property=\"og:description\" content=\"Co\u00f1ece os finalistas e ga\u00f1adores do premio COAG concedido no ano 2015 \u00f3s mellores proxectos rematados entre os anos 2012 a 2014\" \/>\n<meta property=\"og:url\" content=\"http:\/\/arquitecturadegalicia.eu\/blog\/xvi-premios-coag-2014-14\/\" \/>\n<meta property=\"og:site_name\" content=\"AG\" \/>\n<meta property=\"article:publisher\" content=\"https:\/\/www.facebook.com\/ArquitecturadeGalicia\/\" \/>\n<meta property=\"article:modified_time\" content=\"2015-03-15T16:13:16+00:00\" \/>\n<meta property=\"og:image\" content=\"http:\/\/arquitecturadegalicia.eu\/blog\/wp-content\/uploads\/2015\/03\/AG_centro_social_oleiros_ribeira_carlos_seoane_00.jpg\" \/>\n\t<meta property=\"og:image:width\" content=\"620\" \/>\n\t<meta property=\"og:image:height\" content=\"620\" \/>\n\t<meta property=\"og:image:type\" content=\"image\/jpeg\" \/>\n<meta name=\"twitter:card\" content=\"summary_large_image\" \/>\n<meta name=\"twitter:site\" content=\"@arquigaliciaeu\" \/>\n<meta name=\"twitter:label1\" content=\"Tiempo de lectura\" \/>\n\t<meta name=\"twitter:data1\" content=\"1 minuto\" \/>\n<script type=\"application\/ld+json\" class=\"yoast-schema-graph\">{\"@context\":\"https:\/\/schema.org\",\"@graph\":[{\"@type\":\"WebPage\",\"@id\":\"http:\/\/arquitecturadegalicia.eu\/blog\/xvi-premios-coag-2014-14\/\",\"url\":\"http:\/\/arquitecturadegalicia.eu\/blog\/xvi-premios-coag-2014-14\/\",\"name\":\"XVI Premios COAG (2012-2014)\",\"isPartOf\":{\"@id\":\"http:\/\/arquitecturadegalicia.eu\/blog\/#website\"},\"primaryImageOfPage\":{\"@id\":\"http:\/\/arquitecturadegalicia.eu\/blog\/xvi-premios-coag-2014-14\/#primaryimage\"},\"image\":{\"@id\":\"http:\/\/arquitecturadegalicia.eu\/blog\/xvi-premios-coag-2014-14\/#primaryimage\"},\"thumbnailUrl\":\"http:\/\/arquitecturadegalicia.eu\/blog\/wp-content\/uploads\/2015\/03\/AG_centro_social_oleiros_ribeira_carlos_seoane_00.jpg\",\"datePublished\":\"2015-03-15T16:07:21+00:00\",\"dateModified\":\"2015-03-15T16:13:16+00:00\",\"description\":\"Co\u00f1ece os finalistas e ga\u00f1adores do premio COAG concedido no ano 2015 \u00f3s mellores proxectos rematados entre os anos 2012 a 2014\",\"breadcrumb\":{\"@id\":\"http:\/\/arquitecturadegalicia.eu\/blog\/xvi-premios-coag-2014-14\/#breadcrumb\"},\"inLanguage\":\"es\",\"potentialAction\":[{\"@type\":\"ReadAction\",\"target\":[\"http:\/\/arquitecturadegalicia.eu\/blog\/xvi-premios-coag-2014-14\/\"]}]},{\"@type\":\"ImageObject\",\"inLanguage\":\"es\",\"@id\":\"http:\/\/arquitecturadegalicia.eu\/blog\/xvi-premios-coag-2014-14\/#primaryimage\",\"url\":\"http:\/\/arquitecturadegalicia.eu\/blog\/wp-content\/uploads\/2015\/03\/AG_centro_social_oleiros_ribeira_carlos_seoane_00.jpg\",\"contentUrl\":\"http:\/\/arquitecturadegalicia.eu\/blog\/wp-content\/uploads\/2015\/03\/AG_centro_social_oleiros_ribeira_carlos_seoane_00.jpg\",\"width\":620,\"height\":620},{\"@type\":\"BreadcrumbList\",\"@id\":\"http:\/\/arquitecturadegalicia.eu\/blog\/xvi-premios-coag-2014-14\/#breadcrumb\",\"itemListElement\":[{\"@type\":\"ListItem\",\"position\":1,\"name\":\"Portada\",\"item\":\"http:\/\/arquitecturadegalicia.eu\/blog\/\"},{\"@type\":\"ListItem\",\"position\":2,\"name\":\"XVI Premios COAG (2014-14)\"}]},{\"@type\":\"WebSite\",\"@id\":\"http:\/\/arquitecturadegalicia.eu\/blog\/#website\",\"url\":\"http:\/\/arquitecturadegalicia.eu\/blog\/\",\"name\":\"AG\",\"description\":\"Arquitectura de Galicia\",\"publisher\":{\"@id\":\"http:\/\/arquitecturadegalicia.eu\/blog\/#organization\"},\"potentialAction\":[{\"@type\":\"SearchAction\",\"target\":{\"@type\":\"EntryPoint\",\"urlTemplate\":\"http:\/\/arquitecturadegalicia.eu\/blog\/?s={search_term_string}\"},\"query-input\":{\"@type\":\"PropertyValueSpecification\",\"valueRequired\":true,\"valueName\":\"search_term_string\"}}],\"inLanguage\":\"es\"},{\"@type\":\"Organization\",\"@id\":\"http:\/\/arquitecturadegalicia.eu\/blog\/#organization\",\"name\":\"Arquitectura de Galicia\",\"url\":\"http:\/\/arquitecturadegalicia.eu\/blog\/\",\"logo\":{\"@type\":\"ImageObject\",\"inLanguage\":\"es\",\"@id\":\"http:\/\/arquitecturadegalicia.eu\/blog\/#\/schema\/logo\/image\/\",\"url\":\"https:\/\/arquitecturadegalicia.eu\/blog\/wp-content\/uploads\/2017\/01\/arquitecturacurrents2.png\",\"contentUrl\":\"https:\/\/arquitecturadegalicia.eu\/blog\/wp-content\/uploads\/2017\/01\/arquitecturacurrents2.png\",\"width\":840,\"height\":640,\"caption\":\"Arquitectura de Galicia\"},\"image\":{\"@id\":\"http:\/\/arquitecturadegalicia.eu\/blog\/#\/schema\/logo\/image\/\"},\"sameAs\":[\"https:\/\/www.facebook.com\/ArquitecturadeGalicia\/\",\"https:\/\/x.com\/arquigaliciaeu\",\"https:\/\/www.instagram.com\/arquigaliciaeu\/\"]}]}<\/script>\n<!-- \/ Yoast SEO plugin. -->","yoast_head_json":{"title":"XVI Premios COAG (2012-2014)","description":"Co\u00f1ece os finalistas e ga\u00f1adores do premio COAG concedido no ano 2015 \u00f3s mellores proxectos rematados entre os anos 2012 a 2014","robots":{"index":"index","follow":"follow","max-snippet":"max-snippet:-1","max-image-preview":"max-image-preview:large","max-video-preview":"max-video-preview:-1"},"canonical":"http:\/\/arquitecturadegalicia.eu\/blog\/xvi-premios-coag-2014-14\/","og_locale":"es_ES","og_type":"article","og_title":"XVI Premios COAG (2012-2014)","og_description":"Co\u00f1ece os finalistas e ga\u00f1adores do premio COAG concedido no ano 2015 \u00f3s mellores proxectos rematados entre os anos 2012 a 2014","og_url":"http:\/\/arquitecturadegalicia.eu\/blog\/xvi-premios-coag-2014-14\/","og_site_name":"AG","article_publisher":"https:\/\/www.facebook.com\/ArquitecturadeGalicia\/","article_modified_time":"2015-03-15T16:13:16+00:00","og_image":[{"width":620,"height":620,"url":"http:\/\/arquitecturadegalicia.eu\/blog\/wp-content\/uploads\/2015\/03\/AG_centro_social_oleiros_ribeira_carlos_seoane_00.jpg","type":"image\/jpeg"}],"twitter_card":"summary_large_image","twitter_site":"@arquigaliciaeu","twitter_misc":{"Tiempo de lectura":"1 minuto"},"schema":{"@context":"https:\/\/schema.org","@graph":[{"@type":"WebPage","@id":"http:\/\/arquitecturadegalicia.eu\/blog\/xvi-premios-coag-2014-14\/","url":"http:\/\/arquitecturadegalicia.eu\/blog\/xvi-premios-coag-2014-14\/","name":"XVI Premios COAG (2012-2014)","isPartOf":{"@id":"http:\/\/arquitecturadegalicia.eu\/blog\/#website"},"primaryImageOfPage":{"@id":"http:\/\/arquitecturadegalicia.eu\/blog\/xvi-premios-coag-2014-14\/#primaryimage"},"image":{"@id":"http:\/\/arquitecturadegalicia.eu\/blog\/xvi-premios-coag-2014-14\/#primaryimage"},"thumbnailUrl":"http:\/\/arquitecturadegalicia.eu\/blog\/wp-content\/uploads\/2015\/03\/AG_centro_social_oleiros_ribeira_carlos_seoane_00.jpg","datePublished":"2015-03-15T16:07:21+00:00","dateModified":"2015-03-15T16:13:16+00:00","description":"Co\u00f1ece os finalistas e ga\u00f1adores do premio COAG concedido no ano 2015 \u00f3s mellores proxectos rematados entre os anos 2012 a 2014","breadcrumb":{"@id":"http:\/\/arquitecturadegalicia.eu\/blog\/xvi-premios-coag-2014-14\/#breadcrumb"},"inLanguage":"es","potentialAction":[{"@type":"ReadAction","target":["http:\/\/arquitecturadegalicia.eu\/blog\/xvi-premios-coag-2014-14\/"]}]},{"@type":"ImageObject","inLanguage":"es","@id":"http:\/\/arquitecturadegalicia.eu\/blog\/xvi-premios-coag-2014-14\/#primaryimage","url":"http:\/\/arquitecturadegalicia.eu\/blog\/wp-content\/uploads\/2015\/03\/AG_centro_social_oleiros_ribeira_carlos_seoane_00.jpg","contentUrl":"http:\/\/arquitecturadegalicia.eu\/blog\/wp-content\/uploads\/2015\/03\/AG_centro_social_oleiros_ribeira_carlos_seoane_00.jpg","width":620,"height":620},{"@type":"BreadcrumbList","@id":"http:\/\/arquitecturadegalicia.eu\/blog\/xvi-premios-coag-2014-14\/#breadcrumb","itemListElement":[{"@type":"ListItem","position":1,"name":"Portada","item":"http:\/\/arquitecturadegalicia.eu\/blog\/"},{"@type":"ListItem","position":2,"name":"XVI Premios COAG (2014-14)"}]},{"@type":"WebSite","@id":"http:\/\/arquitecturadegalicia.eu\/blog\/#website","url":"http:\/\/arquitecturadegalicia.eu\/blog\/","name":"AG","description":"Arquitectura de Galicia","publisher":{"@id":"http:\/\/arquitecturadegalicia.eu\/blog\/#organization"},"potentialAction":[{"@type":"SearchAction","target":{"@type":"EntryPoint","urlTemplate":"http:\/\/arquitecturadegalicia.eu\/blog\/?s={search_term_string}"},"query-input":{"@type":"PropertyValueSpecification","valueRequired":true,"valueName":"search_term_string"}}],"inLanguage":"es"},{"@type":"Organization","@id":"http:\/\/arquitecturadegalicia.eu\/blog\/#organization","name":"Arquitectura de Galicia","url":"http:\/\/arquitecturadegalicia.eu\/blog\/","logo":{"@type":"ImageObject","inLanguage":"es","@id":"http:\/\/arquitecturadegalicia.eu\/blog\/#\/schema\/logo\/image\/","url":"https:\/\/arquitecturadegalicia.eu\/blog\/wp-content\/uploads\/2017\/01\/arquitecturacurrents2.png","contentUrl":"https:\/\/arquitecturadegalicia.eu\/blog\/wp-content\/uploads\/2017\/01\/arquitecturacurrents2.png","width":840,"height":640,"caption":"Arquitectura de Galicia"},"image":{"@id":"http:\/\/arquitecturadegalicia.eu\/blog\/#\/schema\/logo\/image\/"},"sameAs":["https:\/\/www.facebook.com\/ArquitecturadeGalicia\/","https:\/\/x.com\/arquigaliciaeu","https:\/\/www.instagram.com\/arquigaliciaeu\/"]}]}},"jetpack_shortlink":"https:\/\/wp.me\/P2NHs2-3ub","jetpack_sharing_enabled":true,"_links":{"self":[{"href":"http:\/\/arquitecturadegalicia.eu\/blog\/wp-json\/wp\/v2\/pages\/13403","targetHints":{"allow":["GET"]}}],"collection":[{"href":"http:\/\/arquitecturadegalicia.eu\/blog\/wp-json\/wp\/v2\/pages"}],"about":[{"href":"http:\/\/arquitecturadegalicia.eu\/blog\/wp-json\/wp\/v2\/types\/page"}],"author":[{"embeddable":true,"href":"http:\/\/arquitecturadegalicia.eu\/blog\/wp-json\/wp\/v2\/users\/3"}],"replies":[{"embeddable":true,"href":"http:\/\/arquitecturadegalicia.eu\/blog\/wp-json\/wp\/v2\/comments?post=13403"}],"version-history":[{"count":3,"href":"http:\/\/arquitecturadegalicia.eu\/blog\/wp-json\/wp\/v2\/pages\/13403\/revisions"}],"predecessor-version":[{"id":13407,"href":"http:\/\/arquitecturadegalicia.eu\/blog\/wp-json\/wp\/v2\/pages\/13403\/revisions\/13407"}],"wp:featuredmedia":[{"embeddable":true,"href":"http:\/\/arquitecturadegalicia.eu\/blog\/wp-json\/wp\/v2\/media\/13387"}],"wp:attachment":[{"href":"http:\/\/arquitecturadegalicia.eu\/blog\/wp-json\/wp\/v2\/media?parent=13403"}],"curies":[{"name":"wp","href":"https:\/\/api.w.org\/{rel}","templated":true}]}}