{"id":14794,"date":"2017-03-19T18:26:20","date_gmt":"2017-03-19T17:26:20","guid":{"rendered":"http:\/\/arquitecturadegalicia.eu\/blog\/?page_id=14794"},"modified":"2017-03-19T18:26:20","modified_gmt":"2017-03-19T17:26:20","slug":"xvii-premios-coag-2014-2016","status":"publish","type":"page","link":"http:\/\/arquitecturadegalicia.eu\/blog\/premios\/premios-do-coag\/xvii-premios-coag-2014-2016\/","title":{"rendered":"XVII Premios COAG 2014- 2016"},"content":{"rendered":"<p>En primeiro lugar destacar o premio \u00e1 traxectoria para <a href=\"http:\/\/arquitecturadegalicia.eu\/blog\/tag\/jose-javier-suances-pereiro\/\" target=\"_blank\">Jos\u00e9 Javier Suances Pereiro<\/a>, terceiro galardoado na historia dos premios \u00e1 traxectoria, despois de Andr\u00e9s Fern\u00e1ndez-Albalat e Manolo Gallego.<\/p>\n<p><strong>As categor\u00edas e os ga\u00f1adores:<\/strong><\/p>\n<p><span style=\"text-decoration: underline;\">Baixo custo<\/span><\/p>\n<ul>\n<li>Chic&amp;Cheap de Martin Insua Calvo e Jos\u00e9 Barreiro Carre\u00f1o &#8211; Cruceiro de Barro (Noia)<\/li>\n<\/ul>\n<p><span style=\"text-decoration: underline;\">Equipamentos<\/span><\/p>\n<ul>\n<li>Centro de Actividades Mari\u00f1eiras e Cabanas do Barranco de Salgado e Li\u00f1ares &#8211; Ousesende (Outes)<\/li>\n<li>Reforma e ampliaci\u00f3n de centro docente-asistencial Down de Jos\u00e9 Luis Mart\u00ednez Ra\u00eddo e Emilio Rodriguez &#8211; Pedralonga (A Coru\u00f1a)<\/li>\n<\/ul>\n<p><span style=\"text-decoration: underline;\">Divulgaci\u00f3n e investigaci\u00f3n<\/span><\/p>\n<ul>\n<li>Longametraxe documental \u00abA Seara\u00bb de gAU arquitectura e urbanismo<\/li>\n<\/ul>\n<p><span style=\"text-decoration: underline;\">Vivenda<\/span><\/p>\n<ul>\n<li>Cooperativa de vivendas Galeras Entrerrios de Carbajo y Barrios arquitectos asociados &#8211; Santiago de Compostela<\/li>\n<li>Vivienda unifamiliar aislada de Soma Arquitectura- Cabanas<\/li>\n<\/ul>\n<p><span style=\"text-decoration: underline;\">Proxecto Fin de Carreira<\/span><\/p>\n<ul>\n<li>Fablab na Coru\u00f1a de Sandra Gonz\u00e1lez<\/li>\n<li>O Fogar do pobo de Jorge Enr\u00edquez<\/li>\n<\/ul>\n<p><span style=\"text-decoration: underline;\">Reforma e interiorismo<\/span><\/p>\n<ul>\n<li>Xelader\u00eda Bico de Xeado de Faustino Pati\u00f1o, Juan Prieto e Andrea Fern\u00e1ndez en Baiona<\/li>\n<\/ul>\n<p><span style=\"text-decoration: underline;\">Dese\u00f1o Urbano \/ Espazos abertos<\/span><\/p>\n<ul>\n<li>Miradoiro de Pedra de R\u00e1 de Carlos Seoane &#8211; Ribeira<\/li>\n<\/ul>\n<p><span style=\"text-decoration: underline;\">Rehabilitaci\u00f3n<\/span><\/p>\n<ul>\n<li>Rehabilitaci\u00f3n da Casa da Vi\u00f1a de Seara Peleteiro &#8211; Allariz (Ourense)<\/li>\n<\/ul>\n","protected":false},"excerpt":{"rendered":"<p>En primeiro lugar destacar o premio \u00e1 traxectoria para Jos\u00e9 Javier Suances Pereiro, terceiro galardoado na historia dos premios \u00e1 traxectoria, despois de Andr\u00e9s Fern\u00e1ndez-Albalat e Manolo Gallego. As categor\u00edas e os ga\u00f1adores: Baixo custo Chic&amp;Cheap de Martin Insua Calvo e Jos\u00e9 Barreiro Carre\u00f1o &#8211; Cruceiro de Barro (Noia) Equipamentos Centro de Actividades Mari\u00f1eiras e<a href=\"http:\/\/arquitecturadegalicia.eu\/blog\/premios\/premios-do-coag\/xvii-premios-coag-2014-2016\/\" title=\"Read more\" >&#8230;<\/a><\/p>\n","protected":false},"author":3,"featured_media":0,"parent":352,"menu_order":0,"comment_status":"closed","ping_status":"closed","template":"","meta":{"jetpack_post_was_ever_published":false,"footnotes":""},"class_list":["post-14794","page","type-page","status-publish","hentry","content-print"],"yoast_head":"<!-- This site is optimized with the Yoast SEO plugin v24.1 - https:\/\/yoast.com\/wordpress\/plugins\/seo\/ -->\n<title>XVII Premios COAG 2014- 2016 | AG<\/title>\n<meta name=\"robots\" content=\"index, follow, max-snippet:-1, max-image-preview:large, max-video-preview:-1\" \/>\n<link rel=\"canonical\" href=\"http:\/\/arquitecturadegalicia.eu\/blog\/premios\/premios-do-coag\/xvii-premios-coag-2014-2016\/\" \/>\n<meta property=\"og:locale\" content=\"es_ES\" \/>\n<meta property=\"og:type\" content=\"article\" \/>\n<meta property=\"og:title\" content=\"XVII Premios COAG 2014- 2016 | AG\" \/>\n<meta property=\"og:description\" content=\"En primeiro lugar destacar o premio \u00e1 traxectoria para Jos\u00e9 Javier Suances Pereiro, terceiro galardoado na historia dos premios \u00e1 traxectoria, despois de Andr\u00e9s Fern\u00e1ndez-Albalat e Manolo Gallego. As categor\u00edas e os ga\u00f1adores: Baixo custo Chic&amp;Cheap de Martin Insua Calvo e Jos\u00e9 Barreiro Carre\u00f1o &#8211; Cruceiro de Barro (Noia) Equipamentos Centro de Actividades Mari\u00f1eiras e...\" \/>\n<meta property=\"og:url\" content=\"http:\/\/arquitecturadegalicia.eu\/blog\/premios\/premios-do-coag\/xvii-premios-coag-2014-2016\/\" \/>\n<meta property=\"og:site_name\" content=\"AG\" \/>\n<meta property=\"article:publisher\" content=\"https:\/\/www.facebook.com\/ArquitecturadeGalicia\/\" \/>\n<meta name=\"twitter:card\" content=\"summary_large_image\" \/>\n<meta name=\"twitter:site\" content=\"@arquigaliciaeu\" \/>\n<meta name=\"twitter:label1\" content=\"Tiempo de lectura\" \/>\n\t<meta name=\"twitter:data1\" content=\"1 minuto\" \/>\n<script type=\"application\/ld+json\" class=\"yoast-schema-graph\">{\"@context\":\"https:\/\/schema.org\",\"@graph\":[{\"@type\":\"WebPage\",\"@id\":\"http:\/\/arquitecturadegalicia.eu\/blog\/premios\/premios-do-coag\/xvii-premios-coag-2014-2016\/\",\"url\":\"http:\/\/arquitecturadegalicia.eu\/blog\/premios\/premios-do-coag\/xvii-premios-coag-2014-2016\/\",\"name\":\"XVII Premios COAG 2014- 2016 | AG\",\"isPartOf\":{\"@id\":\"http:\/\/arquitecturadegalicia.eu\/blog\/#website\"},\"datePublished\":\"2017-03-19T17:26:20+00:00\",\"dateModified\":\"2017-03-19T17:26:20+00:00\",\"breadcrumb\":{\"@id\":\"http:\/\/arquitecturadegalicia.eu\/blog\/premios\/premios-do-coag\/xvii-premios-coag-2014-2016\/#breadcrumb\"},\"inLanguage\":\"es\",\"potentialAction\":[{\"@type\":\"ReadAction\",\"target\":[\"http:\/\/arquitecturadegalicia.eu\/blog\/premios\/premios-do-coag\/xvii-premios-coag-2014-2016\/\"]}]},{\"@type\":\"BreadcrumbList\",\"@id\":\"http:\/\/arquitecturadegalicia.eu\/blog\/premios\/premios-do-coag\/xvii-premios-coag-2014-2016\/#breadcrumb\",\"itemListElement\":[{\"@type\":\"ListItem\",\"position\":1,\"name\":\"Portada\",\"item\":\"http:\/\/arquitecturadegalicia.eu\/blog\/\"},{\"@type\":\"ListItem\",\"position\":2,\"name\":\"Premios\",\"item\":\"http:\/\/arquitecturadegalicia.eu\/blog\/premios\/\"},{\"@type\":\"ListItem\",\"position\":3,\"name\":\"Premios do COAG\",\"item\":\"http:\/\/arquitecturadegalicia.eu\/blog\/premios\/premios-do-coag\/\"},{\"@type\":\"ListItem\",\"position\":4,\"name\":\"XVII Premios COAG 2014- 2016\"}]},{\"@type\":\"WebSite\",\"@id\":\"http:\/\/arquitecturadegalicia.eu\/blog\/#website\",\"url\":\"http:\/\/arquitecturadegalicia.eu\/blog\/\",\"name\":\"AG\",\"description\":\"Arquitectura de Galicia\",\"publisher\":{\"@id\":\"http:\/\/arquitecturadegalicia.eu\/blog\/#organization\"},\"potentialAction\":[{\"@type\":\"SearchAction\",\"target\":{\"@type\":\"EntryPoint\",\"urlTemplate\":\"http:\/\/arquitecturadegalicia.eu\/blog\/?s={search_term_string}\"},\"query-input\":{\"@type\":\"PropertyValueSpecification\",\"valueRequired\":true,\"valueName\":\"search_term_string\"}}],\"inLanguage\":\"es\"},{\"@type\":\"Organization\",\"@id\":\"http:\/\/arquitecturadegalicia.eu\/blog\/#organization\",\"name\":\"Arquitectura de Galicia\",\"url\":\"http:\/\/arquitecturadegalicia.eu\/blog\/\",\"logo\":{\"@type\":\"ImageObject\",\"inLanguage\":\"es\",\"@id\":\"http:\/\/arquitecturadegalicia.eu\/blog\/#\/schema\/logo\/image\/\",\"url\":\"https:\/\/arquitecturadegalicia.eu\/blog\/wp-content\/uploads\/2017\/01\/arquitecturacurrents2.png\",\"contentUrl\":\"https:\/\/arquitecturadegalicia.eu\/blog\/wp-content\/uploads\/2017\/01\/arquitecturacurrents2.png\",\"width\":840,\"height\":640,\"caption\":\"Arquitectura de Galicia\"},\"image\":{\"@id\":\"http:\/\/arquitecturadegalicia.eu\/blog\/#\/schema\/logo\/image\/\"},\"sameAs\":[\"https:\/\/www.facebook.com\/ArquitecturadeGalicia\/\",\"https:\/\/x.com\/arquigaliciaeu\",\"https:\/\/www.instagram.com\/arquigaliciaeu\/\"]}]}<\/script>\n<!-- \/ Yoast SEO plugin. -->","yoast_head_json":{"title":"XVII Premios COAG 2014- 2016 | AG","robots":{"index":"index","follow":"follow","max-snippet":"max-snippet:-1","max-image-preview":"max-image-preview:large","max-video-preview":"max-video-preview:-1"},"canonical":"http:\/\/arquitecturadegalicia.eu\/blog\/premios\/premios-do-coag\/xvii-premios-coag-2014-2016\/","og_locale":"es_ES","og_type":"article","og_title":"XVII Premios COAG 2014- 2016 | AG","og_description":"En primeiro lugar destacar o premio \u00e1 traxectoria para Jos\u00e9 Javier Suances Pereiro, terceiro galardoado na historia dos premios \u00e1 traxectoria, despois de Andr\u00e9s Fern\u00e1ndez-Albalat e Manolo Gallego. As categor\u00edas e os ga\u00f1adores: Baixo custo Chic&amp;Cheap de Martin Insua Calvo e Jos\u00e9 Barreiro Carre\u00f1o &#8211; Cruceiro de Barro (Noia) Equipamentos Centro de Actividades Mari\u00f1eiras e...","og_url":"http:\/\/arquitecturadegalicia.eu\/blog\/premios\/premios-do-coag\/xvii-premios-coag-2014-2016\/","og_site_name":"AG","article_publisher":"https:\/\/www.facebook.com\/ArquitecturadeGalicia\/","twitter_card":"summary_large_image","twitter_site":"@arquigaliciaeu","twitter_misc":{"Tiempo de lectura":"1 minuto"},"schema":{"@context":"https:\/\/schema.org","@graph":[{"@type":"WebPage","@id":"http:\/\/arquitecturadegalicia.eu\/blog\/premios\/premios-do-coag\/xvii-premios-coag-2014-2016\/","url":"http:\/\/arquitecturadegalicia.eu\/blog\/premios\/premios-do-coag\/xvii-premios-coag-2014-2016\/","name":"XVII Premios COAG 2014- 2016 | AG","isPartOf":{"@id":"http:\/\/arquitecturadegalicia.eu\/blog\/#website"},"datePublished":"2017-03-19T17:26:20+00:00","dateModified":"2017-03-19T17:26:20+00:00","breadcrumb":{"@id":"http:\/\/arquitecturadegalicia.eu\/blog\/premios\/premios-do-coag\/xvii-premios-coag-2014-2016\/#breadcrumb"},"inLanguage":"es","potentialAction":[{"@type":"ReadAction","target":["http:\/\/arquitecturadegalicia.eu\/blog\/premios\/premios-do-coag\/xvii-premios-coag-2014-2016\/"]}]},{"@type":"BreadcrumbList","@id":"http:\/\/arquitecturadegalicia.eu\/blog\/premios\/premios-do-coag\/xvii-premios-coag-2014-2016\/#breadcrumb","itemListElement":[{"@type":"ListItem","position":1,"name":"Portada","item":"http:\/\/arquitecturadegalicia.eu\/blog\/"},{"@type":"ListItem","position":2,"name":"Premios","item":"http:\/\/arquitecturadegalicia.eu\/blog\/premios\/"},{"@type":"ListItem","position":3,"name":"Premios do COAG","item":"http:\/\/arquitecturadegalicia.eu\/blog\/premios\/premios-do-coag\/"},{"@type":"ListItem","position":4,"name":"XVII Premios COAG 2014- 2016"}]},{"@type":"WebSite","@id":"http:\/\/arquitecturadegalicia.eu\/blog\/#website","url":"http:\/\/arquitecturadegalicia.eu\/blog\/","name":"AG","description":"Arquitectura de Galicia","publisher":{"@id":"http:\/\/arquitecturadegalicia.eu\/blog\/#organization"},"potentialAction":[{"@type":"SearchAction","target":{"@type":"EntryPoint","urlTemplate":"http:\/\/arquitecturadegalicia.eu\/blog\/?s={search_term_string}"},"query-input":{"@type":"PropertyValueSpecification","valueRequired":true,"valueName":"search_term_string"}}],"inLanguage":"es"},{"@type":"Organization","@id":"http:\/\/arquitecturadegalicia.eu\/blog\/#organization","name":"Arquitectura de Galicia","url":"http:\/\/arquitecturadegalicia.eu\/blog\/","logo":{"@type":"ImageObject","inLanguage":"es","@id":"http:\/\/arquitecturadegalicia.eu\/blog\/#\/schema\/logo\/image\/","url":"https:\/\/arquitecturadegalicia.eu\/blog\/wp-content\/uploads\/2017\/01\/arquitecturacurrents2.png","contentUrl":"https:\/\/arquitecturadegalicia.eu\/blog\/wp-content\/uploads\/2017\/01\/arquitecturacurrents2.png","width":840,"height":640,"caption":"Arquitectura de Galicia"},"image":{"@id":"http:\/\/arquitecturadegalicia.eu\/blog\/#\/schema\/logo\/image\/"},"sameAs":["https:\/\/www.facebook.com\/ArquitecturadeGalicia\/","https:\/\/x.com\/arquigaliciaeu","https:\/\/www.instagram.com\/arquigaliciaeu\/"]}]}},"jetpack_shortlink":"https:\/\/wp.me\/P2NHs2-3QC","jetpack_sharing_enabled":true,"_links":{"self":[{"href":"http:\/\/arquitecturadegalicia.eu\/blog\/wp-json\/wp\/v2\/pages\/14794","targetHints":{"allow":["GET"]}}],"collection":[{"href":"http:\/\/arquitecturadegalicia.eu\/blog\/wp-json\/wp\/v2\/pages"}],"about":[{"href":"http:\/\/arquitecturadegalicia.eu\/blog\/wp-json\/wp\/v2\/types\/page"}],"author":[{"embeddable":true,"href":"http:\/\/arquitecturadegalicia.eu\/blog\/wp-json\/wp\/v2\/users\/3"}],"replies":[{"embeddable":true,"href":"http:\/\/arquitecturadegalicia.eu\/blog\/wp-json\/wp\/v2\/comments?post=14794"}],"version-history":[{"count":1,"href":"http:\/\/arquitecturadegalicia.eu\/blog\/wp-json\/wp\/v2\/pages\/14794\/revisions"}],"predecessor-version":[{"id":14795,"href":"http:\/\/arquitecturadegalicia.eu\/blog\/wp-json\/wp\/v2\/pages\/14794\/revisions\/14795"}],"up":[{"embeddable":true,"href":"http:\/\/arquitecturadegalicia.eu\/blog\/wp-json\/wp\/v2\/pages\/352"}],"wp:attachment":[{"href":"http:\/\/arquitecturadegalicia.eu\/blog\/wp-json\/wp\/v2\/media?parent=14794"}],"curies":[{"name":"wp","href":"https:\/\/api.w.org\/{rel}","templated":true}]}}