{"id":14840,"date":"2017-11-29T11:13:19","date_gmt":"2017-11-29T10:13:19","guid":{"rendered":"http:\/\/arquitecturadegalicia.eu\/blog\/?page_id=14840"},"modified":"2017-11-29T11:13:19","modified_gmt":"2017-11-29T10:13:19","slug":"premios-enor-2017","status":"publish","type":"page","link":"http:\/\/arquitecturadegalicia.eu\/blog\/premios\/premios-enor-para-galicia\/premios-enor-2017\/","title":{"rendered":"Premios Enor 2017"},"content":{"rendered":"<p>En la ciudad de Vigo, los d\u00edas 28 y 29 de abril de 2017, se re\u00fane en la sede central de Ascensores Enor el jurado del vii Premio de Arquitectura Ascensores Enor, integrado por los siguientes arquitectos:<\/p>\n<p>Presidente: D. Jes\u00fas Irisarri Castro<br \/>\nVocal: D.\u00aa Cristina Guedes<br \/>\nVocal: D. Santiago de Molina<br \/>\nVocal: D.\u00aa Bet Capdeferro<br \/>\nVocal: D. Jos\u00e9 Mar\u00eda S\u00e1nchez Garc\u00eda, Gran Premio Enor 2014<br \/>\nSecretario: D. Carlos Quint\u00e1ns Eiras.<\/p>\n<p>&nbsp;<\/p>\n<p>En primer lugar, se repasan conjuntamente las bases, los objetivos y los criterios de valoraci\u00f3n de la convocatoria, as\u00ed como la relaci\u00f3n de proyectos arquitect\u00f3nicos presentados en plazo y forma. A continuaci\u00f3n, los miembros del jurado proceden a estudiar las propuestas presentadas. Tras el proceso de an\u00e1lisis y deliberaci\u00f3n sobre la documentaci\u00f3n gr\u00e1fica y escrita de todos los proyectos, se procede a elaborar una primera lista de proyectos seleccionados. A continuaci\u00f3n, tras una segunda ronda de estudio de los proyectos seleccionados, se elabora la lista definitiva con los proyectos finalistas que optan al Gran Premio Enor y al Premio Enor de Arquitectura Joven. Finalmente, entre todos los proyectos finalistas, el jurado acuerda, de forma un\u00e1nime, conceder los siguientes premios:<\/p>\n<p>&nbsp;<\/p>\n<p><strong>Gran Premio Ascensores Enor 2017<\/strong><\/p>\n<p><a href=\"http:\/\/www.enor.es\/premio\/?p=2127\">Museo de las Colecciones Reales<\/a>\u00a0(Madrid), de los arquitectos Luis Moreno Mansilla y Emilio Tu\u00f1\u00f3n, Mansilla y Tu\u00f1\u00f3n Arquitectos.<\/p>\n<p>Fotograf\u00eda: Luis As\u00edn<\/p>\n<p><a href=\"http:\/\/www.enor.es\/premio\/wp-content\/uploads\/8_02B1.jpg\"><img fetchpriority=\"high\" decoding=\"async\" class=\"size-full wp-image-2214\" title=\"8_02B\" src=\"http:\/\/www.enor.es\/premio\/wp-content\/uploads\/8_02B1.jpg\" alt=\"\" width=\"800\" height=\"415\" \/><\/a><\/p>\n<p>&nbsp;<\/p>\n<p>Valorando: \u00abEl impacto de la arquitectura en la memoria de la ciudad y especialmente del lugar, sabiendo hacer convivir lo contempor\u00e1neo con un contexto hist\u00f3rico y patrimonial; asimismo se reconoce lo acertado de su car\u00e1cter h\u00edbrido entre museo e infraestructura. El Museo de las Colecciones Reales habla de los valores permanentes de la arquitectura..\u00bb<\/p>\n<p><strong>Premio Ascensores Enor Arquitectura Joven 2017<\/strong><\/p>\n<p><a href=\"http:\/\/www.enor.es\/premio\/?p=2155\">Can Jordi i n\u2019\u00c0frica<\/a>\u00a0( Montu\u00efri, Illes Balears), de los arquitectos Irene P\u00e9rez y Jaume Mayol, TEd\u2019A arquitectes.<\/p>\n<p>Fotograf\u00eda: TEd\u2019A arquitectes<\/p>\n<p><a href=\"http:\/\/www.enor.es\/premio\/wp-content\/uploads\/85_07B.jpg\"><img decoding=\"async\" class=\"size-full wp-image-2215\" title=\"85_07B\" src=\"http:\/\/www.enor.es\/premio\/wp-content\/uploads\/85_07B.jpg\" alt=\"\" width=\"800\" height=\"415\" \/><\/a><\/p>\n<p>&nbsp;<\/p>\n<p>Valorando: \u00abC\u00f3mo a trav\u00e9s de la profundidad de la materia y su memoria puede configurarse una obra altamente expresiva. Se reconoce c\u00f3mo se usa el programa para reformular un modo de habitar ligado a un exquisito control dimensional de los espacios.\u00bb<\/p>\n<p>fuente:\u00a0<a href=\"http:\/\/www.enor.es\/premio\/?p=2209\">enor.es<\/a><\/p>\n","protected":false},"excerpt":{"rendered":"<p>En la ciudad de Vigo, los d\u00edas 28 y 29 de abril de 2017, se re\u00fane en la sede central de Ascensores Enor el jurado del vii Premio de Arquitectura Ascensores Enor, integrado por los siguientes arquitectos: Presidente: D. Jes\u00fas Irisarri Castro Vocal: D.\u00aa Cristina Guedes Vocal: D. Santiago de Molina Vocal: D.\u00aa Bet Capdeferro<a href=\"http:\/\/arquitecturadegalicia.eu\/blog\/premios\/premios-enor-para-galicia\/premios-enor-2017\/\" title=\"Read more\" >&#8230;<\/a><\/p>\n","protected":false},"author":3,"featured_media":14841,"parent":354,"menu_order":0,"comment_status":"closed","ping_status":"closed","template":"","meta":{"jetpack_post_was_ever_published":false,"footnotes":""},"class_list":["post-14840","page","type-page","status-publish","has-post-thumbnail","hentry","content-print"],"yoast_head":"<!-- This site is optimized with the Yoast SEO plugin v24.1 - https:\/\/yoast.com\/wordpress\/plugins\/seo\/ -->\n<title>Premios Enor 2017 | AG<\/title>\n<meta name=\"robots\" content=\"index, follow, max-snippet:-1, max-image-preview:large, max-video-preview:-1\" \/>\n<link rel=\"canonical\" href=\"http:\/\/arquitecturadegalicia.eu\/blog\/premios\/premios-enor-para-galicia\/premios-enor-2017\/\" \/>\n<meta property=\"og:locale\" content=\"es_ES\" \/>\n<meta property=\"og:type\" content=\"article\" \/>\n<meta property=\"og:title\" content=\"Premios Enor 2017 | AG\" \/>\n<meta property=\"og:description\" content=\"En la ciudad de Vigo, los d\u00edas 28 y 29 de abril de 2017, se re\u00fane en la sede central de Ascensores Enor el jurado del vii Premio de Arquitectura Ascensores Enor, integrado por los siguientes arquitectos: Presidente: D. Jes\u00fas Irisarri Castro Vocal: D.\u00aa Cristina Guedes Vocal: D. Santiago de Molina Vocal: D.\u00aa Bet Capdeferro...\" \/>\n<meta property=\"og:url\" content=\"http:\/\/arquitecturadegalicia.eu\/blog\/premios\/premios-enor-para-galicia\/premios-enor-2017\/\" \/>\n<meta property=\"og:site_name\" content=\"AG\" \/>\n<meta property=\"article:publisher\" content=\"https:\/\/www.facebook.com\/ArquitecturadeGalicia\/\" \/>\n<meta property=\"og:image\" content=\"http:\/\/arquitecturadegalicia.eu\/blog\/wp-content\/uploads\/2017\/11\/arquitectura-de-galicia-premios-enor.jpg\" \/>\n\t<meta property=\"og:image:width\" content=\"800\" \/>\n\t<meta property=\"og:image:height\" content=\"415\" \/>\n\t<meta property=\"og:image:type\" content=\"image\/jpeg\" \/>\n<meta name=\"twitter:card\" content=\"summary_large_image\" \/>\n<meta name=\"twitter:site\" content=\"@arquigaliciaeu\" \/>\n<meta name=\"twitter:label1\" content=\"Tiempo de lectura\" \/>\n\t<meta name=\"twitter:data1\" content=\"2 minutos\" \/>\n<script type=\"application\/ld+json\" class=\"yoast-schema-graph\">{\"@context\":\"https:\/\/schema.org\",\"@graph\":[{\"@type\":\"WebPage\",\"@id\":\"http:\/\/arquitecturadegalicia.eu\/blog\/premios\/premios-enor-para-galicia\/premios-enor-2017\/\",\"url\":\"http:\/\/arquitecturadegalicia.eu\/blog\/premios\/premios-enor-para-galicia\/premios-enor-2017\/\",\"name\":\"Premios Enor 2017 | AG\",\"isPartOf\":{\"@id\":\"http:\/\/arquitecturadegalicia.eu\/blog\/#website\"},\"primaryImageOfPage\":{\"@id\":\"http:\/\/arquitecturadegalicia.eu\/blog\/premios\/premios-enor-para-galicia\/premios-enor-2017\/#primaryimage\"},\"image\":{\"@id\":\"http:\/\/arquitecturadegalicia.eu\/blog\/premios\/premios-enor-para-galicia\/premios-enor-2017\/#primaryimage\"},\"thumbnailUrl\":\"http:\/\/arquitecturadegalicia.eu\/blog\/wp-content\/uploads\/2017\/11\/arquitectura-de-galicia-premios-enor.jpg\",\"datePublished\":\"2017-11-29T10:13:19+00:00\",\"dateModified\":\"2017-11-29T10:13:19+00:00\",\"breadcrumb\":{\"@id\":\"http:\/\/arquitecturadegalicia.eu\/blog\/premios\/premios-enor-para-galicia\/premios-enor-2017\/#breadcrumb\"},\"inLanguage\":\"es\",\"potentialAction\":[{\"@type\":\"ReadAction\",\"target\":[\"http:\/\/arquitecturadegalicia.eu\/blog\/premios\/premios-enor-para-galicia\/premios-enor-2017\/\"]}]},{\"@type\":\"ImageObject\",\"inLanguage\":\"es\",\"@id\":\"http:\/\/arquitecturadegalicia.eu\/blog\/premios\/premios-enor-para-galicia\/premios-enor-2017\/#primaryimage\",\"url\":\"http:\/\/arquitecturadegalicia.eu\/blog\/wp-content\/uploads\/2017\/11\/arquitectura-de-galicia-premios-enor.jpg\",\"contentUrl\":\"http:\/\/arquitecturadegalicia.eu\/blog\/wp-content\/uploads\/2017\/11\/arquitectura-de-galicia-premios-enor.jpg\",\"width\":800,\"height\":415},{\"@type\":\"BreadcrumbList\",\"@id\":\"http:\/\/arquitecturadegalicia.eu\/blog\/premios\/premios-enor-para-galicia\/premios-enor-2017\/#breadcrumb\",\"itemListElement\":[{\"@type\":\"ListItem\",\"position\":1,\"name\":\"Portada\",\"item\":\"http:\/\/arquitecturadegalicia.eu\/blog\/\"},{\"@type\":\"ListItem\",\"position\":2,\"name\":\"Premios\",\"item\":\"http:\/\/arquitecturadegalicia.eu\/blog\/premios\/\"},{\"@type\":\"ListItem\",\"position\":3,\"name\":\"Premios ENOR para Galicia\",\"item\":\"http:\/\/arquitecturadegalicia.eu\/blog\/premios\/premios-enor-para-galicia\/\"},{\"@type\":\"ListItem\",\"position\":4,\"name\":\"Premios Enor 2017\"}]},{\"@type\":\"WebSite\",\"@id\":\"http:\/\/arquitecturadegalicia.eu\/blog\/#website\",\"url\":\"http:\/\/arquitecturadegalicia.eu\/blog\/\",\"name\":\"AG\",\"description\":\"Arquitectura de Galicia\",\"publisher\":{\"@id\":\"http:\/\/arquitecturadegalicia.eu\/blog\/#organization\"},\"potentialAction\":[{\"@type\":\"SearchAction\",\"target\":{\"@type\":\"EntryPoint\",\"urlTemplate\":\"http:\/\/arquitecturadegalicia.eu\/blog\/?s={search_term_string}\"},\"query-input\":{\"@type\":\"PropertyValueSpecification\",\"valueRequired\":true,\"valueName\":\"search_term_string\"}}],\"inLanguage\":\"es\"},{\"@type\":\"Organization\",\"@id\":\"http:\/\/arquitecturadegalicia.eu\/blog\/#organization\",\"name\":\"Arquitectura de Galicia\",\"url\":\"http:\/\/arquitecturadegalicia.eu\/blog\/\",\"logo\":{\"@type\":\"ImageObject\",\"inLanguage\":\"es\",\"@id\":\"http:\/\/arquitecturadegalicia.eu\/blog\/#\/schema\/logo\/image\/\",\"url\":\"https:\/\/arquitecturadegalicia.eu\/blog\/wp-content\/uploads\/2017\/01\/arquitecturacurrents2.png\",\"contentUrl\":\"https:\/\/arquitecturadegalicia.eu\/blog\/wp-content\/uploads\/2017\/01\/arquitecturacurrents2.png\",\"width\":840,\"height\":640,\"caption\":\"Arquitectura de Galicia\"},\"image\":{\"@id\":\"http:\/\/arquitecturadegalicia.eu\/blog\/#\/schema\/logo\/image\/\"},\"sameAs\":[\"https:\/\/www.facebook.com\/ArquitecturadeGalicia\/\",\"https:\/\/x.com\/arquigaliciaeu\",\"https:\/\/www.instagram.com\/arquigaliciaeu\/\"]}]}<\/script>\n<!-- \/ Yoast SEO plugin. -->","yoast_head_json":{"title":"Premios Enor 2017 | AG","robots":{"index":"index","follow":"follow","max-snippet":"max-snippet:-1","max-image-preview":"max-image-preview:large","max-video-preview":"max-video-preview:-1"},"canonical":"http:\/\/arquitecturadegalicia.eu\/blog\/premios\/premios-enor-para-galicia\/premios-enor-2017\/","og_locale":"es_ES","og_type":"article","og_title":"Premios Enor 2017 | AG","og_description":"En la ciudad de Vigo, los d\u00edas 28 y 29 de abril de 2017, se re\u00fane en la sede central de Ascensores Enor el jurado del vii Premio de Arquitectura Ascensores Enor, integrado por los siguientes arquitectos: Presidente: D. Jes\u00fas Irisarri Castro Vocal: D.\u00aa Cristina Guedes Vocal: D. Santiago de Molina Vocal: D.\u00aa Bet Capdeferro...","og_url":"http:\/\/arquitecturadegalicia.eu\/blog\/premios\/premios-enor-para-galicia\/premios-enor-2017\/","og_site_name":"AG","article_publisher":"https:\/\/www.facebook.com\/ArquitecturadeGalicia\/","og_image":[{"width":800,"height":415,"url":"http:\/\/arquitecturadegalicia.eu\/blog\/wp-content\/uploads\/2017\/11\/arquitectura-de-galicia-premios-enor.jpg","type":"image\/jpeg"}],"twitter_card":"summary_large_image","twitter_site":"@arquigaliciaeu","twitter_misc":{"Tiempo de lectura":"2 minutos"},"schema":{"@context":"https:\/\/schema.org","@graph":[{"@type":"WebPage","@id":"http:\/\/arquitecturadegalicia.eu\/blog\/premios\/premios-enor-para-galicia\/premios-enor-2017\/","url":"http:\/\/arquitecturadegalicia.eu\/blog\/premios\/premios-enor-para-galicia\/premios-enor-2017\/","name":"Premios Enor 2017 | AG","isPartOf":{"@id":"http:\/\/arquitecturadegalicia.eu\/blog\/#website"},"primaryImageOfPage":{"@id":"http:\/\/arquitecturadegalicia.eu\/blog\/premios\/premios-enor-para-galicia\/premios-enor-2017\/#primaryimage"},"image":{"@id":"http:\/\/arquitecturadegalicia.eu\/blog\/premios\/premios-enor-para-galicia\/premios-enor-2017\/#primaryimage"},"thumbnailUrl":"http:\/\/arquitecturadegalicia.eu\/blog\/wp-content\/uploads\/2017\/11\/arquitectura-de-galicia-premios-enor.jpg","datePublished":"2017-11-29T10:13:19+00:00","dateModified":"2017-11-29T10:13:19+00:00","breadcrumb":{"@id":"http:\/\/arquitecturadegalicia.eu\/blog\/premios\/premios-enor-para-galicia\/premios-enor-2017\/#breadcrumb"},"inLanguage":"es","potentialAction":[{"@type":"ReadAction","target":["http:\/\/arquitecturadegalicia.eu\/blog\/premios\/premios-enor-para-galicia\/premios-enor-2017\/"]}]},{"@type":"ImageObject","inLanguage":"es","@id":"http:\/\/arquitecturadegalicia.eu\/blog\/premios\/premios-enor-para-galicia\/premios-enor-2017\/#primaryimage","url":"http:\/\/arquitecturadegalicia.eu\/blog\/wp-content\/uploads\/2017\/11\/arquitectura-de-galicia-premios-enor.jpg","contentUrl":"http:\/\/arquitecturadegalicia.eu\/blog\/wp-content\/uploads\/2017\/11\/arquitectura-de-galicia-premios-enor.jpg","width":800,"height":415},{"@type":"BreadcrumbList","@id":"http:\/\/arquitecturadegalicia.eu\/blog\/premios\/premios-enor-para-galicia\/premios-enor-2017\/#breadcrumb","itemListElement":[{"@type":"ListItem","position":1,"name":"Portada","item":"http:\/\/arquitecturadegalicia.eu\/blog\/"},{"@type":"ListItem","position":2,"name":"Premios","item":"http:\/\/arquitecturadegalicia.eu\/blog\/premios\/"},{"@type":"ListItem","position":3,"name":"Premios ENOR para Galicia","item":"http:\/\/arquitecturadegalicia.eu\/blog\/premios\/premios-enor-para-galicia\/"},{"@type":"ListItem","position":4,"name":"Premios Enor 2017"}]},{"@type":"WebSite","@id":"http:\/\/arquitecturadegalicia.eu\/blog\/#website","url":"http:\/\/arquitecturadegalicia.eu\/blog\/","name":"AG","description":"Arquitectura de Galicia","publisher":{"@id":"http:\/\/arquitecturadegalicia.eu\/blog\/#organization"},"potentialAction":[{"@type":"SearchAction","target":{"@type":"EntryPoint","urlTemplate":"http:\/\/arquitecturadegalicia.eu\/blog\/?s={search_term_string}"},"query-input":{"@type":"PropertyValueSpecification","valueRequired":true,"valueName":"search_term_string"}}],"inLanguage":"es"},{"@type":"Organization","@id":"http:\/\/arquitecturadegalicia.eu\/blog\/#organization","name":"Arquitectura de Galicia","url":"http:\/\/arquitecturadegalicia.eu\/blog\/","logo":{"@type":"ImageObject","inLanguage":"es","@id":"http:\/\/arquitecturadegalicia.eu\/blog\/#\/schema\/logo\/image\/","url":"https:\/\/arquitecturadegalicia.eu\/blog\/wp-content\/uploads\/2017\/01\/arquitecturacurrents2.png","contentUrl":"https:\/\/arquitecturadegalicia.eu\/blog\/wp-content\/uploads\/2017\/01\/arquitecturacurrents2.png","width":840,"height":640,"caption":"Arquitectura de Galicia"},"image":{"@id":"http:\/\/arquitecturadegalicia.eu\/blog\/#\/schema\/logo\/image\/"},"sameAs":["https:\/\/www.facebook.com\/ArquitecturadeGalicia\/","https:\/\/x.com\/arquigaliciaeu","https:\/\/www.instagram.com\/arquigaliciaeu\/"]}]}},"jetpack_shortlink":"https:\/\/wp.me\/P2NHs2-3Rm","jetpack_sharing_enabled":true,"_links":{"self":[{"href":"http:\/\/arquitecturadegalicia.eu\/blog\/wp-json\/wp\/v2\/pages\/14840","targetHints":{"allow":["GET"]}}],"collection":[{"href":"http:\/\/arquitecturadegalicia.eu\/blog\/wp-json\/wp\/v2\/pages"}],"about":[{"href":"http:\/\/arquitecturadegalicia.eu\/blog\/wp-json\/wp\/v2\/types\/page"}],"author":[{"embeddable":true,"href":"http:\/\/arquitecturadegalicia.eu\/blog\/wp-json\/wp\/v2\/users\/3"}],"replies":[{"embeddable":true,"href":"http:\/\/arquitecturadegalicia.eu\/blog\/wp-json\/wp\/v2\/comments?post=14840"}],"version-history":[{"count":1,"href":"http:\/\/arquitecturadegalicia.eu\/blog\/wp-json\/wp\/v2\/pages\/14840\/revisions"}],"predecessor-version":[{"id":14842,"href":"http:\/\/arquitecturadegalicia.eu\/blog\/wp-json\/wp\/v2\/pages\/14840\/revisions\/14842"}],"up":[{"embeddable":true,"href":"http:\/\/arquitecturadegalicia.eu\/blog\/wp-json\/wp\/v2\/pages\/354"}],"wp:featuredmedia":[{"embeddable":true,"href":"http:\/\/arquitecturadegalicia.eu\/blog\/wp-json\/wp\/v2\/media\/14841"}],"wp:attachment":[{"href":"http:\/\/arquitecturadegalicia.eu\/blog\/wp-json\/wp\/v2\/media?parent=14840"}],"curies":[{"name":"wp","href":"https:\/\/api.w.org\/{rel}","templated":true}]}}