{"id":12981,"date":"2014-11-08T13:01:50","date_gmt":"2014-11-08T12:01:50","guid":{"rendered":"http:\/\/arquitecturadegalicia.eu\/blog\/?page_id=12981"},"modified":"2014-11-10T17:32:42","modified_gmt":"2014-11-10T16:32:42","slug":"premios-xoana-de-vega-2013","status":"publish","type":"page","link":"https:\/\/arquitecturadegalicia.eu\/blog\/premios\/premios-xoana-de-vega-de-arquitectura\/premios-xoana-de-vega-2013\/","title":{"rendered":"Premios Xoana de Vega 2013"},"content":{"rendered":"<p><iframe src=\"\/\/www.youtube.com\/embed\/RkoXgGQu05U\" width=\"560\" height=\"315\" frameborder=\"0\" allowfullscreen=\"allowfullscreen\"><\/iframe><\/p>\n<p>&nbsp;<\/p>\n<p><strong>Primeiro Premio<\/strong><\/p>\n<ul>\n<li>\n<p dir=\"ltr\">\u00a0<a href=\"http:\/\/arquitecturadegalicia.eu\/blog\/?p=8081\"><strong>Casa unifamiliar en Redonda, Corcubi\u00f3n<\/strong><\/a>, de <a href=\"http:\/\/arquitecturadegalicia.eu\/blog\/?tag=creusecarrasco\">Juan Creus e Covadonga Carrasco<\/a>.<\/p>\n<\/li>\n<\/ul>\n<p>&nbsp;<\/p>\n<p><strong>Acc\u00e9sits<\/strong><\/p>\n<ul>\n<li><a href=\"http:\/\/arquitecturadegalicia.eu\/blog\/?p=8457\"><strong>Casa unifamiliar na urbanizaci\u00f3n Pazo de Ramir\u00e1s<\/strong><\/a>, de <a href=\"http:\/\/arquitecturadegalicia.eu\/blog\/?tag=quico-jorreto\">Quico Jorreto<\/a>.<\/li>\n<li><strong>Casa no lugar de Portanova, Coeses, Lugo<\/strong>, de <a href=\"http:\/\/arquitecturadegalicia.eu\/blog\/?tag=emilio-rodriguez-blanco\">Emilio Rodr\u00edguez<\/a>.<\/li>\n<\/ul>\n<p>&nbsp;<\/p>\n<p><strong>Finalistas<\/strong><\/p>\n<ul>\n<li><a href=\"http:\/\/arquitecturadegalicia.eu\/blog\/?p=9856\"><strong>Vivenda unifamiliar na Ribeiri\u00f1a, Pobra do Carami\u00f1al<\/strong><\/a>, de <a href=\"http:\/\/arquitecturadegalicia.eu\/blog\/?tag=inaki-leite\">I\u00f1aki Leite<\/a>.<\/li>\n<li><a href=\"http:\/\/arquitecturadegalicia.eu\/blog\/?p=8050\"><strong>Casa en Tebra, Tomi\u00f1o<\/strong><\/a>, de <a href=\"http:\/\/arquitecturadegalicia.eu\/blog\/?tag=irisarri-pinera\">Guadalupe Pi\u00f1era e Jes\u00fas Irisarri<\/a>.<\/li>\n<\/ul>\n<p>&nbsp;<\/p>\n<p>&nbsp;<\/p>\n<p>&nbsp;<\/p>\n<p>&nbsp;<\/p>\n<h3><a href=\"http:\/\/www.escolagalegadapaisaxe.org\/ga\/mactividades\/premios\/arquitectura\/?f=2013\">Acta do X Premio Juana de Vega de Aquitectura<\/a><\/h3>\n<p>\u00abOleiros, 29 de agosto de 2013<\/p>\n<p>Asistentes:<\/p>\n<table border=\"0\" width=\"75%\" cellspacing=\"0\" cellpadding=\"3\" align=\"center\">\n<tbody>\n<tr>\n<td valign=\"top\"><strong>Presidente<\/strong><\/td>\n<td>Antonio Maro\u00f1o Cal<\/td>\n<\/tr>\n<tr>\n<td valign=\"top\"><strong>Secretaria<\/strong><\/td>\n<td>Isabel Aguirre de Urcola<\/td>\n<\/tr>\n<tr>\n<td valign=\"top\"><strong>Vocais<\/strong><\/td>\n<td>Gon\u00e7alo ByrneEnrique S\u00e1ez PonteFernando Agrasar QuirogaManuel Caama\u00f1o Su\u00e1rezSalvador Fraga Rivas<\/p>\n<p>Francisco Xavier Seoane Rivas<\/td>\n<\/tr>\n<\/tbody>\n<\/table>\n<p>O d\u00eda 28 de agosto de 2013 re\u00fanese o xurado do Premio Juana de Vega de Arquitectura, formado polas persoas relacionadas no encabezado, para fallar a d\u00e9cima edici\u00f3n do premio. A reuni\u00f3n ten lugar entre as 22:30 e as 24:00 horas nunha cafeter\u00eda sita no Pol\u00edgono do Ceao (Lugo).<\/p>\n<p>En sesi\u00f3n previa, celebrada o 5 de xullo, o xurado fixera unha primeira selecci\u00f3n entre as 21 obras presentadas. Despois da escolma, ficaron 6 traballos que se visitaron o mesmo d\u00eda no que se fallou o premio. Tras unha ampla deliberaci\u00f3n, o xurado tomou por unanimidade os seguintes acordos:<\/p>\n<ol>\n<li>Conceder o Premio Juana de Vega de Arquitectura, na s\u00faa d\u00e9cima edici\u00f3n, \u00e1 vivenda situada en Redonda (Corcubi\u00f3n) da que son autores Juan Creus e Covadonga Carrasco. Un proxecto maduro que consigue integrar moi ben un edificio novo no espazo dunha edificaci\u00f3n preexistente, respectando o volume e a fachada orixinais e a harmon\u00eda do conxunto de casa, terreo e edificaci\u00f3ns auxiliares. Compre destacar varios aspectos: (1) a galer\u00eda posterior en m\u00e1rmore, que substit\u00fae a do volume orixinal, que ofrece soluci\u00f3ns axeitadas \u00e1 distribuci\u00f3n dos usos e abre espazos interiores \u00e1 espl\u00e9ndida paisaxe sobre o Cabo Fisterra, (2) a sutil eficacia coa que funcionan os patios e terrazas situados a ambos lados da casa que facilitan os accesos e circulaci\u00f3ns e relacionan con naturalidade co seu contorno de horta e xard\u00edns que descenden ata o mar e (3) a inclusi\u00f3n de elementos preexistentes, -h\u00f3rreo, muros- coidando o seu valor hist\u00f3rico e aproveitando as posibilidades de uso da casi\u00f1o do xard\u00edn. Un coidado que tam\u00e9n se aprecia no dese\u00f1o da escaleira, mobiliario e elementos decorativos interiores e na facha principal, que, tendo unha linguaxe popular, non renuncia a unha personalidade especial nos elementos decorativos.<\/li>\n<li>Conceder un acc\u00e9sit a cada unha das seguintes vivendas:\n<ol type=\"a\">\n<li>Casa unifamiliar sita na Urbanizaci\u00f3n Pazo de Ramir\u00e1s 61 (Ourense) do arquitecto Manuel Jorreto. Tr\u00e1tase dunha obra nova, con vistas ao Mi\u00f1o, que combina moi ben unha presenza pl\u00e1stica poderosa cun uso racional dos espazos interiores da vivenda, limpa e ben distribu\u00edda. Un paralelep\u00edpedo alargado encaixado entre un estreito xard\u00edn interior, situado entre a vivenda e o muro de contenci\u00f3n do formig\u00f3n, e a poderosa vista exterior sobre o val e o r\u00edo. Os sistemas de peche das superficies cristaleiras permiten aos habitantes da casa seleccionar varios ambientes, entre a total apertura e o recollemento presidido polos pequenos pradairos do xard\u00edn interior. A auga da piscina, sobre a cuberta e aos lados da p\u00e9rgola de entrada \u00e9 tam\u00e9n un elemento construtivo m\u00e1is, que dialoga co formig\u00f3n, vidro e aceiro.<\/li>\n<li>Casa en lugar de Portanova, Coeses (Lugo) do arquitecto Emilio Rodr\u00edguez. Confl\u00faen nela dous usos: vivenda e obradoiro para os seus ocupantes que se dedican \u00e1s artes pl\u00e1sticas. O edificio ocupa o espazo dunha casa rural integrada nunha aldea de gran valor etnogr\u00e1fico e, nese senso, colabora a dar nova vidas a estes lugares que est\u00e1n sendo abandonados. O proxecto resolve ben os usos previstos polos propietarios (dotando de luz cenital ao obradoiro, por exemplo) e combina a recuperaci\u00f3n dos muros de pedra da finca, cunha construci\u00f3n de formig\u00f3n recuberta dunha fachada transventilada de madeira de alerce, que vai adquirindo un cor gris caracter\u00edstico e harmoniza cos muros de laxas de xisto. A eficacia enerx\u00e9tica da obra compl\u00e9tase co dese\u00f1o de ocos pequenos ao norte e apertura de fiestras amplas ao pequeno xard\u00edn situado a mediod\u00eda.<\/li>\n<\/ol>\n<\/li>\n<li>Resaltar como obras de interese especial d\u00faas vivendas que non entraron no apartado premios. Ambas as d\u00faas te\u00f1en en com\u00fan o uso de materiais que se empregan nas respectivas comarcas para outras funci\u00f3ns:\n<ol type=\"a\">\n<li>Vivenda unifamiliar en A Ribeiri\u00f1a (Pobra do Carami\u00f1al) do arquitecto I\u00f1aki Leite. Unha construci\u00f3n aberta ao mar, limitada por un solar pequeno e con forte gradiente, que dificulta a consecuci\u00f3n dos diversos obxectivos da obra. \u00c9 un proxecto de calidade que destaca especialmente polo uso de madeira reciclada proveniente das bateas de mexill\u00f3n que poboan a r\u00eda veci\u00f1a e pola eficacia do tratamento enerx\u00e9tico.<\/li>\n<li>Casa en Tebra (Tomi\u00f1o) dos arquitectos Guadalupe Pi\u00f1era e Jes\u00fas Irisarri. Edificio singular polo elegante dese\u00f1o da planta baixa e a integraci\u00f3n dos muros de pedra dunha casa preexistente, que complican algo a resoluci\u00f3n dos espazos interiores. Resulta destacable o emprego de diversas capas de materiais que envolven a casa, e dan p\u00e9 a xogos de luces e temperatura que se adaptan ao clima. Salienta unha cortina envolvente exterior, unha saia que se axita co vento, feita de aluminio, que emparenta coas que se usan nos invernadoiros da zona.<\/li>\n<\/ol>\n<\/li>\n<\/ol>\n<p>Por \u00faltimo, o xurado quere subli\u00f1ar que, durante a d\u00e9cada que leva existindo o premio, obs\u00e9rvase unha continua mellora das soluci\u00f3ns empregadas para crear vivendas unifamiliares o que reflicte o esforzo dos arquitectos para ofrecer soluci\u00f3ns de dese\u00f1o moderno, adaptadas a realidade de cada caso -inclu\u00eddo en moitos casos o respecto a edificaci\u00f3ns preexistentes-, pero tam\u00e9n a evoluci\u00f3n das pautas sociais que fan que os promotores das casas conecten a cot\u00edo coas novas tendencias da arquitectura galega. Nesta confluencia est\u00e1 a clave de que, a pesares da crise do sector construci\u00f3n, o n\u00famero de obras presentadas ao premio se mante\u00f1a alto e que a tarefa do xurado para tomar decisi\u00f3ns sexa, de cada volta, m\u00e1is complicada pola alta calidade dos traballos.\u00bb<\/p>\n","protected":false},"excerpt":{"rendered":"<p>&nbsp; Primeiro Premio \u00a0Casa unifamiliar en Redonda, Corcubi\u00f3n, de Juan Creus e Covadonga Carrasco. &nbsp; Acc\u00e9sits Casa unifamiliar na urbanizaci\u00f3n Pazo de Ramir\u00e1s, de Quico Jorreto. Casa no lugar de Portanova, Coeses, Lugo, de Emilio Rodr\u00edguez. &nbsp; Finalistas Vivenda unifamiliar na Ribeiri\u00f1a, Pobra do Carami\u00f1al, de I\u00f1aki Leite. Casa en Tebra, Tomi\u00f1o, de Guadalupe Pi\u00f1era<a href=\"https:\/\/arquitecturadegalicia.eu\/blog\/premios\/premios-xoana-de-vega-de-arquitectura\/premios-xoana-de-vega-2013\/\" title=\"Read more\" >&#8230;<\/a><\/p>\n","protected":false},"author":3,"featured_media":0,"parent":331,"menu_order":0,"comment_status":"open","ping_status":"open","template":"","meta":{"jetpack_post_was_ever_published":false,"footnotes":""},"class_list":["post-12981","page","type-page","status-publish","hentry","content-print"],"yoast_head":"<!-- This site is optimized with the Yoast SEO plugin v24.1 - https:\/\/yoast.com\/wordpress\/plugins\/seo\/ -->\n<title>Premios Xoana de Vega 2013<\/title>\n<meta name=\"robots\" content=\"index, follow, max-snippet:-1, max-image-preview:large, max-video-preview:-1\" \/>\n<link rel=\"canonical\" href=\"https:\/\/arquitecturadegalicia.eu\/blog\/premios\/premios-xoana-de-vega-de-arquitectura\/premios-xoana-de-vega-2013\/\" \/>\n<meta property=\"og:locale\" content=\"es_ES\" \/>\n<meta property=\"og:type\" content=\"article\" \/>\n<meta property=\"og:title\" content=\"Premios Xoana de Vega 2013\" \/>\n<meta property=\"og:description\" content=\"O d\u00eda 28 de agosto de 2013 re\u00fanese o xurado do Premio Juana de Vega de Arquitectura, formado polas persoas relacionadas no encabezado, para fallar a d\u00e9cima edici\u00f3n do premio.\" \/>\n<meta property=\"og:url\" content=\"https:\/\/arquitecturadegalicia.eu\/blog\/premios\/premios-xoana-de-vega-de-arquitectura\/premios-xoana-de-vega-2013\/\" \/>\n<meta property=\"og:site_name\" content=\"AG\" \/>\n<meta property=\"article:publisher\" content=\"https:\/\/www.facebook.com\/ArquitecturadeGalicia\/\" \/>\n<meta property=\"article:modified_time\" content=\"2014-11-10T16:32:42+00:00\" \/>\n<meta name=\"twitter:card\" content=\"summary_large_image\" \/>\n<meta name=\"twitter:site\" content=\"@arquigaliciaeu\" \/>\n<meta name=\"twitter:label1\" content=\"Tiempo de lectura\" \/>\n\t<meta name=\"twitter:data1\" content=\"5 minutos\" \/>\n<script type=\"application\/ld+json\" class=\"yoast-schema-graph\">{\"@context\":\"https:\/\/schema.org\",\"@graph\":[{\"@type\":\"WebPage\",\"@id\":\"https:\/\/arquitecturadegalicia.eu\/blog\/premios\/premios-xoana-de-vega-de-arquitectura\/premios-xoana-de-vega-2013\/\",\"url\":\"https:\/\/arquitecturadegalicia.eu\/blog\/premios\/premios-xoana-de-vega-de-arquitectura\/premios-xoana-de-vega-2013\/\",\"name\":\"Premios Xoana de Vega 2013\",\"isPartOf\":{\"@id\":\"http:\/\/arquitecturadegalicia.eu\/blog\/#website\"},\"datePublished\":\"2014-11-08T12:01:50+00:00\",\"dateModified\":\"2014-11-10T16:32:42+00:00\",\"breadcrumb\":{\"@id\":\"https:\/\/arquitecturadegalicia.eu\/blog\/premios\/premios-xoana-de-vega-de-arquitectura\/premios-xoana-de-vega-2013\/#breadcrumb\"},\"inLanguage\":\"es\",\"potentialAction\":[{\"@type\":\"ReadAction\",\"target\":[\"https:\/\/arquitecturadegalicia.eu\/blog\/premios\/premios-xoana-de-vega-de-arquitectura\/premios-xoana-de-vega-2013\/\"]}]},{\"@type\":\"BreadcrumbList\",\"@id\":\"https:\/\/arquitecturadegalicia.eu\/blog\/premios\/premios-xoana-de-vega-de-arquitectura\/premios-xoana-de-vega-2013\/#breadcrumb\",\"itemListElement\":[{\"@type\":\"ListItem\",\"position\":1,\"name\":\"Portada\",\"item\":\"http:\/\/arquitecturadegalicia.eu\/blog\/\"},{\"@type\":\"ListItem\",\"position\":2,\"name\":\"Premios\",\"item\":\"http:\/\/arquitecturadegalicia.eu\/blog\/premios\/\"},{\"@type\":\"ListItem\",\"position\":3,\"name\":\"Premios Xoana de Vega de Arquitectura\",\"item\":\"http:\/\/arquitecturadegalicia.eu\/blog\/premios\/premios-xoana-de-vega-de-arquitectura\/\"},{\"@type\":\"ListItem\",\"position\":4,\"name\":\"Premios Xoana de Vega 2013\"}]},{\"@type\":\"WebSite\",\"@id\":\"http:\/\/arquitecturadegalicia.eu\/blog\/#website\",\"url\":\"http:\/\/arquitecturadegalicia.eu\/blog\/\",\"name\":\"AG\",\"description\":\"Arquitectura de Galicia\",\"publisher\":{\"@id\":\"http:\/\/arquitecturadegalicia.eu\/blog\/#organization\"},\"potentialAction\":[{\"@type\":\"SearchAction\",\"target\":{\"@type\":\"EntryPoint\",\"urlTemplate\":\"http:\/\/arquitecturadegalicia.eu\/blog\/?s={search_term_string}\"},\"query-input\":{\"@type\":\"PropertyValueSpecification\",\"valueRequired\":true,\"valueName\":\"search_term_string\"}}],\"inLanguage\":\"es\"},{\"@type\":\"Organization\",\"@id\":\"http:\/\/arquitecturadegalicia.eu\/blog\/#organization\",\"name\":\"Arquitectura de Galicia\",\"url\":\"http:\/\/arquitecturadegalicia.eu\/blog\/\",\"logo\":{\"@type\":\"ImageObject\",\"inLanguage\":\"es\",\"@id\":\"http:\/\/arquitecturadegalicia.eu\/blog\/#\/schema\/logo\/image\/\",\"url\":\"https:\/\/arquitecturadegalicia.eu\/blog\/wp-content\/uploads\/2017\/01\/arquitecturacurrents2.png\",\"contentUrl\":\"https:\/\/arquitecturadegalicia.eu\/blog\/wp-content\/uploads\/2017\/01\/arquitecturacurrents2.png\",\"width\":840,\"height\":640,\"caption\":\"Arquitectura de Galicia\"},\"image\":{\"@id\":\"http:\/\/arquitecturadegalicia.eu\/blog\/#\/schema\/logo\/image\/\"},\"sameAs\":[\"https:\/\/www.facebook.com\/ArquitecturadeGalicia\/\",\"https:\/\/x.com\/arquigaliciaeu\",\"https:\/\/www.instagram.com\/arquigaliciaeu\/\"]}]}<\/script>\n<!-- \/ Yoast SEO plugin. -->","yoast_head_json":{"title":"Premios Xoana de Vega 2013","robots":{"index":"index","follow":"follow","max-snippet":"max-snippet:-1","max-image-preview":"max-image-preview:large","max-video-preview":"max-video-preview:-1"},"canonical":"https:\/\/arquitecturadegalicia.eu\/blog\/premios\/premios-xoana-de-vega-de-arquitectura\/premios-xoana-de-vega-2013\/","og_locale":"es_ES","og_type":"article","og_title":"Premios Xoana de Vega 2013","og_description":"O d\u00eda 28 de agosto de 2013 re\u00fanese o xurado do Premio Juana de Vega de Arquitectura, formado polas persoas relacionadas no encabezado, para fallar a d\u00e9cima edici\u00f3n do premio.","og_url":"https:\/\/arquitecturadegalicia.eu\/blog\/premios\/premios-xoana-de-vega-de-arquitectura\/premios-xoana-de-vega-2013\/","og_site_name":"AG","article_publisher":"https:\/\/www.facebook.com\/ArquitecturadeGalicia\/","article_modified_time":"2014-11-10T16:32:42+00:00","twitter_card":"summary_large_image","twitter_site":"@arquigaliciaeu","twitter_misc":{"Tiempo de lectura":"5 minutos"},"schema":{"@context":"https:\/\/schema.org","@graph":[{"@type":"WebPage","@id":"https:\/\/arquitecturadegalicia.eu\/blog\/premios\/premios-xoana-de-vega-de-arquitectura\/premios-xoana-de-vega-2013\/","url":"https:\/\/arquitecturadegalicia.eu\/blog\/premios\/premios-xoana-de-vega-de-arquitectura\/premios-xoana-de-vega-2013\/","name":"Premios Xoana de Vega 2013","isPartOf":{"@id":"http:\/\/arquitecturadegalicia.eu\/blog\/#website"},"datePublished":"2014-11-08T12:01:50+00:00","dateModified":"2014-11-10T16:32:42+00:00","breadcrumb":{"@id":"https:\/\/arquitecturadegalicia.eu\/blog\/premios\/premios-xoana-de-vega-de-arquitectura\/premios-xoana-de-vega-2013\/#breadcrumb"},"inLanguage":"es","potentialAction":[{"@type":"ReadAction","target":["https:\/\/arquitecturadegalicia.eu\/blog\/premios\/premios-xoana-de-vega-de-arquitectura\/premios-xoana-de-vega-2013\/"]}]},{"@type":"BreadcrumbList","@id":"https:\/\/arquitecturadegalicia.eu\/blog\/premios\/premios-xoana-de-vega-de-arquitectura\/premios-xoana-de-vega-2013\/#breadcrumb","itemListElement":[{"@type":"ListItem","position":1,"name":"Portada","item":"http:\/\/arquitecturadegalicia.eu\/blog\/"},{"@type":"ListItem","position":2,"name":"Premios","item":"http:\/\/arquitecturadegalicia.eu\/blog\/premios\/"},{"@type":"ListItem","position":3,"name":"Premios Xoana de Vega de Arquitectura","item":"http:\/\/arquitecturadegalicia.eu\/blog\/premios\/premios-xoana-de-vega-de-arquitectura\/"},{"@type":"ListItem","position":4,"name":"Premios Xoana de Vega 2013"}]},{"@type":"WebSite","@id":"http:\/\/arquitecturadegalicia.eu\/blog\/#website","url":"http:\/\/arquitecturadegalicia.eu\/blog\/","name":"AG","description":"Arquitectura de Galicia","publisher":{"@id":"http:\/\/arquitecturadegalicia.eu\/blog\/#organization"},"potentialAction":[{"@type":"SearchAction","target":{"@type":"EntryPoint","urlTemplate":"http:\/\/arquitecturadegalicia.eu\/blog\/?s={search_term_string}"},"query-input":{"@type":"PropertyValueSpecification","valueRequired":true,"valueName":"search_term_string"}}],"inLanguage":"es"},{"@type":"Organization","@id":"http:\/\/arquitecturadegalicia.eu\/blog\/#organization","name":"Arquitectura de Galicia","url":"http:\/\/arquitecturadegalicia.eu\/blog\/","logo":{"@type":"ImageObject","inLanguage":"es","@id":"http:\/\/arquitecturadegalicia.eu\/blog\/#\/schema\/logo\/image\/","url":"https:\/\/arquitecturadegalicia.eu\/blog\/wp-content\/uploads\/2017\/01\/arquitecturacurrents2.png","contentUrl":"https:\/\/arquitecturadegalicia.eu\/blog\/wp-content\/uploads\/2017\/01\/arquitecturacurrents2.png","width":840,"height":640,"caption":"Arquitectura de Galicia"},"image":{"@id":"http:\/\/arquitecturadegalicia.eu\/blog\/#\/schema\/logo\/image\/"},"sameAs":["https:\/\/www.facebook.com\/ArquitecturadeGalicia\/","https:\/\/x.com\/arquigaliciaeu","https:\/\/www.instagram.com\/arquigaliciaeu\/"]}]}},"jetpack_shortlink":"https:\/\/wp.me\/P2NHs2-3nn","jetpack_sharing_enabled":true,"_links":{"self":[{"href":"https:\/\/arquitecturadegalicia.eu\/blog\/wp-json\/wp\/v2\/pages\/12981","targetHints":{"allow":["GET"]}}],"collection":[{"href":"https:\/\/arquitecturadegalicia.eu\/blog\/wp-json\/wp\/v2\/pages"}],"about":[{"href":"https:\/\/arquitecturadegalicia.eu\/blog\/wp-json\/wp\/v2\/types\/page"}],"author":[{"embeddable":true,"href":"https:\/\/arquitecturadegalicia.eu\/blog\/wp-json\/wp\/v2\/users\/3"}],"replies":[{"embeddable":true,"href":"https:\/\/arquitecturadegalicia.eu\/blog\/wp-json\/wp\/v2\/comments?post=12981"}],"version-history":[{"count":7,"href":"https:\/\/arquitecturadegalicia.eu\/blog\/wp-json\/wp\/v2\/pages\/12981\/revisions"}],"predecessor-version":[{"id":13136,"href":"https:\/\/arquitecturadegalicia.eu\/blog\/wp-json\/wp\/v2\/pages\/12981\/revisions\/13136"}],"up":[{"embeddable":true,"href":"https:\/\/arquitecturadegalicia.eu\/blog\/wp-json\/wp\/v2\/pages\/331"}],"wp:attachment":[{"href":"https:\/\/arquitecturadegalicia.eu\/blog\/wp-json\/wp\/v2\/media?parent=12981"}],"curies":[{"name":"wp","href":"https:\/\/api.w.org\/{rel}","templated":true}]}}