{"id":12983,"date":"2014-11-08T13:07:51","date_gmt":"2014-11-08T12:07:51","guid":{"rendered":"http:\/\/arquitecturadegalicia.eu\/blog\/?page_id=12983"},"modified":"2014-11-10T17:33:44","modified_gmt":"2014-11-10T16:33:44","slug":"premio-xoana-de-vega-2014","status":"publish","type":"page","link":"https:\/\/arquitecturadegalicia.eu\/blog\/premios\/premios-xoana-de-vega-de-arquitectura\/premio-xoana-de-vega-2014\/","title":{"rendered":"Premio Xoana de Vega 2014"},"content":{"rendered":"<p><iframe src=\"\/\/www.youtube.com\/embed\/t-WDYlkpbIU?list=UUaM34gRVNpic1-QvsJjBc1w\" width=\"560\" height=\"315\" frameborder=\"0\" allowfullscreen=\"allowfullscreen\"><\/iframe><\/p>\n<p><strong>Primeiro Premio<\/strong><\/p>\n<ul>\n<li><strong><a href=\"http:\/\/arquitecturadegalicia.eu\/blog\/?p=12959\">Casa unifamiliar en Arder\u00eds, Oroso, A Coru\u00f1a<\/a>,<\/strong>\u00a0de <a href=\"http:\/\/arquitecturadegalicia.eu\/blog\/?tag=emilio-rodriguez-blanco\">Emilio Rodr\u00edguez Blanco<\/a><\/li>\n<\/ul>\n<p>&nbsp;<\/p>\n<p><strong>Acc\u00e9sit<\/strong><\/p>\n<ul>\n<li><strong>Casa unifamiliar en Vilagarc\u00ed<\/strong>a, de Xos\u00e9 Luis Recuna e Xos\u00e9 Mar\u00eda Fern\u00e1ndez.<\/li>\n<\/ul>\n<p>&nbsp;<\/p>\n<p><strong>Finalista<\/strong><\/p>\n<ul>\n<li><strong>Vivenda unifamiliar en Silled<\/strong>a, do Estudio Tercero Derecha.<\/li>\n<\/ul>\n<p>&nbsp;<\/p>\n<p>&nbsp;<\/p>\n<p>&nbsp;<\/p>\n<p>&nbsp;<\/p>\n<h3><a href=\"http:\/\/www.escolagalegadapaisaxe.org\/ga\/mactividades\/premios\/arquitectura\/?f=2014\">Acta do XI Premio Juana de Vega de Aquitectura<\/a><\/h3>\n<p>\u00abOleiros, 9 de setembro de 2014<\/p>\n<p>Asistentes:<\/p>\n<table border=\"0\" width=\"75%\" cellspacing=\"0\" cellpadding=\"3\" align=\"center\">\n<tbody>\n<tr>\n<td valign=\"top\"><strong>Presidente<\/strong><\/td>\n<td>Antonio Maro\u00f1o Cal<\/td>\n<\/tr>\n<tr>\n<td valign=\"top\"><strong>Secretaria<\/strong><\/td>\n<td>Isabel Aguirre de Urcola<\/td>\n<\/tr>\n<tr>\n<td valign=\"top\"><strong>Vocais<\/strong><\/td>\n<td>Gon\u00e7alo ByrneFernando Agrasar QuirogaEnrique S\u00e1ez PonteManuel Caama\u00f1o Su\u00e1rez<\/p>\n<p>Salvador Fraga Rivas<\/p>\n<p>Francisco Xavier Seoane Rivas<\/td>\n<\/tr>\n<\/tbody>\n<\/table>\n<p>Este ano, a petici\u00f3n do director da ETSA da Coru\u00f1a, o xurado foi acompa\u00f1ado por tres profesores visitantes estranxeiros que amosan grande interese polo Premio e o xeito de traballar neste tema por parte da Escola Galega da Paisaxe da Fundaci\u00f3n Juana de Vega. As persoas que participaron neste programa de visitas foron:<\/p>\n<ul>\n<li>Luis Eugenio da Silva Lage, director da Facultade de Arquitectura e Planeamento F\u00edsico, da Universidade Eduardo Mondlane, de Mo\u00e7anbique.<\/li>\n<li>Henry Vicente, director da Escola de Arquitectura da Universidade Sim\u00f3n Bolivar, de Cacaras, en Venezuela.<\/li>\n<li>Amar Bnnadji, profesor en \u201cThe Escott Stherland School of Architecture &amp; Built Environmet\u201d da Robert Gordon University, en Escocia.<\/li>\n<\/ul>\n<p>Tralo percorrido programado o xurado re\u00fanese en Canido (Vigo) e tras constatar que hai d\u00faas obras que destacan con certa claridade sobre o conxunto das visitadas, o xurado toma as seguintes decisi\u00f3ns:<\/p>\n<ol>\n<li>Conceder o Premio Juana de Vega de Arquitectura na presente convocatoria, \u00e1 casa situada en Arder\u00eds, Oroso (A Coru\u00f1a), do arquitecto Emilio Rodr\u00edguez Blanco. O xurado valora especialmente a calidade lograda nos espazos interiores pola entrada de luz a toda a zona com\u00fan e aos dormitorios, que resultan moi axeitados para a vida dos seus ocupantes. Tam\u00e9n quere destacar a boa conxunci\u00f3n entre esta calidade ambiental e o emprego de materiais de baixo custo, cunha certa influencia do movemento brutalista, que producir\u00eda resultados algo duros de non ser polo bo dese\u00f1o arquitect\u00f3nico do conxunto.<\/li>\n<li>Outorgar un acc\u00e9sit \u00e1 vivenda situada na R\u00faa Rosal\u00eda de Castro de Vilagarc\u00eda, dos Arquitectos Xos\u00e9 Luis Recuna e Xos\u00e9 Mar\u00eda Fern\u00e1ndez. A casa, situada fronte ao mar de Arousa, destaca polo seu moderno dese\u00f1o, moi apoiado no emprego de madeira como elemento unificador, e ben integrado nunha zona na que hai edificios de varias \u00e9pocas e niveis de calidade moi dispares. A vivenda retranqu\u00e9ase un pouco da r\u00faa principal e \u00e1brese sobre a v\u00eda posterior. O conxunto resulta equilibrado e eficaz e, ao mesmo tempo, harmonizado polo emprego da madeira en list\u00f3ns (fachada \u00e1 r\u00faa e espazo vertical interior que integra os diversos niveis), prolong\u00e1ndose no mobiliario da obra.<\/li>\n<li>O xurado congrat\u00falase de que este premio siga contando con un n\u00famero alto de vivendas presentadas que proba que a arquitectura actual vaise integrando ben nas opci\u00f3ns dos residentes en Galicia \u00e1 hora de constru\u00edren a s\u00faa casa. Entre as obras non premiadas destaca o resultado obtido polos arquitectos do estudio Tercero Derecha, na s\u00faa obra da R\u00faa Pontevedra en Silleda, que crea un espazo equilibrado con boas soluci\u00f3ns de integraci\u00f3n no conxunto urbano e no emprego de soluci\u00f3ns que favorecen o aforro de enerx\u00eda.\u00bb<\/li>\n<\/ol>\n","protected":false},"excerpt":{"rendered":"<p>Primeiro Premio Casa unifamiliar en Arder\u00eds, Oroso, A Coru\u00f1a,\u00a0de Emilio Rodr\u00edguez Blanco &nbsp; Acc\u00e9sit Casa unifamiliar en Vilagarc\u00eda, de Xos\u00e9 Luis Recuna e Xos\u00e9 Mar\u00eda Fern\u00e1ndez. &nbsp; Finalista Vivenda unifamiliar en Silleda, do Estudio Tercero Derecha. &nbsp; &nbsp; &nbsp; &nbsp; Acta do XI Premio Juana de Vega de Aquitectura \u00abOleiros, 9 de setembro de 2014<a href=\"https:\/\/arquitecturadegalicia.eu\/blog\/premios\/premios-xoana-de-vega-de-arquitectura\/premio-xoana-de-vega-2014\/\" title=\"Read more\" >&#8230;<\/a><\/p>\n","protected":false},"author":3,"featured_media":0,"parent":331,"menu_order":0,"comment_status":"open","ping_status":"open","template":"","meta":{"jetpack_post_was_ever_published":false,"footnotes":""},"class_list":["post-12983","page","type-page","status-publish","hentry","content-print"],"yoast_head":"<!-- This site is optimized with the Yoast SEO plugin v24.1 - https:\/\/yoast.com\/wordpress\/plugins\/seo\/ -->\n<title>Premio Xoana de Vega 2014<\/title>\n<meta name=\"robots\" content=\"index, follow, max-snippet:-1, max-image-preview:large, max-video-preview:-1\" \/>\n<link rel=\"canonical\" href=\"https:\/\/arquitecturadegalicia.eu\/blog\/premios\/premios-xoana-de-vega-de-arquitectura\/premio-xoana-de-vega-2014\/\" \/>\n<meta property=\"og:locale\" content=\"es_ES\" \/>\n<meta property=\"og:type\" content=\"article\" \/>\n<meta property=\"og:title\" content=\"Premio Xoana de Vega 2014\" \/>\n<meta property=\"og:description\" content=\"Tralo percorrido programado o xurado re\u00fanese en Canido (Vigo) e tras constatar que hai d\u00faas obras que destacan con certa claridade sobre o conxunto das visitadas, o xurado toma as seguintes decisi\u00f3ns\" \/>\n<meta property=\"og:url\" content=\"https:\/\/arquitecturadegalicia.eu\/blog\/premios\/premios-xoana-de-vega-de-arquitectura\/premio-xoana-de-vega-2014\/\" \/>\n<meta property=\"og:site_name\" content=\"AG\" \/>\n<meta property=\"article:publisher\" content=\"https:\/\/www.facebook.com\/ArquitecturadeGalicia\/\" \/>\n<meta property=\"article:modified_time\" content=\"2014-11-10T16:33:44+00:00\" \/>\n<meta name=\"twitter:card\" content=\"summary_large_image\" \/>\n<meta name=\"twitter:site\" content=\"@arquigaliciaeu\" \/>\n<meta name=\"twitter:label1\" content=\"Tiempo de lectura\" \/>\n\t<meta name=\"twitter:data1\" content=\"3 minutos\" \/>\n<script type=\"application\/ld+json\" class=\"yoast-schema-graph\">{\"@context\":\"https:\/\/schema.org\",\"@graph\":[{\"@type\":\"WebPage\",\"@id\":\"https:\/\/arquitecturadegalicia.eu\/blog\/premios\/premios-xoana-de-vega-de-arquitectura\/premio-xoana-de-vega-2014\/\",\"url\":\"https:\/\/arquitecturadegalicia.eu\/blog\/premios\/premios-xoana-de-vega-de-arquitectura\/premio-xoana-de-vega-2014\/\",\"name\":\"Premio Xoana de Vega 2014\",\"isPartOf\":{\"@id\":\"http:\/\/arquitecturadegalicia.eu\/blog\/#website\"},\"datePublished\":\"2014-11-08T12:07:51+00:00\",\"dateModified\":\"2014-11-10T16:33:44+00:00\",\"breadcrumb\":{\"@id\":\"https:\/\/arquitecturadegalicia.eu\/blog\/premios\/premios-xoana-de-vega-de-arquitectura\/premio-xoana-de-vega-2014\/#breadcrumb\"},\"inLanguage\":\"es\",\"potentialAction\":[{\"@type\":\"ReadAction\",\"target\":[\"https:\/\/arquitecturadegalicia.eu\/blog\/premios\/premios-xoana-de-vega-de-arquitectura\/premio-xoana-de-vega-2014\/\"]}]},{\"@type\":\"BreadcrumbList\",\"@id\":\"https:\/\/arquitecturadegalicia.eu\/blog\/premios\/premios-xoana-de-vega-de-arquitectura\/premio-xoana-de-vega-2014\/#breadcrumb\",\"itemListElement\":[{\"@type\":\"ListItem\",\"position\":1,\"name\":\"Portada\",\"item\":\"http:\/\/arquitecturadegalicia.eu\/blog\/\"},{\"@type\":\"ListItem\",\"position\":2,\"name\":\"Premios\",\"item\":\"http:\/\/arquitecturadegalicia.eu\/blog\/premios\/\"},{\"@type\":\"ListItem\",\"position\":3,\"name\":\"Premios Xoana de Vega de Arquitectura\",\"item\":\"http:\/\/arquitecturadegalicia.eu\/blog\/premios\/premios-xoana-de-vega-de-arquitectura\/\"},{\"@type\":\"ListItem\",\"position\":4,\"name\":\"Premio Xoana de Vega 2014\"}]},{\"@type\":\"WebSite\",\"@id\":\"http:\/\/arquitecturadegalicia.eu\/blog\/#website\",\"url\":\"http:\/\/arquitecturadegalicia.eu\/blog\/\",\"name\":\"AG\",\"description\":\"Arquitectura de Galicia\",\"publisher\":{\"@id\":\"http:\/\/arquitecturadegalicia.eu\/blog\/#organization\"},\"potentialAction\":[{\"@type\":\"SearchAction\",\"target\":{\"@type\":\"EntryPoint\",\"urlTemplate\":\"http:\/\/arquitecturadegalicia.eu\/blog\/?s={search_term_string}\"},\"query-input\":{\"@type\":\"PropertyValueSpecification\",\"valueRequired\":true,\"valueName\":\"search_term_string\"}}],\"inLanguage\":\"es\"},{\"@type\":\"Organization\",\"@id\":\"http:\/\/arquitecturadegalicia.eu\/blog\/#organization\",\"name\":\"Arquitectura de Galicia\",\"url\":\"http:\/\/arquitecturadegalicia.eu\/blog\/\",\"logo\":{\"@type\":\"ImageObject\",\"inLanguage\":\"es\",\"@id\":\"http:\/\/arquitecturadegalicia.eu\/blog\/#\/schema\/logo\/image\/\",\"url\":\"https:\/\/arquitecturadegalicia.eu\/blog\/wp-content\/uploads\/2017\/01\/arquitecturacurrents2.png\",\"contentUrl\":\"https:\/\/arquitecturadegalicia.eu\/blog\/wp-content\/uploads\/2017\/01\/arquitecturacurrents2.png\",\"width\":840,\"height\":640,\"caption\":\"Arquitectura de Galicia\"},\"image\":{\"@id\":\"http:\/\/arquitecturadegalicia.eu\/blog\/#\/schema\/logo\/image\/\"},\"sameAs\":[\"https:\/\/www.facebook.com\/ArquitecturadeGalicia\/\",\"https:\/\/x.com\/arquigaliciaeu\",\"https:\/\/www.instagram.com\/arquigaliciaeu\/\"]}]}<\/script>\n<!-- \/ Yoast SEO plugin. -->","yoast_head_json":{"title":"Premio Xoana de Vega 2014","robots":{"index":"index","follow":"follow","max-snippet":"max-snippet:-1","max-image-preview":"max-image-preview:large","max-video-preview":"max-video-preview:-1"},"canonical":"https:\/\/arquitecturadegalicia.eu\/blog\/premios\/premios-xoana-de-vega-de-arquitectura\/premio-xoana-de-vega-2014\/","og_locale":"es_ES","og_type":"article","og_title":"Premio Xoana de Vega 2014","og_description":"Tralo percorrido programado o xurado re\u00fanese en Canido (Vigo) e tras constatar que hai d\u00faas obras que destacan con certa claridade sobre o conxunto das visitadas, o xurado toma as seguintes decisi\u00f3ns","og_url":"https:\/\/arquitecturadegalicia.eu\/blog\/premios\/premios-xoana-de-vega-de-arquitectura\/premio-xoana-de-vega-2014\/","og_site_name":"AG","article_publisher":"https:\/\/www.facebook.com\/ArquitecturadeGalicia\/","article_modified_time":"2014-11-10T16:33:44+00:00","twitter_card":"summary_large_image","twitter_site":"@arquigaliciaeu","twitter_misc":{"Tiempo de lectura":"3 minutos"},"schema":{"@context":"https:\/\/schema.org","@graph":[{"@type":"WebPage","@id":"https:\/\/arquitecturadegalicia.eu\/blog\/premios\/premios-xoana-de-vega-de-arquitectura\/premio-xoana-de-vega-2014\/","url":"https:\/\/arquitecturadegalicia.eu\/blog\/premios\/premios-xoana-de-vega-de-arquitectura\/premio-xoana-de-vega-2014\/","name":"Premio Xoana de Vega 2014","isPartOf":{"@id":"http:\/\/arquitecturadegalicia.eu\/blog\/#website"},"datePublished":"2014-11-08T12:07:51+00:00","dateModified":"2014-11-10T16:33:44+00:00","breadcrumb":{"@id":"https:\/\/arquitecturadegalicia.eu\/blog\/premios\/premios-xoana-de-vega-de-arquitectura\/premio-xoana-de-vega-2014\/#breadcrumb"},"inLanguage":"es","potentialAction":[{"@type":"ReadAction","target":["https:\/\/arquitecturadegalicia.eu\/blog\/premios\/premios-xoana-de-vega-de-arquitectura\/premio-xoana-de-vega-2014\/"]}]},{"@type":"BreadcrumbList","@id":"https:\/\/arquitecturadegalicia.eu\/blog\/premios\/premios-xoana-de-vega-de-arquitectura\/premio-xoana-de-vega-2014\/#breadcrumb","itemListElement":[{"@type":"ListItem","position":1,"name":"Portada","item":"http:\/\/arquitecturadegalicia.eu\/blog\/"},{"@type":"ListItem","position":2,"name":"Premios","item":"http:\/\/arquitecturadegalicia.eu\/blog\/premios\/"},{"@type":"ListItem","position":3,"name":"Premios Xoana de Vega de Arquitectura","item":"http:\/\/arquitecturadegalicia.eu\/blog\/premios\/premios-xoana-de-vega-de-arquitectura\/"},{"@type":"ListItem","position":4,"name":"Premio Xoana de Vega 2014"}]},{"@type":"WebSite","@id":"http:\/\/arquitecturadegalicia.eu\/blog\/#website","url":"http:\/\/arquitecturadegalicia.eu\/blog\/","name":"AG","description":"Arquitectura de Galicia","publisher":{"@id":"http:\/\/arquitecturadegalicia.eu\/blog\/#organization"},"potentialAction":[{"@type":"SearchAction","target":{"@type":"EntryPoint","urlTemplate":"http:\/\/arquitecturadegalicia.eu\/blog\/?s={search_term_string}"},"query-input":{"@type":"PropertyValueSpecification","valueRequired":true,"valueName":"search_term_string"}}],"inLanguage":"es"},{"@type":"Organization","@id":"http:\/\/arquitecturadegalicia.eu\/blog\/#organization","name":"Arquitectura de Galicia","url":"http:\/\/arquitecturadegalicia.eu\/blog\/","logo":{"@type":"ImageObject","inLanguage":"es","@id":"http:\/\/arquitecturadegalicia.eu\/blog\/#\/schema\/logo\/image\/","url":"https:\/\/arquitecturadegalicia.eu\/blog\/wp-content\/uploads\/2017\/01\/arquitecturacurrents2.png","contentUrl":"https:\/\/arquitecturadegalicia.eu\/blog\/wp-content\/uploads\/2017\/01\/arquitecturacurrents2.png","width":840,"height":640,"caption":"Arquitectura de Galicia"},"image":{"@id":"http:\/\/arquitecturadegalicia.eu\/blog\/#\/schema\/logo\/image\/"},"sameAs":["https:\/\/www.facebook.com\/ArquitecturadeGalicia\/","https:\/\/x.com\/arquigaliciaeu","https:\/\/www.instagram.com\/arquigaliciaeu\/"]}]}},"jetpack_shortlink":"https:\/\/wp.me\/P2NHs2-3np","jetpack_sharing_enabled":true,"_links":{"self":[{"href":"https:\/\/arquitecturadegalicia.eu\/blog\/wp-json\/wp\/v2\/pages\/12983","targetHints":{"allow":["GET"]}}],"collection":[{"href":"https:\/\/arquitecturadegalicia.eu\/blog\/wp-json\/wp\/v2\/pages"}],"about":[{"href":"https:\/\/arquitecturadegalicia.eu\/blog\/wp-json\/wp\/v2\/types\/page"}],"author":[{"embeddable":true,"href":"https:\/\/arquitecturadegalicia.eu\/blog\/wp-json\/wp\/v2\/users\/3"}],"replies":[{"embeddable":true,"href":"https:\/\/arquitecturadegalicia.eu\/blog\/wp-json\/wp\/v2\/comments?post=12983"}],"version-history":[{"count":6,"href":"https:\/\/arquitecturadegalicia.eu\/blog\/wp-json\/wp\/v2\/pages\/12983\/revisions"}],"predecessor-version":[{"id":13138,"href":"https:\/\/arquitecturadegalicia.eu\/blog\/wp-json\/wp\/v2\/pages\/12983\/revisions\/13138"}],"up":[{"embeddable":true,"href":"https:\/\/arquitecturadegalicia.eu\/blog\/wp-json\/wp\/v2\/pages\/331"}],"wp:attachment":[{"href":"https:\/\/arquitecturadegalicia.eu\/blog\/wp-json\/wp\/v2\/media?parent=12983"}],"curies":[{"name":"wp","href":"https:\/\/api.w.org\/{rel}","templated":true}]}}