{"id":12989,"date":"2014-11-08T18:16:10","date_gmt":"2014-11-08T17:16:10","guid":{"rendered":"http:\/\/arquitecturadegalicia.eu\/blog\/?page_id=12989"},"modified":"2014-11-08T22:21:13","modified_gmt":"2014-11-08T21:21:13","slug":"vi-premios-enor","status":"publish","type":"page","link":"https:\/\/arquitecturadegalicia.eu\/blog\/premios\/premios-enor-para-galicia\/vi-premios-enor\/","title":{"rendered":"VI Premios Enor"},"content":{"rendered":"<p><b><b>Finalistas:<br \/>\n<\/b><\/b><\/p>\n<ul>\n<li dir=\"ltr\"><a href=\"http:\/\/arquitecturadegalicia.eu\/blog\/?p=6863\"><strong>Proxecto de recuperaci\u00f3n ambiental e posta en valor do entorno da fortaleza e praia fluvial de Go\u00edan<\/strong><\/a>\u00a0_\u00a0<a href=\"http:\/\/arquitecturadegalicia.eu\/blog\/?tag=pablo-gallego-picard\">Pablo Gallego Picard<\/a><\/li>\n<li dir=\"ltr\"><strong><a href=\"http:\/\/arquitecturadegalicia.eu\/blog\/?p=6178\">Reintegraci\u00f3n urbana do patrimonio cultural de A Cha\u00ednza<\/a>\u00a0<\/strong>_ <a href=\"http:\/\/arquitecturadegalicia.eu\/blog\/?tag=salgadoelinares\">Alfonso Salgado + Francisco Li\u00f1ares<\/a><\/li>\n<\/ul>\n<p>&nbsp;<\/p>\n<p><b><b>Seleccionados:<br \/>\n<\/b><\/b><\/p>\n<ul>\n<li dir=\"ltr\"><a href=\"http:\/\/arquitecturadegalicia.eu\/blog\/?p=9968\"><strong>Centro de formaci\u00f3n e interpretaci\u00f3n de valores culturais e etnogr\u00e1ficos do Mandeo<\/strong><\/a>\u00a0_\u00a0<a href=\"http:\/\/arquitecturadegalicia.eu\/blog\/?tag=barge-bouza-arquitectura\">Santiago Barge +\u00a0M\u00aa Bel\u00e9n Bouza\u00a0+\u00a0Olalla Barge<\/a><\/li>\n<li dir=\"ltr\"><a href=\"http:\/\/arquitecturadegalicia.eu\/blog\/?p=12371\"><strong>Casas Reais \u2013 Reforma dunha vivenda<\/strong><\/a>\u00a0_\u00a0<a href=\"http:\/\/arquitecturadegalicia.eu\/blog\/?tag=concheiro-de-montard\">Concheiro de Montard<\/a><\/li>\n<li dir=\"ltr\"><a href=\"http:\/\/arquitecturadegalicia.eu\/blog\/?p=2359\"><strong>Concello de Lal\u00edn<\/strong><\/a>\u00a0_\u00a0<a href=\"http:\/\/arquitecturadegalicia.eu\/blog\/?tag=mansilla-tunon\">Mansilla+Tu\u00f1\u00f3n<\/a><\/li>\n<li dir=\"ltr\"><a href=\"http:\/\/arquitecturadegalicia.eu\/blog\/?p=7069\"><strong>Fundaci\u00f3n Rubido Romero<\/strong><\/a>\u00a0_ \u00a0<a href=\"http:\/\/arquitecturadegalicia.eu\/blog\/?tag=abaloalonso\">\u00c1balo+Alonso<\/a><\/li>\n<li dir=\"ltr\"><a href=\"http:\/\/arquitecturadegalicia.eu\/blog\/?p=2693\"><strong>Reurbanizaci\u00f3n San Clemente<\/strong><\/a>\u00a0_\u00a0<a href=\"http:\/\/arquitecturadegalicia.eu\/blog\/?tag=abaloalonso\">\u00c1balo+Alonso<\/a><\/li>\n<li dir=\"ltr\"><strong><a href=\"http:\/\/arquitecturadegalicia.eu\/blog\/?p=1582\">Escola infantil<\/a>\u00a0<\/strong>_\u00a0<a href=\"http:\/\/arquitecturadegalicia.eu\/blog\/?tag=abaloalonso\">\u00c1balo+Alonso<\/a><\/li>\n<li dir=\"ltr\"><a href=\"http:\/\/arquitecturadegalicia.eu\/blog\/?p=3733\"><strong>CITEXVI, Cidade Tecnol\u00f3xica de Vigo<\/strong><\/a>\u00a0_\u00a0<a href=\"http:\/\/arquitecturadegalicia.eu\/blog\/?tag=alfonso-penela\">Alfonso Penela<\/a><\/li>\n<li dir=\"ltr\"><strong><a href=\"http:\/\/arquitecturadegalicia.eu\/blog\/?p=3209\">Rehabilitaci\u00f3n de vivendas<\/a>\u00a0<\/strong>_\u00a0<a href=\"http:\/\/arquitecturadegalicia.eu\/blog\/?tag=cendon-vazquez\">Cend\u00f3n + V\u00e1zquez<\/a><\/li>\n<li dir=\"ltr\"><strong>Rehabilitaci\u00f3n de vivenda unifamiliar entre medianeiras _\u00a0<\/strong>Carlos Rodriguez Novelle, Susana Dosil N\u00fa\u00f1ez, Carmen M. Arroyo Rodriguez<\/li>\n<li dir=\"ltr\"><a href=\"http:\/\/arquitecturadegalicia.eu\/blog\/?p=8391\"><strong> Reurbanizaci\u00f3n da R\u00faa Raxoi Fase 1<\/strong><\/a>\u00a0_\u00a0<a href=\"http:\/\/arquitecturadegalicia.eu\/blog\/?tag=salgadoelinares\">Alfonso Salgado + Francisco Li\u00f1ares<\/a><\/li>\n<li dir=\"ltr\"><strong>Vivenda unifamiliar\u00a0<\/strong>_ Terceroderecha Arquitectos<\/li>\n<li dir=\"ltr\"><strong>Reforma e ampliaci\u00f3n Campo de Futbol de Esteiro<\/strong>\u00a0_ <a href=\"http:\/\/arquitecturadegalicia.eu\/blog\/?tag=cristina-nieto-luis-pita\">M\u00aa Cristina Nieto + Luis Pita<\/a><\/li>\n<li dir=\"ltr\"><strong><strong>Rehabilitaci\u00f3n e ampliaci\u00f3n de casa en Quintelas\u00a0_ <\/strong><\/strong><a href=\"http:\/\/arquitecturadegalicia.eu\/blog\/?tag=cristina-nieto-luis-pita\">M\u00aa Cristina Nieto + Luis Pita<\/a><\/li>\n<li dir=\"ltr\"><strong><a href=\"tecturadegalicia.eu\/blog\/?p=12931\">9 viviendas de VPP y local<\/a>\u00a0<\/strong>_ <a href=\"http:\/\/arquitecturadegalicia.eu\/blog\/?tag=salgado-cortizas\">Jorge Salgado<\/a><\/li>\n<li dir=\"ltr\"><strong>Ampliaci\u00f3n Gatocan (sociedade protectora de animais) _\u00a0<\/strong>soma arquitectos<\/li>\n<li dir=\"ltr\"><strong><a href=\"http:\/\/arquitecturadegalicia.eu\/blog\/?p=9070\">Estaci\u00f3n mar\u00edtima de Vilanova de Arousa<\/a>\u00a0<\/strong>_ <a href=\"http:\/\/arquitecturadegalicia.eu\/blog\/?tag=2c-arquitectos\">2C arquitectos<\/a><\/li>\n<li dir=\"ltr\"><strong><a href=\"http:\/\/arquitecturadegalicia.eu\/blog\/?p=12951\">Construci\u00f3n de nova b\u00f3veda en igrexa de San Salvador de Tarago\u00f1a<\/a>\u00a0<\/strong>_ <a href=\"http:\/\/arquitecturadegalicia.eu\/blog\/?tag=antonio-pernas-varela\">Antonio Pernas Varela<\/a><\/li>\n<li dir=\"ltr\"><strong>Centro de sa\u00fade As Somozas<\/strong> _ <a href=\"http:\/\/arquitecturadegalicia.eu\/blog\/?tag=enrique-rodriguez-garcia\">Enrique Rodr\u00edguez Garc\u00eda<\/a><\/li>\n<li dir=\"ltr\"><strong><a href=\"http:\/\/arquitecturadegalicia.eu\/blog\/?p=7253\">Espazo sociocultural autoconstru\u00eddo<\/a>\u00a0<\/strong>_ <a href=\"http:\/\/arquitecturadegalicia.eu\/blog\/?tag=luz-paz\">Luz Paz<\/a><\/li>\n<li dir=\"ltr\"><strong><a href=\"http:\/\/arquitecturadegalicia.eu\/blog\/?p=8050\">Vivenda en Tebra<\/a>\u00a0<\/strong>_\u00a0<a href=\"http:\/\/arquitecturadegalicia.eu\/blog\/?tag=irisarri-pinera\">Irisarri+Pi\u00f1era<\/a><\/li>\n<\/ul>\n","protected":false},"excerpt":{"rendered":"<p>Finalistas: Proxecto de recuperaci\u00f3n ambiental e posta en valor do entorno da fortaleza e praia fluvial de Go\u00edan\u00a0_\u00a0Pablo Gallego Picard Reintegraci\u00f3n urbana do patrimonio cultural de A Cha\u00ednza\u00a0_ Alfonso Salgado + Francisco Li\u00f1ares &nbsp; Seleccionados: Centro de formaci\u00f3n e interpretaci\u00f3n de valores culturais e etnogr\u00e1ficos do Mandeo\u00a0_\u00a0Santiago Barge +\u00a0M\u00aa Bel\u00e9n Bouza\u00a0+\u00a0Olalla Barge Casas Reais \u2013<a href=\"https:\/\/arquitecturadegalicia.eu\/blog\/premios\/premios-enor-para-galicia\/vi-premios-enor\/\" title=\"Read more\" >&#8230;<\/a><\/p>\n","protected":false},"author":6,"featured_media":0,"parent":354,"menu_order":1,"comment_status":"open","ping_status":"open","template":"","meta":{"jetpack_post_was_ever_published":false,"footnotes":""},"class_list":["post-12989","page","type-page","status-publish","hentry","content-print"],"yoast_head":"<!-- This site is optimized with the Yoast SEO plugin v24.1 - https:\/\/yoast.com\/wordpress\/plugins\/seo\/ -->\n<title>VI Premios Enor | AG<\/title>\n<meta name=\"robots\" content=\"index, follow, max-snippet:-1, max-image-preview:large, max-video-preview:-1\" \/>\n<link rel=\"canonical\" href=\"https:\/\/arquitecturadegalicia.eu\/blog\/premios\/premios-enor-para-galicia\/vi-premios-enor\/\" \/>\n<meta property=\"og:locale\" content=\"es_ES\" \/>\n<meta property=\"og:type\" content=\"article\" \/>\n<meta property=\"og:title\" content=\"VI Premios Enor | AG\" \/>\n<meta property=\"og:description\" content=\"Finalistas: Proxecto de recuperaci\u00f3n ambiental e posta en valor do entorno da fortaleza e praia fluvial de Go\u00edan\u00a0_\u00a0Pablo Gallego Picard Reintegraci\u00f3n urbana do patrimonio cultural de A Cha\u00ednza\u00a0_ Alfonso Salgado + Francisco Li\u00f1ares &nbsp; Seleccionados: Centro de formaci\u00f3n e interpretaci\u00f3n de valores culturais e etnogr\u00e1ficos do Mandeo\u00a0_\u00a0Santiago Barge +\u00a0M\u00aa Bel\u00e9n Bouza\u00a0+\u00a0Olalla Barge Casas Reais \u2013...\" \/>\n<meta property=\"og:url\" content=\"https:\/\/arquitecturadegalicia.eu\/blog\/premios\/premios-enor-para-galicia\/vi-premios-enor\/\" \/>\n<meta property=\"og:site_name\" content=\"AG\" \/>\n<meta property=\"article:publisher\" content=\"https:\/\/www.facebook.com\/ArquitecturadeGalicia\/\" \/>\n<meta property=\"article:modified_time\" content=\"2014-11-08T21:21:13+00:00\" \/>\n<meta name=\"twitter:card\" content=\"summary_large_image\" \/>\n<meta name=\"twitter:site\" content=\"@arquigaliciaeu\" \/>\n<meta name=\"twitter:label1\" content=\"Tiempo de lectura\" \/>\n\t<meta name=\"twitter:data1\" content=\"1 minuto\" \/>\n<script type=\"application\/ld+json\" class=\"yoast-schema-graph\">{\"@context\":\"https:\/\/schema.org\",\"@graph\":[{\"@type\":\"WebPage\",\"@id\":\"https:\/\/arquitecturadegalicia.eu\/blog\/premios\/premios-enor-para-galicia\/vi-premios-enor\/\",\"url\":\"https:\/\/arquitecturadegalicia.eu\/blog\/premios\/premios-enor-para-galicia\/vi-premios-enor\/\",\"name\":\"VI Premios Enor | AG\",\"isPartOf\":{\"@id\":\"http:\/\/arquitecturadegalicia.eu\/blog\/#website\"},\"datePublished\":\"2014-11-08T17:16:10+00:00\",\"dateModified\":\"2014-11-08T21:21:13+00:00\",\"breadcrumb\":{\"@id\":\"https:\/\/arquitecturadegalicia.eu\/blog\/premios\/premios-enor-para-galicia\/vi-premios-enor\/#breadcrumb\"},\"inLanguage\":\"es\",\"potentialAction\":[{\"@type\":\"ReadAction\",\"target\":[\"https:\/\/arquitecturadegalicia.eu\/blog\/premios\/premios-enor-para-galicia\/vi-premios-enor\/\"]}]},{\"@type\":\"BreadcrumbList\",\"@id\":\"https:\/\/arquitecturadegalicia.eu\/blog\/premios\/premios-enor-para-galicia\/vi-premios-enor\/#breadcrumb\",\"itemListElement\":[{\"@type\":\"ListItem\",\"position\":1,\"name\":\"Portada\",\"item\":\"http:\/\/arquitecturadegalicia.eu\/blog\/\"},{\"@type\":\"ListItem\",\"position\":2,\"name\":\"Premios\",\"item\":\"http:\/\/arquitecturadegalicia.eu\/blog\/premios\/\"},{\"@type\":\"ListItem\",\"position\":3,\"name\":\"Premios ENOR para Galicia\",\"item\":\"http:\/\/arquitecturadegalicia.eu\/blog\/premios\/premios-enor-para-galicia\/\"},{\"@type\":\"ListItem\",\"position\":4,\"name\":\"VI Premios Enor\"}]},{\"@type\":\"WebSite\",\"@id\":\"http:\/\/arquitecturadegalicia.eu\/blog\/#website\",\"url\":\"http:\/\/arquitecturadegalicia.eu\/blog\/\",\"name\":\"AG\",\"description\":\"Arquitectura de Galicia\",\"publisher\":{\"@id\":\"http:\/\/arquitecturadegalicia.eu\/blog\/#organization\"},\"potentialAction\":[{\"@type\":\"SearchAction\",\"target\":{\"@type\":\"EntryPoint\",\"urlTemplate\":\"http:\/\/arquitecturadegalicia.eu\/blog\/?s={search_term_string}\"},\"query-input\":{\"@type\":\"PropertyValueSpecification\",\"valueRequired\":true,\"valueName\":\"search_term_string\"}}],\"inLanguage\":\"es\"},{\"@type\":\"Organization\",\"@id\":\"http:\/\/arquitecturadegalicia.eu\/blog\/#organization\",\"name\":\"Arquitectura de Galicia\",\"url\":\"http:\/\/arquitecturadegalicia.eu\/blog\/\",\"logo\":{\"@type\":\"ImageObject\",\"inLanguage\":\"es\",\"@id\":\"http:\/\/arquitecturadegalicia.eu\/blog\/#\/schema\/logo\/image\/\",\"url\":\"https:\/\/arquitecturadegalicia.eu\/blog\/wp-content\/uploads\/2017\/01\/arquitecturacurrents2.png\",\"contentUrl\":\"https:\/\/arquitecturadegalicia.eu\/blog\/wp-content\/uploads\/2017\/01\/arquitecturacurrents2.png\",\"width\":840,\"height\":640,\"caption\":\"Arquitectura de Galicia\"},\"image\":{\"@id\":\"http:\/\/arquitecturadegalicia.eu\/blog\/#\/schema\/logo\/image\/\"},\"sameAs\":[\"https:\/\/www.facebook.com\/ArquitecturadeGalicia\/\",\"https:\/\/x.com\/arquigaliciaeu\",\"https:\/\/www.instagram.com\/arquigaliciaeu\/\"]}]}<\/script>\n<!-- \/ Yoast SEO plugin. -->","yoast_head_json":{"title":"VI Premios Enor | AG","robots":{"index":"index","follow":"follow","max-snippet":"max-snippet:-1","max-image-preview":"max-image-preview:large","max-video-preview":"max-video-preview:-1"},"canonical":"https:\/\/arquitecturadegalicia.eu\/blog\/premios\/premios-enor-para-galicia\/vi-premios-enor\/","og_locale":"es_ES","og_type":"article","og_title":"VI Premios Enor | AG","og_description":"Finalistas: Proxecto de recuperaci\u00f3n ambiental e posta en valor do entorno da fortaleza e praia fluvial de Go\u00edan\u00a0_\u00a0Pablo Gallego Picard Reintegraci\u00f3n urbana do patrimonio cultural de A Cha\u00ednza\u00a0_ Alfonso Salgado + Francisco Li\u00f1ares &nbsp; Seleccionados: Centro de formaci\u00f3n e interpretaci\u00f3n de valores culturais e etnogr\u00e1ficos do Mandeo\u00a0_\u00a0Santiago Barge +\u00a0M\u00aa Bel\u00e9n Bouza\u00a0+\u00a0Olalla Barge Casas Reais \u2013...","og_url":"https:\/\/arquitecturadegalicia.eu\/blog\/premios\/premios-enor-para-galicia\/vi-premios-enor\/","og_site_name":"AG","article_publisher":"https:\/\/www.facebook.com\/ArquitecturadeGalicia\/","article_modified_time":"2014-11-08T21:21:13+00:00","twitter_card":"summary_large_image","twitter_site":"@arquigaliciaeu","twitter_misc":{"Tiempo de lectura":"1 minuto"},"schema":{"@context":"https:\/\/schema.org","@graph":[{"@type":"WebPage","@id":"https:\/\/arquitecturadegalicia.eu\/blog\/premios\/premios-enor-para-galicia\/vi-premios-enor\/","url":"https:\/\/arquitecturadegalicia.eu\/blog\/premios\/premios-enor-para-galicia\/vi-premios-enor\/","name":"VI Premios Enor | AG","isPartOf":{"@id":"http:\/\/arquitecturadegalicia.eu\/blog\/#website"},"datePublished":"2014-11-08T17:16:10+00:00","dateModified":"2014-11-08T21:21:13+00:00","breadcrumb":{"@id":"https:\/\/arquitecturadegalicia.eu\/blog\/premios\/premios-enor-para-galicia\/vi-premios-enor\/#breadcrumb"},"inLanguage":"es","potentialAction":[{"@type":"ReadAction","target":["https:\/\/arquitecturadegalicia.eu\/blog\/premios\/premios-enor-para-galicia\/vi-premios-enor\/"]}]},{"@type":"BreadcrumbList","@id":"https:\/\/arquitecturadegalicia.eu\/blog\/premios\/premios-enor-para-galicia\/vi-premios-enor\/#breadcrumb","itemListElement":[{"@type":"ListItem","position":1,"name":"Portada","item":"http:\/\/arquitecturadegalicia.eu\/blog\/"},{"@type":"ListItem","position":2,"name":"Premios","item":"http:\/\/arquitecturadegalicia.eu\/blog\/premios\/"},{"@type":"ListItem","position":3,"name":"Premios ENOR para Galicia","item":"http:\/\/arquitecturadegalicia.eu\/blog\/premios\/premios-enor-para-galicia\/"},{"@type":"ListItem","position":4,"name":"VI Premios Enor"}]},{"@type":"WebSite","@id":"http:\/\/arquitecturadegalicia.eu\/blog\/#website","url":"http:\/\/arquitecturadegalicia.eu\/blog\/","name":"AG","description":"Arquitectura de Galicia","publisher":{"@id":"http:\/\/arquitecturadegalicia.eu\/blog\/#organization"},"potentialAction":[{"@type":"SearchAction","target":{"@type":"EntryPoint","urlTemplate":"http:\/\/arquitecturadegalicia.eu\/blog\/?s={search_term_string}"},"query-input":{"@type":"PropertyValueSpecification","valueRequired":true,"valueName":"search_term_string"}}],"inLanguage":"es"},{"@type":"Organization","@id":"http:\/\/arquitecturadegalicia.eu\/blog\/#organization","name":"Arquitectura de Galicia","url":"http:\/\/arquitecturadegalicia.eu\/blog\/","logo":{"@type":"ImageObject","inLanguage":"es","@id":"http:\/\/arquitecturadegalicia.eu\/blog\/#\/schema\/logo\/image\/","url":"https:\/\/arquitecturadegalicia.eu\/blog\/wp-content\/uploads\/2017\/01\/arquitecturacurrents2.png","contentUrl":"https:\/\/arquitecturadegalicia.eu\/blog\/wp-content\/uploads\/2017\/01\/arquitecturacurrents2.png","width":840,"height":640,"caption":"Arquitectura de Galicia"},"image":{"@id":"http:\/\/arquitecturadegalicia.eu\/blog\/#\/schema\/logo\/image\/"},"sameAs":["https:\/\/www.facebook.com\/ArquitecturadeGalicia\/","https:\/\/x.com\/arquigaliciaeu","https:\/\/www.instagram.com\/arquigaliciaeu\/"]}]}},"jetpack_shortlink":"https:\/\/wp.me\/P2NHs2-3nv","jetpack_sharing_enabled":true,"_links":{"self":[{"href":"https:\/\/arquitecturadegalicia.eu\/blog\/wp-json\/wp\/v2\/pages\/12989","targetHints":{"allow":["GET"]}}],"collection":[{"href":"https:\/\/arquitecturadegalicia.eu\/blog\/wp-json\/wp\/v2\/pages"}],"about":[{"href":"https:\/\/arquitecturadegalicia.eu\/blog\/wp-json\/wp\/v2\/types\/page"}],"author":[{"embeddable":true,"href":"https:\/\/arquitecturadegalicia.eu\/blog\/wp-json\/wp\/v2\/users\/6"}],"replies":[{"embeddable":true,"href":"https:\/\/arquitecturadegalicia.eu\/blog\/wp-json\/wp\/v2\/comments?post=12989"}],"version-history":[{"count":4,"href":"https:\/\/arquitecturadegalicia.eu\/blog\/wp-json\/wp\/v2\/pages\/12989\/revisions"}],"predecessor-version":[{"id":13076,"href":"https:\/\/arquitecturadegalicia.eu\/blog\/wp-json\/wp\/v2\/pages\/12989\/revisions\/13076"}],"up":[{"embeddable":true,"href":"https:\/\/arquitecturadegalicia.eu\/blog\/wp-json\/wp\/v2\/pages\/354"}],"wp:attachment":[{"href":"https:\/\/arquitecturadegalicia.eu\/blog\/wp-json\/wp\/v2\/media?parent=12989"}],"curies":[{"name":"wp","href":"https:\/\/api.w.org\/{rel}","templated":true}]}}