{"id":1627,"date":"2013-01-07T12:33:07","date_gmt":"2013-01-07T11:33:07","guid":{"rendered":"http:\/\/arquitecturadegalicia.eu\/blog\/?page_id=1627"},"modified":"2016-10-06T16:55:58","modified_gmt":"2016-10-06T14:55:58","slug":"carga-de-proxectos","status":"publish","type":"page","link":"https:\/\/arquitecturadegalicia.eu\/blog\/carga-de-proxectos\/","title":{"rendered":"Carga de proxectos"},"content":{"rendered":"<p>Para engadir un proxecto \u00e1 web \u00e9 preciso seguir as seguintes indiciaci\u00f3ns:<\/p>\n<ol>\n<li>Aseg\u00farate de ter a informaci\u00f3n solicitada ou ter permiso de uso do contido que prop\u00f3s para a nosa publicaci\u00f3n.<\/li>\n<li>Prepara as imaxes a enviar nun tama\u00f1o e pesos correctos. (ancho m\u00e1ximo 770 p\u00edxeles para a fotograf\u00eda principal, e menos de 120 kB para as outras fotograf\u00edas). Para escalar as imaxes podes utilizar o <a href=\"http:\/\/resize-my-photos.softonic.com\/\" target=\"_blank\">Resize-myPhotos<\/a>\u00a0como ferramenta on-line, a\u00ednda que sempre \u00e9 mellor optar pola exportaci\u00f3n web de programas de edici\u00f3n de imaxe, m\u00e1is r\u00e1pido para ti, para n\u00f3s e para os lectores que teremos no futuro.<\/li>\n<li>Comprime as imaxes todas xuntas nun arquivo .zip (tam\u00e9n nos vale unha carpeta con alg\u00fan servicio on-line ou web, WeTransfer e compa\u00f1\u00eda, ou unha carpeta compartida de Drive e Dropbox)<\/li>\n<li>Preenche o formulario que tes na parte inferior cos datos do proxecto. Utiliza o cargador de arquivos para o .zip das fotograf\u00edas, para nos sempre ser\u00e1 m\u00e1is sinxelo e r\u00e1pido.<\/li>\n<\/ol>\n\n<div class=\"wpcf7 no-js\" id=\"wpcf7-f2903-o1\" lang=\"\" dir=\"ltr\" data-wpcf7-id=\"2903\">\n<div class=\"screen-reader-response\"><p role=\"status\" aria-live=\"polite\" aria-atomic=\"true\"><\/p> <ul><\/ul><\/div>\n<form action=\"\/blog\/wp-json\/wp\/v2\/pages\/1627#wpcf7-f2903-o1\" method=\"post\" class=\"wpcf7-form init\" aria-label=\"Formulario de contacto\" enctype=\"multipart\/form-data\" novalidate=\"novalidate\" data-status=\"init\">\n<div style=\"display: none;\">\n<input type=\"hidden\" name=\"_wpcf7\" value=\"2903\" \/>\n<input type=\"hidden\" name=\"_wpcf7_version\" value=\"6.0.2\" \/>\n<input type=\"hidden\" name=\"_wpcf7_locale\" value=\"\" \/>\n<input type=\"hidden\" name=\"_wpcf7_unit_tag\" value=\"wpcf7-f2903-o1\" \/>\n<input type=\"hidden\" name=\"_wpcf7_container_post\" value=\"0\" \/>\n<input type=\"hidden\" name=\"_wpcf7_posted_data_hash\" value=\"\" \/>\n<\/div>\n<p>O teu nome\n<\/p>\n<p><span class=\"wpcf7-form-control-wrap\" data-name=\"your-name\"><input size=\"40\" maxlength=\"400\" class=\"wpcf7-form-control wpcf7-text wpcf7-validates-as-required\" aria-required=\"true\" aria-invalid=\"false\" value=\"\" type=\"text\" name=\"your-name\" \/><\/span>\n<\/p>\n<p>O teu email\n<\/p>\n<p><span class=\"wpcf7-form-control-wrap\" data-name=\"your-email\"><input size=\"40\" maxlength=\"400\" class=\"wpcf7-form-control wpcf7-email wpcf7-validates-as-required wpcf7-text wpcf7-validates-as-email\" aria-required=\"true\" aria-invalid=\"false\" value=\"\" type=\"email\" name=\"your-email\" \/><\/span>\n<\/p>\n<p>Obra\n<\/p>\n<p><span class=\"wpcf7-form-control-wrap\" data-name=\"obra\"><input size=\"40\" maxlength=\"400\" class=\"wpcf7-form-control wpcf7-text wpcf7-validates-as-required\" aria-required=\"true\" aria-invalid=\"false\" value=\"\" type=\"text\" name=\"obra\" \/><\/span>\n<\/p>\n<p>Arquitecto \/ Estudio\n<\/p>\n<p><span class=\"wpcf7-form-control-wrap\" data-name=\"arquitecto\"><input size=\"40\" maxlength=\"400\" class=\"wpcf7-form-control wpcf7-text wpcf7-validates-as-required\" aria-required=\"true\" aria-invalid=\"false\" value=\"\" type=\"text\" name=\"arquitecto\" \/><\/span>\n<\/p>\n<p>Provincia\n<\/p>\n<p><span class=\"wpcf7-form-control-wrap\" data-name=\"provincia\"><input size=\"40\" maxlength=\"400\" class=\"wpcf7-form-control wpcf7-text wpcf7-validates-as-required\" aria-required=\"true\" aria-invalid=\"false\" value=\"\" type=\"text\" name=\"provincia\" \/><\/span>\n<\/p>\n<p>Localidade\n<\/p>\n<p><span class=\"wpcf7-form-control-wrap\" data-name=\"localidade\"><input size=\"40\" maxlength=\"400\" class=\"wpcf7-form-control wpcf7-text wpcf7-validates-as-required\" aria-required=\"true\" aria-invalid=\"false\" value=\"\" type=\"text\" name=\"localidade\" \/><\/span>\n<\/p>\n<p>Ano\n<\/p>\n<p><span class=\"wpcf7-form-control-wrap\" data-name=\"ano\"><input size=\"40\" maxlength=\"400\" class=\"wpcf7-form-control wpcf7-text wpcf7-validates-as-required\" aria-required=\"true\" aria-invalid=\"false\" value=\"\" type=\"text\" name=\"ano\" \/><\/span>\n<\/p>\n<p>Localizaci\u00f3n: Enlace GPS (link do google maps)\n<\/p>\n<p><span class=\"wpcf7-form-control-wrap\" data-name=\"localizacin\"><input size=\"40\" maxlength=\"400\" class=\"wpcf7-form-control wpcf7-text wpcf7-validates-as-required\" aria-required=\"true\" aria-invalid=\"false\" value=\"\" type=\"text\" name=\"localizacin\" \/><\/span>\n<\/p>\n<p>Premios\n<\/p>\n<p><span class=\"wpcf7-form-control-wrap\" data-name=\"premios\"><textarea cols=\"40\" rows=\"10\" maxlength=\"2000\" class=\"wpcf7-form-control wpcf7-textarea\" aria-invalid=\"false\" name=\"premios\"><\/textarea><\/span>\n<\/p>\n<p>Publicaci\u00f3ns\n<\/p>\n<p><span class=\"wpcf7-form-control-wrap\" data-name=\"publicacins\"><textarea cols=\"40\" rows=\"10\" maxlength=\"2000\" class=\"wpcf7-form-control wpcf7-textarea\" aria-invalid=\"false\" name=\"publicacins\"><\/textarea><\/span>\n<\/p>\n<p>Enlaces con referencias web\n<\/p>\n<p><span class=\"wpcf7-form-control-wrap\" data-name=\"links\"><textarea cols=\"40\" rows=\"10\" maxlength=\"2000\" class=\"wpcf7-form-control wpcf7-textarea\" aria-invalid=\"false\" name=\"links\"><\/textarea><\/span>\n<\/p>\n<p>Descripci\u00f3n do proxecto\n<\/p>\n<p><span class=\"wpcf7-form-control-wrap\" data-name=\"descripcion\"><textarea cols=\"40\" rows=\"10\" maxlength=\"2000\" class=\"wpcf7-form-control wpcf7-textarea\" aria-invalid=\"false\" name=\"descripcion\"><\/textarea><\/span>\n<\/p>\n<p>Autor das fotograf\u00edas\n<\/p>\n<p><span class=\"wpcf7-form-control-wrap\" data-name=\"autorfotografico\"><input size=\"40\" maxlength=\"400\" class=\"wpcf7-form-control wpcf7-text\" aria-invalid=\"false\" value=\"\" type=\"text\" name=\"autorfotografico\" \/><\/span>\n<\/p>\n<p>Carga un arquivo .zip coas fotograf\u00edas\n<\/p>\n<p><span class=\"wpcf7-form-control-wrap\" data-name=\"zip\"><input size=\"40\" class=\"wpcf7-form-control wpcf7-file\" accept=\".zip\" aria-invalid=\"false\" type=\"file\" name=\"zip\" \/><\/span>\n<\/p>\n<p><input class=\"wpcf7-form-control wpcf7-submit has-spinner\" type=\"submit\" value=\"Enviar\" \/>\n<\/p><div class=\"wpcf7-response-output\" aria-hidden=\"true\"><\/div>\n<\/form>\n<\/div>\n\n<p><em>Para calqueira d\u00fabida podes preguntarnos nas redes sociais, ou no noso correo, <a href=\"mailto:info@arquitecturadegalicia.eu\">info@arquitecturadegalicia.eu<\/a> co asunto \u00abCarga de proxectos\u00bb para que sepamos de que se trata.<\/em><\/p>\n","protected":false},"excerpt":{"rendered":"<p>Para engadir un proxecto \u00e1 web \u00e9 preciso seguir as seguintes indiciaci\u00f3ns: Aseg\u00farate de ter a informaci\u00f3n solicitada ou ter permiso de uso do contido que prop\u00f3s para a nosa publicaci\u00f3n. Prepara as imaxes a enviar nun tama\u00f1o e pesos correctos. (ancho m\u00e1ximo 770 p\u00edxeles para a fotograf\u00eda principal, e menos de 120 kB para<a href=\"https:\/\/arquitecturadegalicia.eu\/blog\/carga-de-proxectos\/\" title=\"Read more\" >&#8230;<\/a><\/p>\n","protected":false},"author":4,"featured_media":14476,"parent":0,"menu_order":0,"comment_status":"closed","ping_status":"closed","template":"","meta":{"jetpack_post_was_ever_published":false,"footnotes":""},"class_list":["post-1627","page","type-page","status-publish","has-post-thumbnail","hentry","content-print"],"yoast_head":"<!-- This site is optimized with the Yoast SEO plugin v24.1 - https:\/\/yoast.com\/wordpress\/plugins\/seo\/ -->\n<title>Carga de proxectos para a web Arquitectura de Galicia<\/title>\n<meta name=\"description\" content=\"Se queres cargar os proxectos dos teus arquitectos favoritos, co\u00f1ecidos, ou mesmos teus, dende aqu\u00ed podes axuarnos a facelo. Carga de proxectos de AG\" \/>\n<meta name=\"robots\" content=\"index, follow, max-snippet:-1, max-image-preview:large, max-video-preview:-1\" \/>\n<link rel=\"canonical\" href=\"https:\/\/arquitecturadegalicia.eu\/blog\/carga-de-proxectos\/\" \/>\n<meta property=\"og:locale\" content=\"es_ES\" \/>\n<meta property=\"og:type\" content=\"article\" \/>\n<meta property=\"og:title\" content=\"Carga de proxectos para a web Arquitectura de Galicia\" \/>\n<meta property=\"og:description\" content=\"Se queres cargar os proxectos dos teus arquitectos favoritos, co\u00f1ecidos, ou mesmos teus, dende aqu\u00ed podes axuarnos a facelo. Carga de proxectos de AG\" \/>\n<meta property=\"og:url\" content=\"https:\/\/arquitecturadegalicia.eu\/blog\/carga-de-proxectos\/\" \/>\n<meta property=\"og:site_name\" content=\"AG\" \/>\n<meta property=\"article:publisher\" content=\"https:\/\/www.facebook.com\/ArquitecturadeGalicia\/\" \/>\n<meta property=\"article:modified_time\" content=\"2016-10-06T14:55:58+00:00\" \/>\n<meta property=\"og:image\" content=\"https:\/\/arquitecturadegalicia.eu\/blog\/wp-content\/uploads\/2013\/02\/logo_principal.png\" \/>\n\t<meta property=\"og:image:width\" content=\"200\" \/>\n\t<meta property=\"og:image:height\" content=\"200\" \/>\n\t<meta property=\"og:image:type\" content=\"image\/png\" \/>\n<meta name=\"twitter:card\" content=\"summary_large_image\" \/>\n<meta name=\"twitter:site\" content=\"@arquigaliciaeu\" \/>\n<meta name=\"twitter:label1\" content=\"Tiempo de lectura\" \/>\n\t<meta name=\"twitter:data1\" content=\"1 minuto\" \/>\n<script type=\"application\/ld+json\" class=\"yoast-schema-graph\">{\"@context\":\"https:\/\/schema.org\",\"@graph\":[{\"@type\":\"WebPage\",\"@id\":\"https:\/\/arquitecturadegalicia.eu\/blog\/carga-de-proxectos\/\",\"url\":\"https:\/\/arquitecturadegalicia.eu\/blog\/carga-de-proxectos\/\",\"name\":\"Carga de proxectos para a web Arquitectura de Galicia\",\"isPartOf\":{\"@id\":\"http:\/\/arquitecturadegalicia.eu\/blog\/#website\"},\"primaryImageOfPage\":{\"@id\":\"https:\/\/arquitecturadegalicia.eu\/blog\/carga-de-proxectos\/#primaryimage\"},\"image\":{\"@id\":\"https:\/\/arquitecturadegalicia.eu\/blog\/carga-de-proxectos\/#primaryimage\"},\"thumbnailUrl\":\"https:\/\/arquitecturadegalicia.eu\/blog\/wp-content\/uploads\/2013\/02\/logo_principal.png\",\"datePublished\":\"2013-01-07T11:33:07+00:00\",\"dateModified\":\"2016-10-06T14:55:58+00:00\",\"description\":\"Se queres cargar os proxectos dos teus arquitectos favoritos, co\u00f1ecidos, ou mesmos teus, dende aqu\u00ed podes axuarnos a facelo. Carga de proxectos de AG\",\"breadcrumb\":{\"@id\":\"https:\/\/arquitecturadegalicia.eu\/blog\/carga-de-proxectos\/#breadcrumb\"},\"inLanguage\":\"es\",\"potentialAction\":[{\"@type\":\"ReadAction\",\"target\":[\"https:\/\/arquitecturadegalicia.eu\/blog\/carga-de-proxectos\/\"]}]},{\"@type\":\"ImageObject\",\"inLanguage\":\"es\",\"@id\":\"https:\/\/arquitecturadegalicia.eu\/blog\/carga-de-proxectos\/#primaryimage\",\"url\":\"https:\/\/arquitecturadegalicia.eu\/blog\/wp-content\/uploads\/2013\/02\/logo_principal.png\",\"contentUrl\":\"https:\/\/arquitecturadegalicia.eu\/blog\/wp-content\/uploads\/2013\/02\/logo_principal.png\",\"width\":200,\"height\":200},{\"@type\":\"BreadcrumbList\",\"@id\":\"https:\/\/arquitecturadegalicia.eu\/blog\/carga-de-proxectos\/#breadcrumb\",\"itemListElement\":[{\"@type\":\"ListItem\",\"position\":1,\"name\":\"Portada\",\"item\":\"http:\/\/arquitecturadegalicia.eu\/blog\/\"},{\"@type\":\"ListItem\",\"position\":2,\"name\":\"Carga de proxectos\"}]},{\"@type\":\"WebSite\",\"@id\":\"http:\/\/arquitecturadegalicia.eu\/blog\/#website\",\"url\":\"http:\/\/arquitecturadegalicia.eu\/blog\/\",\"name\":\"AG\",\"description\":\"Arquitectura de Galicia\",\"publisher\":{\"@id\":\"http:\/\/arquitecturadegalicia.eu\/blog\/#organization\"},\"potentialAction\":[{\"@type\":\"SearchAction\",\"target\":{\"@type\":\"EntryPoint\",\"urlTemplate\":\"http:\/\/arquitecturadegalicia.eu\/blog\/?s={search_term_string}\"},\"query-input\":{\"@type\":\"PropertyValueSpecification\",\"valueRequired\":true,\"valueName\":\"search_term_string\"}}],\"inLanguage\":\"es\"},{\"@type\":\"Organization\",\"@id\":\"http:\/\/arquitecturadegalicia.eu\/blog\/#organization\",\"name\":\"Arquitectura de Galicia\",\"url\":\"http:\/\/arquitecturadegalicia.eu\/blog\/\",\"logo\":{\"@type\":\"ImageObject\",\"inLanguage\":\"es\",\"@id\":\"http:\/\/arquitecturadegalicia.eu\/blog\/#\/schema\/logo\/image\/\",\"url\":\"https:\/\/arquitecturadegalicia.eu\/blog\/wp-content\/uploads\/2017\/01\/arquitecturacurrents2.png\",\"contentUrl\":\"https:\/\/arquitecturadegalicia.eu\/blog\/wp-content\/uploads\/2017\/01\/arquitecturacurrents2.png\",\"width\":840,\"height\":640,\"caption\":\"Arquitectura de Galicia\"},\"image\":{\"@id\":\"http:\/\/arquitecturadegalicia.eu\/blog\/#\/schema\/logo\/image\/\"},\"sameAs\":[\"https:\/\/www.facebook.com\/ArquitecturadeGalicia\/\",\"https:\/\/x.com\/arquigaliciaeu\",\"https:\/\/www.instagram.com\/arquigaliciaeu\/\"]}]}<\/script>\n<!-- \/ Yoast SEO plugin. -->","yoast_head_json":{"title":"Carga de proxectos para a web Arquitectura de Galicia","description":"Se queres cargar os proxectos dos teus arquitectos favoritos, co\u00f1ecidos, ou mesmos teus, dende aqu\u00ed podes axuarnos a facelo. Carga de proxectos de AG","robots":{"index":"index","follow":"follow","max-snippet":"max-snippet:-1","max-image-preview":"max-image-preview:large","max-video-preview":"max-video-preview:-1"},"canonical":"https:\/\/arquitecturadegalicia.eu\/blog\/carga-de-proxectos\/","og_locale":"es_ES","og_type":"article","og_title":"Carga de proxectos para a web Arquitectura de Galicia","og_description":"Se queres cargar os proxectos dos teus arquitectos favoritos, co\u00f1ecidos, ou mesmos teus, dende aqu\u00ed podes axuarnos a facelo. Carga de proxectos de AG","og_url":"https:\/\/arquitecturadegalicia.eu\/blog\/carga-de-proxectos\/","og_site_name":"AG","article_publisher":"https:\/\/www.facebook.com\/ArquitecturadeGalicia\/","article_modified_time":"2016-10-06T14:55:58+00:00","og_image":[{"width":200,"height":200,"url":"https:\/\/arquitecturadegalicia.eu\/blog\/wp-content\/uploads\/2013\/02\/logo_principal.png","type":"image\/png"}],"twitter_card":"summary_large_image","twitter_site":"@arquigaliciaeu","twitter_misc":{"Tiempo de lectura":"1 minuto"},"schema":{"@context":"https:\/\/schema.org","@graph":[{"@type":"WebPage","@id":"https:\/\/arquitecturadegalicia.eu\/blog\/carga-de-proxectos\/","url":"https:\/\/arquitecturadegalicia.eu\/blog\/carga-de-proxectos\/","name":"Carga de proxectos para a web Arquitectura de Galicia","isPartOf":{"@id":"http:\/\/arquitecturadegalicia.eu\/blog\/#website"},"primaryImageOfPage":{"@id":"https:\/\/arquitecturadegalicia.eu\/blog\/carga-de-proxectos\/#primaryimage"},"image":{"@id":"https:\/\/arquitecturadegalicia.eu\/blog\/carga-de-proxectos\/#primaryimage"},"thumbnailUrl":"https:\/\/arquitecturadegalicia.eu\/blog\/wp-content\/uploads\/2013\/02\/logo_principal.png","datePublished":"2013-01-07T11:33:07+00:00","dateModified":"2016-10-06T14:55:58+00:00","description":"Se queres cargar os proxectos dos teus arquitectos favoritos, co\u00f1ecidos, ou mesmos teus, dende aqu\u00ed podes axuarnos a facelo. Carga de proxectos de AG","breadcrumb":{"@id":"https:\/\/arquitecturadegalicia.eu\/blog\/carga-de-proxectos\/#breadcrumb"},"inLanguage":"es","potentialAction":[{"@type":"ReadAction","target":["https:\/\/arquitecturadegalicia.eu\/blog\/carga-de-proxectos\/"]}]},{"@type":"ImageObject","inLanguage":"es","@id":"https:\/\/arquitecturadegalicia.eu\/blog\/carga-de-proxectos\/#primaryimage","url":"https:\/\/arquitecturadegalicia.eu\/blog\/wp-content\/uploads\/2013\/02\/logo_principal.png","contentUrl":"https:\/\/arquitecturadegalicia.eu\/blog\/wp-content\/uploads\/2013\/02\/logo_principal.png","width":200,"height":200},{"@type":"BreadcrumbList","@id":"https:\/\/arquitecturadegalicia.eu\/blog\/carga-de-proxectos\/#breadcrumb","itemListElement":[{"@type":"ListItem","position":1,"name":"Portada","item":"http:\/\/arquitecturadegalicia.eu\/blog\/"},{"@type":"ListItem","position":2,"name":"Carga de proxectos"}]},{"@type":"WebSite","@id":"http:\/\/arquitecturadegalicia.eu\/blog\/#website","url":"http:\/\/arquitecturadegalicia.eu\/blog\/","name":"AG","description":"Arquitectura de Galicia","publisher":{"@id":"http:\/\/arquitecturadegalicia.eu\/blog\/#organization"},"potentialAction":[{"@type":"SearchAction","target":{"@type":"EntryPoint","urlTemplate":"http:\/\/arquitecturadegalicia.eu\/blog\/?s={search_term_string}"},"query-input":{"@type":"PropertyValueSpecification","valueRequired":true,"valueName":"search_term_string"}}],"inLanguage":"es"},{"@type":"Organization","@id":"http:\/\/arquitecturadegalicia.eu\/blog\/#organization","name":"Arquitectura de Galicia","url":"http:\/\/arquitecturadegalicia.eu\/blog\/","logo":{"@type":"ImageObject","inLanguage":"es","@id":"http:\/\/arquitecturadegalicia.eu\/blog\/#\/schema\/logo\/image\/","url":"https:\/\/arquitecturadegalicia.eu\/blog\/wp-content\/uploads\/2017\/01\/arquitecturacurrents2.png","contentUrl":"https:\/\/arquitecturadegalicia.eu\/blog\/wp-content\/uploads\/2017\/01\/arquitecturacurrents2.png","width":840,"height":640,"caption":"Arquitectura de Galicia"},"image":{"@id":"http:\/\/arquitecturadegalicia.eu\/blog\/#\/schema\/logo\/image\/"},"sameAs":["https:\/\/www.facebook.com\/ArquitecturadeGalicia\/","https:\/\/x.com\/arquigaliciaeu","https:\/\/www.instagram.com\/arquigaliciaeu\/"]}]}},"jetpack_shortlink":"https:\/\/wp.me\/P2NHs2-qf","jetpack_sharing_enabled":true,"_links":{"self":[{"href":"https:\/\/arquitecturadegalicia.eu\/blog\/wp-json\/wp\/v2\/pages\/1627","targetHints":{"allow":["GET"]}}],"collection":[{"href":"https:\/\/arquitecturadegalicia.eu\/blog\/wp-json\/wp\/v2\/pages"}],"about":[{"href":"https:\/\/arquitecturadegalicia.eu\/blog\/wp-json\/wp\/v2\/types\/page"}],"author":[{"embeddable":true,"href":"https:\/\/arquitecturadegalicia.eu\/blog\/wp-json\/wp\/v2\/users\/4"}],"replies":[{"embeddable":true,"href":"https:\/\/arquitecturadegalicia.eu\/blog\/wp-json\/wp\/v2\/comments?post=1627"}],"version-history":[{"count":17,"href":"https:\/\/arquitecturadegalicia.eu\/blog\/wp-json\/wp\/v2\/pages\/1627\/revisions"}],"predecessor-version":[{"id":14483,"href":"https:\/\/arquitecturadegalicia.eu\/blog\/wp-json\/wp\/v2\/pages\/1627\/revisions\/14483"}],"wp:featuredmedia":[{"embeddable":true,"href":"https:\/\/arquitecturadegalicia.eu\/blog\/wp-json\/wp\/v2\/media\/14476"}],"wp:attachment":[{"href":"https:\/\/arquitecturadegalicia.eu\/blog\/wp-json\/wp\/v2\/media?parent=1627"}],"curies":[{"name":"wp","href":"https:\/\/api.w.org\/{rel}","templated":true}]}}