{"id":1645,"date":"2013-01-07T22:48:50","date_gmt":"2013-01-07T21:48:50","guid":{"rendered":"http:\/\/arquitecturadegalicia.eu\/blog\/?page_id=1645"},"modified":"2013-01-08T12:50:20","modified_gmt":"2013-01-08T11:50:20","slug":"xi-biau","status":"publish","type":"page","link":"https:\/\/arquitecturadegalicia.eu\/blog\/premios\/bienal-espanola-de-arquitectura-y-urbanismo\/xi-biau\/","title":{"rendered":"XI BEAU"},"content":{"rendered":"<p><strong>XI\u00a0Bienal Espa\u00f1ola de Arquitectura y Urbanismo<\/strong><\/p>\n<p dir=\"ltr\">Menci\u00f3n de Arquitectura<\/p>\n<ul>\n<li>Conjunto residencial en Caramoni\u00f1a<strong> _ <a href=\"http:\/\/arquitecturadegalicia.eu\/blog\/?tag=victorlopezcotelo\">Victor L\u00f3pez Cotelo<\/a><\/strong><\/li>\n<li><strong><a href=\"http:\/\/arquitecturadegalicia.eu\/blog\/?p=187\">Casa en Paderne<\/a> _ <a href=\"http:\/\/arquitecturadegalicia.eu\/blog\/?tag=carlosquintans\">Carlos Quint\u00e1ns<\/a><\/strong><\/li>\n<\/ul>\n<p>&nbsp;<\/p>\n<p>Menci\u00f3n de Urbanismo<\/p>\n<ul>\n<li>Remodelaci\u00f3n del Puerto de Malpica<b id=\"internal-source-marker_0.4308814611285925\"> _ <a href=\"http:\/\/arquitecturadegalicia.eu\/blog\/?tag=creusecarrasco\">Creus e Carrasco<\/a><\/b><\/li>\n<\/ul>\n","protected":false},"excerpt":{"rendered":"<p>XI\u00a0Bienal Espa\u00f1ola de Arquitectura y Urbanismo Menci\u00f3n de Arquitectura Conjunto residencial en Caramoni\u00f1a _ Victor L\u00f3pez Cotelo Casa en Paderne _ Carlos Quint\u00e1ns &nbsp; Menci\u00f3n de Urbanismo Remodelaci\u00f3n del Puerto de Malpica _ Creus e Carrasco<\/p>\n","protected":false},"author":2,"featured_media":0,"parent":1828,"menu_order":0,"comment_status":"open","ping_status":"open","template":"","meta":{"jetpack_post_was_ever_published":false,"footnotes":""},"class_list":["post-1645","page","type-page","status-publish","hentry","content-print"],"yoast_head":"<!-- This site is optimized with the Yoast SEO plugin v24.1 - https:\/\/yoast.com\/wordpress\/plugins\/seo\/ -->\n<title>XI BEAU | AG<\/title>\n<meta name=\"robots\" content=\"index, follow, max-snippet:-1, max-image-preview:large, max-video-preview:-1\" \/>\n<link rel=\"canonical\" href=\"http:\/\/arquitecturadegalicia.eu\/blog\/premios\/bienal-espanola-de-arquitectura-y-urbanismo\/xi-biau\/\" \/>\n<meta property=\"og:locale\" content=\"es_ES\" \/>\n<meta property=\"og:type\" content=\"article\" \/>\n<meta property=\"og:title\" content=\"XI BEAU | AG\" \/>\n<meta property=\"og:description\" content=\"XI\u00a0Bienal Espa\u00f1ola de Arquitectura y Urbanismo Menci\u00f3n de Arquitectura Conjunto residencial en Caramoni\u00f1a _ Victor L\u00f3pez Cotelo Casa en Paderne _ Carlos Quint\u00e1ns &nbsp; Menci\u00f3n de Urbanismo Remodelaci\u00f3n del Puerto de Malpica _ Creus e Carrasco\" \/>\n<meta property=\"og:url\" content=\"http:\/\/arquitecturadegalicia.eu\/blog\/premios\/bienal-espanola-de-arquitectura-y-urbanismo\/xi-biau\/\" \/>\n<meta property=\"og:site_name\" content=\"AG\" \/>\n<meta property=\"article:publisher\" content=\"https:\/\/www.facebook.com\/ArquitecturadeGalicia\/\" \/>\n<meta property=\"article:modified_time\" content=\"2013-01-08T11:50:20+00:00\" \/>\n<meta name=\"twitter:card\" content=\"summary_large_image\" \/>\n<meta name=\"twitter:site\" content=\"@arquigaliciaeu\" \/>\n<script type=\"application\/ld+json\" class=\"yoast-schema-graph\">{\"@context\":\"https:\/\/schema.org\",\"@graph\":[{\"@type\":\"WebPage\",\"@id\":\"http:\/\/arquitecturadegalicia.eu\/blog\/premios\/bienal-espanola-de-arquitectura-y-urbanismo\/xi-biau\/\",\"url\":\"http:\/\/arquitecturadegalicia.eu\/blog\/premios\/bienal-espanola-de-arquitectura-y-urbanismo\/xi-biau\/\",\"name\":\"XI BEAU | AG\",\"isPartOf\":{\"@id\":\"http:\/\/arquitecturadegalicia.eu\/blog\/#website\"},\"datePublished\":\"2013-01-07T21:48:50+00:00\",\"dateModified\":\"2013-01-08T11:50:20+00:00\",\"breadcrumb\":{\"@id\":\"http:\/\/arquitecturadegalicia.eu\/blog\/premios\/bienal-espanola-de-arquitectura-y-urbanismo\/xi-biau\/#breadcrumb\"},\"inLanguage\":\"es\",\"potentialAction\":[{\"@type\":\"ReadAction\",\"target\":[\"http:\/\/arquitecturadegalicia.eu\/blog\/premios\/bienal-espanola-de-arquitectura-y-urbanismo\/xi-biau\/\"]}]},{\"@type\":\"BreadcrumbList\",\"@id\":\"http:\/\/arquitecturadegalicia.eu\/blog\/premios\/bienal-espanola-de-arquitectura-y-urbanismo\/xi-biau\/#breadcrumb\",\"itemListElement\":[{\"@type\":\"ListItem\",\"position\":1,\"name\":\"Portada\",\"item\":\"http:\/\/arquitecturadegalicia.eu\/blog\/\"},{\"@type\":\"ListItem\",\"position\":2,\"name\":\"Premios\",\"item\":\"http:\/\/arquitecturadegalicia.eu\/blog\/premios\/\"},{\"@type\":\"ListItem\",\"position\":3,\"name\":\"Bienal Espa\u00f1ola de Arquitectura y Urbanismo\",\"item\":\"http:\/\/arquitecturadegalicia.eu\/blog\/premios\/bienal-espanola-de-arquitectura-y-urbanismo\/\"},{\"@type\":\"ListItem\",\"position\":4,\"name\":\"XI BEAU\"}]},{\"@type\":\"WebSite\",\"@id\":\"http:\/\/arquitecturadegalicia.eu\/blog\/#website\",\"url\":\"http:\/\/arquitecturadegalicia.eu\/blog\/\",\"name\":\"AG\",\"description\":\"Arquitectura de Galicia\",\"publisher\":{\"@id\":\"http:\/\/arquitecturadegalicia.eu\/blog\/#organization\"},\"potentialAction\":[{\"@type\":\"SearchAction\",\"target\":{\"@type\":\"EntryPoint\",\"urlTemplate\":\"http:\/\/arquitecturadegalicia.eu\/blog\/?s={search_term_string}\"},\"query-input\":{\"@type\":\"PropertyValueSpecification\",\"valueRequired\":true,\"valueName\":\"search_term_string\"}}],\"inLanguage\":\"es\"},{\"@type\":\"Organization\",\"@id\":\"http:\/\/arquitecturadegalicia.eu\/blog\/#organization\",\"name\":\"Arquitectura de Galicia\",\"url\":\"http:\/\/arquitecturadegalicia.eu\/blog\/\",\"logo\":{\"@type\":\"ImageObject\",\"inLanguage\":\"es\",\"@id\":\"http:\/\/arquitecturadegalicia.eu\/blog\/#\/schema\/logo\/image\/\",\"url\":\"https:\/\/arquitecturadegalicia.eu\/blog\/wp-content\/uploads\/2017\/01\/arquitecturacurrents2.png\",\"contentUrl\":\"https:\/\/arquitecturadegalicia.eu\/blog\/wp-content\/uploads\/2017\/01\/arquitecturacurrents2.png\",\"width\":840,\"height\":640,\"caption\":\"Arquitectura de Galicia\"},\"image\":{\"@id\":\"http:\/\/arquitecturadegalicia.eu\/blog\/#\/schema\/logo\/image\/\"},\"sameAs\":[\"https:\/\/www.facebook.com\/ArquitecturadeGalicia\/\",\"https:\/\/x.com\/arquigaliciaeu\",\"https:\/\/www.instagram.com\/arquigaliciaeu\/\"]}]}<\/script>\n<!-- \/ Yoast SEO plugin. -->","yoast_head_json":{"title":"XI BEAU | AG","robots":{"index":"index","follow":"follow","max-snippet":"max-snippet:-1","max-image-preview":"max-image-preview:large","max-video-preview":"max-video-preview:-1"},"canonical":"http:\/\/arquitecturadegalicia.eu\/blog\/premios\/bienal-espanola-de-arquitectura-y-urbanismo\/xi-biau\/","og_locale":"es_ES","og_type":"article","og_title":"XI BEAU | AG","og_description":"XI\u00a0Bienal Espa\u00f1ola de Arquitectura y Urbanismo Menci\u00f3n de Arquitectura Conjunto residencial en Caramoni\u00f1a _ Victor L\u00f3pez Cotelo Casa en Paderne _ Carlos Quint\u00e1ns &nbsp; Menci\u00f3n de Urbanismo Remodelaci\u00f3n del Puerto de Malpica _ Creus e Carrasco","og_url":"http:\/\/arquitecturadegalicia.eu\/blog\/premios\/bienal-espanola-de-arquitectura-y-urbanismo\/xi-biau\/","og_site_name":"AG","article_publisher":"https:\/\/www.facebook.com\/ArquitecturadeGalicia\/","article_modified_time":"2013-01-08T11:50:20+00:00","twitter_card":"summary_large_image","twitter_site":"@arquigaliciaeu","schema":{"@context":"https:\/\/schema.org","@graph":[{"@type":"WebPage","@id":"http:\/\/arquitecturadegalicia.eu\/blog\/premios\/bienal-espanola-de-arquitectura-y-urbanismo\/xi-biau\/","url":"http:\/\/arquitecturadegalicia.eu\/blog\/premios\/bienal-espanola-de-arquitectura-y-urbanismo\/xi-biau\/","name":"XI BEAU | AG","isPartOf":{"@id":"http:\/\/arquitecturadegalicia.eu\/blog\/#website"},"datePublished":"2013-01-07T21:48:50+00:00","dateModified":"2013-01-08T11:50:20+00:00","breadcrumb":{"@id":"http:\/\/arquitecturadegalicia.eu\/blog\/premios\/bienal-espanola-de-arquitectura-y-urbanismo\/xi-biau\/#breadcrumb"},"inLanguage":"es","potentialAction":[{"@type":"ReadAction","target":["http:\/\/arquitecturadegalicia.eu\/blog\/premios\/bienal-espanola-de-arquitectura-y-urbanismo\/xi-biau\/"]}]},{"@type":"BreadcrumbList","@id":"http:\/\/arquitecturadegalicia.eu\/blog\/premios\/bienal-espanola-de-arquitectura-y-urbanismo\/xi-biau\/#breadcrumb","itemListElement":[{"@type":"ListItem","position":1,"name":"Portada","item":"http:\/\/arquitecturadegalicia.eu\/blog\/"},{"@type":"ListItem","position":2,"name":"Premios","item":"http:\/\/arquitecturadegalicia.eu\/blog\/premios\/"},{"@type":"ListItem","position":3,"name":"Bienal Espa\u00f1ola de Arquitectura y Urbanismo","item":"http:\/\/arquitecturadegalicia.eu\/blog\/premios\/bienal-espanola-de-arquitectura-y-urbanismo\/"},{"@type":"ListItem","position":4,"name":"XI BEAU"}]},{"@type":"WebSite","@id":"http:\/\/arquitecturadegalicia.eu\/blog\/#website","url":"http:\/\/arquitecturadegalicia.eu\/blog\/","name":"AG","description":"Arquitectura de Galicia","publisher":{"@id":"http:\/\/arquitecturadegalicia.eu\/blog\/#organization"},"potentialAction":[{"@type":"SearchAction","target":{"@type":"EntryPoint","urlTemplate":"http:\/\/arquitecturadegalicia.eu\/blog\/?s={search_term_string}"},"query-input":{"@type":"PropertyValueSpecification","valueRequired":true,"valueName":"search_term_string"}}],"inLanguage":"es"},{"@type":"Organization","@id":"http:\/\/arquitecturadegalicia.eu\/blog\/#organization","name":"Arquitectura de Galicia","url":"http:\/\/arquitecturadegalicia.eu\/blog\/","logo":{"@type":"ImageObject","inLanguage":"es","@id":"http:\/\/arquitecturadegalicia.eu\/blog\/#\/schema\/logo\/image\/","url":"https:\/\/arquitecturadegalicia.eu\/blog\/wp-content\/uploads\/2017\/01\/arquitecturacurrents2.png","contentUrl":"https:\/\/arquitecturadegalicia.eu\/blog\/wp-content\/uploads\/2017\/01\/arquitecturacurrents2.png","width":840,"height":640,"caption":"Arquitectura de Galicia"},"image":{"@id":"http:\/\/arquitecturadegalicia.eu\/blog\/#\/schema\/logo\/image\/"},"sameAs":["https:\/\/www.facebook.com\/ArquitecturadeGalicia\/","https:\/\/x.com\/arquigaliciaeu","https:\/\/www.instagram.com\/arquigaliciaeu\/"]}]}},"jetpack_shortlink":"https:\/\/wp.me\/P2NHs2-qx","jetpack_sharing_enabled":true,"_links":{"self":[{"href":"https:\/\/arquitecturadegalicia.eu\/blog\/wp-json\/wp\/v2\/pages\/1645","targetHints":{"allow":["GET"]}}],"collection":[{"href":"https:\/\/arquitecturadegalicia.eu\/blog\/wp-json\/wp\/v2\/pages"}],"about":[{"href":"https:\/\/arquitecturadegalicia.eu\/blog\/wp-json\/wp\/v2\/types\/page"}],"author":[{"embeddable":true,"href":"https:\/\/arquitecturadegalicia.eu\/blog\/wp-json\/wp\/v2\/users\/2"}],"replies":[{"embeddable":true,"href":"https:\/\/arquitecturadegalicia.eu\/blog\/wp-json\/wp\/v2\/comments?post=1645"}],"version-history":[{"count":6,"href":"https:\/\/arquitecturadegalicia.eu\/blog\/wp-json\/wp\/v2\/pages\/1645\/revisions"}],"predecessor-version":[{"id":1915,"href":"https:\/\/arquitecturadegalicia.eu\/blog\/wp-json\/wp\/v2\/pages\/1645\/revisions\/1915"}],"up":[{"embeddable":true,"href":"https:\/\/arquitecturadegalicia.eu\/blog\/wp-json\/wp\/v2\/pages\/1828"}],"wp:attachment":[{"href":"https:\/\/arquitecturadegalicia.eu\/blog\/wp-json\/wp\/v2\/media?parent=1645"}],"curies":[{"name":"wp","href":"https:\/\/api.w.org\/{rel}","templated":true}]}}