{"id":1660,"date":"2013-01-07T22:52:05","date_gmt":"2013-01-07T21:52:05","guid":{"rendered":"http:\/\/arquitecturadegalicia.eu\/blog\/?page_id=1660"},"modified":"2014-11-08T18:39:40","modified_gmt":"2014-11-08T17:39:40","slug":"ii-premios-enor","status":"publish","type":"page","link":"https:\/\/arquitecturadegalicia.eu\/blog\/premios\/premios-enor-para-galicia\/ii-premios-enor\/","title":{"rendered":"II Premios Enor"},"content":{"rendered":"<ul>\n<li dir=\"ltr\"><strong><a href=\"http:\/\/arquitecturadegalicia.eu\/blog\/?p=677\">Campo de f\u00fatbol de A Veiga (Cabanas)<\/a><\/strong> _ <a href=\"http:\/\/arquitecturadegalicia.eu\/blog\/?tag=carlos-pita-abad\">Carlos Pita Abad<\/a><\/li>\n<li dir=\"ltr\"><strong><a href=\"http:\/\/arquitecturadegalicia.eu\/blog\/?p=1523\">Vivenda unifamiliar en Sanxenxo<\/a><\/strong> _ <a href=\"http:\/\/arquitecturadegalicia.eu\/blog\/?tag=irisarri-pinera\">Irisarri +\u00a0Pi\u00f1era<\/a><\/li>\n<li dir=\"ltr\"><a href=\"http:\/\/arquitecturadegalicia.eu\/blog\/?p=1605\"><strong>Campo de f\u00fatbol de Toques<\/strong><\/a> _ <a href=\"http:\/\/arquitecturadegalicia.eu\/blog\/?tag=sabinblanco\">Sab\u00edn + Blanco<\/a><\/li>\n<li dir=\"ltr\"><strong>Pabell\u00f3n polideportivo en Ribadeo<\/strong> _ Jaime \u00c1lvarez Ponte<\/li>\n<li dir=\"ltr\"><a href=\"http:\/\/arquitecturadegalicia.eu\/blog\/?p=2464\"><strong>Casa do\u00f1a Blanca en Ourense<\/strong><\/a> _ <a href=\"http:\/\/arquitecturadegalicia.eu\/blog\/?tag=fernando-blanco\">Fernando Blanco<\/a><\/li>\n<li dir=\"ltr\"><strong><a href=\"http:\/\/arquitecturadegalicia.eu\/blog\/?p=600\">Fundaci\u00f3n Luis Seoane (A Coru\u00f1a)<\/a><\/strong>\u00a0_\u00a0<a href=\"http:\/\/arquitecturadegalicia.eu\/blog\/?tag=creusecarrasco\">creusecarrasco<\/a><\/li>\n<li dir=\"ltr\"><a href=\"http:\/\/arquitecturadegalicia.eu\/blog\/?p=7040\"><strong>Centro de Sa\u00fade A Silva<\/strong><\/a> _\u00a0<a href=\"http:\/\/arquitecturadegalicia.eu\/blog\/?tag=jose-ramon-garitaonaindia-de-vera\">Jose Ram\u00f3n Garitaonaindia de Vera<\/a><\/li>\n<li dir=\"ltr\"><a href=\"http:\/\/arquitecturadegalicia.eu\/blog\/?p=7708\"><strong>Vivendas para x\u00f3venes en Vigo<\/strong><\/a> _ <a href=\"http:\/\/arquitecturadegalicia.eu\/blog\/?tag=olmos-ochoa-arquitectos\">Olmos Ochoa<\/a><\/li>\n<li dir=\"ltr\"><a href=\"http:\/\/arquitecturadegalicia.eu\/blog\/?p=10001\"><strong>Reforma dun local en Carballo<\/strong><\/a> _ <a href=\"http:\/\/arquitecturadegalicia.eu\/blog\/?tag=jose-manuel-pena-serna\">Jos\u00e9 Manuel Pe\u00f1a Serna<\/a><\/li>\n<li dir=\"ltr\"><a href=\"http:\/\/arquitecturadegalicia.eu\/blog\/?p=4702\"><strong>Centro de sa\u00fade de Matogrande<\/strong><\/a> _ <a href=\"http:\/\/arquitecturadegalicia.eu\/blog\/?tag=enrique-rodriguez-garcia\">Enrique Rodr\u00edguez Garc\u00eda<\/a><\/li>\n<\/ul>\n","protected":false},"excerpt":{"rendered":"<p>Campo de f\u00fatbol de A Veiga (Cabanas) _ Carlos Pita Abad Vivenda unifamiliar en Sanxenxo _ Irisarri +\u00a0Pi\u00f1era Campo de f\u00fatbol de Toques _ Sab\u00edn + Blanco Pabell\u00f3n polideportivo en Ribadeo _ Jaime \u00c1lvarez Ponte Casa do\u00f1a Blanca en Ourense _ Fernando Blanco Fundaci\u00f3n Luis Seoane (A Coru\u00f1a)\u00a0_\u00a0creusecarrasco Centro de Sa\u00fade A Silva _\u00a0Jose Ram\u00f3n<a href=\"https:\/\/arquitecturadegalicia.eu\/blog\/premios\/premios-enor-para-galicia\/ii-premios-enor\/\" title=\"Read more\" >&#8230;<\/a><\/p>\n","protected":false},"author":2,"featured_media":0,"parent":354,"menu_order":4,"comment_status":"open","ping_status":"open","template":"","meta":{"jetpack_post_was_ever_published":false,"footnotes":""},"class_list":["post-1660","page","type-page","status-publish","hentry","content-print"],"yoast_head":"<!-- This site is optimized with the Yoast SEO plugin v24.1 - https:\/\/yoast.com\/wordpress\/plugins\/seo\/ -->\n<title>II Premios Enor | AG<\/title>\n<meta name=\"robots\" content=\"index, follow, max-snippet:-1, max-image-preview:large, max-video-preview:-1\" \/>\n<link rel=\"canonical\" href=\"http:\/\/arquitecturadegalicia.eu\/blog\/premios\/premios-enor-para-galicia\/ii-premios-enor\/\" \/>\n<meta property=\"og:locale\" content=\"es_ES\" \/>\n<meta property=\"og:type\" content=\"article\" \/>\n<meta property=\"og:title\" content=\"II Premios Enor | AG\" \/>\n<meta property=\"og:description\" content=\"Campo de f\u00fatbol de A Veiga (Cabanas) _ Carlos Pita Abad Vivenda unifamiliar en Sanxenxo _ Irisarri +\u00a0Pi\u00f1era Campo de f\u00fatbol de Toques _ Sab\u00edn + Blanco Pabell\u00f3n polideportivo en Ribadeo _ Jaime \u00c1lvarez Ponte Casa do\u00f1a Blanca en Ourense _ Fernando Blanco Fundaci\u00f3n Luis Seoane (A Coru\u00f1a)\u00a0_\u00a0creusecarrasco Centro de Sa\u00fade A Silva _\u00a0Jose Ram\u00f3n...\" \/>\n<meta property=\"og:url\" content=\"http:\/\/arquitecturadegalicia.eu\/blog\/premios\/premios-enor-para-galicia\/ii-premios-enor\/\" \/>\n<meta property=\"og:site_name\" content=\"AG\" \/>\n<meta property=\"article:publisher\" content=\"https:\/\/www.facebook.com\/ArquitecturadeGalicia\/\" \/>\n<meta property=\"article:modified_time\" content=\"2014-11-08T17:39:40+00:00\" \/>\n<meta name=\"twitter:card\" content=\"summary_large_image\" \/>\n<meta name=\"twitter:site\" content=\"@arquigaliciaeu\" \/>\n<script type=\"application\/ld+json\" class=\"yoast-schema-graph\">{\"@context\":\"https:\/\/schema.org\",\"@graph\":[{\"@type\":\"WebPage\",\"@id\":\"http:\/\/arquitecturadegalicia.eu\/blog\/premios\/premios-enor-para-galicia\/ii-premios-enor\/\",\"url\":\"http:\/\/arquitecturadegalicia.eu\/blog\/premios\/premios-enor-para-galicia\/ii-premios-enor\/\",\"name\":\"II Premios Enor | AG\",\"isPartOf\":{\"@id\":\"http:\/\/arquitecturadegalicia.eu\/blog\/#website\"},\"datePublished\":\"2013-01-07T21:52:05+00:00\",\"dateModified\":\"2014-11-08T17:39:40+00:00\",\"breadcrumb\":{\"@id\":\"http:\/\/arquitecturadegalicia.eu\/blog\/premios\/premios-enor-para-galicia\/ii-premios-enor\/#breadcrumb\"},\"inLanguage\":\"es\",\"potentialAction\":[{\"@type\":\"ReadAction\",\"target\":[\"http:\/\/arquitecturadegalicia.eu\/blog\/premios\/premios-enor-para-galicia\/ii-premios-enor\/\"]}]},{\"@type\":\"BreadcrumbList\",\"@id\":\"http:\/\/arquitecturadegalicia.eu\/blog\/premios\/premios-enor-para-galicia\/ii-premios-enor\/#breadcrumb\",\"itemListElement\":[{\"@type\":\"ListItem\",\"position\":1,\"name\":\"Portada\",\"item\":\"http:\/\/arquitecturadegalicia.eu\/blog\/\"},{\"@type\":\"ListItem\",\"position\":2,\"name\":\"Premios\",\"item\":\"http:\/\/arquitecturadegalicia.eu\/blog\/premios\/\"},{\"@type\":\"ListItem\",\"position\":3,\"name\":\"Premios ENOR para Galicia\",\"item\":\"http:\/\/arquitecturadegalicia.eu\/blog\/premios\/premios-enor-para-galicia\/\"},{\"@type\":\"ListItem\",\"position\":4,\"name\":\"II Premios Enor\"}]},{\"@type\":\"WebSite\",\"@id\":\"http:\/\/arquitecturadegalicia.eu\/blog\/#website\",\"url\":\"http:\/\/arquitecturadegalicia.eu\/blog\/\",\"name\":\"AG\",\"description\":\"Arquitectura de Galicia\",\"publisher\":{\"@id\":\"http:\/\/arquitecturadegalicia.eu\/blog\/#organization\"},\"potentialAction\":[{\"@type\":\"SearchAction\",\"target\":{\"@type\":\"EntryPoint\",\"urlTemplate\":\"http:\/\/arquitecturadegalicia.eu\/blog\/?s={search_term_string}\"},\"query-input\":{\"@type\":\"PropertyValueSpecification\",\"valueRequired\":true,\"valueName\":\"search_term_string\"}}],\"inLanguage\":\"es\"},{\"@type\":\"Organization\",\"@id\":\"http:\/\/arquitecturadegalicia.eu\/blog\/#organization\",\"name\":\"Arquitectura de Galicia\",\"url\":\"http:\/\/arquitecturadegalicia.eu\/blog\/\",\"logo\":{\"@type\":\"ImageObject\",\"inLanguage\":\"es\",\"@id\":\"http:\/\/arquitecturadegalicia.eu\/blog\/#\/schema\/logo\/image\/\",\"url\":\"https:\/\/arquitecturadegalicia.eu\/blog\/wp-content\/uploads\/2017\/01\/arquitecturacurrents2.png\",\"contentUrl\":\"https:\/\/arquitecturadegalicia.eu\/blog\/wp-content\/uploads\/2017\/01\/arquitecturacurrents2.png\",\"width\":840,\"height\":640,\"caption\":\"Arquitectura de Galicia\"},\"image\":{\"@id\":\"http:\/\/arquitecturadegalicia.eu\/blog\/#\/schema\/logo\/image\/\"},\"sameAs\":[\"https:\/\/www.facebook.com\/ArquitecturadeGalicia\/\",\"https:\/\/x.com\/arquigaliciaeu\",\"https:\/\/www.instagram.com\/arquigaliciaeu\/\"]}]}<\/script>\n<!-- \/ Yoast SEO plugin. -->","yoast_head_json":{"title":"II Premios Enor | AG","robots":{"index":"index","follow":"follow","max-snippet":"max-snippet:-1","max-image-preview":"max-image-preview:large","max-video-preview":"max-video-preview:-1"},"canonical":"http:\/\/arquitecturadegalicia.eu\/blog\/premios\/premios-enor-para-galicia\/ii-premios-enor\/","og_locale":"es_ES","og_type":"article","og_title":"II Premios Enor | AG","og_description":"Campo de f\u00fatbol de A Veiga (Cabanas) _ Carlos Pita Abad Vivenda unifamiliar en Sanxenxo _ Irisarri +\u00a0Pi\u00f1era Campo de f\u00fatbol de Toques _ Sab\u00edn + Blanco Pabell\u00f3n polideportivo en Ribadeo _ Jaime \u00c1lvarez Ponte Casa do\u00f1a Blanca en Ourense _ Fernando Blanco Fundaci\u00f3n Luis Seoane (A Coru\u00f1a)\u00a0_\u00a0creusecarrasco Centro de Sa\u00fade A Silva _\u00a0Jose Ram\u00f3n...","og_url":"http:\/\/arquitecturadegalicia.eu\/blog\/premios\/premios-enor-para-galicia\/ii-premios-enor\/","og_site_name":"AG","article_publisher":"https:\/\/www.facebook.com\/ArquitecturadeGalicia\/","article_modified_time":"2014-11-08T17:39:40+00:00","twitter_card":"summary_large_image","twitter_site":"@arquigaliciaeu","schema":{"@context":"https:\/\/schema.org","@graph":[{"@type":"WebPage","@id":"http:\/\/arquitecturadegalicia.eu\/blog\/premios\/premios-enor-para-galicia\/ii-premios-enor\/","url":"http:\/\/arquitecturadegalicia.eu\/blog\/premios\/premios-enor-para-galicia\/ii-premios-enor\/","name":"II Premios Enor | AG","isPartOf":{"@id":"http:\/\/arquitecturadegalicia.eu\/blog\/#website"},"datePublished":"2013-01-07T21:52:05+00:00","dateModified":"2014-11-08T17:39:40+00:00","breadcrumb":{"@id":"http:\/\/arquitecturadegalicia.eu\/blog\/premios\/premios-enor-para-galicia\/ii-premios-enor\/#breadcrumb"},"inLanguage":"es","potentialAction":[{"@type":"ReadAction","target":["http:\/\/arquitecturadegalicia.eu\/blog\/premios\/premios-enor-para-galicia\/ii-premios-enor\/"]}]},{"@type":"BreadcrumbList","@id":"http:\/\/arquitecturadegalicia.eu\/blog\/premios\/premios-enor-para-galicia\/ii-premios-enor\/#breadcrumb","itemListElement":[{"@type":"ListItem","position":1,"name":"Portada","item":"http:\/\/arquitecturadegalicia.eu\/blog\/"},{"@type":"ListItem","position":2,"name":"Premios","item":"http:\/\/arquitecturadegalicia.eu\/blog\/premios\/"},{"@type":"ListItem","position":3,"name":"Premios ENOR para Galicia","item":"http:\/\/arquitecturadegalicia.eu\/blog\/premios\/premios-enor-para-galicia\/"},{"@type":"ListItem","position":4,"name":"II Premios Enor"}]},{"@type":"WebSite","@id":"http:\/\/arquitecturadegalicia.eu\/blog\/#website","url":"http:\/\/arquitecturadegalicia.eu\/blog\/","name":"AG","description":"Arquitectura de Galicia","publisher":{"@id":"http:\/\/arquitecturadegalicia.eu\/blog\/#organization"},"potentialAction":[{"@type":"SearchAction","target":{"@type":"EntryPoint","urlTemplate":"http:\/\/arquitecturadegalicia.eu\/blog\/?s={search_term_string}"},"query-input":{"@type":"PropertyValueSpecification","valueRequired":true,"valueName":"search_term_string"}}],"inLanguage":"es"},{"@type":"Organization","@id":"http:\/\/arquitecturadegalicia.eu\/blog\/#organization","name":"Arquitectura de Galicia","url":"http:\/\/arquitecturadegalicia.eu\/blog\/","logo":{"@type":"ImageObject","inLanguage":"es","@id":"http:\/\/arquitecturadegalicia.eu\/blog\/#\/schema\/logo\/image\/","url":"https:\/\/arquitecturadegalicia.eu\/blog\/wp-content\/uploads\/2017\/01\/arquitecturacurrents2.png","contentUrl":"https:\/\/arquitecturadegalicia.eu\/blog\/wp-content\/uploads\/2017\/01\/arquitecturacurrents2.png","width":840,"height":640,"caption":"Arquitectura de Galicia"},"image":{"@id":"http:\/\/arquitecturadegalicia.eu\/blog\/#\/schema\/logo\/image\/"},"sameAs":["https:\/\/www.facebook.com\/ArquitecturadeGalicia\/","https:\/\/x.com\/arquigaliciaeu","https:\/\/www.instagram.com\/arquigaliciaeu\/"]}]}},"jetpack_shortlink":"https:\/\/wp.me\/P2NHs2-qM","jetpack_sharing_enabled":true,"_links":{"self":[{"href":"https:\/\/arquitecturadegalicia.eu\/blog\/wp-json\/wp\/v2\/pages\/1660","targetHints":{"allow":["GET"]}}],"collection":[{"href":"https:\/\/arquitecturadegalicia.eu\/blog\/wp-json\/wp\/v2\/pages"}],"about":[{"href":"https:\/\/arquitecturadegalicia.eu\/blog\/wp-json\/wp\/v2\/types\/page"}],"author":[{"embeddable":true,"href":"https:\/\/arquitecturadegalicia.eu\/blog\/wp-json\/wp\/v2\/users\/2"}],"replies":[{"embeddable":true,"href":"https:\/\/arquitecturadegalicia.eu\/blog\/wp-json\/wp\/v2\/comments?post=1660"}],"version-history":[{"count":7,"href":"https:\/\/arquitecturadegalicia.eu\/blog\/wp-json\/wp\/v2\/pages\/1660\/revisions"}],"predecessor-version":[{"id":12996,"href":"https:\/\/arquitecturadegalicia.eu\/blog\/wp-json\/wp\/v2\/pages\/1660\/revisions\/12996"}],"up":[{"embeddable":true,"href":"https:\/\/arquitecturadegalicia.eu\/blog\/wp-json\/wp\/v2\/pages\/354"}],"wp:attachment":[{"href":"https:\/\/arquitecturadegalicia.eu\/blog\/wp-json\/wp\/v2\/media?parent=1660"}],"curies":[{"name":"wp","href":"https:\/\/api.w.org\/{rel}","templated":true}]}}