{"id":1670,"date":"2013-01-07T22:50:20","date_gmt":"2013-01-07T21:50:20","guid":{"rendered":"http:\/\/arquitecturadegalicia.eu\/blog\/?page_id=1670"},"modified":"2014-11-08T18:59:28","modified_gmt":"2014-11-08T17:59:28","slug":"iv-premios-enor","status":"publish","type":"page","link":"https:\/\/arquitecturadegalicia.eu\/blog\/premios\/premios-enor-para-galicia\/iv-premios-enor\/","title":{"rendered":"IV Premios Enor"},"content":{"rendered":"<p><b><b>Gran Premio Enor:<br \/>\n<\/b><\/b><\/p>\n<ul>\n<li dir=\"ltr\"><strong><a href=\"http:\/\/arquitecturadegalicia.eu\/blog\/?p=249\">Vivenda unifamiliar na antiga f\u00e1brica de curtidos da Ribeira de San Lourenzo (Santiago)<\/a>\u00a0<\/strong>_ <a href=\"http:\/\/arquitecturadegalicia.eu\/blog\/?tag=victorlopezcotelo\">Victor L\u00f3pez Cotelo<\/a> + <a href=\"http:\/\/arquitecturadegalicia.eu\/blog\/?tag=juan-manuel-vargas-funes\" target=\"_blank\">Juan Manuel Vargas Funes<\/a><\/li>\n<\/ul>\n<p>&nbsp;<\/p>\n<p><b><b>Premio Enor Galicia:<br \/>\n<\/b><\/b><\/p>\n<ul>\n<li dir=\"ltr\"><strong><a href=\"http:\/\/arquitecturadegalicia.eu\/blog\/?p=753\">Centro de sa\u00fade en Cotobade (Pontevedra)<\/a><\/strong>\u00a0_ <a href=\"http:\/\/arquitecturadegalicia.eu\/blog\/?tag=enrique-rodriguez-garcia\">Enrique Rodr\u00edguez Garc\u00eda<\/a><\/li>\n<\/ul>\n<p><b><b><br \/>\nFinalista:<br \/>\n<\/b><\/b><\/p>\n<ul>\n<li dir=\"ltr\"><a href=\"http:\/\/arquitecturadegalicia.eu\/blog\/?p=2083\" target=\"_blank\"><strong>Centro de sa\u00fade en Toen (Ourense)<\/strong><\/a> _ <a href=\"http:\/\/arquitecturadegalicia.eu\/blog\/?tag=javier-franco-rabunal\" target=\"_blank\">Javier Franco<\/a> + <a href=\"http:\/\/arquitecturadegalicia.eu\/blog\/?tag=vicente-pintos-santiago\" target=\"_blank\">Vicente Pintos<\/a><a href=\"https:\/\/maps.google.com\/maps\/ms?msid=205584753861089304839.0004b3590a9baff01c53d&amp;msa=0&amp;ll=42.290263,-7.910156&amp;spn=0.200891,0.295258&amp;iwloc=0004ce250b53a613b8401\"><br \/>\n<\/a><\/li>\n<li dir=\"ltr\"><strong><a href=\"http:\/\/arquitecturadegalicia.eu\/blog\/?p=379\">Vivenda unifamiliar en Cangas (Pontevedra)<\/a><\/strong>\u00a0_ <a href=\"http:\/\/arquitecturadegalicia.eu\/blog\/?tag=alfonso-penela\">Alfonso Penela<\/a><\/li>\n<li dir=\"ltr\"><strong><a href=\"http:\/\/arquitecturadegalicia.eu\/blog\/?p=2258\" target=\"_blank\">Rehabilitaci\u00f3n do Porto de Malpica (A Coru\u00f1a)<\/a><\/strong> _ <a href=\"http:\/\/arquitecturadegalicia.eu\/blog\/?tag=creusecarrasco\">Creus e Carrasco<\/a><a href=\"https:\/\/maps.google.com\/maps\/ms?msid=205584753861089304839.0004b3590a9baff01c53d&amp;msa=0&amp;ll=43.323414,-8.806314&amp;spn=0.006174,0.009227&amp;iwloc=0004ce38c71e729b331eb\"><br \/>\n<\/a><\/li>\n<li dir=\"ltr\"><a href=\"http:\/\/arquitecturadegalicia.eu\/blog\/?p=1602\" target=\"_blank\"><strong>Departamentos para pescadores en Cangas (Pontevedra)<\/strong><\/a> _ <a href=\"http:\/\/arquitecturadegalicia.eu\/blog\/?tag=irisarri-pinera\"><strong>Irisarri + Pi\u00f1era<\/strong><\/a><\/li>\n<li dir=\"ltr\"><strong><a href=\"http:\/\/arquitecturadegalicia.eu\/blog\/?p=3816\">Edificio de vivendas na Alameda (Santiago)<\/a><\/strong> _\u00a0<a href=\"http:\/\/arquitecturadegalicia.eu\/blog\/?tag=victorlopezcotelo\">Victor L\u00f3pez Cotelo<\/a>\u00a0+ <a href=\"http:\/\/arquitecturadegalicia.eu\/blog\/?tag=juan-manuel-vargas-funes\" target=\"_blank\">Juan Manuel Vargas Funes<\/a><a href=\"https:\/\/maps.google.es\/maps\/ms?msid=205584753861089304839.0004b3590a9baff01c53d&amp;msa=0&amp;ll=42.87652,-8.549872&amp;spn=0.000597,0.001206&amp;iwloc=0004cec4a01ebedee5abe\"><br \/>\n<\/a><\/li>\n<\/ul>\n<p><b><b><br \/>\nSeleccionados:<br \/>\n<\/b><\/b><\/p>\n<ul>\n<li dir=\"ltr\"><a href=\"http:\/\/arquitecturadegalicia.eu\/blog\/?p=8208\" target=\"_blank\"><strong>Vivenda en O Ribeiro (Ourense)<\/strong><\/a> _ <a href=\"http:\/\/arquitecturadegalicia.eu\/blog\/?tag=quico-jorreto\" target=\"_blank\">Quico Jorreto<\/a><\/li>\n<li dir=\"ltr\"><a href=\"http:\/\/arquitecturadegalicia.eu\/blog\/?p=11181\" target=\"_blank\"><strong>Vivenda unifamiliar en Cambre (A Coru\u00f1a)<\/strong><\/a> _ <a href=\"http:\/\/arquitecturadegalicia.eu\/blog\/?tag=mingote-blanco-rajoy\" target=\"_blank\">Fernando Mingote + M\u00aaBlanco-Rajoy<\/a><\/li>\n<li dir=\"ltr\"><strong><a href=\"http:\/\/arquitecturadegalicia.eu\/blog\/?p=2315\">Centro de sa\u00fade A Merca (Ourense)<\/a><\/strong> _ <a href=\"http:\/\/arquitecturadegalicia.eu\/blog\/?tag=acxt-arquitectos\">ACXT <\/a>+ <a href=\"http:\/\/arquitecturadegalicia.eu\/blog\/?tag=fco-javier-rodriguez\">Javier Rodr\u00edguez<\/a><a href=\"https:\/\/maps.google.com\/maps\/ms?msid=205584753861089304839.0004b3590a9baff01c53d&amp;msa=0&amp;iwloc=0004ce24d184e16e82ca2\"><br \/>\n<\/a><\/li>\n<li dir=\"ltr\"><strong><a href=\"http:\/\/arquitecturadegalicia.eu\/blog\/?p=241\">Sede da SGAE (Santiago)<\/a><\/strong>\u00a0_ <a href=\"http:\/\/arquitecturadegalicia.eu\/blog\/?tag=antongarciaabril\">Ant\u00f3n Garc\u00eda Abril<\/a><\/li>\n<li dir=\"ltr\"><a href=\"http:\/\/arquitecturadegalicia.eu\/blog\/?p=11129\" target=\"_blank\"><strong>Morad\u00eda do Contentor<\/strong><\/a> _ <a href=\"http:\/\/arquitecturadegalicia.eu\/blog\/?tag=estudio-base\" target=\"_blank\">Estudio Base<\/a><\/li>\n<li dir=\"ltr\"><strong><a href=\"http:\/\/arquitecturadegalicia.eu\/blog\/?p=470\">Centro de Tecnificaci\u00f3n. Escola Municipal de Vela (Vilagarc\u00eda)<\/a><\/strong> _\u00a0<a href=\"http:\/\/arquitecturadegalicia.eu\/blog\/?tag=alfonso-penela\">Alfonso Penela<\/a><\/li>\n<li dir=\"ltr\"><strong><a href=\"http:\/\/arquitecturadegalicia.eu\/blog\/?p=4081\">Bulthaup Showroom (A Coru\u00f1a)<\/a><\/strong> _\u00a0<a href=\"http:\/\/arquitecturadegalicia.eu\/blog\/?tag=alfonso-penela\">Alfonso Penela<\/a><\/li>\n<li dir=\"ltr\"><strong><a href=\"http:\/\/arquitecturadegalicia.eu\/blog\/?p=6315\">Laboratorio Agro-Gandeiro (Xinzo, Ourense)<\/a><\/strong> _ <a href=\"http:\/\/arquitecturadegalicia.eu\/blog\/?tag=barge-bouza-arquitectura\">Santiago Barge Ferreiros<\/a><\/li>\n<li dir=\"ltr\"><strong><a href=\"http:\/\/arquitecturadegalicia.eu\/blog\/?p=1609\">Adecuaci\u00f3n do entorno do Faro de Fisterra<\/a><\/strong> _\u00a0<a href=\"http:\/\/arquitecturadegalicia.eu\/blog\/?tag=rvr\">rvr arquitectos<\/a><\/li>\n<li dir=\"ltr\"><a href=\"http:\/\/arquitecturadegalicia.eu\/blog\/?p=6156\" target=\"_blank\"><strong>Estudio Novan&amp;Vesson (A Coru\u00f1a)<\/strong><\/a> _ <a href=\"http:\/\/arquitecturadegalicia.eu\/blog\/?tag=piervilarino\" target=\"_blank\">Pier&amp;Vilari\u00f1o<\/a><\/li>\n<li dir=\"ltr\"><strong>Rehabilitaci\u00f3n de vivenda para asociaci\u00f3n veci\u00f1al (Santiago)<\/strong> _ <a href=\"http:\/\/arquitecturadegalicia.eu\/blog\/?tag=sabinblanco\">sabin+blanco<\/a><\/li>\n<\/ul>\n","protected":false},"excerpt":{"rendered":"<p>Gran Premio Enor: Vivenda unifamiliar na antiga f\u00e1brica de curtidos da Ribeira de San Lourenzo (Santiago)\u00a0_ Victor L\u00f3pez Cotelo + Juan Manuel Vargas Funes &nbsp; Premio Enor Galicia: Centro de sa\u00fade en Cotobade (Pontevedra)\u00a0_ Enrique Rodr\u00edguez Garc\u00eda Finalista: Centro de sa\u00fade en Toen (Ourense) _ Javier Franco + Vicente Pintos Vivenda unifamiliar en Cangas (Pontevedra)\u00a0_<a href=\"https:\/\/arquitecturadegalicia.eu\/blog\/premios\/premios-enor-para-galicia\/iv-premios-enor\/\" title=\"Read more\" >&#8230;<\/a><\/p>\n","protected":false},"author":2,"featured_media":0,"parent":354,"menu_order":2,"comment_status":"open","ping_status":"open","template":"","meta":{"jetpack_post_was_ever_published":false,"footnotes":""},"class_list":["post-1670","page","type-page","status-publish","hentry","content-print"],"yoast_head":"<!-- This site is optimized with the Yoast SEO plugin v24.1 - https:\/\/yoast.com\/wordpress\/plugins\/seo\/ -->\n<title>IV Premios Enor | AG<\/title>\n<meta name=\"robots\" content=\"index, follow, max-snippet:-1, max-image-preview:large, max-video-preview:-1\" \/>\n<link rel=\"canonical\" href=\"https:\/\/arquitecturadegalicia.eu\/blog\/premios\/premios-enor-para-galicia\/iv-premios-enor\/\" \/>\n<meta property=\"og:locale\" content=\"es_ES\" \/>\n<meta property=\"og:type\" content=\"article\" \/>\n<meta property=\"og:title\" content=\"IV Premios Enor | AG\" \/>\n<meta property=\"og:description\" content=\"Gran Premio Enor: Vivenda unifamiliar na antiga f\u00e1brica de curtidos da Ribeira de San Lourenzo (Santiago)\u00a0_ Victor L\u00f3pez Cotelo + Juan Manuel Vargas Funes &nbsp; Premio Enor Galicia: Centro de sa\u00fade en Cotobade (Pontevedra)\u00a0_ Enrique Rodr\u00edguez Garc\u00eda Finalista: Centro de sa\u00fade en Toen (Ourense) _ Javier Franco + Vicente Pintos Vivenda unifamiliar en Cangas (Pontevedra)\u00a0_...\" \/>\n<meta property=\"og:url\" content=\"https:\/\/arquitecturadegalicia.eu\/blog\/premios\/premios-enor-para-galicia\/iv-premios-enor\/\" \/>\n<meta property=\"og:site_name\" content=\"AG\" \/>\n<meta property=\"article:publisher\" content=\"https:\/\/www.facebook.com\/ArquitecturadeGalicia\/\" \/>\n<meta property=\"article:modified_time\" content=\"2014-11-08T17:59:28+00:00\" \/>\n<meta name=\"twitter:card\" content=\"summary_large_image\" \/>\n<meta name=\"twitter:site\" content=\"@arquigaliciaeu\" \/>\n<meta name=\"twitter:label1\" content=\"Tiempo de lectura\" \/>\n\t<meta name=\"twitter:data1\" content=\"1 minuto\" \/>\n<script type=\"application\/ld+json\" class=\"yoast-schema-graph\">{\"@context\":\"https:\/\/schema.org\",\"@graph\":[{\"@type\":\"WebPage\",\"@id\":\"https:\/\/arquitecturadegalicia.eu\/blog\/premios\/premios-enor-para-galicia\/iv-premios-enor\/\",\"url\":\"https:\/\/arquitecturadegalicia.eu\/blog\/premios\/premios-enor-para-galicia\/iv-premios-enor\/\",\"name\":\"IV Premios Enor | AG\",\"isPartOf\":{\"@id\":\"http:\/\/arquitecturadegalicia.eu\/blog\/#website\"},\"datePublished\":\"2013-01-07T21:50:20+00:00\",\"dateModified\":\"2014-11-08T17:59:28+00:00\",\"breadcrumb\":{\"@id\":\"https:\/\/arquitecturadegalicia.eu\/blog\/premios\/premios-enor-para-galicia\/iv-premios-enor\/#breadcrumb\"},\"inLanguage\":\"es\",\"potentialAction\":[{\"@type\":\"ReadAction\",\"target\":[\"https:\/\/arquitecturadegalicia.eu\/blog\/premios\/premios-enor-para-galicia\/iv-premios-enor\/\"]}]},{\"@type\":\"BreadcrumbList\",\"@id\":\"https:\/\/arquitecturadegalicia.eu\/blog\/premios\/premios-enor-para-galicia\/iv-premios-enor\/#breadcrumb\",\"itemListElement\":[{\"@type\":\"ListItem\",\"position\":1,\"name\":\"Portada\",\"item\":\"http:\/\/arquitecturadegalicia.eu\/blog\/\"},{\"@type\":\"ListItem\",\"position\":2,\"name\":\"Premios\",\"item\":\"http:\/\/arquitecturadegalicia.eu\/blog\/premios\/\"},{\"@type\":\"ListItem\",\"position\":3,\"name\":\"Premios ENOR para Galicia\",\"item\":\"http:\/\/arquitecturadegalicia.eu\/blog\/premios\/premios-enor-para-galicia\/\"},{\"@type\":\"ListItem\",\"position\":4,\"name\":\"IV Premios Enor\"}]},{\"@type\":\"WebSite\",\"@id\":\"http:\/\/arquitecturadegalicia.eu\/blog\/#website\",\"url\":\"http:\/\/arquitecturadegalicia.eu\/blog\/\",\"name\":\"AG\",\"description\":\"Arquitectura de Galicia\",\"publisher\":{\"@id\":\"http:\/\/arquitecturadegalicia.eu\/blog\/#organization\"},\"potentialAction\":[{\"@type\":\"SearchAction\",\"target\":{\"@type\":\"EntryPoint\",\"urlTemplate\":\"http:\/\/arquitecturadegalicia.eu\/blog\/?s={search_term_string}\"},\"query-input\":{\"@type\":\"PropertyValueSpecification\",\"valueRequired\":true,\"valueName\":\"search_term_string\"}}],\"inLanguage\":\"es\"},{\"@type\":\"Organization\",\"@id\":\"http:\/\/arquitecturadegalicia.eu\/blog\/#organization\",\"name\":\"Arquitectura de Galicia\",\"url\":\"http:\/\/arquitecturadegalicia.eu\/blog\/\",\"logo\":{\"@type\":\"ImageObject\",\"inLanguage\":\"es\",\"@id\":\"http:\/\/arquitecturadegalicia.eu\/blog\/#\/schema\/logo\/image\/\",\"url\":\"https:\/\/arquitecturadegalicia.eu\/blog\/wp-content\/uploads\/2017\/01\/arquitecturacurrents2.png\",\"contentUrl\":\"https:\/\/arquitecturadegalicia.eu\/blog\/wp-content\/uploads\/2017\/01\/arquitecturacurrents2.png\",\"width\":840,\"height\":640,\"caption\":\"Arquitectura de Galicia\"},\"image\":{\"@id\":\"http:\/\/arquitecturadegalicia.eu\/blog\/#\/schema\/logo\/image\/\"},\"sameAs\":[\"https:\/\/www.facebook.com\/ArquitecturadeGalicia\/\",\"https:\/\/x.com\/arquigaliciaeu\",\"https:\/\/www.instagram.com\/arquigaliciaeu\/\"]}]}<\/script>\n<!-- \/ Yoast SEO plugin. -->","yoast_head_json":{"title":"IV Premios Enor | AG","robots":{"index":"index","follow":"follow","max-snippet":"max-snippet:-1","max-image-preview":"max-image-preview:large","max-video-preview":"max-video-preview:-1"},"canonical":"https:\/\/arquitecturadegalicia.eu\/blog\/premios\/premios-enor-para-galicia\/iv-premios-enor\/","og_locale":"es_ES","og_type":"article","og_title":"IV Premios Enor | AG","og_description":"Gran Premio Enor: Vivenda unifamiliar na antiga f\u00e1brica de curtidos da Ribeira de San Lourenzo (Santiago)\u00a0_ Victor L\u00f3pez Cotelo + Juan Manuel Vargas Funes &nbsp; Premio Enor Galicia: Centro de sa\u00fade en Cotobade (Pontevedra)\u00a0_ Enrique Rodr\u00edguez Garc\u00eda Finalista: Centro de sa\u00fade en Toen (Ourense) _ Javier Franco + Vicente Pintos Vivenda unifamiliar en Cangas (Pontevedra)\u00a0_...","og_url":"https:\/\/arquitecturadegalicia.eu\/blog\/premios\/premios-enor-para-galicia\/iv-premios-enor\/","og_site_name":"AG","article_publisher":"https:\/\/www.facebook.com\/ArquitecturadeGalicia\/","article_modified_time":"2014-11-08T17:59:28+00:00","twitter_card":"summary_large_image","twitter_site":"@arquigaliciaeu","twitter_misc":{"Tiempo de lectura":"1 minuto"},"schema":{"@context":"https:\/\/schema.org","@graph":[{"@type":"WebPage","@id":"https:\/\/arquitecturadegalicia.eu\/blog\/premios\/premios-enor-para-galicia\/iv-premios-enor\/","url":"https:\/\/arquitecturadegalicia.eu\/blog\/premios\/premios-enor-para-galicia\/iv-premios-enor\/","name":"IV Premios Enor | AG","isPartOf":{"@id":"http:\/\/arquitecturadegalicia.eu\/blog\/#website"},"datePublished":"2013-01-07T21:50:20+00:00","dateModified":"2014-11-08T17:59:28+00:00","breadcrumb":{"@id":"https:\/\/arquitecturadegalicia.eu\/blog\/premios\/premios-enor-para-galicia\/iv-premios-enor\/#breadcrumb"},"inLanguage":"es","potentialAction":[{"@type":"ReadAction","target":["https:\/\/arquitecturadegalicia.eu\/blog\/premios\/premios-enor-para-galicia\/iv-premios-enor\/"]}]},{"@type":"BreadcrumbList","@id":"https:\/\/arquitecturadegalicia.eu\/blog\/premios\/premios-enor-para-galicia\/iv-premios-enor\/#breadcrumb","itemListElement":[{"@type":"ListItem","position":1,"name":"Portada","item":"http:\/\/arquitecturadegalicia.eu\/blog\/"},{"@type":"ListItem","position":2,"name":"Premios","item":"http:\/\/arquitecturadegalicia.eu\/blog\/premios\/"},{"@type":"ListItem","position":3,"name":"Premios ENOR para Galicia","item":"http:\/\/arquitecturadegalicia.eu\/blog\/premios\/premios-enor-para-galicia\/"},{"@type":"ListItem","position":4,"name":"IV Premios Enor"}]},{"@type":"WebSite","@id":"http:\/\/arquitecturadegalicia.eu\/blog\/#website","url":"http:\/\/arquitecturadegalicia.eu\/blog\/","name":"AG","description":"Arquitectura de Galicia","publisher":{"@id":"http:\/\/arquitecturadegalicia.eu\/blog\/#organization"},"potentialAction":[{"@type":"SearchAction","target":{"@type":"EntryPoint","urlTemplate":"http:\/\/arquitecturadegalicia.eu\/blog\/?s={search_term_string}"},"query-input":{"@type":"PropertyValueSpecification","valueRequired":true,"valueName":"search_term_string"}}],"inLanguage":"es"},{"@type":"Organization","@id":"http:\/\/arquitecturadegalicia.eu\/blog\/#organization","name":"Arquitectura de Galicia","url":"http:\/\/arquitecturadegalicia.eu\/blog\/","logo":{"@type":"ImageObject","inLanguage":"es","@id":"http:\/\/arquitecturadegalicia.eu\/blog\/#\/schema\/logo\/image\/","url":"https:\/\/arquitecturadegalicia.eu\/blog\/wp-content\/uploads\/2017\/01\/arquitecturacurrents2.png","contentUrl":"https:\/\/arquitecturadegalicia.eu\/blog\/wp-content\/uploads\/2017\/01\/arquitecturacurrents2.png","width":840,"height":640,"caption":"Arquitectura de Galicia"},"image":{"@id":"http:\/\/arquitecturadegalicia.eu\/blog\/#\/schema\/logo\/image\/"},"sameAs":["https:\/\/www.facebook.com\/ArquitecturadeGalicia\/","https:\/\/x.com\/arquigaliciaeu","https:\/\/www.instagram.com\/arquigaliciaeu\/"]}]}},"jetpack_shortlink":"https:\/\/wp.me\/P2NHs2-qW","jetpack_sharing_enabled":true,"_links":{"self":[{"href":"https:\/\/arquitecturadegalicia.eu\/blog\/wp-json\/wp\/v2\/pages\/1670","targetHints":{"allow":["GET"]}}],"collection":[{"href":"https:\/\/arquitecturadegalicia.eu\/blog\/wp-json\/wp\/v2\/pages"}],"about":[{"href":"https:\/\/arquitecturadegalicia.eu\/blog\/wp-json\/wp\/v2\/types\/page"}],"author":[{"embeddable":true,"href":"https:\/\/arquitecturadegalicia.eu\/blog\/wp-json\/wp\/v2\/users\/2"}],"replies":[{"embeddable":true,"href":"https:\/\/arquitecturadegalicia.eu\/blog\/wp-json\/wp\/v2\/comments?post=1670"}],"version-history":[{"count":9,"href":"https:\/\/arquitecturadegalicia.eu\/blog\/wp-json\/wp\/v2\/pages\/1670\/revisions"}],"predecessor-version":[{"id":13003,"href":"https:\/\/arquitecturadegalicia.eu\/blog\/wp-json\/wp\/v2\/pages\/1670\/revisions\/13003"}],"up":[{"embeddable":true,"href":"https:\/\/arquitecturadegalicia.eu\/blog\/wp-json\/wp\/v2\/pages\/354"}],"wp:attachment":[{"href":"https:\/\/arquitecturadegalicia.eu\/blog\/wp-json\/wp\/v2\/media?parent=1670"}],"curies":[{"name":"wp","href":"https:\/\/api.w.org\/{rel}","templated":true}]}}