{"id":1673,"date":"2013-01-07T22:50:13","date_gmt":"2013-01-07T21:50:13","guid":{"rendered":"http:\/\/arquitecturadegalicia.eu\/blog\/?page_id=1673"},"modified":"2014-11-08T19:10:46","modified_gmt":"2014-11-08T18:10:46","slug":"v-premios-enor","status":"publish","type":"page","link":"https:\/\/arquitecturadegalicia.eu\/blog\/premios\/premios-enor-para-galicia\/v-premios-enor\/","title":{"rendered":"V Premios Enor"},"content":{"rendered":"<p><b><b> Premio Enor Galicia:<br \/>\n<\/b><\/b><\/p>\n<p><img fetchpriority=\"high\" decoding=\"async\" class=\"size-full wp-image-744 alignnone\" src=\"http:\/\/arquitecturadegalicia.eu\/blog\/wp-content\/uploads\/2012\/06\/Cidar_HS_1.jpg\" alt=\"Cidar_HS_1\" width=\"600\" height=\"500\" srcset=\"https:\/\/arquitecturadegalicia.eu\/blog\/wp-content\/uploads\/2012\/06\/Cidar_HS_1.jpg 600w, https:\/\/arquitecturadegalicia.eu\/blog\/wp-content\/uploads\/2012\/06\/Cidar_HS_1-300x250.jpg 300w\" sizes=\"(max-width: 600px) 100vw, 600px\" \/><\/p>\n<ul>\n<li dir=\"ltr\"><a href=\"http:\/\/arquitecturadegalicia.eu\/blog\/?p=743\"><strong>Parque Arqueol\u00f3xico do Arte Rupestre de Campo Lameiro<\/strong><\/a>\u00a0_ <a href=\"http:\/\/arquitecturadegalicia.eu\/blog\/?tag=rvr\">rvr arquitectos<\/a><\/li>\n<\/ul>\n<p>&nbsp;<\/p>\n<p><b><b>Finalista:<br \/>\n<\/b><\/b><\/p>\n<ul>\n<li dir=\"ltr\"><strong><a href=\"http:\/\/arquitecturadegalicia.eu\/blog\/?p=2585\">Centro de sa\u00fade en Oleiros<\/a><\/strong>\u00a0_ <a href=\"http:\/\/arquitecturadegalicia.eu\/blog\/?tag=abaloalonso\">Abalo + Alonso<\/a><\/li>\n<li dir=\"ltr\"><strong><a href=\"http:\/\/arquitecturadegalicia.eu\/blog\/?p=2616\">Hotel Moure<\/a><\/strong>\u00a0_ <a href=\"http:\/\/arquitecturadegalicia.eu\/blog\/?tag=abaloalonso\">Abalo + Alonso<\/a><\/li>\n<li dir=\"ltr\"><a href=\"http:\/\/arquitecturadegalicia.eu\/blog\/?p=392\"><strong>Casa A5<\/strong><\/a>\u00a0_ <a href=\"http:\/\/arquitecturadegalicia.eu\/blog\/?tag=carlosseoane\">Carlos Seoane <\/a><\/li>\n<li dir=\"ltr\"><strong><a href=\"http:\/\/arquitecturadegalicia.eu\/blog\/?p=2548\">Hotel Pazo de Altamira<\/a><\/strong>\u00a0_ <a href=\"http:\/\/arquitecturadegalicia.eu\/blog\/?tag=creusecarrasco\">Creus e Carrasco<\/a><\/li>\n<li dir=\"ltr\"><strong><a href=\"http:\/\/arquitecturadegalicia.eu\/blog\/?p=6171\">Reintegraci\u00f3n urbana da ribeira do Traba<\/a><\/strong> _ <a href=\"http:\/\/arquitecturadegalicia.eu\/blog\/?tag=salgadoelinares\">Alfonso Salgado + Francisco Li\u00f1ares + Manuel Li\u00f1ares<\/a><\/li>\n<li dir=\"ltr\"><strong><a href=\"http:\/\/arquitecturadegalicia.eu\/blog\/?p=2073\">Sede do COAG e Praza do Pobo Galego<\/a><\/strong>\u00a0_ <a href=\"http:\/\/arquitecturadegalicia.eu\/blog\/?tag=irisarri-pinera\">Irisarri+Pi\u00f1era<\/a><\/li>\n<li dir=\"ltr\"><strong><a href=\"http:\/\/arquitecturadegalicia.eu\/blog\/?p=6229\">Casa da Maxia<\/a><\/strong>\u00a0_ <a href=\"http:\/\/arquitecturadegalicia.eu\/blog\/?tag=trespes-arquitectos\">trespes.arquitectos<\/a><\/li>\n<\/ul>\n<p><b><b>Seleccionados:<br \/>\n<\/b><\/b><\/p>\n<ul>\n<li dir=\"ltr\"><a href=\"http:\/\/arquitecturadegalicia.eu\/blog\/?p=7370\"><strong>384 VPO en Navia<\/strong><\/a>\u00a0_ <a href=\"http:\/\/arquitecturadegalicia.eu\/blog\/?tag=fqp-arquitectos\">Salvador Fraga + F Javier G-Quijada + Manuel Portol\u00e9s<\/a><\/li>\n<li dir=\"ltr\"><a href=\"http:\/\/arquitecturadegalicia.eu\/blog\/?p=7238\"><strong>Rehabilitaci\u00f3n do inmoble<\/strong><\/a>\u00a0_ <a href=\"http:\/\/arquitecturadegalicia.eu\/blog\/?tag=alfredo-sirvent\">Alfredo Sirvent<\/a><\/li>\n<li dir=\"ltr\"><a href=\"http:\/\/arquitecturadegalicia.eu\/blog\/?p=10886\"><strong>Sede da Autoridade Portuaria de\u00a0Mar\u00edn<\/strong><\/a>\u00a0_ <a href=\"http:\/\/arquitecturadegalicia.eu\/blog\/?tag=acxt-arquitectos\">ACXT<\/a><\/li>\n<li dir=\"ltr\"><a href=\"http:\/\/arquitecturadegalicia.eu\/blog\/?p=11127\"><strong>Biblioteca p\u00fablica Xos\u00e9 Neira Vilas<\/strong><\/a> _ <a href=\"http:\/\/arquitecturadegalicia.eu\/blog\/?tag=xose-carlos-rodriguez-otero\">Xos\u00e9 Carlos Rodr\u00edguez Otero<\/a><\/li>\n<li dir=\"ltr\"><a href=\"http:\/\/arquitecturadegalicia.eu\/blog\/?p=1900\"><strong>Rehabilitaci\u00f3n da antigua C\u00e1mara Agraria para Biblioteca Municipal<\/strong><\/a> _ <a href=\"http:\/\/arquitecturadegalicia.eu\/blog\/?tag=meijide-de-marichalar\">meijide+marichalar<\/a><\/li>\n<li dir=\"ltr\"><strong><a href=\"http:\/\/arquitecturadegalicia.eu\/blog\/?p=7222\">Centro de interpretaci\u00f3n da cultura castrexa en San Cibr\u00e1n de Las<\/a><\/strong> _ <a href=\"http:\/\/arquitecturadegalicia.eu\/blog\/?tag=carlos-martinez\">Carlos Mart\u00ednez<\/a> + <a href=\"http:\/\/arquitecturadegalicia.eu\/blog\/?tag=angeles-santos\">\u00c1ngeles Santos<\/a> + <a href=\"http:\/\/arquitecturadegalicia.eu\/blog\/?tag=carmen-ruiz\">Carmen Ru\u00edz<\/a><\/li>\n<li dir=\"ltr\"><strong><a href=\"http:\/\/arquitecturadegalicia.eu\/blog\/?p=183\">Edificio de Control CCS<\/a><\/strong>\u00a0_ <a href=\"http:\/\/arquitecturadegalicia.eu\/blog\/?tag=diazdiaz\">D\u00edaz y D\u00edaz<\/a><\/li>\n<li dir=\"ltr\"><strong><a href=\"http:\/\/arquitecturadegalicia.eu\/blog\/?p=570\">Polideportivo de Arteixo<\/a><\/strong>\u00a0_\u00a0<a href=\"http:\/\/arquitecturadegalicia.eu\/blog\/?tag=jose-ramon-garitaonaindia-de-vera\">Jos\u00e9 Ram\u00f3n Garitaonaindia<\/a> + Montserrat Neira<\/li>\n<li dir=\"ltr\"><strong><a href=\"http:\/\/arquitecturadegalicia.eu\/blog\/?p=5228\">Ampliaci\u00f3n da sede Texas Controls<\/a><\/strong>\u00a0_ <a href=\"http:\/\/arquitecturadegalicia.eu\/blog\/?tag=carlos-pita-abad\">Carlos Pita<\/a><\/li>\n<li dir=\"ltr\"><strong><a href=\"http:\/\/arquitecturadegalicia.eu\/blog\/?p=1907\">Rehabilitaci\u00f3n e ampliaci\u00f3n do clube na\u00fatico en Pontecesures<\/a><\/strong> _ <a href=\"http:\/\/arquitecturadegalicia.eu\/blog\/?tag=cristina-nieto-luis-pita\">M\u00aa Cristina Nieto + Luis Pita<\/a> + Juan Pinto<\/li>\n<\/ul>\n","protected":false},"excerpt":{"rendered":"<p>Premio Enor Galicia: Parque Arqueol\u00f3xico do Arte Rupestre de Campo Lameiro\u00a0_ rvr arquitectos &nbsp; Finalista: Centro de sa\u00fade en Oleiros\u00a0_ Abalo + Alonso Hotel Moure\u00a0_ Abalo + Alonso Casa A5\u00a0_ Carlos Seoane Hotel Pazo de Altamira\u00a0_ Creus e Carrasco Reintegraci\u00f3n urbana da ribeira do Traba _ Alfonso Salgado + Francisco Li\u00f1ares + Manuel Li\u00f1ares Sede<a href=\"https:\/\/arquitecturadegalicia.eu\/blog\/premios\/premios-enor-para-galicia\/v-premios-enor\/\" title=\"Read more\" >&#8230;<\/a><\/p>\n","protected":false},"author":2,"featured_media":0,"parent":354,"menu_order":1,"comment_status":"open","ping_status":"open","template":"","meta":{"jetpack_post_was_ever_published":false,"footnotes":""},"class_list":["post-1673","page","type-page","status-publish","hentry","content-print"],"yoast_head":"<!-- This site is optimized with the Yoast SEO plugin v24.1 - https:\/\/yoast.com\/wordpress\/plugins\/seo\/ -->\n<title>V Premios Enor | AG<\/title>\n<meta name=\"robots\" content=\"index, follow, max-snippet:-1, max-image-preview:large, max-video-preview:-1\" \/>\n<link rel=\"canonical\" href=\"https:\/\/arquitecturadegalicia.eu\/blog\/premios\/premios-enor-para-galicia\/v-premios-enor\/\" \/>\n<meta property=\"og:locale\" content=\"es_ES\" \/>\n<meta property=\"og:type\" content=\"article\" \/>\n<meta property=\"og:title\" content=\"V Premios Enor | AG\" \/>\n<meta property=\"og:description\" content=\"Premio Enor Galicia: Parque Arqueol\u00f3xico do Arte Rupestre de Campo Lameiro\u00a0_ rvr arquitectos &nbsp; Finalista: Centro de sa\u00fade en Oleiros\u00a0_ Abalo + Alonso Hotel Moure\u00a0_ Abalo + Alonso Casa A5\u00a0_ Carlos Seoane Hotel Pazo de Altamira\u00a0_ Creus e Carrasco Reintegraci\u00f3n urbana da ribeira do Traba _ Alfonso Salgado + Francisco Li\u00f1ares + Manuel Li\u00f1ares Sede...\" \/>\n<meta property=\"og:url\" content=\"https:\/\/arquitecturadegalicia.eu\/blog\/premios\/premios-enor-para-galicia\/v-premios-enor\/\" \/>\n<meta property=\"og:site_name\" content=\"AG\" \/>\n<meta property=\"article:publisher\" content=\"https:\/\/www.facebook.com\/ArquitecturadeGalicia\/\" \/>\n<meta property=\"article:modified_time\" content=\"2014-11-08T18:10:46+00:00\" \/>\n<meta property=\"og:image\" content=\"http:\/\/arquitecturadegalicia.eu\/blog\/wp-content\/uploads\/2012\/06\/Cidar_HS_1.jpg\" \/>\n<meta name=\"twitter:card\" content=\"summary_large_image\" \/>\n<meta name=\"twitter:site\" content=\"@arquigaliciaeu\" \/>\n<meta name=\"twitter:label1\" content=\"Tiempo de lectura\" \/>\n\t<meta name=\"twitter:data1\" content=\"1 minuto\" \/>\n<script type=\"application\/ld+json\" class=\"yoast-schema-graph\">{\"@context\":\"https:\/\/schema.org\",\"@graph\":[{\"@type\":\"WebPage\",\"@id\":\"https:\/\/arquitecturadegalicia.eu\/blog\/premios\/premios-enor-para-galicia\/v-premios-enor\/\",\"url\":\"https:\/\/arquitecturadegalicia.eu\/blog\/premios\/premios-enor-para-galicia\/v-premios-enor\/\",\"name\":\"V Premios Enor | AG\",\"isPartOf\":{\"@id\":\"http:\/\/arquitecturadegalicia.eu\/blog\/#website\"},\"primaryImageOfPage\":{\"@id\":\"https:\/\/arquitecturadegalicia.eu\/blog\/premios\/premios-enor-para-galicia\/v-premios-enor\/#primaryimage\"},\"image\":{\"@id\":\"https:\/\/arquitecturadegalicia.eu\/blog\/premios\/premios-enor-para-galicia\/v-premios-enor\/#primaryimage\"},\"thumbnailUrl\":\"http:\/\/arquitecturadegalicia.eu\/blog\/wp-content\/uploads\/2012\/06\/Cidar_HS_1.jpg\",\"datePublished\":\"2013-01-07T21:50:13+00:00\",\"dateModified\":\"2014-11-08T18:10:46+00:00\",\"breadcrumb\":{\"@id\":\"https:\/\/arquitecturadegalicia.eu\/blog\/premios\/premios-enor-para-galicia\/v-premios-enor\/#breadcrumb\"},\"inLanguage\":\"es\",\"potentialAction\":[{\"@type\":\"ReadAction\",\"target\":[\"https:\/\/arquitecturadegalicia.eu\/blog\/premios\/premios-enor-para-galicia\/v-premios-enor\/\"]}]},{\"@type\":\"ImageObject\",\"inLanguage\":\"es\",\"@id\":\"https:\/\/arquitecturadegalicia.eu\/blog\/premios\/premios-enor-para-galicia\/v-premios-enor\/#primaryimage\",\"url\":\"https:\/\/arquitecturadegalicia.eu\/blog\/wp-content\/uploads\/2012\/06\/Cidar_HS_1.jpg\",\"contentUrl\":\"https:\/\/arquitecturadegalicia.eu\/blog\/wp-content\/uploads\/2012\/06\/Cidar_HS_1.jpg\",\"width\":\"600\",\"height\":\"500\"},{\"@type\":\"BreadcrumbList\",\"@id\":\"https:\/\/arquitecturadegalicia.eu\/blog\/premios\/premios-enor-para-galicia\/v-premios-enor\/#breadcrumb\",\"itemListElement\":[{\"@type\":\"ListItem\",\"position\":1,\"name\":\"Portada\",\"item\":\"http:\/\/arquitecturadegalicia.eu\/blog\/\"},{\"@type\":\"ListItem\",\"position\":2,\"name\":\"Premios\",\"item\":\"http:\/\/arquitecturadegalicia.eu\/blog\/premios\/\"},{\"@type\":\"ListItem\",\"position\":3,\"name\":\"Premios ENOR para Galicia\",\"item\":\"https:\/\/arquitecturadegalicia.eu\/blog\/premios\/premios-enor-para-galicia\/\"},{\"@type\":\"ListItem\",\"position\":4,\"name\":\"V Premios Enor\"}]},{\"@type\":\"WebSite\",\"@id\":\"http:\/\/arquitecturadegalicia.eu\/blog\/#website\",\"url\":\"http:\/\/arquitecturadegalicia.eu\/blog\/\",\"name\":\"AG\",\"description\":\"Arquitectura de Galicia\",\"publisher\":{\"@id\":\"http:\/\/arquitecturadegalicia.eu\/blog\/#organization\"},\"potentialAction\":[{\"@type\":\"SearchAction\",\"target\":{\"@type\":\"EntryPoint\",\"urlTemplate\":\"http:\/\/arquitecturadegalicia.eu\/blog\/?s={search_term_string}\"},\"query-input\":{\"@type\":\"PropertyValueSpecification\",\"valueRequired\":true,\"valueName\":\"search_term_string\"}}],\"inLanguage\":\"es\"},{\"@type\":\"Organization\",\"@id\":\"http:\/\/arquitecturadegalicia.eu\/blog\/#organization\",\"name\":\"Arquitectura de Galicia\",\"url\":\"http:\/\/arquitecturadegalicia.eu\/blog\/\",\"logo\":{\"@type\":\"ImageObject\",\"inLanguage\":\"es\",\"@id\":\"http:\/\/arquitecturadegalicia.eu\/blog\/#\/schema\/logo\/image\/\",\"url\":\"https:\/\/arquitecturadegalicia.eu\/blog\/wp-content\/uploads\/2017\/01\/arquitecturacurrents2.png\",\"contentUrl\":\"https:\/\/arquitecturadegalicia.eu\/blog\/wp-content\/uploads\/2017\/01\/arquitecturacurrents2.png\",\"width\":840,\"height\":640,\"caption\":\"Arquitectura de Galicia\"},\"image\":{\"@id\":\"http:\/\/arquitecturadegalicia.eu\/blog\/#\/schema\/logo\/image\/\"},\"sameAs\":[\"https:\/\/www.facebook.com\/ArquitecturadeGalicia\/\",\"https:\/\/x.com\/arquigaliciaeu\",\"https:\/\/www.instagram.com\/arquigaliciaeu\/\"]}]}<\/script>\n<!-- \/ Yoast SEO plugin. -->","yoast_head_json":{"title":"V Premios Enor | AG","robots":{"index":"index","follow":"follow","max-snippet":"max-snippet:-1","max-image-preview":"max-image-preview:large","max-video-preview":"max-video-preview:-1"},"canonical":"https:\/\/arquitecturadegalicia.eu\/blog\/premios\/premios-enor-para-galicia\/v-premios-enor\/","og_locale":"es_ES","og_type":"article","og_title":"V Premios Enor | AG","og_description":"Premio Enor Galicia: Parque Arqueol\u00f3xico do Arte Rupestre de Campo Lameiro\u00a0_ rvr arquitectos &nbsp; Finalista: Centro de sa\u00fade en Oleiros\u00a0_ Abalo + Alonso Hotel Moure\u00a0_ Abalo + Alonso Casa A5\u00a0_ Carlos Seoane Hotel Pazo de Altamira\u00a0_ Creus e Carrasco Reintegraci\u00f3n urbana da ribeira do Traba _ Alfonso Salgado + Francisco Li\u00f1ares + Manuel Li\u00f1ares Sede...","og_url":"https:\/\/arquitecturadegalicia.eu\/blog\/premios\/premios-enor-para-galicia\/v-premios-enor\/","og_site_name":"AG","article_publisher":"https:\/\/www.facebook.com\/ArquitecturadeGalicia\/","article_modified_time":"2014-11-08T18:10:46+00:00","og_image":[{"url":"http:\/\/arquitecturadegalicia.eu\/blog\/wp-content\/uploads\/2012\/06\/Cidar_HS_1.jpg","type":"","width":"","height":""}],"twitter_card":"summary_large_image","twitter_site":"@arquigaliciaeu","twitter_misc":{"Tiempo de lectura":"1 minuto"},"schema":{"@context":"https:\/\/schema.org","@graph":[{"@type":"WebPage","@id":"https:\/\/arquitecturadegalicia.eu\/blog\/premios\/premios-enor-para-galicia\/v-premios-enor\/","url":"https:\/\/arquitecturadegalicia.eu\/blog\/premios\/premios-enor-para-galicia\/v-premios-enor\/","name":"V Premios Enor | AG","isPartOf":{"@id":"http:\/\/arquitecturadegalicia.eu\/blog\/#website"},"primaryImageOfPage":{"@id":"https:\/\/arquitecturadegalicia.eu\/blog\/premios\/premios-enor-para-galicia\/v-premios-enor\/#primaryimage"},"image":{"@id":"https:\/\/arquitecturadegalicia.eu\/blog\/premios\/premios-enor-para-galicia\/v-premios-enor\/#primaryimage"},"thumbnailUrl":"http:\/\/arquitecturadegalicia.eu\/blog\/wp-content\/uploads\/2012\/06\/Cidar_HS_1.jpg","datePublished":"2013-01-07T21:50:13+00:00","dateModified":"2014-11-08T18:10:46+00:00","breadcrumb":{"@id":"https:\/\/arquitecturadegalicia.eu\/blog\/premios\/premios-enor-para-galicia\/v-premios-enor\/#breadcrumb"},"inLanguage":"es","potentialAction":[{"@type":"ReadAction","target":["https:\/\/arquitecturadegalicia.eu\/blog\/premios\/premios-enor-para-galicia\/v-premios-enor\/"]}]},{"@type":"ImageObject","inLanguage":"es","@id":"https:\/\/arquitecturadegalicia.eu\/blog\/premios\/premios-enor-para-galicia\/v-premios-enor\/#primaryimage","url":"https:\/\/arquitecturadegalicia.eu\/blog\/wp-content\/uploads\/2012\/06\/Cidar_HS_1.jpg","contentUrl":"https:\/\/arquitecturadegalicia.eu\/blog\/wp-content\/uploads\/2012\/06\/Cidar_HS_1.jpg","width":"600","height":"500"},{"@type":"BreadcrumbList","@id":"https:\/\/arquitecturadegalicia.eu\/blog\/premios\/premios-enor-para-galicia\/v-premios-enor\/#breadcrumb","itemListElement":[{"@type":"ListItem","position":1,"name":"Portada","item":"http:\/\/arquitecturadegalicia.eu\/blog\/"},{"@type":"ListItem","position":2,"name":"Premios","item":"http:\/\/arquitecturadegalicia.eu\/blog\/premios\/"},{"@type":"ListItem","position":3,"name":"Premios ENOR para Galicia","item":"https:\/\/arquitecturadegalicia.eu\/blog\/premios\/premios-enor-para-galicia\/"},{"@type":"ListItem","position":4,"name":"V Premios Enor"}]},{"@type":"WebSite","@id":"http:\/\/arquitecturadegalicia.eu\/blog\/#website","url":"http:\/\/arquitecturadegalicia.eu\/blog\/","name":"AG","description":"Arquitectura de Galicia","publisher":{"@id":"http:\/\/arquitecturadegalicia.eu\/blog\/#organization"},"potentialAction":[{"@type":"SearchAction","target":{"@type":"EntryPoint","urlTemplate":"http:\/\/arquitecturadegalicia.eu\/blog\/?s={search_term_string}"},"query-input":{"@type":"PropertyValueSpecification","valueRequired":true,"valueName":"search_term_string"}}],"inLanguage":"es"},{"@type":"Organization","@id":"http:\/\/arquitecturadegalicia.eu\/blog\/#organization","name":"Arquitectura de Galicia","url":"http:\/\/arquitecturadegalicia.eu\/blog\/","logo":{"@type":"ImageObject","inLanguage":"es","@id":"http:\/\/arquitecturadegalicia.eu\/blog\/#\/schema\/logo\/image\/","url":"https:\/\/arquitecturadegalicia.eu\/blog\/wp-content\/uploads\/2017\/01\/arquitecturacurrents2.png","contentUrl":"https:\/\/arquitecturadegalicia.eu\/blog\/wp-content\/uploads\/2017\/01\/arquitecturacurrents2.png","width":840,"height":640,"caption":"Arquitectura de Galicia"},"image":{"@id":"http:\/\/arquitecturadegalicia.eu\/blog\/#\/schema\/logo\/image\/"},"sameAs":["https:\/\/www.facebook.com\/ArquitecturadeGalicia\/","https:\/\/x.com\/arquigaliciaeu","https:\/\/www.instagram.com\/arquigaliciaeu\/"]}]}},"jetpack_shortlink":"https:\/\/wp.me\/P2NHs2-qZ","jetpack_sharing_enabled":true,"_links":{"self":[{"href":"https:\/\/arquitecturadegalicia.eu\/blog\/wp-json\/wp\/v2\/pages\/1673","targetHints":{"allow":["GET"]}}],"collection":[{"href":"https:\/\/arquitecturadegalicia.eu\/blog\/wp-json\/wp\/v2\/pages"}],"about":[{"href":"https:\/\/arquitecturadegalicia.eu\/blog\/wp-json\/wp\/v2\/types\/page"}],"author":[{"embeddable":true,"href":"https:\/\/arquitecturadegalicia.eu\/blog\/wp-json\/wp\/v2\/users\/2"}],"replies":[{"embeddable":true,"href":"https:\/\/arquitecturadegalicia.eu\/blog\/wp-json\/wp\/v2\/comments?post=1673"}],"version-history":[{"count":13,"href":"https:\/\/arquitecturadegalicia.eu\/blog\/wp-json\/wp\/v2\/pages\/1673\/revisions"}],"predecessor-version":[{"id":13004,"href":"https:\/\/arquitecturadegalicia.eu\/blog\/wp-json\/wp\/v2\/pages\/1673\/revisions\/13004"}],"up":[{"embeddable":true,"href":"https:\/\/arquitecturadegalicia.eu\/blog\/wp-json\/wp\/v2\/pages\/354"}],"wp:attachment":[{"href":"https:\/\/arquitecturadegalicia.eu\/blog\/wp-json\/wp\/v2\/media?parent=1673"}],"curies":[{"name":"wp","href":"https:\/\/api.w.org\/{rel}","templated":true}]}}