{"id":1680,"date":"2013-01-07T22:52:42","date_gmt":"2013-01-07T21:52:42","guid":{"rendered":"http:\/\/arquitecturadegalicia.eu\/blog\/?page_id=1680"},"modified":"2014-11-10T16:46:43","modified_gmt":"2014-11-10T15:46:43","slug":"i-premios-coag-1985","status":"publish","type":"page","link":"https:\/\/arquitecturadegalicia.eu\/blog\/premios\/premios-do-coag\/i-premios-coag-1985\/","title":{"rendered":"I Premios COAG 1985"},"content":{"rendered":"<p><b><b>Vivenda unifamiliar<br \/>\n<\/b><\/b><em>Acc\u00e9sit<\/em><\/p>\n<ul>\n<li><strong>Vivenda en Mera, Oleiros<\/strong> _ <a href=\"http:\/\/arquitecturadegalicia.eu\/blog\/?tag=xose-lois-martinez\">Xos\u00e9 Lois Martinez Suarez<\/a><\/li>\n<\/ul>\n<p>&nbsp;<\/p>\n<p><strong>Vivenda colectiva<br \/>\n<\/strong><em>Acc\u00e9sit<\/em><\/p>\n<ul>\n<li><strong>Edificio de vivendas en Lugo<\/strong> _ Eduardo Herr\u00e1ez Fern\u00e1ndez e Javier Sancosmed Lage<\/li>\n<\/ul>\n<p>&nbsp;<\/p>\n<p><strong>Singular de nova planta<\/strong><br \/>\n<em>Premio<\/em><\/p>\n<ul>\n<li><strong>Casa das Ciencias da Coru\u00f1a<\/strong>\u00a0_ <a href=\"http:\/\/arquitecturadegalicia.eu\/blog\/?tag=felipe-pena\">Felipe Pe\u00f1a Pereda<\/a><\/li>\n<\/ul>\n<p><em>Acc\u00e9sit<\/em><\/p>\n<ul>\n<li><strong>Cafeter\u00eda Copacabana na Coru\u00f1a<\/strong> _ <a href=\"http:\/\/arquitecturadegalicia.eu\/blog\/?tag=xose-manuel-casabella\">Xos\u00e9 Manuel Casabella<\/a><\/li>\n<\/ul>\n<p>&nbsp;<\/p>\n<p><strong>Rehabilitaci\u00f3n<\/strong><br \/>\n<em>Premio<\/em><\/p>\n<ul>\n<li><strong>Kiosko Alfonso da Coru\u00f1a<\/strong> _ <a href=\"http:\/\/arquitecturadegalicia.eu\/blog\/?tag=xose-manuel-casabella\">Xos\u00e9 Manuel Casabella<\/a><\/li>\n<\/ul>\n<p>&nbsp;<\/p>\n<p><strong>Decoraci\u00f3n e interiorismo<\/strong><br \/>\n<em>Premio<\/em><\/p>\n<ul>\n<li><strong>Tenda D\u2019Aquino en Vigo<\/strong> _ Jos\u00e9 Luis Valverde Fern\u00e1ndez<\/li>\n<\/ul>\n<p>&nbsp;<\/p>\n<p><strong>Dese\u00f1o urbano<\/strong><br \/>\n<em>Acc\u00e9sit<\/em><\/p>\n<ul>\n<li><strong>Palco da M\u00fasica en Lugo<\/strong> _ Cristina L\u00f3pez Eimil e <a href=\"http:\/\/arquitecturadegalicia.eu\/blog\/?tag=santiago-catalan-tobia\">Santiago Catal\u00e1n Tob\u00eda<\/a><\/li>\n<\/ul>\n<p>&nbsp;<\/p>\n","protected":false},"excerpt":{"rendered":"<p>Vivenda unifamiliar Acc\u00e9sit Vivenda en Mera, Oleiros _ Xos\u00e9 Lois Martinez Suarez &nbsp; Vivenda colectiva Acc\u00e9sit Edificio de vivendas en Lugo _ Eduardo Herr\u00e1ez Fern\u00e1ndez e Javier Sancosmed Lage &nbsp; Singular de nova planta Premio Casa das Ciencias da Coru\u00f1a\u00a0_ Felipe Pe\u00f1a Pereda Acc\u00e9sit Cafeter\u00eda Copacabana na Coru\u00f1a _ Xos\u00e9 Manuel Casabella &nbsp; Rehabilitaci\u00f3n Premio<a href=\"https:\/\/arquitecturadegalicia.eu\/blog\/premios\/premios-do-coag\/i-premios-coag-1985\/\" title=\"Read more\" >&#8230;<\/a><\/p>\n","protected":false},"author":2,"featured_media":0,"parent":352,"menu_order":99,"comment_status":"open","ping_status":"open","template":"","meta":{"jetpack_post_was_ever_published":false,"footnotes":""},"class_list":["post-1680","page","type-page","status-publish","hentry","content-print"],"yoast_head":"<!-- This site is optimized with the Yoast SEO plugin v24.1 - https:\/\/yoast.com\/wordpress\/plugins\/seo\/ -->\n<title>I Premios COAG 1985 | AG<\/title>\n<meta name=\"robots\" content=\"index, follow, max-snippet:-1, max-image-preview:large, max-video-preview:-1\" \/>\n<link rel=\"canonical\" href=\"https:\/\/arquitecturadegalicia.eu\/blog\/premios\/premios-do-coag\/i-premios-coag-1985\/\" \/>\n<meta property=\"og:locale\" content=\"es_ES\" \/>\n<meta property=\"og:type\" content=\"article\" \/>\n<meta property=\"og:title\" content=\"I Premios COAG 1985 | AG\" \/>\n<meta property=\"og:description\" content=\"Vivenda unifamiliar Acc\u00e9sit Vivenda en Mera, Oleiros _ Xos\u00e9 Lois Martinez Suarez &nbsp; Vivenda colectiva Acc\u00e9sit Edificio de vivendas en Lugo _ Eduardo Herr\u00e1ez Fern\u00e1ndez e Javier Sancosmed Lage &nbsp; Singular de nova planta Premio Casa das Ciencias da Coru\u00f1a\u00a0_ Felipe Pe\u00f1a Pereda Acc\u00e9sit Cafeter\u00eda Copacabana na Coru\u00f1a _ Xos\u00e9 Manuel Casabella &nbsp; Rehabilitaci\u00f3n Premio...\" \/>\n<meta property=\"og:url\" content=\"https:\/\/arquitecturadegalicia.eu\/blog\/premios\/premios-do-coag\/i-premios-coag-1985\/\" \/>\n<meta property=\"og:site_name\" content=\"AG\" \/>\n<meta property=\"article:publisher\" content=\"https:\/\/www.facebook.com\/ArquitecturadeGalicia\/\" \/>\n<meta property=\"article:modified_time\" content=\"2014-11-10T15:46:43+00:00\" \/>\n<meta name=\"twitter:card\" content=\"summary_large_image\" \/>\n<meta name=\"twitter:site\" content=\"@arquigaliciaeu\" \/>\n<meta name=\"twitter:label1\" content=\"Tiempo de lectura\" \/>\n\t<meta name=\"twitter:data1\" content=\"1 minuto\" \/>\n<script type=\"application\/ld+json\" class=\"yoast-schema-graph\">{\"@context\":\"https:\/\/schema.org\",\"@graph\":[{\"@type\":\"WebPage\",\"@id\":\"https:\/\/arquitecturadegalicia.eu\/blog\/premios\/premios-do-coag\/i-premios-coag-1985\/\",\"url\":\"https:\/\/arquitecturadegalicia.eu\/blog\/premios\/premios-do-coag\/i-premios-coag-1985\/\",\"name\":\"I Premios COAG 1985 | AG\",\"isPartOf\":{\"@id\":\"http:\/\/arquitecturadegalicia.eu\/blog\/#website\"},\"datePublished\":\"2013-01-07T21:52:42+00:00\",\"dateModified\":\"2014-11-10T15:46:43+00:00\",\"breadcrumb\":{\"@id\":\"https:\/\/arquitecturadegalicia.eu\/blog\/premios\/premios-do-coag\/i-premios-coag-1985\/#breadcrumb\"},\"inLanguage\":\"es\",\"potentialAction\":[{\"@type\":\"ReadAction\",\"target\":[\"https:\/\/arquitecturadegalicia.eu\/blog\/premios\/premios-do-coag\/i-premios-coag-1985\/\"]}]},{\"@type\":\"BreadcrumbList\",\"@id\":\"https:\/\/arquitecturadegalicia.eu\/blog\/premios\/premios-do-coag\/i-premios-coag-1985\/#breadcrumb\",\"itemListElement\":[{\"@type\":\"ListItem\",\"position\":1,\"name\":\"Portada\",\"item\":\"http:\/\/arquitecturadegalicia.eu\/blog\/\"},{\"@type\":\"ListItem\",\"position\":2,\"name\":\"Premios\",\"item\":\"http:\/\/arquitecturadegalicia.eu\/blog\/premios\/\"},{\"@type\":\"ListItem\",\"position\":3,\"name\":\"Premios do COAG\",\"item\":\"http:\/\/arquitecturadegalicia.eu\/blog\/premios\/premios-do-coag\/\"},{\"@type\":\"ListItem\",\"position\":4,\"name\":\"I Premios COAG 1985\"}]},{\"@type\":\"WebSite\",\"@id\":\"http:\/\/arquitecturadegalicia.eu\/blog\/#website\",\"url\":\"http:\/\/arquitecturadegalicia.eu\/blog\/\",\"name\":\"AG\",\"description\":\"Arquitectura de Galicia\",\"publisher\":{\"@id\":\"http:\/\/arquitecturadegalicia.eu\/blog\/#organization\"},\"potentialAction\":[{\"@type\":\"SearchAction\",\"target\":{\"@type\":\"EntryPoint\",\"urlTemplate\":\"http:\/\/arquitecturadegalicia.eu\/blog\/?s={search_term_string}\"},\"query-input\":{\"@type\":\"PropertyValueSpecification\",\"valueRequired\":true,\"valueName\":\"search_term_string\"}}],\"inLanguage\":\"es\"},{\"@type\":\"Organization\",\"@id\":\"http:\/\/arquitecturadegalicia.eu\/blog\/#organization\",\"name\":\"Arquitectura de Galicia\",\"url\":\"http:\/\/arquitecturadegalicia.eu\/blog\/\",\"logo\":{\"@type\":\"ImageObject\",\"inLanguage\":\"es\",\"@id\":\"http:\/\/arquitecturadegalicia.eu\/blog\/#\/schema\/logo\/image\/\",\"url\":\"https:\/\/arquitecturadegalicia.eu\/blog\/wp-content\/uploads\/2017\/01\/arquitecturacurrents2.png\",\"contentUrl\":\"https:\/\/arquitecturadegalicia.eu\/blog\/wp-content\/uploads\/2017\/01\/arquitecturacurrents2.png\",\"width\":840,\"height\":640,\"caption\":\"Arquitectura de Galicia\"},\"image\":{\"@id\":\"http:\/\/arquitecturadegalicia.eu\/blog\/#\/schema\/logo\/image\/\"},\"sameAs\":[\"https:\/\/www.facebook.com\/ArquitecturadeGalicia\/\",\"https:\/\/x.com\/arquigaliciaeu\",\"https:\/\/www.instagram.com\/arquigaliciaeu\/\"]}]}<\/script>\n<!-- \/ Yoast SEO plugin. -->","yoast_head_json":{"title":"I Premios COAG 1985 | AG","robots":{"index":"index","follow":"follow","max-snippet":"max-snippet:-1","max-image-preview":"max-image-preview:large","max-video-preview":"max-video-preview:-1"},"canonical":"https:\/\/arquitecturadegalicia.eu\/blog\/premios\/premios-do-coag\/i-premios-coag-1985\/","og_locale":"es_ES","og_type":"article","og_title":"I Premios COAG 1985 | AG","og_description":"Vivenda unifamiliar Acc\u00e9sit Vivenda en Mera, Oleiros _ Xos\u00e9 Lois Martinez Suarez &nbsp; Vivenda colectiva Acc\u00e9sit Edificio de vivendas en Lugo _ Eduardo Herr\u00e1ez Fern\u00e1ndez e Javier Sancosmed Lage &nbsp; Singular de nova planta Premio Casa das Ciencias da Coru\u00f1a\u00a0_ Felipe Pe\u00f1a Pereda Acc\u00e9sit Cafeter\u00eda Copacabana na Coru\u00f1a _ Xos\u00e9 Manuel Casabella &nbsp; Rehabilitaci\u00f3n Premio...","og_url":"https:\/\/arquitecturadegalicia.eu\/blog\/premios\/premios-do-coag\/i-premios-coag-1985\/","og_site_name":"AG","article_publisher":"https:\/\/www.facebook.com\/ArquitecturadeGalicia\/","article_modified_time":"2014-11-10T15:46:43+00:00","twitter_card":"summary_large_image","twitter_site":"@arquigaliciaeu","twitter_misc":{"Tiempo de lectura":"1 minuto"},"schema":{"@context":"https:\/\/schema.org","@graph":[{"@type":"WebPage","@id":"https:\/\/arquitecturadegalicia.eu\/blog\/premios\/premios-do-coag\/i-premios-coag-1985\/","url":"https:\/\/arquitecturadegalicia.eu\/blog\/premios\/premios-do-coag\/i-premios-coag-1985\/","name":"I Premios COAG 1985 | AG","isPartOf":{"@id":"http:\/\/arquitecturadegalicia.eu\/blog\/#website"},"datePublished":"2013-01-07T21:52:42+00:00","dateModified":"2014-11-10T15:46:43+00:00","breadcrumb":{"@id":"https:\/\/arquitecturadegalicia.eu\/blog\/premios\/premios-do-coag\/i-premios-coag-1985\/#breadcrumb"},"inLanguage":"es","potentialAction":[{"@type":"ReadAction","target":["https:\/\/arquitecturadegalicia.eu\/blog\/premios\/premios-do-coag\/i-premios-coag-1985\/"]}]},{"@type":"BreadcrumbList","@id":"https:\/\/arquitecturadegalicia.eu\/blog\/premios\/premios-do-coag\/i-premios-coag-1985\/#breadcrumb","itemListElement":[{"@type":"ListItem","position":1,"name":"Portada","item":"http:\/\/arquitecturadegalicia.eu\/blog\/"},{"@type":"ListItem","position":2,"name":"Premios","item":"http:\/\/arquitecturadegalicia.eu\/blog\/premios\/"},{"@type":"ListItem","position":3,"name":"Premios do COAG","item":"http:\/\/arquitecturadegalicia.eu\/blog\/premios\/premios-do-coag\/"},{"@type":"ListItem","position":4,"name":"I Premios COAG 1985"}]},{"@type":"WebSite","@id":"http:\/\/arquitecturadegalicia.eu\/blog\/#website","url":"http:\/\/arquitecturadegalicia.eu\/blog\/","name":"AG","description":"Arquitectura de Galicia","publisher":{"@id":"http:\/\/arquitecturadegalicia.eu\/blog\/#organization"},"potentialAction":[{"@type":"SearchAction","target":{"@type":"EntryPoint","urlTemplate":"http:\/\/arquitecturadegalicia.eu\/blog\/?s={search_term_string}"},"query-input":{"@type":"PropertyValueSpecification","valueRequired":true,"valueName":"search_term_string"}}],"inLanguage":"es"},{"@type":"Organization","@id":"http:\/\/arquitecturadegalicia.eu\/blog\/#organization","name":"Arquitectura de Galicia","url":"http:\/\/arquitecturadegalicia.eu\/blog\/","logo":{"@type":"ImageObject","inLanguage":"es","@id":"http:\/\/arquitecturadegalicia.eu\/blog\/#\/schema\/logo\/image\/","url":"https:\/\/arquitecturadegalicia.eu\/blog\/wp-content\/uploads\/2017\/01\/arquitecturacurrents2.png","contentUrl":"https:\/\/arquitecturadegalicia.eu\/blog\/wp-content\/uploads\/2017\/01\/arquitecturacurrents2.png","width":840,"height":640,"caption":"Arquitectura de Galicia"},"image":{"@id":"http:\/\/arquitecturadegalicia.eu\/blog\/#\/schema\/logo\/image\/"},"sameAs":["https:\/\/www.facebook.com\/ArquitecturadeGalicia\/","https:\/\/x.com\/arquigaliciaeu","https:\/\/www.instagram.com\/arquigaliciaeu\/"]}]}},"jetpack_shortlink":"https:\/\/wp.me\/P2NHs2-r6","jetpack_sharing_enabled":true,"_links":{"self":[{"href":"https:\/\/arquitecturadegalicia.eu\/blog\/wp-json\/wp\/v2\/pages\/1680","targetHints":{"allow":["GET"]}}],"collection":[{"href":"https:\/\/arquitecturadegalicia.eu\/blog\/wp-json\/wp\/v2\/pages"}],"about":[{"href":"https:\/\/arquitecturadegalicia.eu\/blog\/wp-json\/wp\/v2\/types\/page"}],"author":[{"embeddable":true,"href":"https:\/\/arquitecturadegalicia.eu\/blog\/wp-json\/wp\/v2\/users\/2"}],"replies":[{"embeddable":true,"href":"https:\/\/arquitecturadegalicia.eu\/blog\/wp-json\/wp\/v2\/comments?post=1680"}],"version-history":[{"count":8,"href":"https:\/\/arquitecturadegalicia.eu\/blog\/wp-json\/wp\/v2\/pages\/1680\/revisions"}],"predecessor-version":[{"id":13121,"href":"https:\/\/arquitecturadegalicia.eu\/blog\/wp-json\/wp\/v2\/pages\/1680\/revisions\/13121"}],"up":[{"embeddable":true,"href":"https:\/\/arquitecturadegalicia.eu\/blog\/wp-json\/wp\/v2\/pages\/352"}],"wp:attachment":[{"href":"https:\/\/arquitecturadegalicia.eu\/blog\/wp-json\/wp\/v2\/media?parent=1680"}],"curies":[{"name":"wp","href":"https:\/\/api.w.org\/{rel}","templated":true}]}}