{"id":1682,"date":"2013-01-07T22:52:39","date_gmt":"2013-01-07T21:52:39","guid":{"rendered":"http:\/\/arquitecturadegalicia.eu\/blog\/?page_id=1682"},"modified":"2014-11-10T16:50:51","modified_gmt":"2014-11-10T15:50:51","slug":"ii-premios-coag-1988","status":"publish","type":"page","link":"https:\/\/arquitecturadegalicia.eu\/blog\/premios\/premios-do-coag\/ii-premios-coag-1988\/","title":{"rendered":"II Premios COAG 1988"},"content":{"rendered":"<p><b><b>Nova planta<br \/>\n<\/b><\/b><em>Premio<\/em><\/p>\n<ul>\n<li><strong>Edificio da Caixa de Aforros de Ourense e vivendas en Parada de Sil<\/strong> _ Juan Carlos Cabanelas Rodr\u00edguez e Mar\u00eda Jes\u00fas Castelo Villanueva<\/li>\n<\/ul>\n<p>&nbsp;<\/p>\n<p><strong>Decoraci\u00f3n e interiorismo<\/strong><br \/>\n<em>Acc\u00e9sits<\/em><\/p>\n<ul>\n<li><strong>Tenda de regalos Leonardo<\/strong> _ Jos\u00e9 Luis Valverde Fern\u00e1ndez<\/li>\n<li><strong>Grupo Caixa Galicia na Coru\u00f1a<\/strong> _ Jos\u00e9 Manti\u00f1an Soler<\/li>\n<\/ul>\n<p>&nbsp;<\/p>\n","protected":false},"excerpt":{"rendered":"<p>Nova planta Premio Edificio da Caixa de Aforros de Ourense e vivendas en Parada de Sil _ Juan Carlos Cabanelas Rodr\u00edguez e Mar\u00eda Jes\u00fas Castelo Villanueva &nbsp; Decoraci\u00f3n e interiorismo Acc\u00e9sits Tenda de regalos Leonardo _ Jos\u00e9 Luis Valverde Fern\u00e1ndez Grupo Caixa Galicia na Coru\u00f1a _ Jos\u00e9 Manti\u00f1an Soler &nbsp;<\/p>\n","protected":false},"author":2,"featured_media":0,"parent":352,"menu_order":98,"comment_status":"open","ping_status":"open","template":"","meta":{"jetpack_post_was_ever_published":false,"footnotes":""},"class_list":["post-1682","page","type-page","status-publish","hentry","content-print"],"yoast_head":"<!-- This site is optimized with the Yoast SEO plugin v24.1 - https:\/\/yoast.com\/wordpress\/plugins\/seo\/ -->\n<title>II Premios COAG 1988 | AG<\/title>\n<meta name=\"robots\" content=\"index, follow, max-snippet:-1, max-image-preview:large, max-video-preview:-1\" \/>\n<link rel=\"canonical\" href=\"https:\/\/arquitecturadegalicia.eu\/blog\/premios\/premios-do-coag\/ii-premios-coag-1988\/\" \/>\n<meta property=\"og:locale\" content=\"es_ES\" \/>\n<meta property=\"og:type\" content=\"article\" \/>\n<meta property=\"og:title\" content=\"II Premios COAG 1988 | AG\" \/>\n<meta property=\"og:description\" content=\"Nova planta Premio Edificio da Caixa de Aforros de Ourense e vivendas en Parada de Sil _ Juan Carlos Cabanelas Rodr\u00edguez e Mar\u00eda Jes\u00fas Castelo Villanueva &nbsp; Decoraci\u00f3n e interiorismo Acc\u00e9sits Tenda de regalos Leonardo _ Jos\u00e9 Luis Valverde Fern\u00e1ndez Grupo Caixa Galicia na Coru\u00f1a _ Jos\u00e9 Manti\u00f1an Soler &nbsp;\" \/>\n<meta property=\"og:url\" content=\"https:\/\/arquitecturadegalicia.eu\/blog\/premios\/premios-do-coag\/ii-premios-coag-1988\/\" \/>\n<meta property=\"og:site_name\" content=\"AG\" \/>\n<meta property=\"article:publisher\" content=\"https:\/\/www.facebook.com\/ArquitecturadeGalicia\/\" \/>\n<meta property=\"article:modified_time\" content=\"2014-11-10T15:50:51+00:00\" \/>\n<meta name=\"twitter:card\" content=\"summary_large_image\" \/>\n<meta name=\"twitter:site\" content=\"@arquigaliciaeu\" \/>\n<script type=\"application\/ld+json\" class=\"yoast-schema-graph\">{\"@context\":\"https:\/\/schema.org\",\"@graph\":[{\"@type\":\"WebPage\",\"@id\":\"https:\/\/arquitecturadegalicia.eu\/blog\/premios\/premios-do-coag\/ii-premios-coag-1988\/\",\"url\":\"https:\/\/arquitecturadegalicia.eu\/blog\/premios\/premios-do-coag\/ii-premios-coag-1988\/\",\"name\":\"II Premios COAG 1988 | AG\",\"isPartOf\":{\"@id\":\"http:\/\/arquitecturadegalicia.eu\/blog\/#website\"},\"datePublished\":\"2013-01-07T21:52:39+00:00\",\"dateModified\":\"2014-11-10T15:50:51+00:00\",\"breadcrumb\":{\"@id\":\"https:\/\/arquitecturadegalicia.eu\/blog\/premios\/premios-do-coag\/ii-premios-coag-1988\/#breadcrumb\"},\"inLanguage\":\"es\",\"potentialAction\":[{\"@type\":\"ReadAction\",\"target\":[\"https:\/\/arquitecturadegalicia.eu\/blog\/premios\/premios-do-coag\/ii-premios-coag-1988\/\"]}]},{\"@type\":\"BreadcrumbList\",\"@id\":\"https:\/\/arquitecturadegalicia.eu\/blog\/premios\/premios-do-coag\/ii-premios-coag-1988\/#breadcrumb\",\"itemListElement\":[{\"@type\":\"ListItem\",\"position\":1,\"name\":\"Portada\",\"item\":\"http:\/\/arquitecturadegalicia.eu\/blog\/\"},{\"@type\":\"ListItem\",\"position\":2,\"name\":\"Premios\",\"item\":\"http:\/\/arquitecturadegalicia.eu\/blog\/premios\/\"},{\"@type\":\"ListItem\",\"position\":3,\"name\":\"Premios do COAG\",\"item\":\"http:\/\/arquitecturadegalicia.eu\/blog\/premios\/premios-do-coag\/\"},{\"@type\":\"ListItem\",\"position\":4,\"name\":\"II Premios COAG 1988\"}]},{\"@type\":\"WebSite\",\"@id\":\"http:\/\/arquitecturadegalicia.eu\/blog\/#website\",\"url\":\"http:\/\/arquitecturadegalicia.eu\/blog\/\",\"name\":\"AG\",\"description\":\"Arquitectura de Galicia\",\"publisher\":{\"@id\":\"http:\/\/arquitecturadegalicia.eu\/blog\/#organization\"},\"potentialAction\":[{\"@type\":\"SearchAction\",\"target\":{\"@type\":\"EntryPoint\",\"urlTemplate\":\"http:\/\/arquitecturadegalicia.eu\/blog\/?s={search_term_string}\"},\"query-input\":{\"@type\":\"PropertyValueSpecification\",\"valueRequired\":true,\"valueName\":\"search_term_string\"}}],\"inLanguage\":\"es\"},{\"@type\":\"Organization\",\"@id\":\"http:\/\/arquitecturadegalicia.eu\/blog\/#organization\",\"name\":\"Arquitectura de Galicia\",\"url\":\"http:\/\/arquitecturadegalicia.eu\/blog\/\",\"logo\":{\"@type\":\"ImageObject\",\"inLanguage\":\"es\",\"@id\":\"http:\/\/arquitecturadegalicia.eu\/blog\/#\/schema\/logo\/image\/\",\"url\":\"https:\/\/arquitecturadegalicia.eu\/blog\/wp-content\/uploads\/2017\/01\/arquitecturacurrents2.png\",\"contentUrl\":\"https:\/\/arquitecturadegalicia.eu\/blog\/wp-content\/uploads\/2017\/01\/arquitecturacurrents2.png\",\"width\":840,\"height\":640,\"caption\":\"Arquitectura de Galicia\"},\"image\":{\"@id\":\"http:\/\/arquitecturadegalicia.eu\/blog\/#\/schema\/logo\/image\/\"},\"sameAs\":[\"https:\/\/www.facebook.com\/ArquitecturadeGalicia\/\",\"https:\/\/x.com\/arquigaliciaeu\",\"https:\/\/www.instagram.com\/arquigaliciaeu\/\"]}]}<\/script>\n<!-- \/ Yoast SEO plugin. -->","yoast_head_json":{"title":"II Premios COAG 1988 | AG","robots":{"index":"index","follow":"follow","max-snippet":"max-snippet:-1","max-image-preview":"max-image-preview:large","max-video-preview":"max-video-preview:-1"},"canonical":"https:\/\/arquitecturadegalicia.eu\/blog\/premios\/premios-do-coag\/ii-premios-coag-1988\/","og_locale":"es_ES","og_type":"article","og_title":"II Premios COAG 1988 | AG","og_description":"Nova planta Premio Edificio da Caixa de Aforros de Ourense e vivendas en Parada de Sil _ Juan Carlos Cabanelas Rodr\u00edguez e Mar\u00eda Jes\u00fas Castelo Villanueva &nbsp; Decoraci\u00f3n e interiorismo Acc\u00e9sits Tenda de regalos Leonardo _ Jos\u00e9 Luis Valverde Fern\u00e1ndez Grupo Caixa Galicia na Coru\u00f1a _ Jos\u00e9 Manti\u00f1an Soler &nbsp;","og_url":"https:\/\/arquitecturadegalicia.eu\/blog\/premios\/premios-do-coag\/ii-premios-coag-1988\/","og_site_name":"AG","article_publisher":"https:\/\/www.facebook.com\/ArquitecturadeGalicia\/","article_modified_time":"2014-11-10T15:50:51+00:00","twitter_card":"summary_large_image","twitter_site":"@arquigaliciaeu","schema":{"@context":"https:\/\/schema.org","@graph":[{"@type":"WebPage","@id":"https:\/\/arquitecturadegalicia.eu\/blog\/premios\/premios-do-coag\/ii-premios-coag-1988\/","url":"https:\/\/arquitecturadegalicia.eu\/blog\/premios\/premios-do-coag\/ii-premios-coag-1988\/","name":"II Premios COAG 1988 | AG","isPartOf":{"@id":"http:\/\/arquitecturadegalicia.eu\/blog\/#website"},"datePublished":"2013-01-07T21:52:39+00:00","dateModified":"2014-11-10T15:50:51+00:00","breadcrumb":{"@id":"https:\/\/arquitecturadegalicia.eu\/blog\/premios\/premios-do-coag\/ii-premios-coag-1988\/#breadcrumb"},"inLanguage":"es","potentialAction":[{"@type":"ReadAction","target":["https:\/\/arquitecturadegalicia.eu\/blog\/premios\/premios-do-coag\/ii-premios-coag-1988\/"]}]},{"@type":"BreadcrumbList","@id":"https:\/\/arquitecturadegalicia.eu\/blog\/premios\/premios-do-coag\/ii-premios-coag-1988\/#breadcrumb","itemListElement":[{"@type":"ListItem","position":1,"name":"Portada","item":"http:\/\/arquitecturadegalicia.eu\/blog\/"},{"@type":"ListItem","position":2,"name":"Premios","item":"http:\/\/arquitecturadegalicia.eu\/blog\/premios\/"},{"@type":"ListItem","position":3,"name":"Premios do COAG","item":"http:\/\/arquitecturadegalicia.eu\/blog\/premios\/premios-do-coag\/"},{"@type":"ListItem","position":4,"name":"II Premios COAG 1988"}]},{"@type":"WebSite","@id":"http:\/\/arquitecturadegalicia.eu\/blog\/#website","url":"http:\/\/arquitecturadegalicia.eu\/blog\/","name":"AG","description":"Arquitectura de Galicia","publisher":{"@id":"http:\/\/arquitecturadegalicia.eu\/blog\/#organization"},"potentialAction":[{"@type":"SearchAction","target":{"@type":"EntryPoint","urlTemplate":"http:\/\/arquitecturadegalicia.eu\/blog\/?s={search_term_string}"},"query-input":{"@type":"PropertyValueSpecification","valueRequired":true,"valueName":"search_term_string"}}],"inLanguage":"es"},{"@type":"Organization","@id":"http:\/\/arquitecturadegalicia.eu\/blog\/#organization","name":"Arquitectura de Galicia","url":"http:\/\/arquitecturadegalicia.eu\/blog\/","logo":{"@type":"ImageObject","inLanguage":"es","@id":"http:\/\/arquitecturadegalicia.eu\/blog\/#\/schema\/logo\/image\/","url":"https:\/\/arquitecturadegalicia.eu\/blog\/wp-content\/uploads\/2017\/01\/arquitecturacurrents2.png","contentUrl":"https:\/\/arquitecturadegalicia.eu\/blog\/wp-content\/uploads\/2017\/01\/arquitecturacurrents2.png","width":840,"height":640,"caption":"Arquitectura de Galicia"},"image":{"@id":"http:\/\/arquitecturadegalicia.eu\/blog\/#\/schema\/logo\/image\/"},"sameAs":["https:\/\/www.facebook.com\/ArquitecturadeGalicia\/","https:\/\/x.com\/arquigaliciaeu","https:\/\/www.instagram.com\/arquigaliciaeu\/"]}]}},"jetpack_shortlink":"https:\/\/wp.me\/P2NHs2-r8","jetpack_sharing_enabled":true,"_links":{"self":[{"href":"https:\/\/arquitecturadegalicia.eu\/blog\/wp-json\/wp\/v2\/pages\/1682","targetHints":{"allow":["GET"]}}],"collection":[{"href":"https:\/\/arquitecturadegalicia.eu\/blog\/wp-json\/wp\/v2\/pages"}],"about":[{"href":"https:\/\/arquitecturadegalicia.eu\/blog\/wp-json\/wp\/v2\/types\/page"}],"author":[{"embeddable":true,"href":"https:\/\/arquitecturadegalicia.eu\/blog\/wp-json\/wp\/v2\/users\/2"}],"replies":[{"embeddable":true,"href":"https:\/\/arquitecturadegalicia.eu\/blog\/wp-json\/wp\/v2\/comments?post=1682"}],"version-history":[{"count":9,"href":"https:\/\/arquitecturadegalicia.eu\/blog\/wp-json\/wp\/v2\/pages\/1682\/revisions"}],"predecessor-version":[{"id":13123,"href":"https:\/\/arquitecturadegalicia.eu\/blog\/wp-json\/wp\/v2\/pages\/1682\/revisions\/13123"}],"up":[{"embeddable":true,"href":"https:\/\/arquitecturadegalicia.eu\/blog\/wp-json\/wp\/v2\/pages\/352"}],"wp:attachment":[{"href":"https:\/\/arquitecturadegalicia.eu\/blog\/wp-json\/wp\/v2\/media?parent=1682"}],"curies":[{"name":"wp","href":"https:\/\/api.w.org\/{rel}","templated":true}]}}