{"id":1687,"date":"2013-01-07T22:52:35","date_gmt":"2013-01-07T21:52:35","guid":{"rendered":"http:\/\/arquitecturadegalicia.eu\/blog\/?page_id=1687"},"modified":"2014-11-10T16:58:19","modified_gmt":"2014-11-10T15:58:19","slug":"iv-premios-coag-1990","status":"publish","type":"page","link":"https:\/\/arquitecturadegalicia.eu\/blog\/premios\/premios-do-coag\/iv-premios-coag-1990\/","title":{"rendered":"IV Premios COAG 1990"},"content":{"rendered":"<p><b><b>Nova planta<br \/>\n<\/b><\/b><em>Premio<\/em><\/p>\n<ul>\n<li><a href=\"http:\/\/arquitecturadegalicia.eu\/blog\/?p=7785\"><strong>Tres vivendas unifamiliares na Derrasa (Santa Marta de Moreiras), Ourense<\/strong><\/a> _ <a href=\"http:\/\/arquitecturadegalicia.eu\/blog\/?tag=iago-seara\">Iago Seara Morales<\/a> e <a href=\"http:\/\/arquitecturadegalicia.eu\/blog\/?tag=alfredo-freixedo-alemparte\">Alfredo Freixedo Alemparte<\/a><\/li>\n<\/ul>\n<p>&nbsp;<\/p>\n<p>&nbsp;<\/p>\n<p><em>Acc\u00e9sit<\/em><\/p>\n<ul>\n<li><strong>Intervenci\u00f3n no contorno e fachadas da Igrexa do Mosteiro de Santa Mar\u00eda de Meira<\/strong> _ <a href=\"http:\/\/arquitecturadegalicia.eu\/blog\/?tag=santiago-catalan-tobia\">Santiago Catal\u00e1n Tob\u00eda<\/a><\/li>\n<\/ul>\n<p>&nbsp;<\/p>\n","protected":false},"excerpt":{"rendered":"<p>Nova planta Premio Tres vivendas unifamiliares na Derrasa (Santa Marta de Moreiras), Ourense _ Iago Seara Morales e Alfredo Freixedo Alemparte &nbsp; &nbsp; Acc\u00e9sit Intervenci\u00f3n no contorno e fachadas da Igrexa do Mosteiro de Santa Mar\u00eda de Meira _ Santiago Catal\u00e1n Tob\u00eda &nbsp;<\/p>\n","protected":false},"author":2,"featured_media":0,"parent":352,"menu_order":96,"comment_status":"open","ping_status":"open","template":"","meta":{"jetpack_post_was_ever_published":false,"footnotes":""},"class_list":["post-1687","page","type-page","status-publish","hentry","content-print"],"yoast_head":"<!-- This site is optimized with the Yoast SEO plugin v24.1 - https:\/\/yoast.com\/wordpress\/plugins\/seo\/ -->\n<title>IV Premios COAG 1990 | AG<\/title>\n<meta name=\"robots\" content=\"index, follow, max-snippet:-1, max-image-preview:large, max-video-preview:-1\" \/>\n<link rel=\"canonical\" href=\"https:\/\/arquitecturadegalicia.eu\/blog\/premios\/premios-do-coag\/iv-premios-coag-1990\/\" \/>\n<meta property=\"og:locale\" content=\"es_ES\" \/>\n<meta property=\"og:type\" content=\"article\" \/>\n<meta property=\"og:title\" content=\"IV Premios COAG 1990 | AG\" \/>\n<meta property=\"og:description\" content=\"Nova planta Premio Tres vivendas unifamiliares na Derrasa (Santa Marta de Moreiras), Ourense _ Iago Seara Morales e Alfredo Freixedo Alemparte &nbsp; &nbsp; Acc\u00e9sit Intervenci\u00f3n no contorno e fachadas da Igrexa do Mosteiro de Santa Mar\u00eda de Meira _ Santiago Catal\u00e1n Tob\u00eda &nbsp;\" \/>\n<meta property=\"og:url\" content=\"https:\/\/arquitecturadegalicia.eu\/blog\/premios\/premios-do-coag\/iv-premios-coag-1990\/\" \/>\n<meta property=\"og:site_name\" content=\"AG\" \/>\n<meta property=\"article:publisher\" content=\"https:\/\/www.facebook.com\/ArquitecturadeGalicia\/\" \/>\n<meta property=\"article:modified_time\" content=\"2014-11-10T15:58:19+00:00\" \/>\n<meta name=\"twitter:card\" content=\"summary_large_image\" \/>\n<meta name=\"twitter:site\" content=\"@arquigaliciaeu\" \/>\n<script type=\"application\/ld+json\" class=\"yoast-schema-graph\">{\"@context\":\"https:\/\/schema.org\",\"@graph\":[{\"@type\":\"WebPage\",\"@id\":\"https:\/\/arquitecturadegalicia.eu\/blog\/premios\/premios-do-coag\/iv-premios-coag-1990\/\",\"url\":\"https:\/\/arquitecturadegalicia.eu\/blog\/premios\/premios-do-coag\/iv-premios-coag-1990\/\",\"name\":\"IV Premios COAG 1990 | AG\",\"isPartOf\":{\"@id\":\"http:\/\/arquitecturadegalicia.eu\/blog\/#website\"},\"datePublished\":\"2013-01-07T21:52:35+00:00\",\"dateModified\":\"2014-11-10T15:58:19+00:00\",\"breadcrumb\":{\"@id\":\"https:\/\/arquitecturadegalicia.eu\/blog\/premios\/premios-do-coag\/iv-premios-coag-1990\/#breadcrumb\"},\"inLanguage\":\"es\",\"potentialAction\":[{\"@type\":\"ReadAction\",\"target\":[\"https:\/\/arquitecturadegalicia.eu\/blog\/premios\/premios-do-coag\/iv-premios-coag-1990\/\"]}]},{\"@type\":\"BreadcrumbList\",\"@id\":\"https:\/\/arquitecturadegalicia.eu\/blog\/premios\/premios-do-coag\/iv-premios-coag-1990\/#breadcrumb\",\"itemListElement\":[{\"@type\":\"ListItem\",\"position\":1,\"name\":\"Portada\",\"item\":\"http:\/\/arquitecturadegalicia.eu\/blog\/\"},{\"@type\":\"ListItem\",\"position\":2,\"name\":\"Premios\",\"item\":\"http:\/\/arquitecturadegalicia.eu\/blog\/premios\/\"},{\"@type\":\"ListItem\",\"position\":3,\"name\":\"Premios do COAG\",\"item\":\"http:\/\/arquitecturadegalicia.eu\/blog\/premios\/premios-do-coag\/\"},{\"@type\":\"ListItem\",\"position\":4,\"name\":\"IV Premios COAG 1990\"}]},{\"@type\":\"WebSite\",\"@id\":\"http:\/\/arquitecturadegalicia.eu\/blog\/#website\",\"url\":\"http:\/\/arquitecturadegalicia.eu\/blog\/\",\"name\":\"AG\",\"description\":\"Arquitectura de Galicia\",\"publisher\":{\"@id\":\"http:\/\/arquitecturadegalicia.eu\/blog\/#organization\"},\"potentialAction\":[{\"@type\":\"SearchAction\",\"target\":{\"@type\":\"EntryPoint\",\"urlTemplate\":\"http:\/\/arquitecturadegalicia.eu\/blog\/?s={search_term_string}\"},\"query-input\":{\"@type\":\"PropertyValueSpecification\",\"valueRequired\":true,\"valueName\":\"search_term_string\"}}],\"inLanguage\":\"es\"},{\"@type\":\"Organization\",\"@id\":\"http:\/\/arquitecturadegalicia.eu\/blog\/#organization\",\"name\":\"Arquitectura de Galicia\",\"url\":\"http:\/\/arquitecturadegalicia.eu\/blog\/\",\"logo\":{\"@type\":\"ImageObject\",\"inLanguage\":\"es\",\"@id\":\"http:\/\/arquitecturadegalicia.eu\/blog\/#\/schema\/logo\/image\/\",\"url\":\"https:\/\/arquitecturadegalicia.eu\/blog\/wp-content\/uploads\/2017\/01\/arquitecturacurrents2.png\",\"contentUrl\":\"https:\/\/arquitecturadegalicia.eu\/blog\/wp-content\/uploads\/2017\/01\/arquitecturacurrents2.png\",\"width\":840,\"height\":640,\"caption\":\"Arquitectura de Galicia\"},\"image\":{\"@id\":\"http:\/\/arquitecturadegalicia.eu\/blog\/#\/schema\/logo\/image\/\"},\"sameAs\":[\"https:\/\/www.facebook.com\/ArquitecturadeGalicia\/\",\"https:\/\/x.com\/arquigaliciaeu\",\"https:\/\/www.instagram.com\/arquigaliciaeu\/\"]}]}<\/script>\n<!-- \/ Yoast SEO plugin. -->","yoast_head_json":{"title":"IV Premios COAG 1990 | AG","robots":{"index":"index","follow":"follow","max-snippet":"max-snippet:-1","max-image-preview":"max-image-preview:large","max-video-preview":"max-video-preview:-1"},"canonical":"https:\/\/arquitecturadegalicia.eu\/blog\/premios\/premios-do-coag\/iv-premios-coag-1990\/","og_locale":"es_ES","og_type":"article","og_title":"IV Premios COAG 1990 | AG","og_description":"Nova planta Premio Tres vivendas unifamiliares na Derrasa (Santa Marta de Moreiras), Ourense _ Iago Seara Morales e Alfredo Freixedo Alemparte &nbsp; &nbsp; Acc\u00e9sit Intervenci\u00f3n no contorno e fachadas da Igrexa do Mosteiro de Santa Mar\u00eda de Meira _ Santiago Catal\u00e1n Tob\u00eda &nbsp;","og_url":"https:\/\/arquitecturadegalicia.eu\/blog\/premios\/premios-do-coag\/iv-premios-coag-1990\/","og_site_name":"AG","article_publisher":"https:\/\/www.facebook.com\/ArquitecturadeGalicia\/","article_modified_time":"2014-11-10T15:58:19+00:00","twitter_card":"summary_large_image","twitter_site":"@arquigaliciaeu","schema":{"@context":"https:\/\/schema.org","@graph":[{"@type":"WebPage","@id":"https:\/\/arquitecturadegalicia.eu\/blog\/premios\/premios-do-coag\/iv-premios-coag-1990\/","url":"https:\/\/arquitecturadegalicia.eu\/blog\/premios\/premios-do-coag\/iv-premios-coag-1990\/","name":"IV Premios COAG 1990 | AG","isPartOf":{"@id":"http:\/\/arquitecturadegalicia.eu\/blog\/#website"},"datePublished":"2013-01-07T21:52:35+00:00","dateModified":"2014-11-10T15:58:19+00:00","breadcrumb":{"@id":"https:\/\/arquitecturadegalicia.eu\/blog\/premios\/premios-do-coag\/iv-premios-coag-1990\/#breadcrumb"},"inLanguage":"es","potentialAction":[{"@type":"ReadAction","target":["https:\/\/arquitecturadegalicia.eu\/blog\/premios\/premios-do-coag\/iv-premios-coag-1990\/"]}]},{"@type":"BreadcrumbList","@id":"https:\/\/arquitecturadegalicia.eu\/blog\/premios\/premios-do-coag\/iv-premios-coag-1990\/#breadcrumb","itemListElement":[{"@type":"ListItem","position":1,"name":"Portada","item":"http:\/\/arquitecturadegalicia.eu\/blog\/"},{"@type":"ListItem","position":2,"name":"Premios","item":"http:\/\/arquitecturadegalicia.eu\/blog\/premios\/"},{"@type":"ListItem","position":3,"name":"Premios do COAG","item":"http:\/\/arquitecturadegalicia.eu\/blog\/premios\/premios-do-coag\/"},{"@type":"ListItem","position":4,"name":"IV Premios COAG 1990"}]},{"@type":"WebSite","@id":"http:\/\/arquitecturadegalicia.eu\/blog\/#website","url":"http:\/\/arquitecturadegalicia.eu\/blog\/","name":"AG","description":"Arquitectura de Galicia","publisher":{"@id":"http:\/\/arquitecturadegalicia.eu\/blog\/#organization"},"potentialAction":[{"@type":"SearchAction","target":{"@type":"EntryPoint","urlTemplate":"http:\/\/arquitecturadegalicia.eu\/blog\/?s={search_term_string}"},"query-input":{"@type":"PropertyValueSpecification","valueRequired":true,"valueName":"search_term_string"}}],"inLanguage":"es"},{"@type":"Organization","@id":"http:\/\/arquitecturadegalicia.eu\/blog\/#organization","name":"Arquitectura de Galicia","url":"http:\/\/arquitecturadegalicia.eu\/blog\/","logo":{"@type":"ImageObject","inLanguage":"es","@id":"http:\/\/arquitecturadegalicia.eu\/blog\/#\/schema\/logo\/image\/","url":"https:\/\/arquitecturadegalicia.eu\/blog\/wp-content\/uploads\/2017\/01\/arquitecturacurrents2.png","contentUrl":"https:\/\/arquitecturadegalicia.eu\/blog\/wp-content\/uploads\/2017\/01\/arquitecturacurrents2.png","width":840,"height":640,"caption":"Arquitectura de Galicia"},"image":{"@id":"http:\/\/arquitecturadegalicia.eu\/blog\/#\/schema\/logo\/image\/"},"sameAs":["https:\/\/www.facebook.com\/ArquitecturadeGalicia\/","https:\/\/x.com\/arquigaliciaeu","https:\/\/www.instagram.com\/arquigaliciaeu\/"]}]}},"jetpack_shortlink":"https:\/\/wp.me\/P2NHs2-rd","jetpack_sharing_enabled":true,"_links":{"self":[{"href":"https:\/\/arquitecturadegalicia.eu\/blog\/wp-json\/wp\/v2\/pages\/1687","targetHints":{"allow":["GET"]}}],"collection":[{"href":"https:\/\/arquitecturadegalicia.eu\/blog\/wp-json\/wp\/v2\/pages"}],"about":[{"href":"https:\/\/arquitecturadegalicia.eu\/blog\/wp-json\/wp\/v2\/types\/page"}],"author":[{"embeddable":true,"href":"https:\/\/arquitecturadegalicia.eu\/blog\/wp-json\/wp\/v2\/users\/2"}],"replies":[{"embeddable":true,"href":"https:\/\/arquitecturadegalicia.eu\/blog\/wp-json\/wp\/v2\/comments?post=1687"}],"version-history":[{"count":8,"href":"https:\/\/arquitecturadegalicia.eu\/blog\/wp-json\/wp\/v2\/pages\/1687\/revisions"}],"predecessor-version":[{"id":13127,"href":"https:\/\/arquitecturadegalicia.eu\/blog\/wp-json\/wp\/v2\/pages\/1687\/revisions\/13127"}],"up":[{"embeddable":true,"href":"https:\/\/arquitecturadegalicia.eu\/blog\/wp-json\/wp\/v2\/pages\/352"}],"wp:attachment":[{"href":"https:\/\/arquitecturadegalicia.eu\/blog\/wp-json\/wp\/v2\/media?parent=1687"}],"curies":[{"name":"wp","href":"https:\/\/api.w.org\/{rel}","templated":true}]}}