{"id":1691,"date":"2013-01-07T22:52:30","date_gmt":"2013-01-07T21:52:30","guid":{"rendered":"http:\/\/arquitecturadegalicia.eu\/blog\/?page_id=1691"},"modified":"2013-05-30T16:34:18","modified_gmt":"2013-05-30T14:34:18","slug":"x-premios-coag-2002","status":"publish","type":"page","link":"https:\/\/arquitecturadegalicia.eu\/blog\/premios\/premios-do-coag\/x-premios-coag-2002\/","title":{"rendered":"X Premios COAG 2002"},"content":{"rendered":"<p><strong>Nova planta<\/strong><\/p>\n<p><span style=\"color: #888888;\">Premio<\/span><br \/>\n<span style=\"color: #888888;\"> \u00b7 <strong><a href=\"http:\/\/arquitecturadegalicia.eu\/blog\/?p=580\"><span style=\"color: #888888;\">Centro de Control de T\u00faneles en Pedrafita<\/span><\/a><\/strong> _ <strong><a href=\"http:\/\/arquitecturadegalicia.eu\/blog\/?tag=arturo-franco-taboada\"><span style=\"color: #888888;\">Arturo Franco Taboada<\/span><\/a><\/strong><\/span><br \/>\n<span style=\"color: #888888;\"> \u00b7 Centro de Sa\u00fade Matogrande _ <a href=\"http:\/\/arquitecturadegalicia.eu\/blog\/?tag=enrique-rodriguez-garcia\"><span style=\"color: #888888;\"><strong>Enrique Rodr\u00edguez Garc\u00eda<\/strong><\/span><\/a><\/span><\/p>\n<p><span style=\"color: #888888;\">Acc\u00e9sits<\/span><br \/>\n<span style=\"color: #888888;\"> \u00b7 <a href=\"http:\/\/arquitecturadegalicia.eu\/blog\/?p=257\"><span style=\"color: #888888;\"><strong>Centro comarcal da Mari\u00f1a Occidental<\/strong><\/span><\/a> _ <a href=\"http:\/\/arquitecturadegalicia.eu\/blog\/?tag=sabinblanco\"><span style=\"color: #888888;\"><strong>Patricia Sab\u00edn + Enrique Blanco<\/strong><\/span><\/a><\/span><br \/>\n<span style=\"color: #888888;\"> \u00b7 <span style=\"color: #999999;\"><a href=\"http:\/\/arquitecturadegalicia.eu\/blog\/?p=6849\" target=\"_blank\"><span style=\"color: #999999;\"><strong>Vivenda unifamiliar no barrio da Torre<\/strong><\/span><\/a><\/span> _ <a href=\"http:\/\/arquitecturadegalicia.eu\/blog\/?tag=irisarri-pinera\"><span style=\"color: #888888;\"><strong>Jes\u00fas Irisarri + Guadalupe Pi\u00f1era<\/strong><\/span><\/a><\/span><br \/>\n<span style=\"color: #888888;\"> \u00b7 Edificios de vivendas, comerciais e garaxes _ Luis W Mu\u00f1oz + Manuel Fontenla<\/span><\/p>\n<p><!--more--><\/p>\n<p>&nbsp;<\/p>\n<p><strong>Rehabilitaci\u00f3n<\/strong><\/p>\n<p><span style=\"color: #888888;\">Premio<\/span><br \/>\n<span style=\"color: #888888;\"> \u00b7 Rehabilitaci\u00f3n casa Sarandones _ <a href=\"http:\/\/arquitecturadegalicia.eu\/blog\/?tag=carlosseoane\"><span style=\"color: #888888;\"><strong>Carlos Seoane<\/strong><\/span><\/a><\/span><\/p>\n<p><span style=\"color: #888888;\">Acc\u00e9sits<\/span><br \/>\n<span style=\"color: #888888;\"> \u00b7 <a href=\"http:\/\/arquitecturadegalicia.eu\/blog\/?p=1443\"><span style=\"color: #888888;\"><strong>Rehabilitaci\u00f3n e ampliaci\u00f3n do Museo de Pontevedra<\/strong><\/span><\/a> _ <a href=\"http:\/\/arquitecturadegalicia.eu\/blog\/?tag=celestino-garcia-brana\"><span style=\"color: #888888;\"><strong>Celestino Garc\u00eda Bra\u00f1a<\/strong><\/span><\/a> + <a href=\"http:\/\/arquitecturadegalicia.eu\/blog\/?tag=javier-reboredo\"><span style=\"color: #888888;\"><strong>Javier Reboredo Chaves<\/strong><\/span><\/a><\/span><br \/>\n<span style=\"color: #888888;\"> \u00b7 Rehabilitaci\u00f3n e ampliaci\u00f3n do edificio de xulgados _ <strong><a href=\"http:\/\/arquitecturadegalicia.eu\/blog\/?tag=abaloalonso\"><span style=\"color: #888888;\">Elisabeth Abalo + Gonzalo Alonso<\/span><\/a><\/strong><\/span><br \/>\n<span style=\"color: #888888;\"> \u00b7 Rehabilitaci\u00f3n e ampliaci\u00f3n de vivienda unifamiliar _ <strong><a href=\"http:\/\/arquitecturadegalicia.eu\/blog\/?tag=creusecarrasco\"><span style=\"color: #888888;\">creusecarrasco<\/span><\/a><\/strong><\/span><\/p>\n<p><!--more--><\/p>\n<p>&nbsp;<\/p>\n<p><strong>Decoraci\u00f3n e interiorismo<\/strong><\/p>\n<p><span style=\"color: #888888;\">Premio<\/span><br \/>\n<span style=\"color: #888888;\"> \u00b7 Reforma de local comercial _ Jos\u00e9 Manuel Pe\u00f1a Serna<\/span><\/p>\n<p><span style=\"color: #888888;\">Acc\u00e9sit<\/span><br \/>\n<span style=\"color: #888888;\"> \u00b7 B\u00e1sico e de execuci\u00f3n para a adaptaci\u00f3n dun local como \u00f3ptica _ Alfonso Salgado Su\u00e1rez<\/span><\/p>\n<p><!--more--><\/p>\n<p>&nbsp;<\/p>\n<p><strong>Espacios abertos e p\u00fablicos<\/strong><\/p>\n<p><span style=\"color: #888888;\">Premio<\/span><br \/>\n<span style=\"color: #888888;\"> \u00b7 Urbanizaci\u00f3n de d\u00faas prazas (do recreo-do balc\u00f3n) _ Jos\u00e9 Gonz\u00e1lez-Cebri\u00e1n Tello<\/span><\/p>\n<p dir=\"ltr\"><span style=\"color: #888888;\">Acc\u00e9sit<\/span><br \/>\n<span style=\"color: #888888;\"> \u00b7 Rehabilitaci\u00f3n do entorno da Insua e conexi\u00f3n peonil co paseo mar\u00edtimo de Covas _ Felipe Pe\u00f1a + Francisco Novoa<\/span><\/p>\n<p dir=\"ltr\"><!--more--><\/p>\n<p dir=\"ltr\"><strong>Obra primeira<\/strong><\/p>\n<p><span style=\"color: #888888;\">Menci\u00f3n<\/span><br \/>\n<span style=\"color: #888888;\"> \u00b7 Casa para un autista _ Antonio Garc\u00eda Fern\u00e1ndez<\/span><\/p>\n<p><!--more--><\/p>\n<p>&nbsp;<\/p>\n<p><strong>Arquitectura de baixo custo<\/strong><\/p>\n<p dir=\"ltr\"><span style=\"color: #888888;\">Menci\u00f3n<\/span><br \/>\n<span style=\"color: #888888;\"> \u00b7 Cafeter\u00eda V\u00eda Lactea _ Carmen Vi\u00f1o, Miguel A L\u00f3pez, Juan J Vi\u00f1o<\/span><\/p>\n","protected":false},"excerpt":{"rendered":"<p>Nova planta Premio \u00b7 Centro de Control de T\u00faneles en Pedrafita _ Arturo Franco Taboada \u00b7 Centro de Sa\u00fade Matogrande _ Enrique Rodr\u00edguez Garc\u00eda Acc\u00e9sits \u00b7 Centro comarcal da Mari\u00f1a Occidental _ Patricia Sab\u00edn + Enrique Blanco \u00b7 Vivenda unifamiliar no barrio da Torre _ Jes\u00fas Irisarri + Guadalupe Pi\u00f1era \u00b7 Edificios de vivendas, comerciais<a href=\"https:\/\/arquitecturadegalicia.eu\/blog\/premios\/premios-do-coag\/x-premios-coag-2002\/\" title=\"Read more\" >&#8230;<\/a><\/p>\n","protected":false},"author":2,"featured_media":0,"parent":352,"menu_order":90,"comment_status":"open","ping_status":"open","template":"","meta":{"jetpack_post_was_ever_published":false,"footnotes":""},"class_list":["post-1691","page","type-page","status-publish","hentry","content-print"],"yoast_head":"<!-- This site is optimized with the Yoast SEO plugin v24.1 - https:\/\/yoast.com\/wordpress\/plugins\/seo\/ -->\n<title>X Premios COAG 2002 | AG<\/title>\n<meta name=\"robots\" content=\"index, follow, max-snippet:-1, max-image-preview:large, max-video-preview:-1\" \/>\n<link rel=\"canonical\" href=\"https:\/\/arquitecturadegalicia.eu\/blog\/premios\/premios-do-coag\/x-premios-coag-2002\/\" \/>\n<meta property=\"og:locale\" content=\"es_ES\" \/>\n<meta property=\"og:type\" content=\"article\" \/>\n<meta property=\"og:title\" content=\"X Premios COAG 2002 | AG\" \/>\n<meta property=\"og:description\" content=\"Nova planta Premio \u00b7 Centro de Control de T\u00faneles en Pedrafita _ Arturo Franco Taboada \u00b7 Centro de Sa\u00fade Matogrande _ Enrique Rodr\u00edguez Garc\u00eda Acc\u00e9sits \u00b7 Centro comarcal da Mari\u00f1a Occidental _ Patricia Sab\u00edn + Enrique Blanco \u00b7 Vivenda unifamiliar no barrio da Torre _ Jes\u00fas Irisarri + Guadalupe Pi\u00f1era \u00b7 Edificios de vivendas, comerciais...\" \/>\n<meta property=\"og:url\" content=\"https:\/\/arquitecturadegalicia.eu\/blog\/premios\/premios-do-coag\/x-premios-coag-2002\/\" \/>\n<meta property=\"og:site_name\" content=\"AG\" \/>\n<meta property=\"article:publisher\" content=\"https:\/\/www.facebook.com\/ArquitecturadeGalicia\/\" \/>\n<meta property=\"article:modified_time\" content=\"2013-05-30T14:34:18+00:00\" \/>\n<meta name=\"twitter:card\" content=\"summary_large_image\" \/>\n<meta name=\"twitter:site\" content=\"@arquigaliciaeu\" \/>\n<meta name=\"twitter:label1\" content=\"Tiempo de lectura\" \/>\n\t<meta name=\"twitter:data1\" content=\"1 minuto\" \/>\n<script type=\"application\/ld+json\" class=\"yoast-schema-graph\">{\"@context\":\"https:\/\/schema.org\",\"@graph\":[{\"@type\":\"WebPage\",\"@id\":\"https:\/\/arquitecturadegalicia.eu\/blog\/premios\/premios-do-coag\/x-premios-coag-2002\/\",\"url\":\"https:\/\/arquitecturadegalicia.eu\/blog\/premios\/premios-do-coag\/x-premios-coag-2002\/\",\"name\":\"X Premios COAG 2002 | AG\",\"isPartOf\":{\"@id\":\"http:\/\/arquitecturadegalicia.eu\/blog\/#website\"},\"datePublished\":\"2013-01-07T21:52:30+00:00\",\"dateModified\":\"2013-05-30T14:34:18+00:00\",\"breadcrumb\":{\"@id\":\"https:\/\/arquitecturadegalicia.eu\/blog\/premios\/premios-do-coag\/x-premios-coag-2002\/#breadcrumb\"},\"inLanguage\":\"es\",\"potentialAction\":[{\"@type\":\"ReadAction\",\"target\":[\"https:\/\/arquitecturadegalicia.eu\/blog\/premios\/premios-do-coag\/x-premios-coag-2002\/\"]}]},{\"@type\":\"BreadcrumbList\",\"@id\":\"https:\/\/arquitecturadegalicia.eu\/blog\/premios\/premios-do-coag\/x-premios-coag-2002\/#breadcrumb\",\"itemListElement\":[{\"@type\":\"ListItem\",\"position\":1,\"name\":\"Portada\",\"item\":\"http:\/\/arquitecturadegalicia.eu\/blog\/\"},{\"@type\":\"ListItem\",\"position\":2,\"name\":\"Premios\",\"item\":\"http:\/\/arquitecturadegalicia.eu\/blog\/premios\/\"},{\"@type\":\"ListItem\",\"position\":3,\"name\":\"Premios do COAG\",\"item\":\"http:\/\/arquitecturadegalicia.eu\/blog\/premios\/premios-do-coag\/\"},{\"@type\":\"ListItem\",\"position\":4,\"name\":\"X Premios COAG 2002\"}]},{\"@type\":\"WebSite\",\"@id\":\"http:\/\/arquitecturadegalicia.eu\/blog\/#website\",\"url\":\"http:\/\/arquitecturadegalicia.eu\/blog\/\",\"name\":\"AG\",\"description\":\"Arquitectura de Galicia\",\"publisher\":{\"@id\":\"http:\/\/arquitecturadegalicia.eu\/blog\/#organization\"},\"potentialAction\":[{\"@type\":\"SearchAction\",\"target\":{\"@type\":\"EntryPoint\",\"urlTemplate\":\"http:\/\/arquitecturadegalicia.eu\/blog\/?s={search_term_string}\"},\"query-input\":{\"@type\":\"PropertyValueSpecification\",\"valueRequired\":true,\"valueName\":\"search_term_string\"}}],\"inLanguage\":\"es\"},{\"@type\":\"Organization\",\"@id\":\"http:\/\/arquitecturadegalicia.eu\/blog\/#organization\",\"name\":\"Arquitectura de Galicia\",\"url\":\"http:\/\/arquitecturadegalicia.eu\/blog\/\",\"logo\":{\"@type\":\"ImageObject\",\"inLanguage\":\"es\",\"@id\":\"http:\/\/arquitecturadegalicia.eu\/blog\/#\/schema\/logo\/image\/\",\"url\":\"https:\/\/arquitecturadegalicia.eu\/blog\/wp-content\/uploads\/2017\/01\/arquitecturacurrents2.png\",\"contentUrl\":\"https:\/\/arquitecturadegalicia.eu\/blog\/wp-content\/uploads\/2017\/01\/arquitecturacurrents2.png\",\"width\":840,\"height\":640,\"caption\":\"Arquitectura de Galicia\"},\"image\":{\"@id\":\"http:\/\/arquitecturadegalicia.eu\/blog\/#\/schema\/logo\/image\/\"},\"sameAs\":[\"https:\/\/www.facebook.com\/ArquitecturadeGalicia\/\",\"https:\/\/x.com\/arquigaliciaeu\",\"https:\/\/www.instagram.com\/arquigaliciaeu\/\"]}]}<\/script>\n<!-- \/ Yoast SEO plugin. -->","yoast_head_json":{"title":"X Premios COAG 2002 | AG","robots":{"index":"index","follow":"follow","max-snippet":"max-snippet:-1","max-image-preview":"max-image-preview:large","max-video-preview":"max-video-preview:-1"},"canonical":"https:\/\/arquitecturadegalicia.eu\/blog\/premios\/premios-do-coag\/x-premios-coag-2002\/","og_locale":"es_ES","og_type":"article","og_title":"X Premios COAG 2002 | AG","og_description":"Nova planta Premio \u00b7 Centro de Control de T\u00faneles en Pedrafita _ Arturo Franco Taboada \u00b7 Centro de Sa\u00fade Matogrande _ Enrique Rodr\u00edguez Garc\u00eda Acc\u00e9sits \u00b7 Centro comarcal da Mari\u00f1a Occidental _ Patricia Sab\u00edn + Enrique Blanco \u00b7 Vivenda unifamiliar no barrio da Torre _ Jes\u00fas Irisarri + Guadalupe Pi\u00f1era \u00b7 Edificios de vivendas, comerciais...","og_url":"https:\/\/arquitecturadegalicia.eu\/blog\/premios\/premios-do-coag\/x-premios-coag-2002\/","og_site_name":"AG","article_publisher":"https:\/\/www.facebook.com\/ArquitecturadeGalicia\/","article_modified_time":"2013-05-30T14:34:18+00:00","twitter_card":"summary_large_image","twitter_site":"@arquigaliciaeu","twitter_misc":{"Tiempo de lectura":"1 minuto"},"schema":{"@context":"https:\/\/schema.org","@graph":[{"@type":"WebPage","@id":"https:\/\/arquitecturadegalicia.eu\/blog\/premios\/premios-do-coag\/x-premios-coag-2002\/","url":"https:\/\/arquitecturadegalicia.eu\/blog\/premios\/premios-do-coag\/x-premios-coag-2002\/","name":"X Premios COAG 2002 | AG","isPartOf":{"@id":"http:\/\/arquitecturadegalicia.eu\/blog\/#website"},"datePublished":"2013-01-07T21:52:30+00:00","dateModified":"2013-05-30T14:34:18+00:00","breadcrumb":{"@id":"https:\/\/arquitecturadegalicia.eu\/blog\/premios\/premios-do-coag\/x-premios-coag-2002\/#breadcrumb"},"inLanguage":"es","potentialAction":[{"@type":"ReadAction","target":["https:\/\/arquitecturadegalicia.eu\/blog\/premios\/premios-do-coag\/x-premios-coag-2002\/"]}]},{"@type":"BreadcrumbList","@id":"https:\/\/arquitecturadegalicia.eu\/blog\/premios\/premios-do-coag\/x-premios-coag-2002\/#breadcrumb","itemListElement":[{"@type":"ListItem","position":1,"name":"Portada","item":"http:\/\/arquitecturadegalicia.eu\/blog\/"},{"@type":"ListItem","position":2,"name":"Premios","item":"http:\/\/arquitecturadegalicia.eu\/blog\/premios\/"},{"@type":"ListItem","position":3,"name":"Premios do COAG","item":"http:\/\/arquitecturadegalicia.eu\/blog\/premios\/premios-do-coag\/"},{"@type":"ListItem","position":4,"name":"X Premios COAG 2002"}]},{"@type":"WebSite","@id":"http:\/\/arquitecturadegalicia.eu\/blog\/#website","url":"http:\/\/arquitecturadegalicia.eu\/blog\/","name":"AG","description":"Arquitectura de Galicia","publisher":{"@id":"http:\/\/arquitecturadegalicia.eu\/blog\/#organization"},"potentialAction":[{"@type":"SearchAction","target":{"@type":"EntryPoint","urlTemplate":"http:\/\/arquitecturadegalicia.eu\/blog\/?s={search_term_string}"},"query-input":{"@type":"PropertyValueSpecification","valueRequired":true,"valueName":"search_term_string"}}],"inLanguage":"es"},{"@type":"Organization","@id":"http:\/\/arquitecturadegalicia.eu\/blog\/#organization","name":"Arquitectura de Galicia","url":"http:\/\/arquitecturadegalicia.eu\/blog\/","logo":{"@type":"ImageObject","inLanguage":"es","@id":"http:\/\/arquitecturadegalicia.eu\/blog\/#\/schema\/logo\/image\/","url":"https:\/\/arquitecturadegalicia.eu\/blog\/wp-content\/uploads\/2017\/01\/arquitecturacurrents2.png","contentUrl":"https:\/\/arquitecturadegalicia.eu\/blog\/wp-content\/uploads\/2017\/01\/arquitecturacurrents2.png","width":840,"height":640,"caption":"Arquitectura de Galicia"},"image":{"@id":"http:\/\/arquitecturadegalicia.eu\/blog\/#\/schema\/logo\/image\/"},"sameAs":["https:\/\/www.facebook.com\/ArquitecturadeGalicia\/","https:\/\/x.com\/arquigaliciaeu","https:\/\/www.instagram.com\/arquigaliciaeu\/"]}]}},"jetpack_shortlink":"https:\/\/wp.me\/P2NHs2-rh","jetpack_sharing_enabled":true,"_links":{"self":[{"href":"https:\/\/arquitecturadegalicia.eu\/blog\/wp-json\/wp\/v2\/pages\/1691","targetHints":{"allow":["GET"]}}],"collection":[{"href":"https:\/\/arquitecturadegalicia.eu\/blog\/wp-json\/wp\/v2\/pages"}],"about":[{"href":"https:\/\/arquitecturadegalicia.eu\/blog\/wp-json\/wp\/v2\/types\/page"}],"author":[{"embeddable":true,"href":"https:\/\/arquitecturadegalicia.eu\/blog\/wp-json\/wp\/v2\/users\/2"}],"replies":[{"embeddable":true,"href":"https:\/\/arquitecturadegalicia.eu\/blog\/wp-json\/wp\/v2\/comments?post=1691"}],"version-history":[{"count":8,"href":"https:\/\/arquitecturadegalicia.eu\/blog\/wp-json\/wp\/v2\/pages\/1691\/revisions"}],"predecessor-version":[{"id":6857,"href":"https:\/\/arquitecturadegalicia.eu\/blog\/wp-json\/wp\/v2\/pages\/1691\/revisions\/6857"}],"up":[{"embeddable":true,"href":"https:\/\/arquitecturadegalicia.eu\/blog\/wp-json\/wp\/v2\/pages\/352"}],"wp:attachment":[{"href":"https:\/\/arquitecturadegalicia.eu\/blog\/wp-json\/wp\/v2\/media?parent=1691"}],"curies":[{"name":"wp","href":"https:\/\/api.w.org\/{rel}","templated":true}]}}