{"id":1698,"date":"2013-01-07T22:52:20","date_gmt":"2013-01-07T21:52:20","guid":{"rendered":"http:\/\/arquitecturadegalicia.eu\/blog\/?page_id=1698"},"modified":"2013-09-06T21:20:27","modified_gmt":"2013-09-06T19:20:27","slug":"xv-premios-coag-2011","status":"publish","type":"page","link":"https:\/\/arquitecturadegalicia.eu\/blog\/xv-premios-coag-2011\/","title":{"rendered":"XV Premios COAG 2012"},"content":{"rendered":"<p><b>Vivenda<\/b><\/p>\n<p>Premio<br \/>\n\u00b7\u00a0<a href=\"http:\/\/arquitecturadegalicia.eu\/blog\/?p=3209\">Rehabilitaci\u00f3n para 7 vivendas e local comercial<\/a>\u00a0_\u00a0<a href=\"http:\/\/arquitecturadegalicia.eu\/blog\/?tag=cendon-vazquez\"><strong>Perfecto Cend\u00f3n + Javier V\u00e1zquez<\/strong><\/a><\/p>\n<p>Finalistas<br \/>\n\u00b7\u00a0<a href=\"http:\/\/arquitecturadegalicia.eu\/blog\/?p=8081\">Rehabilitaci\u00f3n de casa e entorno en Corcubi\u00f3n<\/a>\u00a0_\u00a0<strong><a href=\"http:\/\/arquitecturadegalicia.eu\/blog\/?tag=creusecarrasco\">Juan Creus + Covadonga Carrasco<\/a><\/strong><br \/>\n\u00b7\u00a0<a href=\"http:\/\/arquitecturadegalicia.eu\/blog\/?p=2043\">Restructuraci\u00f3n de edificaci\u00f3n para vivenda unifamiliar<\/a>\u00a0_\u00a0<a href=\"http:\/\/arquitecturadegalicia.eu\/blog\/?tag=jesus-conde\"><strong>Jes\u00fas Conde<\/strong><\/a><br \/>\n\u00b7\u00a0Vivenda unifamiliar en Tomi\u00f1o\u00a0_\u00a0<strong>Guadalupe Pi\u00f1era<\/strong><\/p>\n<p>&nbsp;<\/p>\n<p><strong>Equipamento<\/strong><\/p>\n<p>Premio<br \/>\n\u00b7\u00a0<a href=\"http:\/\/arquitecturadegalicia.eu\/blog\/?p=4017\">Centro Socio-cultural \u00c1gora en A Coru\u00f1a<\/a>\u00a0_\u00a0<a href=\"http:\/\/arquitecturadegalicia.eu\/blog\/?tag=rojofernandez-shaw\"><strong>Liliana Claudia Obal + Luis Rojo + Bego\u00f1a Fern\u00e1ndez-Shaw<\/strong><\/a><\/p>\n<p>Finalistas<br \/>\n\u00b7\u00a0<a href=\"http:\/\/arquitecturadegalicia.eu\/blog\/?p=3733\">Edificio dotacional CITEXVI<\/a> _\u00a0<a href=\"http:\/\/arquitecturadegalicia.eu\/blog\/?tag=alfonso-penela\"><strong>Alfonso Penela<\/strong><\/a><br \/>\n\u00b7 <a href=\"http:\/\/arquitecturadegalicia.eu\/blog\/?p=6148\">Rehabilitaci\u00f3n e Ampliaci\u00f3n de Conxunto de Edificaci\u00f3ns con destino a Centro de Recursos para Persoas con Discapacidade<\/a>\u00a0_\u00a0<a href=\"http:\/\/arquitecturadegalicia.eu\/blog\/?tag=arrokabe\"><strong>Arrokabe<\/strong><\/a><br \/>\n\u00b7 <a href=\"http:\/\/arquitecturadegalicia.eu\/blog\/?p=1582\">Escola infantil en Ourense<\/a> _\u00a0<a href=\"http:\/\/arquitecturadegalicia.eu\/blog\/?tag=abaloalonso\"><strong>Abalo Alonso<\/strong><\/a><\/p>\n<p>&nbsp;<\/p>\n<p><b>Espazos aberto p\u00fablicos<\/b><\/p>\n<p>Premio<br \/>\n\u00b7\u00a0<a href=\"http:\/\/arquitecturadegalicia.eu\/blog\/?p=6178\">Reintegraci\u00f3n urbana do patrimonio cultural da Cha\u00ednza<\/a>\u00a0_\u00a0<a href=\"http:\/\/arquitecturadegalicia.eu\/blog\/?tag=salgadoelinares\"><b>Salgado e Li\u00f1ares<\/b><\/a><\/p>\n<p>Finalistas<br \/>\n\u00b7\u00a0A recuperaci\u00f3n do campo da le\u00f1a _\u00a0<a href=\"http:\/\/arquitecturadegalicia.eu\/blog\/?tag=felipe-pena\"><strong>Felipe Pe\u00f1a Pereda<\/strong><\/a><br \/>\n\u00b7 <a href=\"http:\/\/arquitecturadegalicia.eu\/blog\/?p=2693\">Reurbanizaci\u00f3n San Clemente<\/a> _\u00a0<a href=\"http:\/\/arquitecturadegalicia.eu\/blog\/?tag=abaloalonso\"><strong>Abalo Alonso<\/strong><\/a><br \/>\n\u00b7 <a href=\"http:\/\/arquitecturadegalicia.eu\/blog\/?p=2685\">Urbanizaci\u00f3n de praza p\u00fablica en Carballo<\/a> _\u00a0<strong><a href=\"http:\/\/arquitecturadegalicia.eu\/blog\/?tag=alfredo-garrote\">Alfredo Garrote<\/a> + <a href=\"http:\/\/arquitecturadegalicia.eu\/blog\/?tag=carlosseoane\">Carlos Seoane<\/a><\/strong><\/p>\n<p><strong>\u00a0<\/strong><\/p>\n<p><b>Reforma interior<\/b><\/p>\n<p>Premio<br \/>\n\u00b7\u00a0<a href=\"http:\/\/arquitecturadegalicia.eu\/blog\/?p=7069\">Rehabilitaci\u00f3n de edificaci\u00f3n para sede dunha fundaci\u00f3n<\/a>\u00a0_\u00a0<a href=\"http:\/\/arquitecturadegalicia.eu\/blog\/?tag=abaloalonso\"><b>Abalo Alonso<\/b><\/a><\/p>\n<p>Finalistas<br \/>\n\u00b7\u00a0<a href=\"http:\/\/arquitecturadegalicia.eu\/blog\/?p=8098\">Acondicionamento de local para peluquer\u00eda<\/a> _\u00a0<strong><a href=\"http:\/\/arquitecturadegalicia.eu\/blog\/?tag=juan-taboada\">Juan Jos\u00e9 Taboada<\/a> + <a href=\"http:\/\/arquitecturadegalicia.eu\/blog\/?tag=miguel-camba\">Miguel Camba<\/a><\/strong><br \/>\n\u00b7 Reforma anterior e sustituci\u00f3n de carpinter\u00eda _\u00a0<strong>Mar\u00eda Amandi<\/strong><br \/>\n\u00b7 Acondicionamento de vivenda unifamiliar en Cerdedo _\u00a0<a href=\"http:\/\/arquitecturadegalicia.eu\/blog\/?tag=cristina-nieto-luis-pita\"><strong>Luis Gil Pita + Cristina Nieto Pe\u00f1amar\u00eda<\/strong><\/a><\/p>\n<p><strong>\u00a0<\/strong><\/p>\n<p><b>Obra novel<\/b><\/p>\n<p>Premio<br \/>\n\u00b7\u00a0<a href=\"http:\/\/arquitecturadegalicia.eu\/blog\/?p=6001\">Reforma da facultade de Dereito da UDC para a s\u00faa adaptaci\u00f3n a EESS<\/a>\u00a0_\u00a0<strong><a href=\"http:\/\/arquitecturadegalicia.eu\/blog\/?tag=elena-sarmiento-diez\">Elena Sarmiento<\/a>\u00a0+\u00a0<a href=\"http:\/\/arquitecturadegalicia.eu\/blog\/?tag=adrian-martin-prieto\">Adri\u00e1n Mart\u00edn Prieto<\/a><\/strong><\/p>\n<p>Finalistas<br \/>\n\u00b7\u00a012VPP en Nogueira de Ramu\u00edn _\u00a0<strong>Daniel L\u00f3pez + Pablo Noya<\/strong><br \/>\n\u00b7 Rehabilitaci\u00f3n de vivenda unifamiliar _\u00a0<b>Severo Rodr\u00edguez<\/b><br \/>\n\u00b7 Vivenda unifamiliar illada _\u00a0<strong>Aurora Garc\u00eda<\/strong><\/p>\n","protected":false},"excerpt":{"rendered":"<p>Vivenda Premio \u00b7\u00a0Rehabilitaci\u00f3n para 7 vivendas e local comercial\u00a0_\u00a0Perfecto Cend\u00f3n + Javier V\u00e1zquez Finalistas \u00b7\u00a0Rehabilitaci\u00f3n de casa e entorno en Corcubi\u00f3n\u00a0_\u00a0Juan Creus + Covadonga Carrasco \u00b7\u00a0Restructuraci\u00f3n de edificaci\u00f3n para vivenda unifamiliar\u00a0_\u00a0Jes\u00fas Conde \u00b7\u00a0Vivenda unifamiliar en Tomi\u00f1o\u00a0_\u00a0Guadalupe Pi\u00f1era &nbsp; Equipamento Premio \u00b7\u00a0Centro Socio-cultural \u00c1gora en A Coru\u00f1a\u00a0_\u00a0Liliana Claudia Obal + Luis Rojo + Bego\u00f1a Fern\u00e1ndez-Shaw Finalistas<a href=\"https:\/\/arquitecturadegalicia.eu\/blog\/xv-premios-coag-2011\/\" title=\"Read more\" >&#8230;<\/a><\/p>\n","protected":false},"author":2,"featured_media":0,"parent":0,"menu_order":85,"comment_status":"open","ping_status":"open","template":"","meta":{"jetpack_post_was_ever_published":false,"footnotes":""},"class_list":["post-1698","page","type-page","status-publish","hentry","content-print"],"yoast_head":"<!-- This site is optimized with the Yoast SEO plugin v24.1 - https:\/\/yoast.com\/wordpress\/plugins\/seo\/ -->\n<title>XV Premios COAG 2012 | AG<\/title>\n<meta name=\"robots\" content=\"index, follow, max-snippet:-1, max-image-preview:large, max-video-preview:-1\" \/>\n<link rel=\"canonical\" href=\"https:\/\/arquitecturadegalicia.eu\/blog\/xv-premios-coag-2011\/\" \/>\n<meta property=\"og:locale\" content=\"es_ES\" \/>\n<meta property=\"og:type\" content=\"article\" \/>\n<meta property=\"og:title\" content=\"XV Premios COAG 2012 | AG\" \/>\n<meta property=\"og:description\" content=\"Vivenda Premio \u00b7\u00a0Rehabilitaci\u00f3n para 7 vivendas e local comercial\u00a0_\u00a0Perfecto Cend\u00f3n + Javier V\u00e1zquez Finalistas \u00b7\u00a0Rehabilitaci\u00f3n de casa e entorno en Corcubi\u00f3n\u00a0_\u00a0Juan Creus + Covadonga Carrasco \u00b7\u00a0Restructuraci\u00f3n de edificaci\u00f3n para vivenda unifamiliar\u00a0_\u00a0Jes\u00fas Conde \u00b7\u00a0Vivenda unifamiliar en Tomi\u00f1o\u00a0_\u00a0Guadalupe Pi\u00f1era &nbsp; Equipamento Premio \u00b7\u00a0Centro Socio-cultural \u00c1gora en A Coru\u00f1a\u00a0_\u00a0Liliana Claudia Obal + Luis Rojo + Bego\u00f1a Fern\u00e1ndez-Shaw Finalistas...\" \/>\n<meta property=\"og:url\" content=\"https:\/\/arquitecturadegalicia.eu\/blog\/xv-premios-coag-2011\/\" \/>\n<meta property=\"og:site_name\" content=\"AG\" \/>\n<meta property=\"article:publisher\" content=\"https:\/\/www.facebook.com\/ArquitecturadeGalicia\/\" \/>\n<meta property=\"article:modified_time\" content=\"2013-09-06T19:20:27+00:00\" \/>\n<meta name=\"twitter:card\" content=\"summary_large_image\" \/>\n<meta name=\"twitter:site\" content=\"@arquigaliciaeu\" \/>\n<meta name=\"twitter:label1\" content=\"Tiempo de lectura\" \/>\n\t<meta name=\"twitter:data1\" content=\"1 minuto\" \/>\n<script type=\"application\/ld+json\" class=\"yoast-schema-graph\">{\"@context\":\"https:\/\/schema.org\",\"@graph\":[{\"@type\":\"WebPage\",\"@id\":\"https:\/\/arquitecturadegalicia.eu\/blog\/xv-premios-coag-2011\/\",\"url\":\"https:\/\/arquitecturadegalicia.eu\/blog\/xv-premios-coag-2011\/\",\"name\":\"XV Premios COAG 2012 | AG\",\"isPartOf\":{\"@id\":\"http:\/\/arquitecturadegalicia.eu\/blog\/#website\"},\"datePublished\":\"2013-01-07T21:52:20+00:00\",\"dateModified\":\"2013-09-06T19:20:27+00:00\",\"breadcrumb\":{\"@id\":\"https:\/\/arquitecturadegalicia.eu\/blog\/xv-premios-coag-2011\/#breadcrumb\"},\"inLanguage\":\"es\",\"potentialAction\":[{\"@type\":\"ReadAction\",\"target\":[\"https:\/\/arquitecturadegalicia.eu\/blog\/xv-premios-coag-2011\/\"]}]},{\"@type\":\"BreadcrumbList\",\"@id\":\"https:\/\/arquitecturadegalicia.eu\/blog\/xv-premios-coag-2011\/#breadcrumb\",\"itemListElement\":[{\"@type\":\"ListItem\",\"position\":1,\"name\":\"Portada\",\"item\":\"http:\/\/arquitecturadegalicia.eu\/blog\/\"},{\"@type\":\"ListItem\",\"position\":2,\"name\":\"XV Premios COAG 2012\"}]},{\"@type\":\"WebSite\",\"@id\":\"http:\/\/arquitecturadegalicia.eu\/blog\/#website\",\"url\":\"http:\/\/arquitecturadegalicia.eu\/blog\/\",\"name\":\"AG\",\"description\":\"Arquitectura de Galicia\",\"publisher\":{\"@id\":\"http:\/\/arquitecturadegalicia.eu\/blog\/#organization\"},\"potentialAction\":[{\"@type\":\"SearchAction\",\"target\":{\"@type\":\"EntryPoint\",\"urlTemplate\":\"http:\/\/arquitecturadegalicia.eu\/blog\/?s={search_term_string}\"},\"query-input\":{\"@type\":\"PropertyValueSpecification\",\"valueRequired\":true,\"valueName\":\"search_term_string\"}}],\"inLanguage\":\"es\"},{\"@type\":\"Organization\",\"@id\":\"http:\/\/arquitecturadegalicia.eu\/blog\/#organization\",\"name\":\"Arquitectura de Galicia\",\"url\":\"http:\/\/arquitecturadegalicia.eu\/blog\/\",\"logo\":{\"@type\":\"ImageObject\",\"inLanguage\":\"es\",\"@id\":\"http:\/\/arquitecturadegalicia.eu\/blog\/#\/schema\/logo\/image\/\",\"url\":\"https:\/\/arquitecturadegalicia.eu\/blog\/wp-content\/uploads\/2017\/01\/arquitecturacurrents2.png\",\"contentUrl\":\"https:\/\/arquitecturadegalicia.eu\/blog\/wp-content\/uploads\/2017\/01\/arquitecturacurrents2.png\",\"width\":840,\"height\":640,\"caption\":\"Arquitectura de Galicia\"},\"image\":{\"@id\":\"http:\/\/arquitecturadegalicia.eu\/blog\/#\/schema\/logo\/image\/\"},\"sameAs\":[\"https:\/\/www.facebook.com\/ArquitecturadeGalicia\/\",\"https:\/\/x.com\/arquigaliciaeu\",\"https:\/\/www.instagram.com\/arquigaliciaeu\/\"]}]}<\/script>\n<!-- \/ Yoast SEO plugin. -->","yoast_head_json":{"title":"XV Premios COAG 2012 | AG","robots":{"index":"index","follow":"follow","max-snippet":"max-snippet:-1","max-image-preview":"max-image-preview:large","max-video-preview":"max-video-preview:-1"},"canonical":"https:\/\/arquitecturadegalicia.eu\/blog\/xv-premios-coag-2011\/","og_locale":"es_ES","og_type":"article","og_title":"XV Premios COAG 2012 | AG","og_description":"Vivenda Premio \u00b7\u00a0Rehabilitaci\u00f3n para 7 vivendas e local comercial\u00a0_\u00a0Perfecto Cend\u00f3n + Javier V\u00e1zquez Finalistas \u00b7\u00a0Rehabilitaci\u00f3n de casa e entorno en Corcubi\u00f3n\u00a0_\u00a0Juan Creus + Covadonga Carrasco \u00b7\u00a0Restructuraci\u00f3n de edificaci\u00f3n para vivenda unifamiliar\u00a0_\u00a0Jes\u00fas Conde \u00b7\u00a0Vivenda unifamiliar en Tomi\u00f1o\u00a0_\u00a0Guadalupe Pi\u00f1era &nbsp; Equipamento Premio \u00b7\u00a0Centro Socio-cultural \u00c1gora en A Coru\u00f1a\u00a0_\u00a0Liliana Claudia Obal + Luis Rojo + Bego\u00f1a Fern\u00e1ndez-Shaw Finalistas...","og_url":"https:\/\/arquitecturadegalicia.eu\/blog\/xv-premios-coag-2011\/","og_site_name":"AG","article_publisher":"https:\/\/www.facebook.com\/ArquitecturadeGalicia\/","article_modified_time":"2013-09-06T19:20:27+00:00","twitter_card":"summary_large_image","twitter_site":"@arquigaliciaeu","twitter_misc":{"Tiempo de lectura":"1 minuto"},"schema":{"@context":"https:\/\/schema.org","@graph":[{"@type":"WebPage","@id":"https:\/\/arquitecturadegalicia.eu\/blog\/xv-premios-coag-2011\/","url":"https:\/\/arquitecturadegalicia.eu\/blog\/xv-premios-coag-2011\/","name":"XV Premios COAG 2012 | AG","isPartOf":{"@id":"http:\/\/arquitecturadegalicia.eu\/blog\/#website"},"datePublished":"2013-01-07T21:52:20+00:00","dateModified":"2013-09-06T19:20:27+00:00","breadcrumb":{"@id":"https:\/\/arquitecturadegalicia.eu\/blog\/xv-premios-coag-2011\/#breadcrumb"},"inLanguage":"es","potentialAction":[{"@type":"ReadAction","target":["https:\/\/arquitecturadegalicia.eu\/blog\/xv-premios-coag-2011\/"]}]},{"@type":"BreadcrumbList","@id":"https:\/\/arquitecturadegalicia.eu\/blog\/xv-premios-coag-2011\/#breadcrumb","itemListElement":[{"@type":"ListItem","position":1,"name":"Portada","item":"http:\/\/arquitecturadegalicia.eu\/blog\/"},{"@type":"ListItem","position":2,"name":"XV Premios COAG 2012"}]},{"@type":"WebSite","@id":"http:\/\/arquitecturadegalicia.eu\/blog\/#website","url":"http:\/\/arquitecturadegalicia.eu\/blog\/","name":"AG","description":"Arquitectura de Galicia","publisher":{"@id":"http:\/\/arquitecturadegalicia.eu\/blog\/#organization"},"potentialAction":[{"@type":"SearchAction","target":{"@type":"EntryPoint","urlTemplate":"http:\/\/arquitecturadegalicia.eu\/blog\/?s={search_term_string}"},"query-input":{"@type":"PropertyValueSpecification","valueRequired":true,"valueName":"search_term_string"}}],"inLanguage":"es"},{"@type":"Organization","@id":"http:\/\/arquitecturadegalicia.eu\/blog\/#organization","name":"Arquitectura de Galicia","url":"http:\/\/arquitecturadegalicia.eu\/blog\/","logo":{"@type":"ImageObject","inLanguage":"es","@id":"http:\/\/arquitecturadegalicia.eu\/blog\/#\/schema\/logo\/image\/","url":"https:\/\/arquitecturadegalicia.eu\/blog\/wp-content\/uploads\/2017\/01\/arquitecturacurrents2.png","contentUrl":"https:\/\/arquitecturadegalicia.eu\/blog\/wp-content\/uploads\/2017\/01\/arquitecturacurrents2.png","width":840,"height":640,"caption":"Arquitectura de Galicia"},"image":{"@id":"http:\/\/arquitecturadegalicia.eu\/blog\/#\/schema\/logo\/image\/"},"sameAs":["https:\/\/www.facebook.com\/ArquitecturadeGalicia\/","https:\/\/x.com\/arquigaliciaeu","https:\/\/www.instagram.com\/arquigaliciaeu\/"]}]}},"jetpack_shortlink":"https:\/\/wp.me\/P2NHs2-ro","jetpack_sharing_enabled":true,"_links":{"self":[{"href":"https:\/\/arquitecturadegalicia.eu\/blog\/wp-json\/wp\/v2\/pages\/1698","targetHints":{"allow":["GET"]}}],"collection":[{"href":"https:\/\/arquitecturadegalicia.eu\/blog\/wp-json\/wp\/v2\/pages"}],"about":[{"href":"https:\/\/arquitecturadegalicia.eu\/blog\/wp-json\/wp\/v2\/types\/page"}],"author":[{"embeddable":true,"href":"https:\/\/arquitecturadegalicia.eu\/blog\/wp-json\/wp\/v2\/users\/2"}],"replies":[{"embeddable":true,"href":"https:\/\/arquitecturadegalicia.eu\/blog\/wp-json\/wp\/v2\/comments?post=1698"}],"version-history":[{"count":12,"href":"https:\/\/arquitecturadegalicia.eu\/blog\/wp-json\/wp\/v2\/pages\/1698\/revisions"}],"predecessor-version":[{"id":1780,"href":"https:\/\/arquitecturadegalicia.eu\/blog\/wp-json\/wp\/v2\/pages\/1698\/revisions\/1780"}],"wp:attachment":[{"href":"https:\/\/arquitecturadegalicia.eu\/blog\/wp-json\/wp\/v2\/media?parent=1698"}],"curies":[{"name":"wp","href":"https:\/\/api.w.org\/{rel}","templated":true}]}}