{"id":1700,"date":"2013-01-07T22:47:47","date_gmt":"2013-01-07T21:47:47","guid":{"rendered":"http:\/\/arquitecturadegalicia.eu\/blog\/?page_id=1700"},"modified":"2013-01-07T23:07:13","modified_gmt":"2013-01-07T22:07:13","slug":"i-premio-gallego-de-arquitectura-sostenible","status":"publish","type":"page","link":"https:\/\/arquitecturadegalicia.eu\/blog\/premios\/i-premio-gallego-de-arquitectura-sostenible\/","title":{"rendered":"I Premio Gallego de Arquitectura Sostenible"},"content":{"rendered":"<p dir=\"ltr\"><strong>Dise\u00f1o de vivienda nueva<\/strong><img decoding=\"async\" class=\"aligncenter\" alt=\"\" src=\"https:\/\/lh3.googleusercontent.com\/qtmxEfPM9bYU-lWIKFLNr5vdk9tlL1lNzTsunuF98KvqeMwRWSdQMi90bV5OlLNKeMk9tOVBSG4COrsGVc3nLwev5FEpVrL08QBbI-m40p9oJxUxFKWa\" width=\"212px;\" height=\"248px;\" \/><\/p>\n<p dir=\"ltr\">Vivienda unifamiliar en Ames [La Coru\u00f1a] _\u00a0Carlos B\u00f3veda Casado+Domingo Alberto Miranda Pol<\/p>\n<p><b><b>\u00a0<\/b><\/b><\/p>\n<p dir=\"ltr\"><strong>Rehabilitaci\u00f3n y recuperaci\u00f3n de edificaciones<br \/>\n<\/strong>DESIERTO<\/p>\n<p><b id=\"internal-source-marker_0.4308814611285925\"><br \/>\nDise\u00f1o de espacios sostenibles COMPARTIDO<\/b><\/p>\n<p><b id=\"internal-source-marker_0.4308814611285925\"><img decoding=\"async\" class=\"aligncenter\" alt=\"\" src=\"https:\/\/lh6.googleusercontent.com\/HQvjG6f3jiBukKKInv1fsAHM9d83H7XepFoxuyxxyq_n68gvXLEZkf6pVsYvCQbV471RP4rh0RuVqc1L6cdivb-pPxpxRaKATreCey2_dTcG1gl54qWP\" width=\"272px;\" height=\"128px;\" \/><\/b>Centro de Salud de To\u00e9n [Orense] _\u00a0Javier Franco Rabu\u00f1al+Vicente Pintos Santiago<\/p>\n<p><b id=\"internal-source-marker_0.4308814611285925\"><img decoding=\"async\" class=\"aligncenter\" alt=\"\" src=\"https:\/\/lh6.googleusercontent.com\/9ZrXr5AXxQusAp03MqKAhK-TKXDEWs8vq0NLvFNEdyuURGR9esn3-JIj7scJvpm1ediQSrzpZI2QLlOicW5HByUnZLD7FcX50PehzSj0i4FngNVMcShS\" width=\"190px;\" height=\"126px;\" \/><\/b>M\u00f3dulo de Aseos P\u00fablicos en Leiro [La Coru\u00f1a] _\u00a0Juan Jos\u00e9 Otero V\u00e1zquez+Cecilia L\u00f3pez Mui\u00f1os<\/p>\n","protected":false},"excerpt":{"rendered":"<p>Dise\u00f1o de vivienda nueva Vivienda unifamiliar en Ames [La Coru\u00f1a] _\u00a0Carlos B\u00f3veda Casado+Domingo Alberto Miranda Pol \u00a0 Rehabilitaci\u00f3n y recuperaci\u00f3n de edificaciones DESIERTO Dise\u00f1o de espacios sostenibles COMPARTIDO Centro de Salud de To\u00e9n [Orense] _\u00a0Javier Franco Rabu\u00f1al+Vicente Pintos Santiago M\u00f3dulo de Aseos P\u00fablicos en Leiro [La Coru\u00f1a] _\u00a0Juan Jos\u00e9 Otero V\u00e1zquez+Cecilia L\u00f3pez Mui\u00f1os<\/p>\n","protected":false},"author":2,"featured_media":0,"parent":325,"menu_order":4,"comment_status":"open","ping_status":"open","template":"","meta":{"jetpack_post_was_ever_published":false,"footnotes":""},"class_list":["post-1700","page","type-page","status-publish","hentry","content-print"],"yoast_head":"<!-- This site is optimized with the Yoast SEO plugin v24.1 - https:\/\/yoast.com\/wordpress\/plugins\/seo\/ -->\n<title>I Premio Gallego de Arquitectura Sostenible | AG<\/title>\n<meta name=\"robots\" content=\"index, follow, max-snippet:-1, max-image-preview:large, max-video-preview:-1\" \/>\n<link rel=\"canonical\" href=\"https:\/\/arquitecturadegalicia.eu\/blog\/premios\/i-premio-gallego-de-arquitectura-sostenible\/\" \/>\n<meta property=\"og:locale\" content=\"es_ES\" \/>\n<meta property=\"og:type\" content=\"article\" \/>\n<meta property=\"og:title\" content=\"I Premio Gallego de Arquitectura Sostenible | AG\" \/>\n<meta property=\"og:description\" content=\"Dise\u00f1o de vivienda nueva Vivienda unifamiliar en Ames [La Coru\u00f1a] _\u00a0Carlos B\u00f3veda Casado+Domingo Alberto Miranda Pol \u00a0 Rehabilitaci\u00f3n y recuperaci\u00f3n de edificaciones DESIERTO Dise\u00f1o de espacios sostenibles COMPARTIDO Centro de Salud de To\u00e9n [Orense] _\u00a0Javier Franco Rabu\u00f1al+Vicente Pintos Santiago M\u00f3dulo de Aseos P\u00fablicos en Leiro [La Coru\u00f1a] _\u00a0Juan Jos\u00e9 Otero V\u00e1zquez+Cecilia L\u00f3pez Mui\u00f1os\" \/>\n<meta property=\"og:url\" content=\"https:\/\/arquitecturadegalicia.eu\/blog\/premios\/i-premio-gallego-de-arquitectura-sostenible\/\" \/>\n<meta property=\"og:site_name\" content=\"AG\" \/>\n<meta property=\"article:publisher\" content=\"https:\/\/www.facebook.com\/ArquitecturadeGalicia\/\" \/>\n<meta property=\"article:modified_time\" content=\"2013-01-07T22:07:13+00:00\" \/>\n<meta property=\"og:image\" content=\"https:\/\/lh3.googleusercontent.com\/qtmxEfPM9bYU-lWIKFLNr5vdk9tlL1lNzTsunuF98KvqeMwRWSdQMi90bV5OlLNKeMk9tOVBSG4COrsGVc3nLwev5FEpVrL08QBbI-m40p9oJxUxFKWa\" \/>\n<meta name=\"twitter:card\" content=\"summary_large_image\" \/>\n<meta name=\"twitter:site\" content=\"@arquigaliciaeu\" \/>\n<script type=\"application\/ld+json\" class=\"yoast-schema-graph\">{\"@context\":\"https:\/\/schema.org\",\"@graph\":[{\"@type\":\"WebPage\",\"@id\":\"https:\/\/arquitecturadegalicia.eu\/blog\/premios\/i-premio-gallego-de-arquitectura-sostenible\/\",\"url\":\"https:\/\/arquitecturadegalicia.eu\/blog\/premios\/i-premio-gallego-de-arquitectura-sostenible\/\",\"name\":\"I Premio Gallego de Arquitectura Sostenible | AG\",\"isPartOf\":{\"@id\":\"http:\/\/arquitecturadegalicia.eu\/blog\/#website\"},\"primaryImageOfPage\":{\"@id\":\"https:\/\/arquitecturadegalicia.eu\/blog\/premios\/i-premio-gallego-de-arquitectura-sostenible\/#primaryimage\"},\"image\":{\"@id\":\"https:\/\/arquitecturadegalicia.eu\/blog\/premios\/i-premio-gallego-de-arquitectura-sostenible\/#primaryimage\"},\"thumbnailUrl\":\"https:\/\/lh3.googleusercontent.com\/qtmxEfPM9bYU-lWIKFLNr5vdk9tlL1lNzTsunuF98KvqeMwRWSdQMi90bV5OlLNKeMk9tOVBSG4COrsGVc3nLwev5FEpVrL08QBbI-m40p9oJxUxFKWa\",\"datePublished\":\"2013-01-07T21:47:47+00:00\",\"dateModified\":\"2013-01-07T22:07:13+00:00\",\"breadcrumb\":{\"@id\":\"https:\/\/arquitecturadegalicia.eu\/blog\/premios\/i-premio-gallego-de-arquitectura-sostenible\/#breadcrumb\"},\"inLanguage\":\"es\",\"potentialAction\":[{\"@type\":\"ReadAction\",\"target\":[\"https:\/\/arquitecturadegalicia.eu\/blog\/premios\/i-premio-gallego-de-arquitectura-sostenible\/\"]}]},{\"@type\":\"ImageObject\",\"inLanguage\":\"es\",\"@id\":\"https:\/\/arquitecturadegalicia.eu\/blog\/premios\/i-premio-gallego-de-arquitectura-sostenible\/#primaryimage\",\"url\":\"https:\/\/lh3.googleusercontent.com\/qtmxEfPM9bYU-lWIKFLNr5vdk9tlL1lNzTsunuF98KvqeMwRWSdQMi90bV5OlLNKeMk9tOVBSG4COrsGVc3nLwev5FEpVrL08QBbI-m40p9oJxUxFKWa\",\"contentUrl\":\"https:\/\/lh3.googleusercontent.com\/qtmxEfPM9bYU-lWIKFLNr5vdk9tlL1lNzTsunuF98KvqeMwRWSdQMi90bV5OlLNKeMk9tOVBSG4COrsGVc3nLwev5FEpVrL08QBbI-m40p9oJxUxFKWa\"},{\"@type\":\"BreadcrumbList\",\"@id\":\"https:\/\/arquitecturadegalicia.eu\/blog\/premios\/i-premio-gallego-de-arquitectura-sostenible\/#breadcrumb\",\"itemListElement\":[{\"@type\":\"ListItem\",\"position\":1,\"name\":\"Portada\",\"item\":\"http:\/\/arquitecturadegalicia.eu\/blog\/\"},{\"@type\":\"ListItem\",\"position\":2,\"name\":\"Premios\",\"item\":\"http:\/\/arquitecturadegalicia.eu\/blog\/premios\/\"},{\"@type\":\"ListItem\",\"position\":3,\"name\":\"I Premio Gallego de Arquitectura Sostenible\"}]},{\"@type\":\"WebSite\",\"@id\":\"http:\/\/arquitecturadegalicia.eu\/blog\/#website\",\"url\":\"http:\/\/arquitecturadegalicia.eu\/blog\/\",\"name\":\"AG\",\"description\":\"Arquitectura de Galicia\",\"publisher\":{\"@id\":\"http:\/\/arquitecturadegalicia.eu\/blog\/#organization\"},\"potentialAction\":[{\"@type\":\"SearchAction\",\"target\":{\"@type\":\"EntryPoint\",\"urlTemplate\":\"http:\/\/arquitecturadegalicia.eu\/blog\/?s={search_term_string}\"},\"query-input\":{\"@type\":\"PropertyValueSpecification\",\"valueRequired\":true,\"valueName\":\"search_term_string\"}}],\"inLanguage\":\"es\"},{\"@type\":\"Organization\",\"@id\":\"http:\/\/arquitecturadegalicia.eu\/blog\/#organization\",\"name\":\"Arquitectura de Galicia\",\"url\":\"http:\/\/arquitecturadegalicia.eu\/blog\/\",\"logo\":{\"@type\":\"ImageObject\",\"inLanguage\":\"es\",\"@id\":\"http:\/\/arquitecturadegalicia.eu\/blog\/#\/schema\/logo\/image\/\",\"url\":\"https:\/\/arquitecturadegalicia.eu\/blog\/wp-content\/uploads\/2017\/01\/arquitecturacurrents2.png\",\"contentUrl\":\"https:\/\/arquitecturadegalicia.eu\/blog\/wp-content\/uploads\/2017\/01\/arquitecturacurrents2.png\",\"width\":840,\"height\":640,\"caption\":\"Arquitectura de Galicia\"},\"image\":{\"@id\":\"http:\/\/arquitecturadegalicia.eu\/blog\/#\/schema\/logo\/image\/\"},\"sameAs\":[\"https:\/\/www.facebook.com\/ArquitecturadeGalicia\/\",\"https:\/\/x.com\/arquigaliciaeu\",\"https:\/\/www.instagram.com\/arquigaliciaeu\/\"]}]}<\/script>\n<!-- \/ Yoast SEO plugin. -->","yoast_head_json":{"title":"I Premio Gallego de Arquitectura Sostenible | AG","robots":{"index":"index","follow":"follow","max-snippet":"max-snippet:-1","max-image-preview":"max-image-preview:large","max-video-preview":"max-video-preview:-1"},"canonical":"https:\/\/arquitecturadegalicia.eu\/blog\/premios\/i-premio-gallego-de-arquitectura-sostenible\/","og_locale":"es_ES","og_type":"article","og_title":"I Premio Gallego de Arquitectura Sostenible | AG","og_description":"Dise\u00f1o de vivienda nueva Vivienda unifamiliar en Ames [La Coru\u00f1a] _\u00a0Carlos B\u00f3veda Casado+Domingo Alberto Miranda Pol \u00a0 Rehabilitaci\u00f3n y recuperaci\u00f3n de edificaciones DESIERTO Dise\u00f1o de espacios sostenibles COMPARTIDO Centro de Salud de To\u00e9n [Orense] _\u00a0Javier Franco Rabu\u00f1al+Vicente Pintos Santiago M\u00f3dulo de Aseos P\u00fablicos en Leiro [La Coru\u00f1a] _\u00a0Juan Jos\u00e9 Otero V\u00e1zquez+Cecilia L\u00f3pez Mui\u00f1os","og_url":"https:\/\/arquitecturadegalicia.eu\/blog\/premios\/i-premio-gallego-de-arquitectura-sostenible\/","og_site_name":"AG","article_publisher":"https:\/\/www.facebook.com\/ArquitecturadeGalicia\/","article_modified_time":"2013-01-07T22:07:13+00:00","og_image":[{"url":"https:\/\/lh3.googleusercontent.com\/qtmxEfPM9bYU-lWIKFLNr5vdk9tlL1lNzTsunuF98KvqeMwRWSdQMi90bV5OlLNKeMk9tOVBSG4COrsGVc3nLwev5FEpVrL08QBbI-m40p9oJxUxFKWa","type":"","width":"","height":""}],"twitter_card":"summary_large_image","twitter_site":"@arquigaliciaeu","schema":{"@context":"https:\/\/schema.org","@graph":[{"@type":"WebPage","@id":"https:\/\/arquitecturadegalicia.eu\/blog\/premios\/i-premio-gallego-de-arquitectura-sostenible\/","url":"https:\/\/arquitecturadegalicia.eu\/blog\/premios\/i-premio-gallego-de-arquitectura-sostenible\/","name":"I Premio Gallego de Arquitectura Sostenible | AG","isPartOf":{"@id":"http:\/\/arquitecturadegalicia.eu\/blog\/#website"},"primaryImageOfPage":{"@id":"https:\/\/arquitecturadegalicia.eu\/blog\/premios\/i-premio-gallego-de-arquitectura-sostenible\/#primaryimage"},"image":{"@id":"https:\/\/arquitecturadegalicia.eu\/blog\/premios\/i-premio-gallego-de-arquitectura-sostenible\/#primaryimage"},"thumbnailUrl":"https:\/\/lh3.googleusercontent.com\/qtmxEfPM9bYU-lWIKFLNr5vdk9tlL1lNzTsunuF98KvqeMwRWSdQMi90bV5OlLNKeMk9tOVBSG4COrsGVc3nLwev5FEpVrL08QBbI-m40p9oJxUxFKWa","datePublished":"2013-01-07T21:47:47+00:00","dateModified":"2013-01-07T22:07:13+00:00","breadcrumb":{"@id":"https:\/\/arquitecturadegalicia.eu\/blog\/premios\/i-premio-gallego-de-arquitectura-sostenible\/#breadcrumb"},"inLanguage":"es","potentialAction":[{"@type":"ReadAction","target":["https:\/\/arquitecturadegalicia.eu\/blog\/premios\/i-premio-gallego-de-arquitectura-sostenible\/"]}]},{"@type":"ImageObject","inLanguage":"es","@id":"https:\/\/arquitecturadegalicia.eu\/blog\/premios\/i-premio-gallego-de-arquitectura-sostenible\/#primaryimage","url":"https:\/\/lh3.googleusercontent.com\/qtmxEfPM9bYU-lWIKFLNr5vdk9tlL1lNzTsunuF98KvqeMwRWSdQMi90bV5OlLNKeMk9tOVBSG4COrsGVc3nLwev5FEpVrL08QBbI-m40p9oJxUxFKWa","contentUrl":"https:\/\/lh3.googleusercontent.com\/qtmxEfPM9bYU-lWIKFLNr5vdk9tlL1lNzTsunuF98KvqeMwRWSdQMi90bV5OlLNKeMk9tOVBSG4COrsGVc3nLwev5FEpVrL08QBbI-m40p9oJxUxFKWa"},{"@type":"BreadcrumbList","@id":"https:\/\/arquitecturadegalicia.eu\/blog\/premios\/i-premio-gallego-de-arquitectura-sostenible\/#breadcrumb","itemListElement":[{"@type":"ListItem","position":1,"name":"Portada","item":"http:\/\/arquitecturadegalicia.eu\/blog\/"},{"@type":"ListItem","position":2,"name":"Premios","item":"http:\/\/arquitecturadegalicia.eu\/blog\/premios\/"},{"@type":"ListItem","position":3,"name":"I Premio Gallego de Arquitectura Sostenible"}]},{"@type":"WebSite","@id":"http:\/\/arquitecturadegalicia.eu\/blog\/#website","url":"http:\/\/arquitecturadegalicia.eu\/blog\/","name":"AG","description":"Arquitectura de Galicia","publisher":{"@id":"http:\/\/arquitecturadegalicia.eu\/blog\/#organization"},"potentialAction":[{"@type":"SearchAction","target":{"@type":"EntryPoint","urlTemplate":"http:\/\/arquitecturadegalicia.eu\/blog\/?s={search_term_string}"},"query-input":{"@type":"PropertyValueSpecification","valueRequired":true,"valueName":"search_term_string"}}],"inLanguage":"es"},{"@type":"Organization","@id":"http:\/\/arquitecturadegalicia.eu\/blog\/#organization","name":"Arquitectura de Galicia","url":"http:\/\/arquitecturadegalicia.eu\/blog\/","logo":{"@type":"ImageObject","inLanguage":"es","@id":"http:\/\/arquitecturadegalicia.eu\/blog\/#\/schema\/logo\/image\/","url":"https:\/\/arquitecturadegalicia.eu\/blog\/wp-content\/uploads\/2017\/01\/arquitecturacurrents2.png","contentUrl":"https:\/\/arquitecturadegalicia.eu\/blog\/wp-content\/uploads\/2017\/01\/arquitecturacurrents2.png","width":840,"height":640,"caption":"Arquitectura de Galicia"},"image":{"@id":"http:\/\/arquitecturadegalicia.eu\/blog\/#\/schema\/logo\/image\/"},"sameAs":["https:\/\/www.facebook.com\/ArquitecturadeGalicia\/","https:\/\/x.com\/arquigaliciaeu","https:\/\/www.instagram.com\/arquigaliciaeu\/"]}]}},"jetpack_shortlink":"https:\/\/wp.me\/P2NHs2-rq","jetpack_sharing_enabled":true,"_links":{"self":[{"href":"https:\/\/arquitecturadegalicia.eu\/blog\/wp-json\/wp\/v2\/pages\/1700","targetHints":{"allow":["GET"]}}],"collection":[{"href":"https:\/\/arquitecturadegalicia.eu\/blog\/wp-json\/wp\/v2\/pages"}],"about":[{"href":"https:\/\/arquitecturadegalicia.eu\/blog\/wp-json\/wp\/v2\/types\/page"}],"author":[{"embeddable":true,"href":"https:\/\/arquitecturadegalicia.eu\/blog\/wp-json\/wp\/v2\/users\/2"}],"replies":[{"embeddable":true,"href":"https:\/\/arquitecturadegalicia.eu\/blog\/wp-json\/wp\/v2\/comments?post=1700"}],"version-history":[{"count":4,"href":"https:\/\/arquitecturadegalicia.eu\/blog\/wp-json\/wp\/v2\/pages\/1700\/revisions"}],"predecessor-version":[{"id":1741,"href":"https:\/\/arquitecturadegalicia.eu\/blog\/wp-json\/wp\/v2\/pages\/1700\/revisions\/1741"}],"up":[{"embeddable":true,"href":"https:\/\/arquitecturadegalicia.eu\/blog\/wp-json\/wp\/v2\/pages\/325"}],"wp:attachment":[{"href":"https:\/\/arquitecturadegalicia.eu\/blog\/wp-json\/wp\/v2\/media?parent=1700"}],"curies":[{"name":"wp","href":"https:\/\/api.w.org\/{rel}","templated":true}]}}