{"id":1702,"date":"2013-01-07T22:52:16","date_gmt":"2013-01-07T21:52:16","guid":{"rendered":"http:\/\/arquitecturadegalicia.eu\/blog\/?page_id=1702"},"modified":"2013-01-07T22:52:16","modified_gmt":"2013-01-07T21:52:16","slug":"premio-rodriguez-pena-2007","status":"publish","type":"page","link":"https:\/\/arquitecturadegalicia.eu\/blog\/premios\/premio-rodriguez-pena-2007\/","title":{"rendered":"Premio Rodr\u00edguez Pe\u00f1a 2007"},"content":{"rendered":"<p dir=\"ltr\"><strong>Premio<\/strong><\/p>\n<p dir=\"ltr\">\u00b7 Rehabilitaci\u00f3n de vivenda unifamiliar no casco hist\u00f3rico de Santiago _ <a href=\"http:\/\/arquitecturadegalicia.eu\/blog\/?tag=abaloalonso\"><strong>Elisabeth Abalo e Gonzalo Alonso<\/strong><\/a><a href=\"https:\/\/maps.google.com\/maps\/ms?msid=205584753861089304839.0004b3590a9baff01c53d&amp;msa=0&amp;ll=42.881463,-8.537039&amp;spn=0.0006,0.001206&amp;iwloc=0004cec47080bcc099fb5\"><br \/>\n<\/a><\/p>\n<p><b><b>\u00a0<\/b><\/b><\/p>\n<p dir=\"ltr\"><strong>Menci\u00f3n<\/strong><\/p>\n<p dir=\"ltr\">\u00b7 <strong><a href=\"http:\/\/arquitecturadegalicia.eu\/blog\/?p=603\">Estudio de arquitectura. Rehabilitaci\u00f3n no barrio hist\u00f3rico da Coru\u00f1a<\/a><\/strong> _ <strong><a href=\"http:\/\/arquitecturadegalicia.eu\/blog\/?tag=creusecarrasco\">creusecarrasco<\/a><\/strong><\/p>\n<p dir=\"ltr\">\u00b7 Limpeza e posta en valor de ponte medieval en Ponteledesmo _ <a href=\"http:\/\/arquitecturadegalicia.eu\/blog\/?tag=abaloalonso\"><strong>Elisabeth Abalo e Gonzalo Alonso<\/strong><\/a><\/p>\n<p><b><b>\u00a0<\/b><\/b><\/p>\n<p dir=\"ltr\"><strong>Candidaturas<\/strong><\/p>\n<p dir=\"ltr\">\u00b7 Rehabilitaci\u00f3n do Pazo de Lestrove-Dodro _ Antonio Amado<\/p>\n<p dir=\"ltr\">\u00b7 Hotel Monumento San Francisco _ Francisco Castro e Pedro Alonso<\/p>\n<p dir=\"ltr\">\u00b7 Proxecto de restauraci\u00f3n e reordenaci\u00f3n da Praza do Campo da Fraga _ Henrique Seoane<\/p>\n<p dir=\"ltr\">\u00b7 Proxecto de rehabilitaci\u00f3n de vivenda unifamiliar _ Jos\u00e9 Antonio Sumay Rey<\/p>\n<p dir=\"ltr\">\u00b7 Rehabilitaci\u00f3n de edificio para uso administrativo _ Antonio Rodicio P\u00e9rez e M\u00aa Carmen Gonz\u00e1les Iglesias<\/p>\n<p dir=\"ltr\">\u00b7 Sede para o Reitorado da Universidade de Vigo _ Jes\u00fas Aser Fole Osorio<\/p>\n<p dir=\"ltr\">\u00b7 Reconstrucci\u00f3n de vivenda unifamiliar _ Jos\u00e9 Ram\u00f3n Romero Riadigos<\/p>\n<p dir=\"ltr\">\u00b7 Rehabilitaci\u00f3n de vivenda unifamiliar _ Antonio Varela e Roberto Costas<\/p>\n<p dir=\"ltr\">\u00b7 Rehabilitaci\u00f3n de vivenda unifamiliar _ Julio de Bernardo G\u00f3mez<\/p>\n<p>&nbsp;<\/p>\n","protected":false},"excerpt":{"rendered":"<p>Premio \u00b7 Rehabilitaci\u00f3n de vivenda unifamiliar no casco hist\u00f3rico de Santiago _ Elisabeth Abalo e Gonzalo Alonso \u00a0 Menci\u00f3n \u00b7 Estudio de arquitectura. Rehabilitaci\u00f3n no barrio hist\u00f3rico da Coru\u00f1a _ creusecarrasco \u00b7 Limpeza e posta en valor de ponte medieval en Ponteledesmo _ Elisabeth Abalo e Gonzalo Alonso \u00a0 Candidaturas \u00b7 Rehabilitaci\u00f3n do Pazo de<a href=\"https:\/\/arquitecturadegalicia.eu\/blog\/premios\/premio-rodriguez-pena-2007\/\" title=\"Read more\" >&#8230;<\/a><\/p>\n","protected":false},"author":2,"featured_media":0,"parent":325,"menu_order":5,"comment_status":"open","ping_status":"open","template":"","meta":{"jetpack_post_was_ever_published":false,"footnotes":""},"class_list":["post-1702","page","type-page","status-publish","hentry","content-print"],"yoast_head":"<!-- This site is optimized with the Yoast SEO plugin v24.1 - https:\/\/yoast.com\/wordpress\/plugins\/seo\/ -->\n<title>Premio Rodr\u00edguez Pe\u00f1a 2007 | AG<\/title>\n<meta name=\"robots\" content=\"index, follow, max-snippet:-1, max-image-preview:large, max-video-preview:-1\" \/>\n<link rel=\"canonical\" href=\"https:\/\/arquitecturadegalicia.eu\/blog\/premios\/premio-rodriguez-pena-2007\/\" \/>\n<meta property=\"og:locale\" content=\"es_ES\" \/>\n<meta property=\"og:type\" content=\"article\" \/>\n<meta property=\"og:title\" content=\"Premio Rodr\u00edguez Pe\u00f1a 2007 | AG\" \/>\n<meta property=\"og:description\" content=\"Premio \u00b7 Rehabilitaci\u00f3n de vivenda unifamiliar no casco hist\u00f3rico de Santiago _ Elisabeth Abalo e Gonzalo Alonso \u00a0 Menci\u00f3n \u00b7 Estudio de arquitectura. Rehabilitaci\u00f3n no barrio hist\u00f3rico da Coru\u00f1a _ creusecarrasco \u00b7 Limpeza e posta en valor de ponte medieval en Ponteledesmo _ Elisabeth Abalo e Gonzalo Alonso \u00a0 Candidaturas \u00b7 Rehabilitaci\u00f3n do Pazo de...\" \/>\n<meta property=\"og:url\" content=\"https:\/\/arquitecturadegalicia.eu\/blog\/premios\/premio-rodriguez-pena-2007\/\" \/>\n<meta property=\"og:site_name\" content=\"AG\" \/>\n<meta property=\"article:publisher\" content=\"https:\/\/www.facebook.com\/ArquitecturadeGalicia\/\" \/>\n<meta name=\"twitter:card\" content=\"summary_large_image\" \/>\n<meta name=\"twitter:site\" content=\"@arquigaliciaeu\" \/>\n<meta name=\"twitter:label1\" content=\"Tiempo de lectura\" \/>\n\t<meta name=\"twitter:data1\" content=\"1 minuto\" \/>\n<script type=\"application\/ld+json\" class=\"yoast-schema-graph\">{\"@context\":\"https:\/\/schema.org\",\"@graph\":[{\"@type\":\"WebPage\",\"@id\":\"https:\/\/arquitecturadegalicia.eu\/blog\/premios\/premio-rodriguez-pena-2007\/\",\"url\":\"https:\/\/arquitecturadegalicia.eu\/blog\/premios\/premio-rodriguez-pena-2007\/\",\"name\":\"Premio Rodr\u00edguez Pe\u00f1a 2007 | AG\",\"isPartOf\":{\"@id\":\"http:\/\/arquitecturadegalicia.eu\/blog\/#website\"},\"datePublished\":\"2013-01-07T21:52:16+00:00\",\"dateModified\":\"2013-01-07T21:52:16+00:00\",\"breadcrumb\":{\"@id\":\"https:\/\/arquitecturadegalicia.eu\/blog\/premios\/premio-rodriguez-pena-2007\/#breadcrumb\"},\"inLanguage\":\"es\",\"potentialAction\":[{\"@type\":\"ReadAction\",\"target\":[\"https:\/\/arquitecturadegalicia.eu\/blog\/premios\/premio-rodriguez-pena-2007\/\"]}]},{\"@type\":\"BreadcrumbList\",\"@id\":\"https:\/\/arquitecturadegalicia.eu\/blog\/premios\/premio-rodriguez-pena-2007\/#breadcrumb\",\"itemListElement\":[{\"@type\":\"ListItem\",\"position\":1,\"name\":\"Portada\",\"item\":\"http:\/\/arquitecturadegalicia.eu\/blog\/\"},{\"@type\":\"ListItem\",\"position\":2,\"name\":\"Premios\",\"item\":\"http:\/\/arquitecturadegalicia.eu\/blog\/premios\/\"},{\"@type\":\"ListItem\",\"position\":3,\"name\":\"Premio Rodr\u00edguez Pe\u00f1a 2007\"}]},{\"@type\":\"WebSite\",\"@id\":\"http:\/\/arquitecturadegalicia.eu\/blog\/#website\",\"url\":\"http:\/\/arquitecturadegalicia.eu\/blog\/\",\"name\":\"AG\",\"description\":\"Arquitectura de Galicia\",\"publisher\":{\"@id\":\"http:\/\/arquitecturadegalicia.eu\/blog\/#organization\"},\"potentialAction\":[{\"@type\":\"SearchAction\",\"target\":{\"@type\":\"EntryPoint\",\"urlTemplate\":\"http:\/\/arquitecturadegalicia.eu\/blog\/?s={search_term_string}\"},\"query-input\":{\"@type\":\"PropertyValueSpecification\",\"valueRequired\":true,\"valueName\":\"search_term_string\"}}],\"inLanguage\":\"es\"},{\"@type\":\"Organization\",\"@id\":\"http:\/\/arquitecturadegalicia.eu\/blog\/#organization\",\"name\":\"Arquitectura de Galicia\",\"url\":\"http:\/\/arquitecturadegalicia.eu\/blog\/\",\"logo\":{\"@type\":\"ImageObject\",\"inLanguage\":\"es\",\"@id\":\"http:\/\/arquitecturadegalicia.eu\/blog\/#\/schema\/logo\/image\/\",\"url\":\"https:\/\/arquitecturadegalicia.eu\/blog\/wp-content\/uploads\/2017\/01\/arquitecturacurrents2.png\",\"contentUrl\":\"https:\/\/arquitecturadegalicia.eu\/blog\/wp-content\/uploads\/2017\/01\/arquitecturacurrents2.png\",\"width\":840,\"height\":640,\"caption\":\"Arquitectura de Galicia\"},\"image\":{\"@id\":\"http:\/\/arquitecturadegalicia.eu\/blog\/#\/schema\/logo\/image\/\"},\"sameAs\":[\"https:\/\/www.facebook.com\/ArquitecturadeGalicia\/\",\"https:\/\/x.com\/arquigaliciaeu\",\"https:\/\/www.instagram.com\/arquigaliciaeu\/\"]}]}<\/script>\n<!-- \/ Yoast SEO plugin. -->","yoast_head_json":{"title":"Premio Rodr\u00edguez Pe\u00f1a 2007 | AG","robots":{"index":"index","follow":"follow","max-snippet":"max-snippet:-1","max-image-preview":"max-image-preview:large","max-video-preview":"max-video-preview:-1"},"canonical":"https:\/\/arquitecturadegalicia.eu\/blog\/premios\/premio-rodriguez-pena-2007\/","og_locale":"es_ES","og_type":"article","og_title":"Premio Rodr\u00edguez Pe\u00f1a 2007 | AG","og_description":"Premio \u00b7 Rehabilitaci\u00f3n de vivenda unifamiliar no casco hist\u00f3rico de Santiago _ Elisabeth Abalo e Gonzalo Alonso \u00a0 Menci\u00f3n \u00b7 Estudio de arquitectura. Rehabilitaci\u00f3n no barrio hist\u00f3rico da Coru\u00f1a _ creusecarrasco \u00b7 Limpeza e posta en valor de ponte medieval en Ponteledesmo _ Elisabeth Abalo e Gonzalo Alonso \u00a0 Candidaturas \u00b7 Rehabilitaci\u00f3n do Pazo de...","og_url":"https:\/\/arquitecturadegalicia.eu\/blog\/premios\/premio-rodriguez-pena-2007\/","og_site_name":"AG","article_publisher":"https:\/\/www.facebook.com\/ArquitecturadeGalicia\/","twitter_card":"summary_large_image","twitter_site":"@arquigaliciaeu","twitter_misc":{"Tiempo de lectura":"1 minuto"},"schema":{"@context":"https:\/\/schema.org","@graph":[{"@type":"WebPage","@id":"https:\/\/arquitecturadegalicia.eu\/blog\/premios\/premio-rodriguez-pena-2007\/","url":"https:\/\/arquitecturadegalicia.eu\/blog\/premios\/premio-rodriguez-pena-2007\/","name":"Premio Rodr\u00edguez Pe\u00f1a 2007 | AG","isPartOf":{"@id":"http:\/\/arquitecturadegalicia.eu\/blog\/#website"},"datePublished":"2013-01-07T21:52:16+00:00","dateModified":"2013-01-07T21:52:16+00:00","breadcrumb":{"@id":"https:\/\/arquitecturadegalicia.eu\/blog\/premios\/premio-rodriguez-pena-2007\/#breadcrumb"},"inLanguage":"es","potentialAction":[{"@type":"ReadAction","target":["https:\/\/arquitecturadegalicia.eu\/blog\/premios\/premio-rodriguez-pena-2007\/"]}]},{"@type":"BreadcrumbList","@id":"https:\/\/arquitecturadegalicia.eu\/blog\/premios\/premio-rodriguez-pena-2007\/#breadcrumb","itemListElement":[{"@type":"ListItem","position":1,"name":"Portada","item":"http:\/\/arquitecturadegalicia.eu\/blog\/"},{"@type":"ListItem","position":2,"name":"Premios","item":"http:\/\/arquitecturadegalicia.eu\/blog\/premios\/"},{"@type":"ListItem","position":3,"name":"Premio Rodr\u00edguez Pe\u00f1a 2007"}]},{"@type":"WebSite","@id":"http:\/\/arquitecturadegalicia.eu\/blog\/#website","url":"http:\/\/arquitecturadegalicia.eu\/blog\/","name":"AG","description":"Arquitectura de Galicia","publisher":{"@id":"http:\/\/arquitecturadegalicia.eu\/blog\/#organization"},"potentialAction":[{"@type":"SearchAction","target":{"@type":"EntryPoint","urlTemplate":"http:\/\/arquitecturadegalicia.eu\/blog\/?s={search_term_string}"},"query-input":{"@type":"PropertyValueSpecification","valueRequired":true,"valueName":"search_term_string"}}],"inLanguage":"es"},{"@type":"Organization","@id":"http:\/\/arquitecturadegalicia.eu\/blog\/#organization","name":"Arquitectura de Galicia","url":"http:\/\/arquitecturadegalicia.eu\/blog\/","logo":{"@type":"ImageObject","inLanguage":"es","@id":"http:\/\/arquitecturadegalicia.eu\/blog\/#\/schema\/logo\/image\/","url":"https:\/\/arquitecturadegalicia.eu\/blog\/wp-content\/uploads\/2017\/01\/arquitecturacurrents2.png","contentUrl":"https:\/\/arquitecturadegalicia.eu\/blog\/wp-content\/uploads\/2017\/01\/arquitecturacurrents2.png","width":840,"height":640,"caption":"Arquitectura de Galicia"},"image":{"@id":"http:\/\/arquitecturadegalicia.eu\/blog\/#\/schema\/logo\/image\/"},"sameAs":["https:\/\/www.facebook.com\/ArquitecturadeGalicia\/","https:\/\/x.com\/arquigaliciaeu","https:\/\/www.instagram.com\/arquigaliciaeu\/"]}]}},"jetpack_shortlink":"https:\/\/wp.me\/P2NHs2-rs","jetpack_sharing_enabled":true,"_links":{"self":[{"href":"https:\/\/arquitecturadegalicia.eu\/blog\/wp-json\/wp\/v2\/pages\/1702","targetHints":{"allow":["GET"]}}],"collection":[{"href":"https:\/\/arquitecturadegalicia.eu\/blog\/wp-json\/wp\/v2\/pages"}],"about":[{"href":"https:\/\/arquitecturadegalicia.eu\/blog\/wp-json\/wp\/v2\/types\/page"}],"author":[{"embeddable":true,"href":"https:\/\/arquitecturadegalicia.eu\/blog\/wp-json\/wp\/v2\/users\/2"}],"replies":[{"embeddable":true,"href":"https:\/\/arquitecturadegalicia.eu\/blog\/wp-json\/wp\/v2\/comments?post=1702"}],"version-history":[{"count":4,"href":"https:\/\/arquitecturadegalicia.eu\/blog\/wp-json\/wp\/v2\/pages\/1702\/revisions"}],"predecessor-version":[{"id":1778,"href":"https:\/\/arquitecturadegalicia.eu\/blog\/wp-json\/wp\/v2\/pages\/1702\/revisions\/1778"}],"up":[{"embeddable":true,"href":"https:\/\/arquitecturadegalicia.eu\/blog\/wp-json\/wp\/v2\/pages\/325"}],"wp:attachment":[{"href":"https:\/\/arquitecturadegalicia.eu\/blog\/wp-json\/wp\/v2\/media?parent=1702"}],"curies":[{"name":"wp","href":"https:\/\/api.w.org\/{rel}","templated":true}]}}