{"id":1705,"date":"2013-01-07T22:52:07","date_gmt":"2013-01-07T21:52:07","guid":{"rendered":"http:\/\/arquitecturadegalicia.eu\/blog\/?page_id=1705"},"modified":"2013-01-07T22:52:07","modified_gmt":"2013-01-07T21:52:07","slug":"premio-rodriguez-pena-2009","status":"publish","type":"page","link":"https:\/\/arquitecturadegalicia.eu\/blog\/premios\/premio-rodriguez-pena-2009\/","title":{"rendered":"Premio Rodr\u00edguez Pe\u00f1a 2009"},"content":{"rendered":"<p dir=\"ltr\"><strong>Premio<\/strong><\/p>\n<p dir=\"ltr\">\u00b7 Rehabilitaci\u00f3n de vivenda unifamiliar. Porto de Bares _ Marcos \u00c1lvarez Montes<\/p>\n<p><b><b>\u00a0<\/b><\/b><\/p>\n<p dir=\"ltr\"><strong>Menci\u00f3n<\/strong><\/p>\n<p dir=\"ltr\">\u00b7 Pavimentaci\u00f3n e mellora dos espazos libres no n\u00facleo de Santa Mari\u00f1a de Augas Santas. Allariz _ Marta Somoza Medina<br \/>\n\u00b7 Rehabilitaci\u00f3n da casa de turismo rural. A Posta da Prata. Taboada _ Gonzalo Crecente Maseda e Javier Fern\u00e1ndez Fuertes<\/p>\n<p dir=\"ltr\"><strong>Candidaturas<\/strong><\/p>\n<p dir=\"ltr\">\u00b7 Rehabilitaci\u00f3n do Castelo de Moeche _ Alejandra Quint\u00e1s Casais<br \/>\n\u00b7 Acondicionamento de local de oficinas na cidade vella. Lugo _ Pablo Mart\u00edn Fern\u00e1ndez Castro<br \/>\n\u00b7 Rehabilitaci\u00f3n de vivenda unifamiliar. Atalaia. Viasc\u00f3n _ Pablo Men\u00e9ndez Paz<br \/>\n\u00b7 Rehabilitaci\u00f3n de vivenda unifamiliar. Santiago de Compostela _ Xulio Turnes Vieito<br \/>\n\u00b7 Rehabilitaci\u00f3n dun conxunto de casetas da Fontevella e do seu contorno inmediato na punta de Caldebarcos. Carnota _ Elisa Gallego Picard<br \/>\n\u00b7 Pavimentaci\u00f3n e Ordenaci\u00f3n do cami\u00f1o da Petada. San Clodio _ C Cecilia L\u00f3pez Mu\u00ed\u00f1os e Juan Jos\u00e9 Otero<br \/>\n\u00b7 Reforma de vivenda-estudio. A Coru\u00f1a _ Rafel Pier, Cristina Vilari\u00f1o, Alfredo Gonz\u00e1lez e Eva Est\u00e9vez<br \/>\n\u00b7 12 vivendas no barrio de San Francisco. Cambados _ Sara Besada Porto e Bel\u00e9n Luc\u00eda Salgado Segovia<br \/>\n\u00b7 Rehabilitaci\u00f3n de edificio para usos multiples. Vilagarc\u00eda de Arousa _ Jos\u00e9 Lu\u00eds Recuna Cui\u00f1a e Jos\u00e9 Mar\u00eda Fern\u00e1ndez Dapena.<br \/>\n\u00b7 Rehabilitaci\u00f3n de edificio para local comercial e vivenda. Santiago de Compostela _ Jos\u00e9 Lu\u00eds Recuna Cui\u00f1a e Jos\u00e9 Mar\u00eda Fern\u00e1ndez Dapena.<br \/>\n\u00b7 Rehabilitaci\u00f3n de edificio para baixo comercial e 6 vivendas. Vilagarc\u00eda de Arousa _ Jos\u00e9 Lu\u00eds Recuna Cui\u00f1a e Jos\u00e9 Mar\u00eda Fern\u00e1ndez Dapena.<br \/>\n\u00b7 Rehabilitaci\u00f3n de edificio B+3+BC. A Coru\u00f1a _ Ignacio Pedrosa P\u00e9rez<br \/>\n\u00b7 Vivenda unifamiliar. Larouco _ Bel\u00e9n Dom\u00ednguez Santalla e Roberto Costas P\u00e9rez<br \/>\n\u00b7 Rehabilitaci\u00f3n da Casa da Conga. Santiago de Compostela _ Victor M Gonz\u00e1lez Magdalena, Belinda Besada Vergara e Marister Fa\u00edlde Ferreiro<br \/>\n\u00b7 Rehabilitaci\u00f3n da Casa de Valverde para diversos usos. Allariz _ Iago Seara Morales<br \/>\n\u00b7 Rehabilitaci\u00f3n da Audiencia Provincial. Lugo _ Jos\u00e9 Manuel Berm\u00fadez Gra\u00ed\u00f1o, Lucila Nieto Zas e Jos\u00e9 R Garitaonaindia de Vera<br \/>\n\u00b7 Rehabilitaci\u00f3n de vivenda. Santiago de Compostela _ Jos\u00e9 Ram\u00f3n Quiroga Calvi\u00f1o<br \/>\n\u00b7 Rehabilitaci\u00f3n do Pazo de Orban e Sangro para hotel. Lugo _ Jorge Salvador Fern\u00e1ndez, Manuel L\u00f3pez Guitar, Alberte Gonz\u00e1lez Rodr\u00edguez e Jorge G\u00f3mez Cereijo.<br \/>\n\u00b7 Remodelaci\u00f3n da Casa Grande de Vilavella. A Mezquita _ Fernando Blanco Guerra<br \/>\n\u00b7 Rehabilitaci\u00f3n de nave-establo para casa de turismo rural. Cervantes _ Jes\u00fas Quiroga L\u00f3pez<br \/>\n\u00b7 Rehabilitaci\u00f3n de vivenda unifamiliar. Santiago de Compostela _ Gonzalo Crecente Maseda e Javier Fern\u00e1ndez Fuertes<\/p>\n","protected":false},"excerpt":{"rendered":"<p>Premio \u00b7 Rehabilitaci\u00f3n de vivenda unifamiliar. Porto de Bares _ Marcos \u00c1lvarez Montes \u00a0 Menci\u00f3n \u00b7 Pavimentaci\u00f3n e mellora dos espazos libres no n\u00facleo de Santa Mari\u00f1a de Augas Santas. Allariz _ Marta Somoza Medina \u00b7 Rehabilitaci\u00f3n da casa de turismo rural. A Posta da Prata. Taboada _ Gonzalo Crecente Maseda e Javier Fern\u00e1ndez Fuertes<a href=\"https:\/\/arquitecturadegalicia.eu\/blog\/premios\/premio-rodriguez-pena-2009\/\" title=\"Read more\" >&#8230;<\/a><\/p>\n","protected":false},"author":2,"featured_media":0,"parent":325,"menu_order":4,"comment_status":"open","ping_status":"open","template":"","meta":{"jetpack_post_was_ever_published":false,"footnotes":""},"class_list":["post-1705","page","type-page","status-publish","hentry","content-print"],"yoast_head":"<!-- This site is optimized with the Yoast SEO plugin v24.1 - https:\/\/yoast.com\/wordpress\/plugins\/seo\/ -->\n<title>Premio Rodr\u00edguez Pe\u00f1a 2009 | AG<\/title>\n<meta name=\"robots\" content=\"index, follow, max-snippet:-1, max-image-preview:large, max-video-preview:-1\" \/>\n<link rel=\"canonical\" href=\"https:\/\/arquitecturadegalicia.eu\/blog\/premios\/premio-rodriguez-pena-2009\/\" \/>\n<meta property=\"og:locale\" content=\"es_ES\" \/>\n<meta property=\"og:type\" content=\"article\" \/>\n<meta property=\"og:title\" content=\"Premio Rodr\u00edguez Pe\u00f1a 2009 | AG\" \/>\n<meta property=\"og:description\" content=\"Premio \u00b7 Rehabilitaci\u00f3n de vivenda unifamiliar. Porto de Bares _ Marcos \u00c1lvarez Montes \u00a0 Menci\u00f3n \u00b7 Pavimentaci\u00f3n e mellora dos espazos libres no n\u00facleo de Santa Mari\u00f1a de Augas Santas. Allariz _ Marta Somoza Medina \u00b7 Rehabilitaci\u00f3n da casa de turismo rural. A Posta da Prata. Taboada _ Gonzalo Crecente Maseda e Javier Fern\u00e1ndez Fuertes...\" \/>\n<meta property=\"og:url\" content=\"https:\/\/arquitecturadegalicia.eu\/blog\/premios\/premio-rodriguez-pena-2009\/\" \/>\n<meta property=\"og:site_name\" content=\"AG\" \/>\n<meta property=\"article:publisher\" content=\"https:\/\/www.facebook.com\/ArquitecturadeGalicia\/\" \/>\n<meta name=\"twitter:card\" content=\"summary_large_image\" \/>\n<meta name=\"twitter:site\" content=\"@arquigaliciaeu\" \/>\n<meta name=\"twitter:label1\" content=\"Tiempo de lectura\" \/>\n\t<meta name=\"twitter:data1\" content=\"2 minutos\" \/>\n<script type=\"application\/ld+json\" class=\"yoast-schema-graph\">{\"@context\":\"https:\/\/schema.org\",\"@graph\":[{\"@type\":\"WebPage\",\"@id\":\"https:\/\/arquitecturadegalicia.eu\/blog\/premios\/premio-rodriguez-pena-2009\/\",\"url\":\"https:\/\/arquitecturadegalicia.eu\/blog\/premios\/premio-rodriguez-pena-2009\/\",\"name\":\"Premio Rodr\u00edguez Pe\u00f1a 2009 | AG\",\"isPartOf\":{\"@id\":\"http:\/\/arquitecturadegalicia.eu\/blog\/#website\"},\"datePublished\":\"2013-01-07T21:52:07+00:00\",\"dateModified\":\"2013-01-07T21:52:07+00:00\",\"breadcrumb\":{\"@id\":\"https:\/\/arquitecturadegalicia.eu\/blog\/premios\/premio-rodriguez-pena-2009\/#breadcrumb\"},\"inLanguage\":\"es\",\"potentialAction\":[{\"@type\":\"ReadAction\",\"target\":[\"https:\/\/arquitecturadegalicia.eu\/blog\/premios\/premio-rodriguez-pena-2009\/\"]}]},{\"@type\":\"BreadcrumbList\",\"@id\":\"https:\/\/arquitecturadegalicia.eu\/blog\/premios\/premio-rodriguez-pena-2009\/#breadcrumb\",\"itemListElement\":[{\"@type\":\"ListItem\",\"position\":1,\"name\":\"Portada\",\"item\":\"http:\/\/arquitecturadegalicia.eu\/blog\/\"},{\"@type\":\"ListItem\",\"position\":2,\"name\":\"Premios\",\"item\":\"http:\/\/arquitecturadegalicia.eu\/blog\/premios\/\"},{\"@type\":\"ListItem\",\"position\":3,\"name\":\"Premio Rodr\u00edguez Pe\u00f1a 2009\"}]},{\"@type\":\"WebSite\",\"@id\":\"http:\/\/arquitecturadegalicia.eu\/blog\/#website\",\"url\":\"http:\/\/arquitecturadegalicia.eu\/blog\/\",\"name\":\"AG\",\"description\":\"Arquitectura de Galicia\",\"publisher\":{\"@id\":\"http:\/\/arquitecturadegalicia.eu\/blog\/#organization\"},\"potentialAction\":[{\"@type\":\"SearchAction\",\"target\":{\"@type\":\"EntryPoint\",\"urlTemplate\":\"http:\/\/arquitecturadegalicia.eu\/blog\/?s={search_term_string}\"},\"query-input\":{\"@type\":\"PropertyValueSpecification\",\"valueRequired\":true,\"valueName\":\"search_term_string\"}}],\"inLanguage\":\"es\"},{\"@type\":\"Organization\",\"@id\":\"http:\/\/arquitecturadegalicia.eu\/blog\/#organization\",\"name\":\"Arquitectura de Galicia\",\"url\":\"http:\/\/arquitecturadegalicia.eu\/blog\/\",\"logo\":{\"@type\":\"ImageObject\",\"inLanguage\":\"es\",\"@id\":\"http:\/\/arquitecturadegalicia.eu\/blog\/#\/schema\/logo\/image\/\",\"url\":\"https:\/\/arquitecturadegalicia.eu\/blog\/wp-content\/uploads\/2017\/01\/arquitecturacurrents2.png\",\"contentUrl\":\"https:\/\/arquitecturadegalicia.eu\/blog\/wp-content\/uploads\/2017\/01\/arquitecturacurrents2.png\",\"width\":840,\"height\":640,\"caption\":\"Arquitectura de Galicia\"},\"image\":{\"@id\":\"http:\/\/arquitecturadegalicia.eu\/blog\/#\/schema\/logo\/image\/\"},\"sameAs\":[\"https:\/\/www.facebook.com\/ArquitecturadeGalicia\/\",\"https:\/\/x.com\/arquigaliciaeu\",\"https:\/\/www.instagram.com\/arquigaliciaeu\/\"]}]}<\/script>\n<!-- \/ Yoast SEO plugin. -->","yoast_head_json":{"title":"Premio Rodr\u00edguez Pe\u00f1a 2009 | AG","robots":{"index":"index","follow":"follow","max-snippet":"max-snippet:-1","max-image-preview":"max-image-preview:large","max-video-preview":"max-video-preview:-1"},"canonical":"https:\/\/arquitecturadegalicia.eu\/blog\/premios\/premio-rodriguez-pena-2009\/","og_locale":"es_ES","og_type":"article","og_title":"Premio Rodr\u00edguez Pe\u00f1a 2009 | AG","og_description":"Premio \u00b7 Rehabilitaci\u00f3n de vivenda unifamiliar. Porto de Bares _ Marcos \u00c1lvarez Montes \u00a0 Menci\u00f3n \u00b7 Pavimentaci\u00f3n e mellora dos espazos libres no n\u00facleo de Santa Mari\u00f1a de Augas Santas. Allariz _ Marta Somoza Medina \u00b7 Rehabilitaci\u00f3n da casa de turismo rural. A Posta da Prata. Taboada _ Gonzalo Crecente Maseda e Javier Fern\u00e1ndez Fuertes...","og_url":"https:\/\/arquitecturadegalicia.eu\/blog\/premios\/premio-rodriguez-pena-2009\/","og_site_name":"AG","article_publisher":"https:\/\/www.facebook.com\/ArquitecturadeGalicia\/","twitter_card":"summary_large_image","twitter_site":"@arquigaliciaeu","twitter_misc":{"Tiempo de lectura":"2 minutos"},"schema":{"@context":"https:\/\/schema.org","@graph":[{"@type":"WebPage","@id":"https:\/\/arquitecturadegalicia.eu\/blog\/premios\/premio-rodriguez-pena-2009\/","url":"https:\/\/arquitecturadegalicia.eu\/blog\/premios\/premio-rodriguez-pena-2009\/","name":"Premio Rodr\u00edguez Pe\u00f1a 2009 | AG","isPartOf":{"@id":"http:\/\/arquitecturadegalicia.eu\/blog\/#website"},"datePublished":"2013-01-07T21:52:07+00:00","dateModified":"2013-01-07T21:52:07+00:00","breadcrumb":{"@id":"https:\/\/arquitecturadegalicia.eu\/blog\/premios\/premio-rodriguez-pena-2009\/#breadcrumb"},"inLanguage":"es","potentialAction":[{"@type":"ReadAction","target":["https:\/\/arquitecturadegalicia.eu\/blog\/premios\/premio-rodriguez-pena-2009\/"]}]},{"@type":"BreadcrumbList","@id":"https:\/\/arquitecturadegalicia.eu\/blog\/premios\/premio-rodriguez-pena-2009\/#breadcrumb","itemListElement":[{"@type":"ListItem","position":1,"name":"Portada","item":"http:\/\/arquitecturadegalicia.eu\/blog\/"},{"@type":"ListItem","position":2,"name":"Premios","item":"http:\/\/arquitecturadegalicia.eu\/blog\/premios\/"},{"@type":"ListItem","position":3,"name":"Premio Rodr\u00edguez Pe\u00f1a 2009"}]},{"@type":"WebSite","@id":"http:\/\/arquitecturadegalicia.eu\/blog\/#website","url":"http:\/\/arquitecturadegalicia.eu\/blog\/","name":"AG","description":"Arquitectura de Galicia","publisher":{"@id":"http:\/\/arquitecturadegalicia.eu\/blog\/#organization"},"potentialAction":[{"@type":"SearchAction","target":{"@type":"EntryPoint","urlTemplate":"http:\/\/arquitecturadegalicia.eu\/blog\/?s={search_term_string}"},"query-input":{"@type":"PropertyValueSpecification","valueRequired":true,"valueName":"search_term_string"}}],"inLanguage":"es"},{"@type":"Organization","@id":"http:\/\/arquitecturadegalicia.eu\/blog\/#organization","name":"Arquitectura de Galicia","url":"http:\/\/arquitecturadegalicia.eu\/blog\/","logo":{"@type":"ImageObject","inLanguage":"es","@id":"http:\/\/arquitecturadegalicia.eu\/blog\/#\/schema\/logo\/image\/","url":"https:\/\/arquitecturadegalicia.eu\/blog\/wp-content\/uploads\/2017\/01\/arquitecturacurrents2.png","contentUrl":"https:\/\/arquitecturadegalicia.eu\/blog\/wp-content\/uploads\/2017\/01\/arquitecturacurrents2.png","width":840,"height":640,"caption":"Arquitectura de Galicia"},"image":{"@id":"http:\/\/arquitecturadegalicia.eu\/blog\/#\/schema\/logo\/image\/"},"sameAs":["https:\/\/www.facebook.com\/ArquitecturadeGalicia\/","https:\/\/x.com\/arquigaliciaeu","https:\/\/www.instagram.com\/arquigaliciaeu\/"]}]}},"jetpack_shortlink":"https:\/\/wp.me\/P2NHs2-rv","jetpack_sharing_enabled":true,"_links":{"self":[{"href":"https:\/\/arquitecturadegalicia.eu\/blog\/wp-json\/wp\/v2\/pages\/1705","targetHints":{"allow":["GET"]}}],"collection":[{"href":"https:\/\/arquitecturadegalicia.eu\/blog\/wp-json\/wp\/v2\/pages"}],"about":[{"href":"https:\/\/arquitecturadegalicia.eu\/blog\/wp-json\/wp\/v2\/types\/page"}],"author":[{"embeddable":true,"href":"https:\/\/arquitecturadegalicia.eu\/blog\/wp-json\/wp\/v2\/users\/2"}],"replies":[{"embeddable":true,"href":"https:\/\/arquitecturadegalicia.eu\/blog\/wp-json\/wp\/v2\/comments?post=1705"}],"version-history":[{"count":3,"href":"https:\/\/arquitecturadegalicia.eu\/blog\/wp-json\/wp\/v2\/pages\/1705\/revisions"}],"predecessor-version":[{"id":1775,"href":"https:\/\/arquitecturadegalicia.eu\/blog\/wp-json\/wp\/v2\/pages\/1705\/revisions\/1775"}],"up":[{"embeddable":true,"href":"https:\/\/arquitecturadegalicia.eu\/blog\/wp-json\/wp\/v2\/pages\/325"}],"wp:attachment":[{"href":"https:\/\/arquitecturadegalicia.eu\/blog\/wp-json\/wp\/v2\/media?parent=1705"}],"curies":[{"name":"wp","href":"https:\/\/api.w.org\/{rel}","templated":true}]}}