{"id":1720,"date":"2013-01-07T22:52:10","date_gmt":"2013-01-07T21:52:10","guid":{"rendered":"http:\/\/arquitecturadegalicia.eu\/blog\/?page_id=1720"},"modified":"2014-11-08T20:17:51","modified_gmt":"2014-11-08T19:17:51","slug":"premios-xoana-de-vega-2009","status":"publish","type":"page","link":"https:\/\/arquitecturadegalicia.eu\/blog\/premios\/premios-xoana-de-vega-de-arquitectura\/premios-xoana-de-vega-2009\/","title":{"rendered":"Premios Xoana de Vega 2009"},"content":{"rendered":"<p dir=\"ltr\"><strong>Primeiro Premio<\/strong><\/p>\n<ul>\n<li><a href=\"http:\/\/arquitecturadegalicia.eu\/blog\/?p=379\"><strong>Vivenda unifaniliar\u00a0en Vilari\u00f1o, Ald\u00e1n<\/strong><\/a>, por\u00a0<a href=\"http:\/\/arquiteturagaliza.nixiweb.com\/?tag=alfonso-penela\">Alfonso Penela\u00a0Fern\u00e1ndez<\/a>.<\/li>\n<\/ul>\n<p>&nbsp;<\/p>\n<p dir=\"ltr\"><strong>Acc\u00e9sits<\/strong><\/p>\n<ul>\n<li dir=\"ltr\"><strong>Vivenda en Vilagarc\u00eda de Arousa<\/strong>, por Jos\u00e9 Luis Recuna Cu\u00ed\u00f1a e Jos\u00e9 Mar\u00eda Fern\u00e1ndez Dapena.<\/li>\n<li dir=\"ltr\"><a href=\"http:\/\/arquitecturadegalicia.eu\/blog\/?p=11139\"><strong>Vivenda no lugar de Pi\u00f1eir\u00f3n, Ribadumia<\/strong><\/a>, por <a href=\"http:\/\/arquitecturadegalicia.eu\/blog\/?tag=rodriguez-pintos\">Jaime Rodr\u00edguez Abilleira e Santiago Pintos Pena<\/a>.<\/li>\n<\/ul>\n<h3><\/h3>\n<p>&nbsp;<\/p>\n<h3><a href=\"http:\/\/www.escolagalegadapaisaxe.org\/ga\/mactividades\/premios\/arquitectura\/?f=2009\">Acta final do xurado<\/a><\/h3>\n<p>\u00abEl 14 de septiembre de 2009, a las 21.00 horas, se re\u00fane el jurado en Carril (Villagarc\u00eda de Arosa), integrado por las siguientes personas:<\/p>\n<table border=\"0\" width=\"75%\" cellspacing=\"0\" cellpadding=\"3\" align=\"center\">\n<tbody>\n<tr>\n<td valign=\"top\"><strong>Presidente en funciones<\/strong><\/td>\n<td>Xos\u00e9 Manuel Casabella L\u00f3pez<\/td>\n<\/tr>\n<tr>\n<td valign=\"top\"><strong>Secretario<\/strong><\/td>\n<td>Enrique S\u00e1ez Ponte<\/td>\n<\/tr>\n<tr>\n<td valign=\"top\"><strong>Vocales<\/strong><\/td>\n<td>Manuel Caama\u00f1o Su\u00e1rezGon\u00e7alo ByrneSalvador Fraga Rivas<\/p>\n<p>Francisco Xavier Seoane Rivas<\/p>\n<p>Manuel de la Iglesia P\u00e9rez (*)<\/td>\n<\/tr>\n<\/tbody>\n<\/table>\n<p>&nbsp;<\/p>\n<p>(*)Asiste en representaci\u00f3n de Celestino Garc\u00eda Bra\u00f1a.<\/p>\n<p>Durante todo el d\u00eda, se visitaron las 7 viviendas preseleccionadas en la sesi\u00f3n del 17 de julio. Adem\u00e1s, se visit\u00f3 una de las dos (situada en Vilanova de Arosa) que hab\u00edan sido separadas para analizar su posible inclusi\u00f3n en el proceso de selecci\u00f3n. El d\u00eda 3 de setiembre una delegaci\u00f3n compuesta por tres miembros del jurado, visit\u00f3 la otra obra que estaba en las mismas circunstancias, situada en Bergondo.<\/p>\n<p>El jurado hace una detenida valoraci\u00f3n, limitada a las siete viviendas preseleccionadas inicialmente, y toma por unanimidad los siguientes acuerdos:<\/p>\n<ol>\n<ol>\n<li>Conceder el Premio Juana de Vega de Arquitectura, para viviendas unifamiliares terminadas en el 2008, al arquitecto Alfonso Penela Fern\u00e1ndez, por su obra en Vilari\u00f1o &#8211; Hio (Cangas). El jurado valor\u00f3 especialmente el complejo y, al mismo tiempo, elegante dise\u00f1o de la casa, que puede funcionar como una sola vivienda o como cuatro viviendas unifamiliares. El edificio tiene rasgos navales que se pueden apreciar en sus cubiertas de zinc que hacen recordar a barcos invertidos, en las elaboradas soluciones constructivas, como la estructura met\u00e1lica, o en los elementos de compartimentaci\u00f3n interiores, como el mobiliario encastrado y las escaleras retr\u00e1ctiles, las puertas de comunicaci\u00f3n o la cuidada piel de madera de cedro y roble. El conjunto, presidido por las tres cubiertas de fuerte personalidad, se integra perfectamente en el n\u00facleo marinero en el que se sit\u00faa y que tambi\u00e9n se ve reflejado en los corredores exteriores, o en los peque\u00f1os callejones que separan y unen los cuerpos del edificio.<\/li>\n<li>Conceder un accesit a las siguientes obras:\n<ul>\n<li>Vivienda en Vilagarc\u00eda de Arousa de los arquitectos Jos\u00e9 Luis Recuna Cu\u00ed\u00f1a y Jos\u00e9 Mar\u00eda Fern\u00e1ndez Dapena por el dif\u00edcil logro de crear espacios de intimidad en un entorno semiurbano agresivo, con la presencia de una nave industrial al lado de la parcela y de una carretera de acceso al puerto, con mucho tr\u00e1fico de veh\u00edculos pesados. La construcci\u00f3n envuelve cari\u00f1osamente un jard\u00edn posterior, que es un remanso de paz en torno a una piscina, al mismo tiempo sus formas, fruto de un dise\u00f1o muy cuidado, transmiten equilibrio y resuelven con eficacia el programa de la casa.<\/li>\n<li>Vivienda en el lugar de Pi\u00f1eir\u00f3n (Ribadumia) de los arquitectos Jaime Rodr\u00edguez Abilleira y Santiago Pintos Pena. Destaca el jurado la buena combinaci\u00f3n lograda entre los edificios antiguos rehabilitados y la nueva construcci\u00f3n, a\u00f1adida para cumplir el programa funcional planteado por los promotores. Es especialmente salientable la harmon\u00eda de los espacios de interconexi\u00f3n de los elementos nuevos y antiguos, as\u00ed como la calidad constructiva de un conjunto integrado, que levita sobre una hect\u00e1rea de emparrado de uva albari\u00f1o.<\/li>\n<\/ul>\n<\/li>\n<li>Destacar, entre los finalistas, la obra presentada por Mart\u00edn de Cominges Carvallo en Aios (Sanxenxo). Un edificio que sobresale por a\u00f1adir a una arquitectura actual un elemento dominante en las Rias Baixas: el granito. Gracias a la buena combinaci\u00f3n de elementos constructivos y al equilibrio formal, la vivienda se incorpora con naturalidad a una ladera de casas expandidas sobre el mar, frente a la Isla de Ons.\u00bb<\/li>\n<\/ol>\n<\/ol>\n","protected":false},"excerpt":{"rendered":"<p>Primeiro Premio Vivenda unifaniliar\u00a0en Vilari\u00f1o, Ald\u00e1n, por\u00a0Alfonso Penela\u00a0Fern\u00e1ndez. &nbsp; Acc\u00e9sits Vivenda en Vilagarc\u00eda de Arousa, por Jos\u00e9 Luis Recuna Cu\u00ed\u00f1a e Jos\u00e9 Mar\u00eda Fern\u00e1ndez Dapena. Vivenda no lugar de Pi\u00f1eir\u00f3n, Ribadumia, por Jaime Rodr\u00edguez Abilleira e Santiago Pintos Pena. &nbsp; Acta final do xurado \u00abEl 14 de septiembre de 2009, a las 21.00 horas, se<a href=\"https:\/\/arquitecturadegalicia.eu\/blog\/premios\/premios-xoana-de-vega-de-arquitectura\/premios-xoana-de-vega-2009\/\" title=\"Read more\" >&#8230;<\/a><\/p>\n","protected":false},"author":2,"featured_media":0,"parent":331,"menu_order":4,"comment_status":"open","ping_status":"open","template":"","meta":{"jetpack_post_was_ever_published":false,"footnotes":""},"class_list":["post-1720","page","type-page","status-publish","hentry","content-print"],"yoast_head":"<!-- This site is optimized with the Yoast SEO plugin v24.1 - https:\/\/yoast.com\/wordpress\/plugins\/seo\/ -->\n<title>Premios Xoana de Vega 2009 | AG<\/title>\n<meta name=\"robots\" content=\"index, follow, max-snippet:-1, max-image-preview:large, max-video-preview:-1\" \/>\n<link rel=\"canonical\" href=\"http:\/\/arquitecturadegalicia.eu\/blog\/premios\/premios-xoana-de-vega-de-arquitectura\/premios-xoana-de-vega-2009\/\" \/>\n<meta property=\"og:locale\" content=\"es_ES\" \/>\n<meta property=\"og:type\" content=\"article\" \/>\n<meta property=\"og:title\" content=\"Premios Xoana de Vega 2009 | AG\" \/>\n<meta property=\"og:description\" content=\"Primeiro Premio Vivenda unifaniliar\u00a0en Vilari\u00f1o, Ald\u00e1n, por\u00a0Alfonso Penela\u00a0Fern\u00e1ndez. &nbsp; Acc\u00e9sits Vivenda en Vilagarc\u00eda de Arousa, por Jos\u00e9 Luis Recuna Cu\u00ed\u00f1a e Jos\u00e9 Mar\u00eda Fern\u00e1ndez Dapena. Vivenda no lugar de Pi\u00f1eir\u00f3n, Ribadumia, por Jaime Rodr\u00edguez Abilleira e Santiago Pintos Pena. &nbsp; Acta final do xurado \u00abEl 14 de septiembre de 2009, a las 21.00 horas, se...\" \/>\n<meta property=\"og:url\" content=\"http:\/\/arquitecturadegalicia.eu\/blog\/premios\/premios-xoana-de-vega-de-arquitectura\/premios-xoana-de-vega-2009\/\" \/>\n<meta property=\"og:site_name\" content=\"AG\" \/>\n<meta property=\"article:publisher\" content=\"https:\/\/www.facebook.com\/ArquitecturadeGalicia\/\" \/>\n<meta property=\"article:modified_time\" content=\"2014-11-08T19:17:51+00:00\" \/>\n<meta name=\"twitter:card\" content=\"summary_large_image\" \/>\n<meta name=\"twitter:site\" content=\"@arquigaliciaeu\" \/>\n<meta name=\"twitter:label1\" content=\"Tiempo de lectura\" \/>\n\t<meta name=\"twitter:data1\" content=\"3 minutos\" \/>\n<script type=\"application\/ld+json\" class=\"yoast-schema-graph\">{\"@context\":\"https:\/\/schema.org\",\"@graph\":[{\"@type\":\"WebPage\",\"@id\":\"http:\/\/arquitecturadegalicia.eu\/blog\/premios\/premios-xoana-de-vega-de-arquitectura\/premios-xoana-de-vega-2009\/\",\"url\":\"http:\/\/arquitecturadegalicia.eu\/blog\/premios\/premios-xoana-de-vega-de-arquitectura\/premios-xoana-de-vega-2009\/\",\"name\":\"Premios Xoana de Vega 2009 | AG\",\"isPartOf\":{\"@id\":\"http:\/\/arquitecturadegalicia.eu\/blog\/#website\"},\"datePublished\":\"2013-01-07T21:52:10+00:00\",\"dateModified\":\"2014-11-08T19:17:51+00:00\",\"breadcrumb\":{\"@id\":\"http:\/\/arquitecturadegalicia.eu\/blog\/premios\/premios-xoana-de-vega-de-arquitectura\/premios-xoana-de-vega-2009\/#breadcrumb\"},\"inLanguage\":\"es\",\"potentialAction\":[{\"@type\":\"ReadAction\",\"target\":[\"http:\/\/arquitecturadegalicia.eu\/blog\/premios\/premios-xoana-de-vega-de-arquitectura\/premios-xoana-de-vega-2009\/\"]}]},{\"@type\":\"BreadcrumbList\",\"@id\":\"http:\/\/arquitecturadegalicia.eu\/blog\/premios\/premios-xoana-de-vega-de-arquitectura\/premios-xoana-de-vega-2009\/#breadcrumb\",\"itemListElement\":[{\"@type\":\"ListItem\",\"position\":1,\"name\":\"Portada\",\"item\":\"http:\/\/arquitecturadegalicia.eu\/blog\/\"},{\"@type\":\"ListItem\",\"position\":2,\"name\":\"Premios\",\"item\":\"http:\/\/arquitecturadegalicia.eu\/blog\/premios\/\"},{\"@type\":\"ListItem\",\"position\":3,\"name\":\"Premios Xoana de Vega de Arquitectura\",\"item\":\"http:\/\/arquitecturadegalicia.eu\/blog\/premios\/premios-xoana-de-vega-de-arquitectura\/\"},{\"@type\":\"ListItem\",\"position\":4,\"name\":\"Premios Xoana de Vega 2009\"}]},{\"@type\":\"WebSite\",\"@id\":\"http:\/\/arquitecturadegalicia.eu\/blog\/#website\",\"url\":\"http:\/\/arquitecturadegalicia.eu\/blog\/\",\"name\":\"AG\",\"description\":\"Arquitectura de Galicia\",\"publisher\":{\"@id\":\"http:\/\/arquitecturadegalicia.eu\/blog\/#organization\"},\"potentialAction\":[{\"@type\":\"SearchAction\",\"target\":{\"@type\":\"EntryPoint\",\"urlTemplate\":\"http:\/\/arquitecturadegalicia.eu\/blog\/?s={search_term_string}\"},\"query-input\":{\"@type\":\"PropertyValueSpecification\",\"valueRequired\":true,\"valueName\":\"search_term_string\"}}],\"inLanguage\":\"es\"},{\"@type\":\"Organization\",\"@id\":\"http:\/\/arquitecturadegalicia.eu\/blog\/#organization\",\"name\":\"Arquitectura de Galicia\",\"url\":\"http:\/\/arquitecturadegalicia.eu\/blog\/\",\"logo\":{\"@type\":\"ImageObject\",\"inLanguage\":\"es\",\"@id\":\"http:\/\/arquitecturadegalicia.eu\/blog\/#\/schema\/logo\/image\/\",\"url\":\"https:\/\/arquitecturadegalicia.eu\/blog\/wp-content\/uploads\/2017\/01\/arquitecturacurrents2.png\",\"contentUrl\":\"https:\/\/arquitecturadegalicia.eu\/blog\/wp-content\/uploads\/2017\/01\/arquitecturacurrents2.png\",\"width\":840,\"height\":640,\"caption\":\"Arquitectura de Galicia\"},\"image\":{\"@id\":\"http:\/\/arquitecturadegalicia.eu\/blog\/#\/schema\/logo\/image\/\"},\"sameAs\":[\"https:\/\/www.facebook.com\/ArquitecturadeGalicia\/\",\"https:\/\/x.com\/arquigaliciaeu\",\"https:\/\/www.instagram.com\/arquigaliciaeu\/\"]}]}<\/script>\n<!-- \/ Yoast SEO plugin. -->","yoast_head_json":{"title":"Premios Xoana de Vega 2009 | AG","robots":{"index":"index","follow":"follow","max-snippet":"max-snippet:-1","max-image-preview":"max-image-preview:large","max-video-preview":"max-video-preview:-1"},"canonical":"http:\/\/arquitecturadegalicia.eu\/blog\/premios\/premios-xoana-de-vega-de-arquitectura\/premios-xoana-de-vega-2009\/","og_locale":"es_ES","og_type":"article","og_title":"Premios Xoana de Vega 2009 | AG","og_description":"Primeiro Premio Vivenda unifaniliar\u00a0en Vilari\u00f1o, Ald\u00e1n, por\u00a0Alfonso Penela\u00a0Fern\u00e1ndez. &nbsp; Acc\u00e9sits Vivenda en Vilagarc\u00eda de Arousa, por Jos\u00e9 Luis Recuna Cu\u00ed\u00f1a e Jos\u00e9 Mar\u00eda Fern\u00e1ndez Dapena. Vivenda no lugar de Pi\u00f1eir\u00f3n, Ribadumia, por Jaime Rodr\u00edguez Abilleira e Santiago Pintos Pena. &nbsp; Acta final do xurado \u00abEl 14 de septiembre de 2009, a las 21.00 horas, se...","og_url":"http:\/\/arquitecturadegalicia.eu\/blog\/premios\/premios-xoana-de-vega-de-arquitectura\/premios-xoana-de-vega-2009\/","og_site_name":"AG","article_publisher":"https:\/\/www.facebook.com\/ArquitecturadeGalicia\/","article_modified_time":"2014-11-08T19:17:51+00:00","twitter_card":"summary_large_image","twitter_site":"@arquigaliciaeu","twitter_misc":{"Tiempo de lectura":"3 minutos"},"schema":{"@context":"https:\/\/schema.org","@graph":[{"@type":"WebPage","@id":"http:\/\/arquitecturadegalicia.eu\/blog\/premios\/premios-xoana-de-vega-de-arquitectura\/premios-xoana-de-vega-2009\/","url":"http:\/\/arquitecturadegalicia.eu\/blog\/premios\/premios-xoana-de-vega-de-arquitectura\/premios-xoana-de-vega-2009\/","name":"Premios Xoana de Vega 2009 | AG","isPartOf":{"@id":"http:\/\/arquitecturadegalicia.eu\/blog\/#website"},"datePublished":"2013-01-07T21:52:10+00:00","dateModified":"2014-11-08T19:17:51+00:00","breadcrumb":{"@id":"http:\/\/arquitecturadegalicia.eu\/blog\/premios\/premios-xoana-de-vega-de-arquitectura\/premios-xoana-de-vega-2009\/#breadcrumb"},"inLanguage":"es","potentialAction":[{"@type":"ReadAction","target":["http:\/\/arquitecturadegalicia.eu\/blog\/premios\/premios-xoana-de-vega-de-arquitectura\/premios-xoana-de-vega-2009\/"]}]},{"@type":"BreadcrumbList","@id":"http:\/\/arquitecturadegalicia.eu\/blog\/premios\/premios-xoana-de-vega-de-arquitectura\/premios-xoana-de-vega-2009\/#breadcrumb","itemListElement":[{"@type":"ListItem","position":1,"name":"Portada","item":"http:\/\/arquitecturadegalicia.eu\/blog\/"},{"@type":"ListItem","position":2,"name":"Premios","item":"http:\/\/arquitecturadegalicia.eu\/blog\/premios\/"},{"@type":"ListItem","position":3,"name":"Premios Xoana de Vega de Arquitectura","item":"http:\/\/arquitecturadegalicia.eu\/blog\/premios\/premios-xoana-de-vega-de-arquitectura\/"},{"@type":"ListItem","position":4,"name":"Premios Xoana de Vega 2009"}]},{"@type":"WebSite","@id":"http:\/\/arquitecturadegalicia.eu\/blog\/#website","url":"http:\/\/arquitecturadegalicia.eu\/blog\/","name":"AG","description":"Arquitectura de Galicia","publisher":{"@id":"http:\/\/arquitecturadegalicia.eu\/blog\/#organization"},"potentialAction":[{"@type":"SearchAction","target":{"@type":"EntryPoint","urlTemplate":"http:\/\/arquitecturadegalicia.eu\/blog\/?s={search_term_string}"},"query-input":{"@type":"PropertyValueSpecification","valueRequired":true,"valueName":"search_term_string"}}],"inLanguage":"es"},{"@type":"Organization","@id":"http:\/\/arquitecturadegalicia.eu\/blog\/#organization","name":"Arquitectura de Galicia","url":"http:\/\/arquitecturadegalicia.eu\/blog\/","logo":{"@type":"ImageObject","inLanguage":"es","@id":"http:\/\/arquitecturadegalicia.eu\/blog\/#\/schema\/logo\/image\/","url":"https:\/\/arquitecturadegalicia.eu\/blog\/wp-content\/uploads\/2017\/01\/arquitecturacurrents2.png","contentUrl":"https:\/\/arquitecturadegalicia.eu\/blog\/wp-content\/uploads\/2017\/01\/arquitecturacurrents2.png","width":840,"height":640,"caption":"Arquitectura de Galicia"},"image":{"@id":"http:\/\/arquitecturadegalicia.eu\/blog\/#\/schema\/logo\/image\/"},"sameAs":["https:\/\/www.facebook.com\/ArquitecturadeGalicia\/","https:\/\/x.com\/arquigaliciaeu","https:\/\/www.instagram.com\/arquigaliciaeu\/"]}]}},"jetpack_shortlink":"https:\/\/wp.me\/P2NHs2-rK","jetpack_sharing_enabled":true,"_links":{"self":[{"href":"https:\/\/arquitecturadegalicia.eu\/blog\/wp-json\/wp\/v2\/pages\/1720","targetHints":{"allow":["GET"]}}],"collection":[{"href":"https:\/\/arquitecturadegalicia.eu\/blog\/wp-json\/wp\/v2\/pages"}],"about":[{"href":"https:\/\/arquitecturadegalicia.eu\/blog\/wp-json\/wp\/v2\/types\/page"}],"author":[{"embeddable":true,"href":"https:\/\/arquitecturadegalicia.eu\/blog\/wp-json\/wp\/v2\/users\/2"}],"replies":[{"embeddable":true,"href":"https:\/\/arquitecturadegalicia.eu\/blog\/wp-json\/wp\/v2\/comments?post=1720"}],"version-history":[{"count":9,"href":"https:\/\/arquitecturadegalicia.eu\/blog\/wp-json\/wp\/v2\/pages\/1720\/revisions"}],"predecessor-version":[{"id":13024,"href":"https:\/\/arquitecturadegalicia.eu\/blog\/wp-json\/wp\/v2\/pages\/1720\/revisions\/13024"}],"up":[{"embeddable":true,"href":"https:\/\/arquitecturadegalicia.eu\/blog\/wp-json\/wp\/v2\/pages\/331"}],"wp:attachment":[{"href":"https:\/\/arquitecturadegalicia.eu\/blog\/wp-json\/wp\/v2\/media?parent=1720"}],"curies":[{"name":"wp","href":"https:\/\/api.w.org\/{rel}","templated":true}]}}