{"id":1726,"date":"2013-01-07T22:52:26","date_gmt":"2013-01-07T21:52:26","guid":{"rendered":"http:\/\/arquitecturadegalicia.eu\/blog\/?page_id=1726"},"modified":"2014-11-08T20:49:25","modified_gmt":"2014-11-08T19:49:25","slug":"premios-xoana-de-vega-2006","status":"publish","type":"page","link":"https:\/\/arquitecturadegalicia.eu\/blog\/premios\/premios-xoana-de-vega-de-arquitectura\/premios-xoana-de-vega-2006\/","title":{"rendered":"Premios Xoana de Vega 2006"},"content":{"rendered":"<p dir=\"ltr\"><strong>Primeiro Premio<\/strong><\/p>\n<ul>\n<li><a href=\"http:\/\/arquitecturadegalicia.eu\/blog\/?p=3174\"><strong>Vivenda unifamiliar no lugar da Tellada, Betanzos<\/strong><\/a>, por <a href=\"http:\/\/arquitecturadegalicia.eu\/blog\/?tag=gonzalo-crescende-maseda\">Gonzalo Crecente Maseda<\/a> e <a href=\"http:\/\/arquitecturadegalicia.eu\/blog\/?tag=xose-manuel-rosales\">Xos\u00e9 Manuel Rosales Noves<\/a>.<\/li>\n<\/ul>\n<p>&nbsp;<\/p>\n<p dir=\"ltr\"><strong style=\"font-size: 13px;\">Acc\u00e9sits<\/strong><\/p>\n<ul>\n<li dir=\"ltr\"><a href=\"http:\/\/arquitecturadegalicia.eu\/blog\/?p=11115\"><strong>Vivenda unifamiliar en Toba, Cee<\/strong><\/a>, por <a href=\"http:\/\/arquitecturadegalicia.eu\/blog\/?tag=creusecarrasco\">Covadonga Carrasco L\u00f3pez e Juan Jos\u00e9 Creus Andrade<\/a>.<\/li>\n<li dir=\"ltr\"><strong>Vivenda unifamiliar en Lians, Oleiros<\/strong>, por Alfonso Fern\u00e1ndez Bern\u00e1rdez.<\/li>\n<\/ul>\n<p>&nbsp;<\/p>\n<p>&nbsp;<\/p>\n<p>&nbsp;<\/p>\n<p>&nbsp;<\/p>\n<h3><a href=\"http:\/\/www.escolagalegadapaisaxe.org\/ga\/mactividades\/premios\/arquitectura\/?f=2006\">Acta final del jurado<\/a><\/h3>\n<p>\u00abEn Nos (Oleiros), a las 18 horas, del 05-09-06 se re\u00fane el jurado, compuesto por las sguientes personas:<\/p>\n<table border=\"0\" width=\"75%\" cellspacing=\"0\" cellpadding=\"3\" align=\"center\">\n<tbody>\n<tr>\n<td valign=\"top\"><strong>Presidente<\/strong><\/td>\n<td>Celestino Garc\u00eda Bra\u00f1a<\/td>\n<\/tr>\n<tr>\n<td valign=\"top\"><strong>Secretario<\/strong><\/td>\n<td>Enrique S\u00e1ez Ponte<\/td>\n<\/tr>\n<tr>\n<td valign=\"top\"><strong>Vocales<\/strong><\/td>\n<td>Jos\u00e9 Manuel Casabella L\u00f3pez<\/p>\n<p>Manuel Caama\u00f1o Su\u00e1rez<\/p>\n<p>V\u00edctor Fern\u00e1ndez Freixanes<\/p>\n<p>Cristobal Crespo Gonz\u00e1lez<\/p>\n<p>Marta Rodr\u00edguez Fern\u00e1ndez<\/p>\n<p>&nbsp;<\/td>\n<\/tr>\n<\/tbody>\n<\/table>\n<p>Justifica su ausencia el vocal Alexandre Alves Costa.<\/p>\n<p>En la reuni\u00f3n anterior, celebrada el pasado 26 de junio, se seleccionaron seis obras finalistas entre las 19 presentadas. Todas ellas fueron visitadas con posterioridad por miembros del jurado. Se Procece a revisar y valorar la informaci\u00f3n sobre las finalistas y tras un debate toma los seguintes acuerdos:<\/p>\n<ol>\n<li>Conceder, por mayor\u00eda, el Premio Juana de Vega, para la mejor vivienda unifamiliar terminada en Galicia en el a\u00f1o 2005 a los arquitectos Gonzalo Crecente Maseda y Xos\u00e9 Manuel Rosales Noves, por su proyecto ejecutado en el lugar de Tellada (Betanzos). El jurado valor\u00f3 especialmente el equilibrio entre un buen dise\u00f1o, que concuerda con los usos previstos, con la integraci\u00f3n de la obra en su entorno natural, en un peque\u00f1o bosque de robles, abedules y casta\u00f1os, a lo que tambi\u00e9n contribuyen los materiales empleados, con predominio de madera.<\/li>\n<li>Conceder, por unanimidad, dos accesits a los siguientes trabajos:\n<ul>\n<li>Vivienda ejecutada en Toba (Cee), de los arquitectos Covadonga Carrasco L\u00f3pez y Juan Jos\u00e9 Creus Andrade, que destaca por la soluci\u00f3n adoptada, en base a dos volumenes baijo una cubierta a dos aguas invertida, que permite solucionar eficazmente la pendiente del terreno, los requerimentos de una familia de cuatro personas y el aprovechamiento de las privilegiadas vistas sobre la costa, respetando un viejo ejemplar de roble aut\u00f3ctono.<\/li>\n<li>Vivienda constru\u00edda en Lians (Oleiros) del arquitecto Alfonso Fern\u00e1ndez Bern\u00e1rdez. El jurado valor\u00f3 la moderna soluci\u00f3n volum\u00e9trica establecida, resuelta con elegancia y precisi\u00f3n, que permite mantener espacios de intimidad para la familia que la habita en un \u00e1rea muy urbanizada.<\/li>\n<\/ul>\n<\/li>\n<\/ol>\n<p>Por \u00faltimo el Jurado quiere destacar la alta calidad general de los trabajos premiados que dificult\u00f3 su tarea de decisi\u00f3n y citar, para que as\u00ed consten, los otros tres finalistas:<\/p>\n<ul>\n<li>Casa en la playa de Espi\u00f1eiro en Mera (Oleiros) de Andr\u00e9s Soto N\u00fa\u00f1ez.<\/li>\n<li>Vivienda en Barreiros, A Mari\u00f1a, de Carlos Quint\u00e1s Eiras.<\/li>\n<li>Casa rehabilitada en Francos (Maceda) de Ana Recuna Carrasco.\u00bb<\/li>\n<\/ul>\n","protected":false},"excerpt":{"rendered":"<p>Primeiro Premio Vivenda unifamiliar no lugar da Tellada, Betanzos, por Gonzalo Crecente Maseda e Xos\u00e9 Manuel Rosales Noves. &nbsp; Acc\u00e9sits Vivenda unifamiliar en Toba, Cee, por Covadonga Carrasco L\u00f3pez e Juan Jos\u00e9 Creus Andrade. Vivenda unifamiliar en Lians, Oleiros, por Alfonso Fern\u00e1ndez Bern\u00e1rdez. &nbsp; &nbsp; &nbsp; &nbsp; Acta final del jurado \u00abEn Nos (Oleiros), a<a href=\"https:\/\/arquitecturadegalicia.eu\/blog\/premios\/premios-xoana-de-vega-de-arquitectura\/premios-xoana-de-vega-2006\/\" title=\"Read more\" >&#8230;<\/a><\/p>\n","protected":false},"author":2,"featured_media":0,"parent":331,"menu_order":7,"comment_status":"open","ping_status":"open","template":"","meta":{"jetpack_post_was_ever_published":false,"footnotes":""},"class_list":["post-1726","page","type-page","status-publish","hentry","content-print"],"yoast_head":"<!-- This site is optimized with the Yoast SEO plugin v24.1 - https:\/\/yoast.com\/wordpress\/plugins\/seo\/ -->\n<title>Premios Xoana de Vega 2006 | AG<\/title>\n<meta name=\"robots\" content=\"index, follow, max-snippet:-1, max-image-preview:large, max-video-preview:-1\" \/>\n<link rel=\"canonical\" href=\"https:\/\/arquitecturadegalicia.eu\/blog\/premios\/premios-xoana-de-vega-de-arquitectura\/premios-xoana-de-vega-2006\/\" \/>\n<meta property=\"og:locale\" content=\"es_ES\" \/>\n<meta property=\"og:type\" content=\"article\" \/>\n<meta property=\"og:title\" content=\"Premios Xoana de Vega 2006 | AG\" \/>\n<meta property=\"og:description\" content=\"Primeiro Premio Vivenda unifamiliar no lugar da Tellada, Betanzos, por Gonzalo Crecente Maseda e Xos\u00e9 Manuel Rosales Noves. &nbsp; Acc\u00e9sits Vivenda unifamiliar en Toba, Cee, por Covadonga Carrasco L\u00f3pez e Juan Jos\u00e9 Creus Andrade. Vivenda unifamiliar en Lians, Oleiros, por Alfonso Fern\u00e1ndez Bern\u00e1rdez. &nbsp; &nbsp; &nbsp; &nbsp; Acta final del jurado \u00abEn Nos (Oleiros), a...\" \/>\n<meta property=\"og:url\" content=\"https:\/\/arquitecturadegalicia.eu\/blog\/premios\/premios-xoana-de-vega-de-arquitectura\/premios-xoana-de-vega-2006\/\" \/>\n<meta property=\"og:site_name\" content=\"AG\" \/>\n<meta property=\"article:publisher\" content=\"https:\/\/www.facebook.com\/ArquitecturadeGalicia\/\" \/>\n<meta property=\"article:modified_time\" content=\"2014-11-08T19:49:25+00:00\" \/>\n<meta name=\"twitter:card\" content=\"summary_large_image\" \/>\n<meta name=\"twitter:site\" content=\"@arquigaliciaeu\" \/>\n<meta name=\"twitter:label1\" content=\"Tiempo de lectura\" \/>\n\t<meta name=\"twitter:data1\" content=\"2 minutos\" \/>\n<script type=\"application\/ld+json\" class=\"yoast-schema-graph\">{\"@context\":\"https:\/\/schema.org\",\"@graph\":[{\"@type\":\"WebPage\",\"@id\":\"https:\/\/arquitecturadegalicia.eu\/blog\/premios\/premios-xoana-de-vega-de-arquitectura\/premios-xoana-de-vega-2006\/\",\"url\":\"https:\/\/arquitecturadegalicia.eu\/blog\/premios\/premios-xoana-de-vega-de-arquitectura\/premios-xoana-de-vega-2006\/\",\"name\":\"Premios Xoana de Vega 2006 | AG\",\"isPartOf\":{\"@id\":\"http:\/\/arquitecturadegalicia.eu\/blog\/#website\"},\"datePublished\":\"2013-01-07T21:52:26+00:00\",\"dateModified\":\"2014-11-08T19:49:25+00:00\",\"breadcrumb\":{\"@id\":\"https:\/\/arquitecturadegalicia.eu\/blog\/premios\/premios-xoana-de-vega-de-arquitectura\/premios-xoana-de-vega-2006\/#breadcrumb\"},\"inLanguage\":\"es\",\"potentialAction\":[{\"@type\":\"ReadAction\",\"target\":[\"https:\/\/arquitecturadegalicia.eu\/blog\/premios\/premios-xoana-de-vega-de-arquitectura\/premios-xoana-de-vega-2006\/\"]}]},{\"@type\":\"BreadcrumbList\",\"@id\":\"https:\/\/arquitecturadegalicia.eu\/blog\/premios\/premios-xoana-de-vega-de-arquitectura\/premios-xoana-de-vega-2006\/#breadcrumb\",\"itemListElement\":[{\"@type\":\"ListItem\",\"position\":1,\"name\":\"Portada\",\"item\":\"http:\/\/arquitecturadegalicia.eu\/blog\/\"},{\"@type\":\"ListItem\",\"position\":2,\"name\":\"Premios\",\"item\":\"http:\/\/arquitecturadegalicia.eu\/blog\/premios\/\"},{\"@type\":\"ListItem\",\"position\":3,\"name\":\"Premios Xoana de Vega de Arquitectura\",\"item\":\"http:\/\/arquitecturadegalicia.eu\/blog\/premios\/premios-xoana-de-vega-de-arquitectura\/\"},{\"@type\":\"ListItem\",\"position\":4,\"name\":\"Premios Xoana de Vega 2006\"}]},{\"@type\":\"WebSite\",\"@id\":\"http:\/\/arquitecturadegalicia.eu\/blog\/#website\",\"url\":\"http:\/\/arquitecturadegalicia.eu\/blog\/\",\"name\":\"AG\",\"description\":\"Arquitectura de Galicia\",\"publisher\":{\"@id\":\"http:\/\/arquitecturadegalicia.eu\/blog\/#organization\"},\"potentialAction\":[{\"@type\":\"SearchAction\",\"target\":{\"@type\":\"EntryPoint\",\"urlTemplate\":\"http:\/\/arquitecturadegalicia.eu\/blog\/?s={search_term_string}\"},\"query-input\":{\"@type\":\"PropertyValueSpecification\",\"valueRequired\":true,\"valueName\":\"search_term_string\"}}],\"inLanguage\":\"es\"},{\"@type\":\"Organization\",\"@id\":\"http:\/\/arquitecturadegalicia.eu\/blog\/#organization\",\"name\":\"Arquitectura de Galicia\",\"url\":\"http:\/\/arquitecturadegalicia.eu\/blog\/\",\"logo\":{\"@type\":\"ImageObject\",\"inLanguage\":\"es\",\"@id\":\"http:\/\/arquitecturadegalicia.eu\/blog\/#\/schema\/logo\/image\/\",\"url\":\"https:\/\/arquitecturadegalicia.eu\/blog\/wp-content\/uploads\/2017\/01\/arquitecturacurrents2.png\",\"contentUrl\":\"https:\/\/arquitecturadegalicia.eu\/blog\/wp-content\/uploads\/2017\/01\/arquitecturacurrents2.png\",\"width\":840,\"height\":640,\"caption\":\"Arquitectura de Galicia\"},\"image\":{\"@id\":\"http:\/\/arquitecturadegalicia.eu\/blog\/#\/schema\/logo\/image\/\"},\"sameAs\":[\"https:\/\/www.facebook.com\/ArquitecturadeGalicia\/\",\"https:\/\/x.com\/arquigaliciaeu\",\"https:\/\/www.instagram.com\/arquigaliciaeu\/\"]}]}<\/script>\n<!-- \/ Yoast SEO plugin. -->","yoast_head_json":{"title":"Premios Xoana de Vega 2006 | AG","robots":{"index":"index","follow":"follow","max-snippet":"max-snippet:-1","max-image-preview":"max-image-preview:large","max-video-preview":"max-video-preview:-1"},"canonical":"https:\/\/arquitecturadegalicia.eu\/blog\/premios\/premios-xoana-de-vega-de-arquitectura\/premios-xoana-de-vega-2006\/","og_locale":"es_ES","og_type":"article","og_title":"Premios Xoana de Vega 2006 | AG","og_description":"Primeiro Premio Vivenda unifamiliar no lugar da Tellada, Betanzos, por Gonzalo Crecente Maseda e Xos\u00e9 Manuel Rosales Noves. &nbsp; Acc\u00e9sits Vivenda unifamiliar en Toba, Cee, por Covadonga Carrasco L\u00f3pez e Juan Jos\u00e9 Creus Andrade. Vivenda unifamiliar en Lians, Oleiros, por Alfonso Fern\u00e1ndez Bern\u00e1rdez. &nbsp; &nbsp; &nbsp; &nbsp; Acta final del jurado \u00abEn Nos (Oleiros), a...","og_url":"https:\/\/arquitecturadegalicia.eu\/blog\/premios\/premios-xoana-de-vega-de-arquitectura\/premios-xoana-de-vega-2006\/","og_site_name":"AG","article_publisher":"https:\/\/www.facebook.com\/ArquitecturadeGalicia\/","article_modified_time":"2014-11-08T19:49:25+00:00","twitter_card":"summary_large_image","twitter_site":"@arquigaliciaeu","twitter_misc":{"Tiempo de lectura":"2 minutos"},"schema":{"@context":"https:\/\/schema.org","@graph":[{"@type":"WebPage","@id":"https:\/\/arquitecturadegalicia.eu\/blog\/premios\/premios-xoana-de-vega-de-arquitectura\/premios-xoana-de-vega-2006\/","url":"https:\/\/arquitecturadegalicia.eu\/blog\/premios\/premios-xoana-de-vega-de-arquitectura\/premios-xoana-de-vega-2006\/","name":"Premios Xoana de Vega 2006 | AG","isPartOf":{"@id":"http:\/\/arquitecturadegalicia.eu\/blog\/#website"},"datePublished":"2013-01-07T21:52:26+00:00","dateModified":"2014-11-08T19:49:25+00:00","breadcrumb":{"@id":"https:\/\/arquitecturadegalicia.eu\/blog\/premios\/premios-xoana-de-vega-de-arquitectura\/premios-xoana-de-vega-2006\/#breadcrumb"},"inLanguage":"es","potentialAction":[{"@type":"ReadAction","target":["https:\/\/arquitecturadegalicia.eu\/blog\/premios\/premios-xoana-de-vega-de-arquitectura\/premios-xoana-de-vega-2006\/"]}]},{"@type":"BreadcrumbList","@id":"https:\/\/arquitecturadegalicia.eu\/blog\/premios\/premios-xoana-de-vega-de-arquitectura\/premios-xoana-de-vega-2006\/#breadcrumb","itemListElement":[{"@type":"ListItem","position":1,"name":"Portada","item":"http:\/\/arquitecturadegalicia.eu\/blog\/"},{"@type":"ListItem","position":2,"name":"Premios","item":"http:\/\/arquitecturadegalicia.eu\/blog\/premios\/"},{"@type":"ListItem","position":3,"name":"Premios Xoana de Vega de Arquitectura","item":"http:\/\/arquitecturadegalicia.eu\/blog\/premios\/premios-xoana-de-vega-de-arquitectura\/"},{"@type":"ListItem","position":4,"name":"Premios Xoana de Vega 2006"}]},{"@type":"WebSite","@id":"http:\/\/arquitecturadegalicia.eu\/blog\/#website","url":"http:\/\/arquitecturadegalicia.eu\/blog\/","name":"AG","description":"Arquitectura de Galicia","publisher":{"@id":"http:\/\/arquitecturadegalicia.eu\/blog\/#organization"},"potentialAction":[{"@type":"SearchAction","target":{"@type":"EntryPoint","urlTemplate":"http:\/\/arquitecturadegalicia.eu\/blog\/?s={search_term_string}"},"query-input":{"@type":"PropertyValueSpecification","valueRequired":true,"valueName":"search_term_string"}}],"inLanguage":"es"},{"@type":"Organization","@id":"http:\/\/arquitecturadegalicia.eu\/blog\/#organization","name":"Arquitectura de Galicia","url":"http:\/\/arquitecturadegalicia.eu\/blog\/","logo":{"@type":"ImageObject","inLanguage":"es","@id":"http:\/\/arquitecturadegalicia.eu\/blog\/#\/schema\/logo\/image\/","url":"https:\/\/arquitecturadegalicia.eu\/blog\/wp-content\/uploads\/2017\/01\/arquitecturacurrents2.png","contentUrl":"https:\/\/arquitecturadegalicia.eu\/blog\/wp-content\/uploads\/2017\/01\/arquitecturacurrents2.png","width":840,"height":640,"caption":"Arquitectura de Galicia"},"image":{"@id":"http:\/\/arquitecturadegalicia.eu\/blog\/#\/schema\/logo\/image\/"},"sameAs":["https:\/\/www.facebook.com\/ArquitecturadeGalicia\/","https:\/\/x.com\/arquigaliciaeu","https:\/\/www.instagram.com\/arquigaliciaeu\/"]}]}},"jetpack_shortlink":"https:\/\/wp.me\/P2NHs2-rQ","jetpack_sharing_enabled":true,"_links":{"self":[{"href":"https:\/\/arquitecturadegalicia.eu\/blog\/wp-json\/wp\/v2\/pages\/1726","targetHints":{"allow":["GET"]}}],"collection":[{"href":"https:\/\/arquitecturadegalicia.eu\/blog\/wp-json\/wp\/v2\/pages"}],"about":[{"href":"https:\/\/arquitecturadegalicia.eu\/blog\/wp-json\/wp\/v2\/types\/page"}],"author":[{"embeddable":true,"href":"https:\/\/arquitecturadegalicia.eu\/blog\/wp-json\/wp\/v2\/users\/2"}],"replies":[{"embeddable":true,"href":"https:\/\/arquitecturadegalicia.eu\/blog\/wp-json\/wp\/v2\/comments?post=1726"}],"version-history":[{"count":6,"href":"https:\/\/arquitecturadegalicia.eu\/blog\/wp-json\/wp\/v2\/pages\/1726\/revisions"}],"predecessor-version":[{"id":13040,"href":"https:\/\/arquitecturadegalicia.eu\/blog\/wp-json\/wp\/v2\/pages\/1726\/revisions\/13040"}],"up":[{"embeddable":true,"href":"https:\/\/arquitecturadegalicia.eu\/blog\/wp-json\/wp\/v2\/pages\/331"}],"wp:attachment":[{"href":"https:\/\/arquitecturadegalicia.eu\/blog\/wp-json\/wp\/v2\/media?parent=1726"}],"curies":[{"name":"wp","href":"https:\/\/api.w.org\/{rel}","templated":true}]}}