{"id":1728,"date":"2013-01-07T22:52:27","date_gmt":"2013-01-07T21:52:27","guid":{"rendered":"http:\/\/arquitecturadegalicia.eu\/blog\/?page_id=1728"},"modified":"2014-11-08T20:48:36","modified_gmt":"2014-11-08T19:48:36","slug":"premios-xoana-de-vega-2005","status":"publish","type":"page","link":"https:\/\/arquitecturadegalicia.eu\/blog\/premios\/premios-xoana-de-vega-de-arquitectura\/premios-xoana-de-vega-2005\/","title":{"rendered":"Premios Xoana de Vega 2005"},"content":{"rendered":"<p dir=\"ltr\"><strong>Primeiro Premio<\/strong><\/p>\n<ul>\n<li><a href=\"http:\/\/arquitecturadegalicia.eu\/blog\/?p=4135\"><strong>Vivenda unifamiliar en Bentraces, Barbad\u00e1s<\/strong><\/a>, por <a href=\"http:\/\/arquitecturadegalicia.eu\/blog\/?tag=alfredo-freixedo-alemparte\">Alfredo Freixedo Alemparte<\/a> e <a href=\"http:\/\/arquitecturadegalicia.eu\/blog\/?tag=tomas-valente-lloves\">Tom\u00e1s Valente Lloves<\/a>.<\/li>\n<\/ul>\n<p dir=\"ltr\">\n<p dir=\"ltr\"><strong style=\"font-size: 13px;\">Acc\u00e9sits<\/strong><\/p>\n<ul>\n<li dir=\"ltr\"><strong>Vivenda unifamiliar en Monte Mayor, Rianxo<\/strong>, por <a href=\"http:\/\/arquitecturadegalicia.eu\/blog\/?tag=emilio-rodriguez-blanco\">Emilio Rodr\u00edguez Blanco<\/a>.<\/li>\n<li dir=\"ltr\"><strong>Vivenda unifamiliar en Ferreiri\u00f1o, Teo<\/strong>, por Mar\u00eda Jos\u00e9 Bouzas Louzao.<\/li>\n<\/ul>\n<p>&nbsp;<\/p>\n<p>&nbsp;<\/p>\n<p>&nbsp;<\/p>\n<p>&nbsp;<\/p>\n<h3><a href=\"http:\/\/www.escolagalegadapaisaxe.org\/ga\/mactividades\/premios\/arquitectura\/?f=2005\">Acta final del jurado<\/a><\/h3>\n<p>\u00abReunido el Jurado en Orense a 27-08-05, compuesto por las siguientes personas:<\/p>\n<table border=\"0\" width=\"75%\" cellspacing=\"0\" cellpadding=\"3\" align=\"center\">\n<tbody>\n<tr>\n<td valign=\"top\"><strong>Presidente<\/strong><\/td>\n<td>Xos\u00e9 Manuel Casabella L\u00f3pez.<\/td>\n<\/tr>\n<tr>\n<td valign=\"top\"><strong>Secretario<\/strong><\/td>\n<td>Enrique S\u00e1ez Ponte<\/td>\n<\/tr>\n<tr>\n<td valign=\"top\"><strong>Vocales<\/strong><\/td>\n<td>Alexandre Alves Costa.<\/p>\n<p>Manuel Caama\u00f1o Su\u00e1rez<\/td>\n<\/tr>\n<\/tbody>\n<\/table>\n<p>El secretario informa que los vocales Casabella, Caama\u00f1o y el mismo, visitaron una de la obras presentadas, situada en la provincia de Lugo, de acuerdo con lo establecido en la primera reuni\u00f3n del jurado. Despues de su visita de 9 de Julio, decidieron que no participar\u00eda en la fase final de concesi\u00f3n de premios.<\/p>\n<p>La presidenta del jurado, Teresa Taboas Veleiro, excusa su presencia por las obligaciones de su nuevo cargo de Conselleira de Vivenda da Xunta de Galicia. Act\u00faa como presidente en funciones, el otro miembro del jurado, que lo es por su cargo de Director de E.T.S.A. de A Coru\u00f1a, Xos\u00e9 Manuel Casabella L\u00f3pez.<\/p>\n<p>Una vez revisados los proyectos preseleccionados en actuaciones anteriores, despu\u00e9s de visitarlos detenidamente en el mismo d\u00eda, el jurado toma por unanimidad las siguientes decisiones:<\/p>\n<ul>\n<li>Conceder el Premio de Arquitectura Juana de Vega, a la vivienda unifamiliar finalizada en el a\u00f1o 2004, a los arquitectos Alfredo Freixedo Alemparte y Tom\u00e1s Valente Lloves por su proyecto en la finca \u201cO Pouleiro\u201d en Bentraces, Barbad\u00e1s. Se valora especialmente el equilibrado empleo de materiales modernos con capacidad para ser reciclados, como el acero cort\u00e9n, la armon\u00eda del edificio, y su integraci\u00f3n en un entorno natural con preponderancia de roble aut\u00f3ctono.\n<p>La obra se adapta perfectamente a los fines buscados por los promotores, dentro de un conjunto de elevada calidad arquitect\u00f3nica.<\/li>\n<\/ul>\n<ul>\n<li>Conceder dos acc\u00e9sits a los siguientes trabajos:\n<div id=\"div\">\n<ul>\n<li>Vivienda unifamiliar en Monte Mayor, Bri\u00f3n, Leiro, Rianxo, del arquitecto Emilio Rodr\u00edguez Blanco, por la capacidad de la obra para abrir caminos en la distribuci\u00f3n de los elementos constructivos y el empleo de nuevos materiales.<\/li>\n<li>Vivienda unifamiliar en Ferreiri\u00f1o, Teo, de la arquitecta Mar\u00eda Jos\u00e9 Bouzas Louzao, por la equilibrada composici\u00f3n del edifico y su perfecta integraci\u00f3n en un paraje de alto valor paisaj\u00edstico.\u00bb<\/li>\n<\/ul>\n<\/div>\n<\/li>\n<\/ul>\n","protected":false},"excerpt":{"rendered":"<p>Primeiro Premio Vivenda unifamiliar en Bentraces, Barbad\u00e1s, por Alfredo Freixedo Alemparte e Tom\u00e1s Valente Lloves. Acc\u00e9sits Vivenda unifamiliar en Monte Mayor, Rianxo, por Emilio Rodr\u00edguez Blanco. Vivenda unifamiliar en Ferreiri\u00f1o, Teo, por Mar\u00eda Jos\u00e9 Bouzas Louzao. &nbsp; &nbsp; &nbsp; &nbsp; Acta final del jurado \u00abReunido el Jurado en Orense a 27-08-05, compuesto por las siguientes<a href=\"https:\/\/arquitecturadegalicia.eu\/blog\/premios\/premios-xoana-de-vega-de-arquitectura\/premios-xoana-de-vega-2005\/\" title=\"Read more\" >&#8230;<\/a><\/p>\n","protected":false},"author":2,"featured_media":0,"parent":331,"menu_order":8,"comment_status":"open","ping_status":"open","template":"","meta":{"jetpack_post_was_ever_published":false,"footnotes":""},"class_list":["post-1728","page","type-page","status-publish","hentry","content-print"],"yoast_head":"<!-- This site is optimized with the Yoast SEO plugin v24.1 - https:\/\/yoast.com\/wordpress\/plugins\/seo\/ -->\n<title>Premios Xoana de Vega 2005 | AG<\/title>\n<meta name=\"robots\" content=\"index, follow, max-snippet:-1, max-image-preview:large, max-video-preview:-1\" \/>\n<link rel=\"canonical\" href=\"http:\/\/arquitecturadegalicia.eu\/blog\/premios\/premios-xoana-de-vega-de-arquitectura\/premios-xoana-de-vega-2005\/\" \/>\n<meta property=\"og:locale\" content=\"es_ES\" \/>\n<meta property=\"og:type\" content=\"article\" \/>\n<meta property=\"og:title\" content=\"Premios Xoana de Vega 2005 | AG\" \/>\n<meta property=\"og:description\" content=\"Primeiro Premio Vivenda unifamiliar en Bentraces, Barbad\u00e1s, por Alfredo Freixedo Alemparte e Tom\u00e1s Valente Lloves. Acc\u00e9sits Vivenda unifamiliar en Monte Mayor, Rianxo, por Emilio Rodr\u00edguez Blanco. Vivenda unifamiliar en Ferreiri\u00f1o, Teo, por Mar\u00eda Jos\u00e9 Bouzas Louzao. &nbsp; &nbsp; &nbsp; &nbsp; Acta final del jurado \u00abReunido el Jurado en Orense a 27-08-05, compuesto por las siguientes...\" \/>\n<meta property=\"og:url\" content=\"http:\/\/arquitecturadegalicia.eu\/blog\/premios\/premios-xoana-de-vega-de-arquitectura\/premios-xoana-de-vega-2005\/\" \/>\n<meta property=\"og:site_name\" content=\"AG\" \/>\n<meta property=\"article:publisher\" content=\"https:\/\/www.facebook.com\/ArquitecturadeGalicia\/\" \/>\n<meta property=\"article:modified_time\" content=\"2014-11-08T19:48:36+00:00\" \/>\n<meta name=\"twitter:card\" content=\"summary_large_image\" \/>\n<meta name=\"twitter:site\" content=\"@arquigaliciaeu\" \/>\n<meta name=\"twitter:label1\" content=\"Tiempo de lectura\" \/>\n\t<meta name=\"twitter:data1\" content=\"2 minutos\" \/>\n<script type=\"application\/ld+json\" class=\"yoast-schema-graph\">{\"@context\":\"https:\/\/schema.org\",\"@graph\":[{\"@type\":\"WebPage\",\"@id\":\"http:\/\/arquitecturadegalicia.eu\/blog\/premios\/premios-xoana-de-vega-de-arquitectura\/premios-xoana-de-vega-2005\/\",\"url\":\"http:\/\/arquitecturadegalicia.eu\/blog\/premios\/premios-xoana-de-vega-de-arquitectura\/premios-xoana-de-vega-2005\/\",\"name\":\"Premios Xoana de Vega 2005 | AG\",\"isPartOf\":{\"@id\":\"http:\/\/arquitecturadegalicia.eu\/blog\/#website\"},\"datePublished\":\"2013-01-07T21:52:27+00:00\",\"dateModified\":\"2014-11-08T19:48:36+00:00\",\"breadcrumb\":{\"@id\":\"http:\/\/arquitecturadegalicia.eu\/blog\/premios\/premios-xoana-de-vega-de-arquitectura\/premios-xoana-de-vega-2005\/#breadcrumb\"},\"inLanguage\":\"es\",\"potentialAction\":[{\"@type\":\"ReadAction\",\"target\":[\"http:\/\/arquitecturadegalicia.eu\/blog\/premios\/premios-xoana-de-vega-de-arquitectura\/premios-xoana-de-vega-2005\/\"]}]},{\"@type\":\"BreadcrumbList\",\"@id\":\"http:\/\/arquitecturadegalicia.eu\/blog\/premios\/premios-xoana-de-vega-de-arquitectura\/premios-xoana-de-vega-2005\/#breadcrumb\",\"itemListElement\":[{\"@type\":\"ListItem\",\"position\":1,\"name\":\"Portada\",\"item\":\"http:\/\/arquitecturadegalicia.eu\/blog\/\"},{\"@type\":\"ListItem\",\"position\":2,\"name\":\"Premios\",\"item\":\"http:\/\/arquitecturadegalicia.eu\/blog\/premios\/\"},{\"@type\":\"ListItem\",\"position\":3,\"name\":\"Premios Xoana de Vega de Arquitectura\",\"item\":\"http:\/\/arquitecturadegalicia.eu\/blog\/premios\/premios-xoana-de-vega-de-arquitectura\/\"},{\"@type\":\"ListItem\",\"position\":4,\"name\":\"Premios Xoana de Vega 2005\"}]},{\"@type\":\"WebSite\",\"@id\":\"http:\/\/arquitecturadegalicia.eu\/blog\/#website\",\"url\":\"http:\/\/arquitecturadegalicia.eu\/blog\/\",\"name\":\"AG\",\"description\":\"Arquitectura de Galicia\",\"publisher\":{\"@id\":\"http:\/\/arquitecturadegalicia.eu\/blog\/#organization\"},\"potentialAction\":[{\"@type\":\"SearchAction\",\"target\":{\"@type\":\"EntryPoint\",\"urlTemplate\":\"http:\/\/arquitecturadegalicia.eu\/blog\/?s={search_term_string}\"},\"query-input\":{\"@type\":\"PropertyValueSpecification\",\"valueRequired\":true,\"valueName\":\"search_term_string\"}}],\"inLanguage\":\"es\"},{\"@type\":\"Organization\",\"@id\":\"http:\/\/arquitecturadegalicia.eu\/blog\/#organization\",\"name\":\"Arquitectura de Galicia\",\"url\":\"http:\/\/arquitecturadegalicia.eu\/blog\/\",\"logo\":{\"@type\":\"ImageObject\",\"inLanguage\":\"es\",\"@id\":\"http:\/\/arquitecturadegalicia.eu\/blog\/#\/schema\/logo\/image\/\",\"url\":\"https:\/\/arquitecturadegalicia.eu\/blog\/wp-content\/uploads\/2017\/01\/arquitecturacurrents2.png\",\"contentUrl\":\"https:\/\/arquitecturadegalicia.eu\/blog\/wp-content\/uploads\/2017\/01\/arquitecturacurrents2.png\",\"width\":840,\"height\":640,\"caption\":\"Arquitectura de Galicia\"},\"image\":{\"@id\":\"http:\/\/arquitecturadegalicia.eu\/blog\/#\/schema\/logo\/image\/\"},\"sameAs\":[\"https:\/\/www.facebook.com\/ArquitecturadeGalicia\/\",\"https:\/\/x.com\/arquigaliciaeu\",\"https:\/\/www.instagram.com\/arquigaliciaeu\/\"]}]}<\/script>\n<!-- \/ Yoast SEO plugin. -->","yoast_head_json":{"title":"Premios Xoana de Vega 2005 | AG","robots":{"index":"index","follow":"follow","max-snippet":"max-snippet:-1","max-image-preview":"max-image-preview:large","max-video-preview":"max-video-preview:-1"},"canonical":"http:\/\/arquitecturadegalicia.eu\/blog\/premios\/premios-xoana-de-vega-de-arquitectura\/premios-xoana-de-vega-2005\/","og_locale":"es_ES","og_type":"article","og_title":"Premios Xoana de Vega 2005 | AG","og_description":"Primeiro Premio Vivenda unifamiliar en Bentraces, Barbad\u00e1s, por Alfredo Freixedo Alemparte e Tom\u00e1s Valente Lloves. Acc\u00e9sits Vivenda unifamiliar en Monte Mayor, Rianxo, por Emilio Rodr\u00edguez Blanco. Vivenda unifamiliar en Ferreiri\u00f1o, Teo, por Mar\u00eda Jos\u00e9 Bouzas Louzao. &nbsp; &nbsp; &nbsp; &nbsp; Acta final del jurado \u00abReunido el Jurado en Orense a 27-08-05, compuesto por las siguientes...","og_url":"http:\/\/arquitecturadegalicia.eu\/blog\/premios\/premios-xoana-de-vega-de-arquitectura\/premios-xoana-de-vega-2005\/","og_site_name":"AG","article_publisher":"https:\/\/www.facebook.com\/ArquitecturadeGalicia\/","article_modified_time":"2014-11-08T19:48:36+00:00","twitter_card":"summary_large_image","twitter_site":"@arquigaliciaeu","twitter_misc":{"Tiempo de lectura":"2 minutos"},"schema":{"@context":"https:\/\/schema.org","@graph":[{"@type":"WebPage","@id":"http:\/\/arquitecturadegalicia.eu\/blog\/premios\/premios-xoana-de-vega-de-arquitectura\/premios-xoana-de-vega-2005\/","url":"http:\/\/arquitecturadegalicia.eu\/blog\/premios\/premios-xoana-de-vega-de-arquitectura\/premios-xoana-de-vega-2005\/","name":"Premios Xoana de Vega 2005 | AG","isPartOf":{"@id":"http:\/\/arquitecturadegalicia.eu\/blog\/#website"},"datePublished":"2013-01-07T21:52:27+00:00","dateModified":"2014-11-08T19:48:36+00:00","breadcrumb":{"@id":"http:\/\/arquitecturadegalicia.eu\/blog\/premios\/premios-xoana-de-vega-de-arquitectura\/premios-xoana-de-vega-2005\/#breadcrumb"},"inLanguage":"es","potentialAction":[{"@type":"ReadAction","target":["http:\/\/arquitecturadegalicia.eu\/blog\/premios\/premios-xoana-de-vega-de-arquitectura\/premios-xoana-de-vega-2005\/"]}]},{"@type":"BreadcrumbList","@id":"http:\/\/arquitecturadegalicia.eu\/blog\/premios\/premios-xoana-de-vega-de-arquitectura\/premios-xoana-de-vega-2005\/#breadcrumb","itemListElement":[{"@type":"ListItem","position":1,"name":"Portada","item":"http:\/\/arquitecturadegalicia.eu\/blog\/"},{"@type":"ListItem","position":2,"name":"Premios","item":"http:\/\/arquitecturadegalicia.eu\/blog\/premios\/"},{"@type":"ListItem","position":3,"name":"Premios Xoana de Vega de Arquitectura","item":"http:\/\/arquitecturadegalicia.eu\/blog\/premios\/premios-xoana-de-vega-de-arquitectura\/"},{"@type":"ListItem","position":4,"name":"Premios Xoana de Vega 2005"}]},{"@type":"WebSite","@id":"http:\/\/arquitecturadegalicia.eu\/blog\/#website","url":"http:\/\/arquitecturadegalicia.eu\/blog\/","name":"AG","description":"Arquitectura de Galicia","publisher":{"@id":"http:\/\/arquitecturadegalicia.eu\/blog\/#organization"},"potentialAction":[{"@type":"SearchAction","target":{"@type":"EntryPoint","urlTemplate":"http:\/\/arquitecturadegalicia.eu\/blog\/?s={search_term_string}"},"query-input":{"@type":"PropertyValueSpecification","valueRequired":true,"valueName":"search_term_string"}}],"inLanguage":"es"},{"@type":"Organization","@id":"http:\/\/arquitecturadegalicia.eu\/blog\/#organization","name":"Arquitectura de Galicia","url":"http:\/\/arquitecturadegalicia.eu\/blog\/","logo":{"@type":"ImageObject","inLanguage":"es","@id":"http:\/\/arquitecturadegalicia.eu\/blog\/#\/schema\/logo\/image\/","url":"https:\/\/arquitecturadegalicia.eu\/blog\/wp-content\/uploads\/2017\/01\/arquitecturacurrents2.png","contentUrl":"https:\/\/arquitecturadegalicia.eu\/blog\/wp-content\/uploads\/2017\/01\/arquitecturacurrents2.png","width":840,"height":640,"caption":"Arquitectura de Galicia"},"image":{"@id":"http:\/\/arquitecturadegalicia.eu\/blog\/#\/schema\/logo\/image\/"},"sameAs":["https:\/\/www.facebook.com\/ArquitecturadeGalicia\/","https:\/\/x.com\/arquigaliciaeu","https:\/\/www.instagram.com\/arquigaliciaeu\/"]}]}},"jetpack_shortlink":"https:\/\/wp.me\/P2NHs2-rS","jetpack_sharing_enabled":true,"_links":{"self":[{"href":"https:\/\/arquitecturadegalicia.eu\/blog\/wp-json\/wp\/v2\/pages\/1728","targetHints":{"allow":["GET"]}}],"collection":[{"href":"https:\/\/arquitecturadegalicia.eu\/blog\/wp-json\/wp\/v2\/pages"}],"about":[{"href":"https:\/\/arquitecturadegalicia.eu\/blog\/wp-json\/wp\/v2\/types\/page"}],"author":[{"embeddable":true,"href":"https:\/\/arquitecturadegalicia.eu\/blog\/wp-json\/wp\/v2\/users\/2"}],"replies":[{"embeddable":true,"href":"https:\/\/arquitecturadegalicia.eu\/blog\/wp-json\/wp\/v2\/comments?post=1728"}],"version-history":[{"count":6,"href":"https:\/\/arquitecturadegalicia.eu\/blog\/wp-json\/wp\/v2\/pages\/1728\/revisions"}],"predecessor-version":[{"id":13039,"href":"https:\/\/arquitecturadegalicia.eu\/blog\/wp-json\/wp\/v2\/pages\/1728\/revisions\/13039"}],"up":[{"embeddable":true,"href":"https:\/\/arquitecturadegalicia.eu\/blog\/wp-json\/wp\/v2\/pages\/331"}],"wp:attachment":[{"href":"https:\/\/arquitecturadegalicia.eu\/blog\/wp-json\/wp\/v2\/media?parent=1728"}],"curies":[{"name":"wp","href":"https:\/\/api.w.org\/{rel}","templated":true}]}}