{"id":1730,"date":"2013-01-07T22:48:38","date_gmt":"2013-01-07T21:48:38","guid":{"rendered":"http:\/\/arquitecturadegalicia.eu\/blog\/?page_id=1730"},"modified":"2014-11-08T20:47:23","modified_gmt":"2014-11-08T19:47:23","slug":"premios-xoana-de-vega-2004","status":"publish","type":"page","link":"https:\/\/arquitecturadegalicia.eu\/blog\/premios\/premios-xoana-de-vega-de-arquitectura\/premios-xoana-de-vega-2004\/","title":{"rendered":"Premios Xoana de Vega 2004"},"content":{"rendered":"<p dir=\"ltr\"><strong>Primeiro Premio<\/strong><\/p>\n<ul>\n<li dir=\"ltr\">Non se entregou<\/li>\n<\/ul>\n<p>&nbsp;<\/p>\n<p dir=\"ltr\"><strong>Acc\u00e9sits<\/strong><\/p>\n<ul>\n<li dir=\"ltr\"><strong>Grupo de dos viviendas unifamiliares aisladas en Icaria 2, Oleiros<\/strong>, por Jos\u00e9 Rodr\u00edguez Etchevarria.<\/li>\n<li dir=\"ltr\"><a href=\"http:\/\/arquitecturadegalicia.eu\/blog\/?p=1523\"><strong>Vivenda unifamiliar en Padri\u00f1\u00e1n, Sanxenxo<\/strong><\/a>, por <a href=\"http:\/\/arquitecturadegalicia.eu\/blog\/?tag=irisarri-pinera\">Jes\u00fas Irisarri Castro e Guadalupe Pi\u00f1eira Manso<\/a>.<\/li>\n<li><a href=\"http:\/\/arquitecturadegalicia.eu\/blog\/?p=8019\"><strong>Vivenda unifamiliar en A Xunqueira, Nigr\u00e1n<\/strong><\/a>, por <a href=\"http:\/\/arquitecturadegalicia.eu\/blog\/?tag=rodriguez-y-rivoira\">Julio Daniel Rodr\u00edguez Rodr\u00edguez e Daniel Rivoira Zecca<\/a>.<\/li>\n<\/ul>\n<p>&nbsp;<\/p>\n<p>&nbsp;<\/p>\n<p>&nbsp;<\/p>\n<p>&nbsp;<\/p>\n<h3><a href=\"http:\/\/www.escolagalegadapaisaxe.org\/ga\/mactividades\/premios\/arquitectura\/?f=2004\">Acta final del jurado<\/a><\/h3>\n<p>\u00abSe re\u00fane el jurado el 28-07-04, compuesto por las siguientes personas:<\/p>\n<table border=\"0\" width=\"75%\" cellspacing=\"0\" cellpadding=\"3\" align=\"center\">\n<tbody>\n<tr>\n<td valign=\"top\"><strong>Presidente<\/strong><\/td>\n<td>Do\u00f1a Teresa Taboas Veleiro.<\/td>\n<\/tr>\n<tr>\n<td valign=\"top\"><strong>Secretario<\/strong><\/td>\n<td>Don Enrique S\u00e1ez Ponte.<\/td>\n<\/tr>\n<tr>\n<td valign=\"top\"><strong>Vocales<\/strong><\/td>\n<td>Don Jos\u00e9 Gonz\u00e1lez \u2013 Cebrian Tello.<\/p>\n<p>Don. Alexandre Alves Costa.<\/p>\n<p>Don Manuel Caama\u00f1o Su\u00e1rez.<\/td>\n<\/tr>\n<\/tbody>\n<\/table>\n<p>El jurado revisa las trece obras presentadas y, tras comprobar su adecuaci\u00f3n a las bases del premio, realiza una preselecci\u00f3n en dos fases para quedar con un grupo de viviendas m\u00e1s reducido.<\/p>\n<p>El d\u00eda 14-09, tras visitar algunas de las obras preseleccionadas el jurado acuerda por unanimidad lo siguiente:<\/p>\n<ol>\n<li>Declarar desierto el premio, ya que se considera que ninguno de los edificios presentados, si bien varios de ellos contienen elementos valiosos, responde al nivel de calidad global exigible.<\/li>\n<li>Conceder tres acc\u00e9sits a los siguientes trabajos:\n<ul>\n<li>Grupo de dos viviendas unifamiliares aisladas en Icaria 2 (Oleiros), del arquitecto Jos\u00e9 Rodr\u00edguez Etchevarria, por la utilizaci\u00f3n de formas y materiales actuales, junto con la capacidad de repetici\u00f3n en un medio f\u00edsico complejo.<\/li>\n<li>Vivienda unifamiliar en Padri\u00f1\u00e1n, (Sanxenxo), de los arquitectos Jes\u00fas Irisarri Castro y Guadalupe Pi\u00f1eira Manso, por el esfuerzo innovador en el empleo de materiales, la sencillez espacial y del programa as\u00ed como la adecuada posici\u00f3n sobre el terreno y la superaci\u00f3n de las limitaciones de un presupuesto reducido.<\/li>\n<li>Vivienda unifamiliar en A Xunqueira, (Nigr\u00e1n), de los arquitectos Julio Daniel Rodr\u00edguez Rodr\u00edguez y Daniel Rivoira Zecca, por el esfuerzo en la adaptaci\u00f3n a una topograf\u00eda muy compleja y la integraci\u00f3n en un n\u00facleo rural de gran densidad.\u00bb<\/li>\n<\/ul>\n<\/li>\n<\/ol>\n","protected":false},"excerpt":{"rendered":"<p>Primeiro Premio Non se entregou &nbsp; Acc\u00e9sits Grupo de dos viviendas unifamiliares aisladas en Icaria 2, Oleiros, por Jos\u00e9 Rodr\u00edguez Etchevarria. Vivenda unifamiliar en Padri\u00f1\u00e1n, Sanxenxo, por Jes\u00fas Irisarri Castro e Guadalupe Pi\u00f1eira Manso. Vivenda unifamiliar en A Xunqueira, Nigr\u00e1n, por Julio Daniel Rodr\u00edguez Rodr\u00edguez e Daniel Rivoira Zecca. &nbsp; &nbsp; &nbsp; &nbsp; Acta final<a href=\"https:\/\/arquitecturadegalicia.eu\/blog\/premios\/premios-xoana-de-vega-de-arquitectura\/premios-xoana-de-vega-2004\/\" title=\"Read more\" >&#8230;<\/a><\/p>\n","protected":false},"author":2,"featured_media":0,"parent":331,"menu_order":10,"comment_status":"open","ping_status":"open","template":"","meta":{"jetpack_post_was_ever_published":false,"footnotes":""},"class_list":["post-1730","page","type-page","status-publish","hentry","content-print"],"yoast_head":"<!-- This site is optimized with the Yoast SEO plugin v24.1 - https:\/\/yoast.com\/wordpress\/plugins\/seo\/ -->\n<title>Premios Xoana de Vega 2004 | AG<\/title>\n<meta name=\"robots\" content=\"index, follow, max-snippet:-1, max-image-preview:large, max-video-preview:-1\" \/>\n<link rel=\"canonical\" href=\"https:\/\/arquitecturadegalicia.eu\/blog\/premios\/premios-xoana-de-vega-de-arquitectura\/premios-xoana-de-vega-2004\/\" \/>\n<meta property=\"og:locale\" content=\"es_ES\" \/>\n<meta property=\"og:type\" content=\"article\" \/>\n<meta property=\"og:title\" content=\"Premios Xoana de Vega 2004 | AG\" \/>\n<meta property=\"og:description\" content=\"Primeiro Premio Non se entregou &nbsp; Acc\u00e9sits Grupo de dos viviendas unifamiliares aisladas en Icaria 2, Oleiros, por Jos\u00e9 Rodr\u00edguez Etchevarria. Vivenda unifamiliar en Padri\u00f1\u00e1n, Sanxenxo, por Jes\u00fas Irisarri Castro e Guadalupe Pi\u00f1eira Manso. Vivenda unifamiliar en A Xunqueira, Nigr\u00e1n, por Julio Daniel Rodr\u00edguez Rodr\u00edguez e Daniel Rivoira Zecca. &nbsp; &nbsp; &nbsp; &nbsp; Acta final...\" \/>\n<meta property=\"og:url\" content=\"https:\/\/arquitecturadegalicia.eu\/blog\/premios\/premios-xoana-de-vega-de-arquitectura\/premios-xoana-de-vega-2004\/\" \/>\n<meta property=\"og:site_name\" content=\"AG\" \/>\n<meta property=\"article:publisher\" content=\"https:\/\/www.facebook.com\/ArquitecturadeGalicia\/\" \/>\n<meta property=\"article:modified_time\" content=\"2014-11-08T19:47:23+00:00\" \/>\n<meta name=\"twitter:card\" content=\"summary_large_image\" \/>\n<meta name=\"twitter:site\" content=\"@arquigaliciaeu\" \/>\n<meta name=\"twitter:label1\" content=\"Tiempo de lectura\" \/>\n\t<meta name=\"twitter:data1\" content=\"2 minutos\" \/>\n<script type=\"application\/ld+json\" class=\"yoast-schema-graph\">{\"@context\":\"https:\/\/schema.org\",\"@graph\":[{\"@type\":\"WebPage\",\"@id\":\"https:\/\/arquitecturadegalicia.eu\/blog\/premios\/premios-xoana-de-vega-de-arquitectura\/premios-xoana-de-vega-2004\/\",\"url\":\"https:\/\/arquitecturadegalicia.eu\/blog\/premios\/premios-xoana-de-vega-de-arquitectura\/premios-xoana-de-vega-2004\/\",\"name\":\"Premios Xoana de Vega 2004 | AG\",\"isPartOf\":{\"@id\":\"http:\/\/arquitecturadegalicia.eu\/blog\/#website\"},\"datePublished\":\"2013-01-07T21:48:38+00:00\",\"dateModified\":\"2014-11-08T19:47:23+00:00\",\"breadcrumb\":{\"@id\":\"https:\/\/arquitecturadegalicia.eu\/blog\/premios\/premios-xoana-de-vega-de-arquitectura\/premios-xoana-de-vega-2004\/#breadcrumb\"},\"inLanguage\":\"es\",\"potentialAction\":[{\"@type\":\"ReadAction\",\"target\":[\"https:\/\/arquitecturadegalicia.eu\/blog\/premios\/premios-xoana-de-vega-de-arquitectura\/premios-xoana-de-vega-2004\/\"]}]},{\"@type\":\"BreadcrumbList\",\"@id\":\"https:\/\/arquitecturadegalicia.eu\/blog\/premios\/premios-xoana-de-vega-de-arquitectura\/premios-xoana-de-vega-2004\/#breadcrumb\",\"itemListElement\":[{\"@type\":\"ListItem\",\"position\":1,\"name\":\"Portada\",\"item\":\"http:\/\/arquitecturadegalicia.eu\/blog\/\"},{\"@type\":\"ListItem\",\"position\":2,\"name\":\"Premios\",\"item\":\"http:\/\/arquitecturadegalicia.eu\/blog\/premios\/\"},{\"@type\":\"ListItem\",\"position\":3,\"name\":\"Premios Xoana de Vega de Arquitectura\",\"item\":\"http:\/\/arquitecturadegalicia.eu\/blog\/premios\/premios-xoana-de-vega-de-arquitectura\/\"},{\"@type\":\"ListItem\",\"position\":4,\"name\":\"Premios Xoana de Vega 2004\"}]},{\"@type\":\"WebSite\",\"@id\":\"http:\/\/arquitecturadegalicia.eu\/blog\/#website\",\"url\":\"http:\/\/arquitecturadegalicia.eu\/blog\/\",\"name\":\"AG\",\"description\":\"Arquitectura de Galicia\",\"publisher\":{\"@id\":\"http:\/\/arquitecturadegalicia.eu\/blog\/#organization\"},\"potentialAction\":[{\"@type\":\"SearchAction\",\"target\":{\"@type\":\"EntryPoint\",\"urlTemplate\":\"http:\/\/arquitecturadegalicia.eu\/blog\/?s={search_term_string}\"},\"query-input\":{\"@type\":\"PropertyValueSpecification\",\"valueRequired\":true,\"valueName\":\"search_term_string\"}}],\"inLanguage\":\"es\"},{\"@type\":\"Organization\",\"@id\":\"http:\/\/arquitecturadegalicia.eu\/blog\/#organization\",\"name\":\"Arquitectura de Galicia\",\"url\":\"http:\/\/arquitecturadegalicia.eu\/blog\/\",\"logo\":{\"@type\":\"ImageObject\",\"inLanguage\":\"es\",\"@id\":\"http:\/\/arquitecturadegalicia.eu\/blog\/#\/schema\/logo\/image\/\",\"url\":\"https:\/\/arquitecturadegalicia.eu\/blog\/wp-content\/uploads\/2017\/01\/arquitecturacurrents2.png\",\"contentUrl\":\"https:\/\/arquitecturadegalicia.eu\/blog\/wp-content\/uploads\/2017\/01\/arquitecturacurrents2.png\",\"width\":840,\"height\":640,\"caption\":\"Arquitectura de Galicia\"},\"image\":{\"@id\":\"http:\/\/arquitecturadegalicia.eu\/blog\/#\/schema\/logo\/image\/\"},\"sameAs\":[\"https:\/\/www.facebook.com\/ArquitecturadeGalicia\/\",\"https:\/\/x.com\/arquigaliciaeu\",\"https:\/\/www.instagram.com\/arquigaliciaeu\/\"]}]}<\/script>\n<!-- \/ Yoast SEO plugin. -->","yoast_head_json":{"title":"Premios Xoana de Vega 2004 | AG","robots":{"index":"index","follow":"follow","max-snippet":"max-snippet:-1","max-image-preview":"max-image-preview:large","max-video-preview":"max-video-preview:-1"},"canonical":"https:\/\/arquitecturadegalicia.eu\/blog\/premios\/premios-xoana-de-vega-de-arquitectura\/premios-xoana-de-vega-2004\/","og_locale":"es_ES","og_type":"article","og_title":"Premios Xoana de Vega 2004 | AG","og_description":"Primeiro Premio Non se entregou &nbsp; Acc\u00e9sits Grupo de dos viviendas unifamiliares aisladas en Icaria 2, Oleiros, por Jos\u00e9 Rodr\u00edguez Etchevarria. Vivenda unifamiliar en Padri\u00f1\u00e1n, Sanxenxo, por Jes\u00fas Irisarri Castro e Guadalupe Pi\u00f1eira Manso. Vivenda unifamiliar en A Xunqueira, Nigr\u00e1n, por Julio Daniel Rodr\u00edguez Rodr\u00edguez e Daniel Rivoira Zecca. &nbsp; &nbsp; &nbsp; &nbsp; Acta final...","og_url":"https:\/\/arquitecturadegalicia.eu\/blog\/premios\/premios-xoana-de-vega-de-arquitectura\/premios-xoana-de-vega-2004\/","og_site_name":"AG","article_publisher":"https:\/\/www.facebook.com\/ArquitecturadeGalicia\/","article_modified_time":"2014-11-08T19:47:23+00:00","twitter_card":"summary_large_image","twitter_site":"@arquigaliciaeu","twitter_misc":{"Tiempo de lectura":"2 minutos"},"schema":{"@context":"https:\/\/schema.org","@graph":[{"@type":"WebPage","@id":"https:\/\/arquitecturadegalicia.eu\/blog\/premios\/premios-xoana-de-vega-de-arquitectura\/premios-xoana-de-vega-2004\/","url":"https:\/\/arquitecturadegalicia.eu\/blog\/premios\/premios-xoana-de-vega-de-arquitectura\/premios-xoana-de-vega-2004\/","name":"Premios Xoana de Vega 2004 | AG","isPartOf":{"@id":"http:\/\/arquitecturadegalicia.eu\/blog\/#website"},"datePublished":"2013-01-07T21:48:38+00:00","dateModified":"2014-11-08T19:47:23+00:00","breadcrumb":{"@id":"https:\/\/arquitecturadegalicia.eu\/blog\/premios\/premios-xoana-de-vega-de-arquitectura\/premios-xoana-de-vega-2004\/#breadcrumb"},"inLanguage":"es","potentialAction":[{"@type":"ReadAction","target":["https:\/\/arquitecturadegalicia.eu\/blog\/premios\/premios-xoana-de-vega-de-arquitectura\/premios-xoana-de-vega-2004\/"]}]},{"@type":"BreadcrumbList","@id":"https:\/\/arquitecturadegalicia.eu\/blog\/premios\/premios-xoana-de-vega-de-arquitectura\/premios-xoana-de-vega-2004\/#breadcrumb","itemListElement":[{"@type":"ListItem","position":1,"name":"Portada","item":"http:\/\/arquitecturadegalicia.eu\/blog\/"},{"@type":"ListItem","position":2,"name":"Premios","item":"http:\/\/arquitecturadegalicia.eu\/blog\/premios\/"},{"@type":"ListItem","position":3,"name":"Premios Xoana de Vega de Arquitectura","item":"http:\/\/arquitecturadegalicia.eu\/blog\/premios\/premios-xoana-de-vega-de-arquitectura\/"},{"@type":"ListItem","position":4,"name":"Premios Xoana de Vega 2004"}]},{"@type":"WebSite","@id":"http:\/\/arquitecturadegalicia.eu\/blog\/#website","url":"http:\/\/arquitecturadegalicia.eu\/blog\/","name":"AG","description":"Arquitectura de Galicia","publisher":{"@id":"http:\/\/arquitecturadegalicia.eu\/blog\/#organization"},"potentialAction":[{"@type":"SearchAction","target":{"@type":"EntryPoint","urlTemplate":"http:\/\/arquitecturadegalicia.eu\/blog\/?s={search_term_string}"},"query-input":{"@type":"PropertyValueSpecification","valueRequired":true,"valueName":"search_term_string"}}],"inLanguage":"es"},{"@type":"Organization","@id":"http:\/\/arquitecturadegalicia.eu\/blog\/#organization","name":"Arquitectura de Galicia","url":"http:\/\/arquitecturadegalicia.eu\/blog\/","logo":{"@type":"ImageObject","inLanguage":"es","@id":"http:\/\/arquitecturadegalicia.eu\/blog\/#\/schema\/logo\/image\/","url":"https:\/\/arquitecturadegalicia.eu\/blog\/wp-content\/uploads\/2017\/01\/arquitecturacurrents2.png","contentUrl":"https:\/\/arquitecturadegalicia.eu\/blog\/wp-content\/uploads\/2017\/01\/arquitecturacurrents2.png","width":840,"height":640,"caption":"Arquitectura de Galicia"},"image":{"@id":"http:\/\/arquitecturadegalicia.eu\/blog\/#\/schema\/logo\/image\/"},"sameAs":["https:\/\/www.facebook.com\/ArquitecturadeGalicia\/","https:\/\/x.com\/arquigaliciaeu","https:\/\/www.instagram.com\/arquigaliciaeu\/"]}]}},"jetpack_shortlink":"https:\/\/wp.me\/P2NHs2-rU","jetpack_sharing_enabled":true,"_links":{"self":[{"href":"https:\/\/arquitecturadegalicia.eu\/blog\/wp-json\/wp\/v2\/pages\/1730","targetHints":{"allow":["GET"]}}],"collection":[{"href":"https:\/\/arquitecturadegalicia.eu\/blog\/wp-json\/wp\/v2\/pages"}],"about":[{"href":"https:\/\/arquitecturadegalicia.eu\/blog\/wp-json\/wp\/v2\/types\/page"}],"author":[{"embeddable":true,"href":"https:\/\/arquitecturadegalicia.eu\/blog\/wp-json\/wp\/v2\/users\/2"}],"replies":[{"embeddable":true,"href":"https:\/\/arquitecturadegalicia.eu\/blog\/wp-json\/wp\/v2\/comments?post=1730"}],"version-history":[{"count":6,"href":"https:\/\/arquitecturadegalicia.eu\/blog\/wp-json\/wp\/v2\/pages\/1730\/revisions"}],"predecessor-version":[{"id":13038,"href":"https:\/\/arquitecturadegalicia.eu\/blog\/wp-json\/wp\/v2\/pages\/1730\/revisions\/13038"}],"up":[{"embeddable":true,"href":"https:\/\/arquitecturadegalicia.eu\/blog\/wp-json\/wp\/v2\/pages\/331"}],"wp:attachment":[{"href":"https:\/\/arquitecturadegalicia.eu\/blog\/wp-json\/wp\/v2\/media?parent=1730"}],"curies":[{"name":"wp","href":"https:\/\/api.w.org\/{rel}","templated":true}]}}