{"id":1922,"date":"2013-01-08T13:11:03","date_gmt":"2013-01-08T12:11:03","guid":{"rendered":"http:\/\/arquitecturadegalicia.eu\/blog\/?page_id=1922"},"modified":"2014-11-10T17:14:29","modified_gmt":"2014-11-10T16:14:29","slug":"vi-premios-coag-1994","status":"publish","type":"page","link":"https:\/\/arquitecturadegalicia.eu\/blog\/premios\/premios-do-coag\/vi-premios-coag-1994\/","title":{"rendered":"VI Premios COAG 1994"},"content":{"rendered":"<p><strong>Nova planta<\/strong><\/p>\n<p><em>Premio<\/em><\/p>\n<ul>\n<li><a href=\"http:\/\/arquitecturadegalicia.eu\/blog\/?p=2425\"><strong>Albergue de peregrinos en Triacastela<\/strong><\/a> _ <a href=\"http:\/\/arquitecturadegalicia.eu\/blog\/?tag=celestino-garcia-brana\">Celestino Garc\u00eda Bra\u00f1a<\/a>, Gonzalo de Pedro Quijano, Jos\u00e9 Manuel Pichel Pichel e Javier Reboredo Chaves<\/li>\n<\/ul>\n<p><em>Acc\u00e9sit<\/em><\/p>\n<ul>\n<li><a href=\"http:\/\/arquitecturadegalicia.eu\/blog\/?p=3332\"><strong>Sede da Direcci\u00f3n Xeral de Seguridade e Polic\u00eda Auton\u00f3mica no pol\u00edgono das Fonti\u00f1as, Santiago de Compostela<\/strong><\/a> _ <a href=\"http:\/\/arquitecturadegalicia.eu\/blog\/?tag=joaquin-fernandez-madrid\">Joaqu\u00edn Fern\u00e1ndez Madrid<\/a> e <a href=\"http:\/\/arquitecturadegalicia.eu\/blog\/?tag=pedro-r-iglesias-pereira\">Pedro Iglesias Pereira<\/a><\/li>\n<\/ul>\n<p>&nbsp;<\/p>\n<p><strong>Rehabilitaci\u00f3n<\/strong><\/p>\n<p><em>Premio<\/em><\/p>\n<ul>\n<li><a href=\"http:\/\/arquitecturadegalicia.eu\/blog\/?p=7743\"><strong>Rehabilitaci\u00f3n dos mu\u00ed\u00f1os de mareas no Pozo de Cach\u00f3n de Muros<\/strong><\/a>\u00a0_ <a href=\"http:\/\/arquitecturadegalicia.eu\/blog\/?tag=anaya-arquitectos\">Jes\u00fas Anaya D\u00edaz, Cristina Nebot e Pilar Volpini<\/a><\/li>\n<\/ul>\n<p><em>Acc\u00e9sit<\/em><\/p>\n<ul>\n<li><strong>Rehabilitaci\u00f3n do edificio de Servizo de Alumnos na Zapateira, A Coru\u00f1a<\/strong> _ <a href=\"http:\/\/arquitecturadegalicia.eu\/blog\/?tag=xose-manuel-casabella\">Xos\u00e9 Manuel Casabella<\/a><\/li>\n<\/ul>\n<p>&nbsp;<\/p>\n<p><strong>Decoraci\u00f3n e interiorismo<\/strong><\/p>\n<p><em>Premio<\/em><\/p>\n<ul>\n<li><strong>Delegaci\u00f3n do COAG na Coru\u00f1a <\/strong>_ <a href=\"http:\/\/arquitecturadegalicia.eu\/blog\/?tag=qrc\">Carlos Quint\u00e1ns Eiras, Antonio Raya de Blas e Crist\u00f3bal Crespo Gonz\u00e1lez<\/a><\/li>\n<\/ul>\n","protected":false},"excerpt":{"rendered":"<p>Nova planta Premio Albergue de peregrinos en Triacastela _ Celestino Garc\u00eda Bra\u00f1a, Gonzalo de Pedro Quijano, Jos\u00e9 Manuel Pichel Pichel e Javier Reboredo Chaves Acc\u00e9sit Sede da Direcci\u00f3n Xeral de Seguridade e Polic\u00eda Auton\u00f3mica no pol\u00edgono das Fonti\u00f1as, Santiago de Compostela _ Joaqu\u00edn Fern\u00e1ndez Madrid e Pedro Iglesias Pereira &nbsp; Rehabilitaci\u00f3n Premio Rehabilitaci\u00f3n dos mu\u00ed\u00f1os<a href=\"https:\/\/arquitecturadegalicia.eu\/blog\/premios\/premios-do-coag\/vi-premios-coag-1994\/\" title=\"Read more\" >&#8230;<\/a><\/p>\n","protected":false},"author":2,"featured_media":0,"parent":352,"menu_order":94,"comment_status":"open","ping_status":"open","template":"","meta":{"jetpack_post_was_ever_published":false,"footnotes":""},"class_list":["post-1922","page","type-page","status-publish","hentry","content-print"],"yoast_head":"<!-- This site is optimized with the Yoast SEO plugin v24.1 - https:\/\/yoast.com\/wordpress\/plugins\/seo\/ -->\n<title>VI Premios COAG 1994 | AG<\/title>\n<meta name=\"robots\" content=\"index, follow, max-snippet:-1, max-image-preview:large, max-video-preview:-1\" \/>\n<link rel=\"canonical\" href=\"https:\/\/arquitecturadegalicia.eu\/blog\/premios\/premios-do-coag\/vi-premios-coag-1994\/\" \/>\n<meta property=\"og:locale\" content=\"es_ES\" \/>\n<meta property=\"og:type\" content=\"article\" \/>\n<meta property=\"og:title\" content=\"VI Premios COAG 1994 | AG\" \/>\n<meta property=\"og:description\" content=\"Nova planta Premio Albergue de peregrinos en Triacastela _ Celestino Garc\u00eda Bra\u00f1a, Gonzalo de Pedro Quijano, Jos\u00e9 Manuel Pichel Pichel e Javier Reboredo Chaves Acc\u00e9sit Sede da Direcci\u00f3n Xeral de Seguridade e Polic\u00eda Auton\u00f3mica no pol\u00edgono das Fonti\u00f1as, Santiago de Compostela _ Joaqu\u00edn Fern\u00e1ndez Madrid e Pedro Iglesias Pereira &nbsp; Rehabilitaci\u00f3n Premio Rehabilitaci\u00f3n dos mu\u00ed\u00f1os...\" \/>\n<meta property=\"og:url\" content=\"https:\/\/arquitecturadegalicia.eu\/blog\/premios\/premios-do-coag\/vi-premios-coag-1994\/\" \/>\n<meta property=\"og:site_name\" content=\"AG\" \/>\n<meta property=\"article:publisher\" content=\"https:\/\/www.facebook.com\/ArquitecturadeGalicia\/\" \/>\n<meta property=\"article:modified_time\" content=\"2014-11-10T16:14:29+00:00\" \/>\n<meta name=\"twitter:card\" content=\"summary_large_image\" \/>\n<meta name=\"twitter:site\" content=\"@arquigaliciaeu\" \/>\n<meta name=\"twitter:label1\" content=\"Tiempo de lectura\" \/>\n\t<meta name=\"twitter:data1\" content=\"1 minuto\" \/>\n<script type=\"application\/ld+json\" class=\"yoast-schema-graph\">{\"@context\":\"https:\/\/schema.org\",\"@graph\":[{\"@type\":\"WebPage\",\"@id\":\"https:\/\/arquitecturadegalicia.eu\/blog\/premios\/premios-do-coag\/vi-premios-coag-1994\/\",\"url\":\"https:\/\/arquitecturadegalicia.eu\/blog\/premios\/premios-do-coag\/vi-premios-coag-1994\/\",\"name\":\"VI Premios COAG 1994 | AG\",\"isPartOf\":{\"@id\":\"http:\/\/arquitecturadegalicia.eu\/blog\/#website\"},\"datePublished\":\"2013-01-08T12:11:03+00:00\",\"dateModified\":\"2014-11-10T16:14:29+00:00\",\"breadcrumb\":{\"@id\":\"https:\/\/arquitecturadegalicia.eu\/blog\/premios\/premios-do-coag\/vi-premios-coag-1994\/#breadcrumb\"},\"inLanguage\":\"es\",\"potentialAction\":[{\"@type\":\"ReadAction\",\"target\":[\"https:\/\/arquitecturadegalicia.eu\/blog\/premios\/premios-do-coag\/vi-premios-coag-1994\/\"]}]},{\"@type\":\"BreadcrumbList\",\"@id\":\"https:\/\/arquitecturadegalicia.eu\/blog\/premios\/premios-do-coag\/vi-premios-coag-1994\/#breadcrumb\",\"itemListElement\":[{\"@type\":\"ListItem\",\"position\":1,\"name\":\"Portada\",\"item\":\"http:\/\/arquitecturadegalicia.eu\/blog\/\"},{\"@type\":\"ListItem\",\"position\":2,\"name\":\"Premios\",\"item\":\"http:\/\/arquitecturadegalicia.eu\/blog\/premios\/\"},{\"@type\":\"ListItem\",\"position\":3,\"name\":\"Premios do COAG\",\"item\":\"http:\/\/arquitecturadegalicia.eu\/blog\/premios\/premios-do-coag\/\"},{\"@type\":\"ListItem\",\"position\":4,\"name\":\"VI Premios COAG 1994\"}]},{\"@type\":\"WebSite\",\"@id\":\"http:\/\/arquitecturadegalicia.eu\/blog\/#website\",\"url\":\"http:\/\/arquitecturadegalicia.eu\/blog\/\",\"name\":\"AG\",\"description\":\"Arquitectura de Galicia\",\"publisher\":{\"@id\":\"http:\/\/arquitecturadegalicia.eu\/blog\/#organization\"},\"potentialAction\":[{\"@type\":\"SearchAction\",\"target\":{\"@type\":\"EntryPoint\",\"urlTemplate\":\"http:\/\/arquitecturadegalicia.eu\/blog\/?s={search_term_string}\"},\"query-input\":{\"@type\":\"PropertyValueSpecification\",\"valueRequired\":true,\"valueName\":\"search_term_string\"}}],\"inLanguage\":\"es\"},{\"@type\":\"Organization\",\"@id\":\"http:\/\/arquitecturadegalicia.eu\/blog\/#organization\",\"name\":\"Arquitectura de Galicia\",\"url\":\"http:\/\/arquitecturadegalicia.eu\/blog\/\",\"logo\":{\"@type\":\"ImageObject\",\"inLanguage\":\"es\",\"@id\":\"http:\/\/arquitecturadegalicia.eu\/blog\/#\/schema\/logo\/image\/\",\"url\":\"https:\/\/arquitecturadegalicia.eu\/blog\/wp-content\/uploads\/2017\/01\/arquitecturacurrents2.png\",\"contentUrl\":\"https:\/\/arquitecturadegalicia.eu\/blog\/wp-content\/uploads\/2017\/01\/arquitecturacurrents2.png\",\"width\":840,\"height\":640,\"caption\":\"Arquitectura de Galicia\"},\"image\":{\"@id\":\"http:\/\/arquitecturadegalicia.eu\/blog\/#\/schema\/logo\/image\/\"},\"sameAs\":[\"https:\/\/www.facebook.com\/ArquitecturadeGalicia\/\",\"https:\/\/x.com\/arquigaliciaeu\",\"https:\/\/www.instagram.com\/arquigaliciaeu\/\"]}]}<\/script>\n<!-- \/ Yoast SEO plugin. -->","yoast_head_json":{"title":"VI Premios COAG 1994 | AG","robots":{"index":"index","follow":"follow","max-snippet":"max-snippet:-1","max-image-preview":"max-image-preview:large","max-video-preview":"max-video-preview:-1"},"canonical":"https:\/\/arquitecturadegalicia.eu\/blog\/premios\/premios-do-coag\/vi-premios-coag-1994\/","og_locale":"es_ES","og_type":"article","og_title":"VI Premios COAG 1994 | AG","og_description":"Nova planta Premio Albergue de peregrinos en Triacastela _ Celestino Garc\u00eda Bra\u00f1a, Gonzalo de Pedro Quijano, Jos\u00e9 Manuel Pichel Pichel e Javier Reboredo Chaves Acc\u00e9sit Sede da Direcci\u00f3n Xeral de Seguridade e Polic\u00eda Auton\u00f3mica no pol\u00edgono das Fonti\u00f1as, Santiago de Compostela _ Joaqu\u00edn Fern\u00e1ndez Madrid e Pedro Iglesias Pereira &nbsp; Rehabilitaci\u00f3n Premio Rehabilitaci\u00f3n dos mu\u00ed\u00f1os...","og_url":"https:\/\/arquitecturadegalicia.eu\/blog\/premios\/premios-do-coag\/vi-premios-coag-1994\/","og_site_name":"AG","article_publisher":"https:\/\/www.facebook.com\/ArquitecturadeGalicia\/","article_modified_time":"2014-11-10T16:14:29+00:00","twitter_card":"summary_large_image","twitter_site":"@arquigaliciaeu","twitter_misc":{"Tiempo de lectura":"1 minuto"},"schema":{"@context":"https:\/\/schema.org","@graph":[{"@type":"WebPage","@id":"https:\/\/arquitecturadegalicia.eu\/blog\/premios\/premios-do-coag\/vi-premios-coag-1994\/","url":"https:\/\/arquitecturadegalicia.eu\/blog\/premios\/premios-do-coag\/vi-premios-coag-1994\/","name":"VI Premios COAG 1994 | AG","isPartOf":{"@id":"http:\/\/arquitecturadegalicia.eu\/blog\/#website"},"datePublished":"2013-01-08T12:11:03+00:00","dateModified":"2014-11-10T16:14:29+00:00","breadcrumb":{"@id":"https:\/\/arquitecturadegalicia.eu\/blog\/premios\/premios-do-coag\/vi-premios-coag-1994\/#breadcrumb"},"inLanguage":"es","potentialAction":[{"@type":"ReadAction","target":["https:\/\/arquitecturadegalicia.eu\/blog\/premios\/premios-do-coag\/vi-premios-coag-1994\/"]}]},{"@type":"BreadcrumbList","@id":"https:\/\/arquitecturadegalicia.eu\/blog\/premios\/premios-do-coag\/vi-premios-coag-1994\/#breadcrumb","itemListElement":[{"@type":"ListItem","position":1,"name":"Portada","item":"http:\/\/arquitecturadegalicia.eu\/blog\/"},{"@type":"ListItem","position":2,"name":"Premios","item":"http:\/\/arquitecturadegalicia.eu\/blog\/premios\/"},{"@type":"ListItem","position":3,"name":"Premios do COAG","item":"http:\/\/arquitecturadegalicia.eu\/blog\/premios\/premios-do-coag\/"},{"@type":"ListItem","position":4,"name":"VI Premios COAG 1994"}]},{"@type":"WebSite","@id":"http:\/\/arquitecturadegalicia.eu\/blog\/#website","url":"http:\/\/arquitecturadegalicia.eu\/blog\/","name":"AG","description":"Arquitectura de Galicia","publisher":{"@id":"http:\/\/arquitecturadegalicia.eu\/blog\/#organization"},"potentialAction":[{"@type":"SearchAction","target":{"@type":"EntryPoint","urlTemplate":"http:\/\/arquitecturadegalicia.eu\/blog\/?s={search_term_string}"},"query-input":{"@type":"PropertyValueSpecification","valueRequired":true,"valueName":"search_term_string"}}],"inLanguage":"es"},{"@type":"Organization","@id":"http:\/\/arquitecturadegalicia.eu\/blog\/#organization","name":"Arquitectura de Galicia","url":"http:\/\/arquitecturadegalicia.eu\/blog\/","logo":{"@type":"ImageObject","inLanguage":"es","@id":"http:\/\/arquitecturadegalicia.eu\/blog\/#\/schema\/logo\/image\/","url":"https:\/\/arquitecturadegalicia.eu\/blog\/wp-content\/uploads\/2017\/01\/arquitecturacurrents2.png","contentUrl":"https:\/\/arquitecturadegalicia.eu\/blog\/wp-content\/uploads\/2017\/01\/arquitecturacurrents2.png","width":840,"height":640,"caption":"Arquitectura de Galicia"},"image":{"@id":"http:\/\/arquitecturadegalicia.eu\/blog\/#\/schema\/logo\/image\/"},"sameAs":["https:\/\/www.facebook.com\/ArquitecturadeGalicia\/","https:\/\/x.com\/arquigaliciaeu","https:\/\/www.instagram.com\/arquigaliciaeu\/"]}]}},"jetpack_shortlink":"https:\/\/wp.me\/P2NHs2-v0","jetpack_sharing_enabled":true,"_links":{"self":[{"href":"https:\/\/arquitecturadegalicia.eu\/blog\/wp-json\/wp\/v2\/pages\/1922","targetHints":{"allow":["GET"]}}],"collection":[{"href":"https:\/\/arquitecturadegalicia.eu\/blog\/wp-json\/wp\/v2\/pages"}],"about":[{"href":"https:\/\/arquitecturadegalicia.eu\/blog\/wp-json\/wp\/v2\/types\/page"}],"author":[{"embeddable":true,"href":"https:\/\/arquitecturadegalicia.eu\/blog\/wp-json\/wp\/v2\/users\/2"}],"replies":[{"embeddable":true,"href":"https:\/\/arquitecturadegalicia.eu\/blog\/wp-json\/wp\/v2\/comments?post=1922"}],"version-history":[{"count":6,"href":"https:\/\/arquitecturadegalicia.eu\/blog\/wp-json\/wp\/v2\/pages\/1922\/revisions"}],"predecessor-version":[{"id":13131,"href":"https:\/\/arquitecturadegalicia.eu\/blog\/wp-json\/wp\/v2\/pages\/1922\/revisions\/13131"}],"up":[{"embeddable":true,"href":"https:\/\/arquitecturadegalicia.eu\/blog\/wp-json\/wp\/v2\/pages\/352"}],"wp:attachment":[{"href":"https:\/\/arquitecturadegalicia.eu\/blog\/wp-json\/wp\/v2\/media?parent=1922"}],"curies":[{"name":"wp","href":"https:\/\/api.w.org\/{rel}","templated":true}]}}