{"id":1929,"date":"2013-01-08T13:12:58","date_gmt":"2013-01-08T12:12:58","guid":{"rendered":"http:\/\/arquitecturadegalicia.eu\/blog\/?page_id=1929"},"modified":"2013-01-14T13:40:42","modified_gmt":"2013-01-14T12:40:42","slug":"vii-premios-coag-1996","status":"publish","type":"page","link":"https:\/\/arquitecturadegalicia.eu\/blog\/premios\/premios-do-coag\/vii-premios-coag-1996\/","title":{"rendered":"VII Premios COAG 1996"},"content":{"rendered":"<p>Nova planta<\/p>\n<p>Premio<br \/>\n\u00b7 <a href=\"http:\/\/arquitecturadegalicia.eu\/blog\/?p=10\">Museo de Belas Artes da Coru\u00f1a<\/a> _ <a href=\"http:\/\/arquitecturadegalicia.eu\/blog\/?tag=manuelgallego\">Manuel Gallego Jorreto<\/a><\/p>\n<p>Acc\u00e9sit<br \/>\n\u00b7 Novo edificio de xulgados en Santiago de Compostela _ Joaqu\u00edn Fern\u00e1ndez Madrid e Pedro Iglesias Pereira<\/p>\n<p>Menci\u00f3n<br \/>\n\u00b7 Ampliaci\u00f3n da cl\u00ednica Nosa Se\u00f1ora de F\u00e1tima de Vigo _ Joaqu\u00edn Fern\u00e1ndez Madrid e Pedro Iglesias Pereira<br \/>\n\u00b7 Edificio na r\u00faa San Miguel de Ourense _ Manuel Conde Aldemira e Bel\u00e9n Conde Conde<br \/>\n\u00b7 Edificio na r\u00faa Juan Fl\u00f3rez da Coru\u00f1a _ Carlos Mu\u00f1oz Fontenla e Luis Mu\u00f1oz Fontenla<\/p>\n<p>Rehabilitaci\u00f3n<\/p>\n<p>Premio<br \/>\n\u00b7 Rehabilitaci\u00f3n da sede do Consello da Cultura Galega en Santiago de Compostela_ Pedro de Llano Cabado<\/p>\n<p>Acc\u00e9sit<br \/>\n\u00b7 Rehabilitaci\u00f3n da Igrexa da Compa\u00f1\u00eda en Santiago de Compostela _ Celestino Garc\u00eda Bra\u00f1a e Gonzalo de Pedro Quijano<\/p>\n<p>Decoraci\u00f3n e interiorismo<\/p>\n<p>Premio<br \/>\n\u00b7 Montaxe para a Fotobienal de Vigo _ Jes\u00fas Irisarri Castro<\/p>\n<p>Acc\u00e9sit<br \/>\n\u00b7 Reforma de local para a nova sede de Fulgor Galicia S.A. na Coru\u00f1a _ Mario di Felice V\u00e1zquez<br \/>\n\u00b7 Instituto Galego de Psicomotricidade en Vigo _ Jos\u00e9 Manuel Pe\u00f1a Serna<\/p>\n","protected":false},"excerpt":{"rendered":"<p>Nova planta Premio \u00b7 Museo de Belas Artes da Coru\u00f1a _ Manuel Gallego Jorreto Acc\u00e9sit \u00b7 Novo edificio de xulgados en Santiago de Compostela _ Joaqu\u00edn Fern\u00e1ndez Madrid e Pedro Iglesias Pereira Menci\u00f3n \u00b7 Ampliaci\u00f3n da cl\u00ednica Nosa Se\u00f1ora de F\u00e1tima de Vigo _ Joaqu\u00edn Fern\u00e1ndez Madrid e Pedro Iglesias Pereira \u00b7 Edificio na r\u00faa<a href=\"https:\/\/arquitecturadegalicia.eu\/blog\/premios\/premios-do-coag\/vii-premios-coag-1996\/\" title=\"Read more\" >&#8230;<\/a><\/p>\n","protected":false},"author":2,"featured_media":0,"parent":352,"menu_order":93,"comment_status":"open","ping_status":"open","template":"","meta":{"jetpack_post_was_ever_published":false,"footnotes":""},"class_list":["post-1929","page","type-page","status-publish","hentry","content-print"],"yoast_head":"<!-- This site is optimized with the Yoast SEO plugin v24.1 - https:\/\/yoast.com\/wordpress\/plugins\/seo\/ -->\n<title>VII Premios COAG 1996 | AG<\/title>\n<meta name=\"robots\" content=\"index, follow, max-snippet:-1, max-image-preview:large, max-video-preview:-1\" \/>\n<link rel=\"canonical\" href=\"https:\/\/arquitecturadegalicia.eu\/blog\/premios\/premios-do-coag\/vii-premios-coag-1996\/\" \/>\n<meta property=\"og:locale\" content=\"es_ES\" \/>\n<meta property=\"og:type\" content=\"article\" \/>\n<meta property=\"og:title\" content=\"VII Premios COAG 1996 | AG\" \/>\n<meta property=\"og:description\" content=\"Nova planta Premio \u00b7 Museo de Belas Artes da Coru\u00f1a _ Manuel Gallego Jorreto Acc\u00e9sit \u00b7 Novo edificio de xulgados en Santiago de Compostela _ Joaqu\u00edn Fern\u00e1ndez Madrid e Pedro Iglesias Pereira Menci\u00f3n \u00b7 Ampliaci\u00f3n da cl\u00ednica Nosa Se\u00f1ora de F\u00e1tima de Vigo _ Joaqu\u00edn Fern\u00e1ndez Madrid e Pedro Iglesias Pereira \u00b7 Edificio na r\u00faa...\" \/>\n<meta property=\"og:url\" content=\"https:\/\/arquitecturadegalicia.eu\/blog\/premios\/premios-do-coag\/vii-premios-coag-1996\/\" \/>\n<meta property=\"og:site_name\" content=\"AG\" \/>\n<meta property=\"article:publisher\" content=\"https:\/\/www.facebook.com\/ArquitecturadeGalicia\/\" \/>\n<meta property=\"article:modified_time\" content=\"2013-01-14T12:40:42+00:00\" \/>\n<meta name=\"twitter:card\" content=\"summary_large_image\" \/>\n<meta name=\"twitter:site\" content=\"@arquigaliciaeu\" \/>\n<meta name=\"twitter:label1\" content=\"Tiempo de lectura\" \/>\n\t<meta name=\"twitter:data1\" content=\"1 minuto\" \/>\n<script type=\"application\/ld+json\" class=\"yoast-schema-graph\">{\"@context\":\"https:\/\/schema.org\",\"@graph\":[{\"@type\":\"WebPage\",\"@id\":\"https:\/\/arquitecturadegalicia.eu\/blog\/premios\/premios-do-coag\/vii-premios-coag-1996\/\",\"url\":\"https:\/\/arquitecturadegalicia.eu\/blog\/premios\/premios-do-coag\/vii-premios-coag-1996\/\",\"name\":\"VII Premios COAG 1996 | AG\",\"isPartOf\":{\"@id\":\"http:\/\/arquitecturadegalicia.eu\/blog\/#website\"},\"datePublished\":\"2013-01-08T12:12:58+00:00\",\"dateModified\":\"2013-01-14T12:40:42+00:00\",\"breadcrumb\":{\"@id\":\"https:\/\/arquitecturadegalicia.eu\/blog\/premios\/premios-do-coag\/vii-premios-coag-1996\/#breadcrumb\"},\"inLanguage\":\"es\",\"potentialAction\":[{\"@type\":\"ReadAction\",\"target\":[\"https:\/\/arquitecturadegalicia.eu\/blog\/premios\/premios-do-coag\/vii-premios-coag-1996\/\"]}]},{\"@type\":\"BreadcrumbList\",\"@id\":\"https:\/\/arquitecturadegalicia.eu\/blog\/premios\/premios-do-coag\/vii-premios-coag-1996\/#breadcrumb\",\"itemListElement\":[{\"@type\":\"ListItem\",\"position\":1,\"name\":\"Portada\",\"item\":\"http:\/\/arquitecturadegalicia.eu\/blog\/\"},{\"@type\":\"ListItem\",\"position\":2,\"name\":\"Premios\",\"item\":\"http:\/\/arquitecturadegalicia.eu\/blog\/premios\/\"},{\"@type\":\"ListItem\",\"position\":3,\"name\":\"Premios do COAG\",\"item\":\"http:\/\/arquitecturadegalicia.eu\/blog\/premios\/premios-do-coag\/\"},{\"@type\":\"ListItem\",\"position\":4,\"name\":\"VII Premios COAG 1996\"}]},{\"@type\":\"WebSite\",\"@id\":\"http:\/\/arquitecturadegalicia.eu\/blog\/#website\",\"url\":\"http:\/\/arquitecturadegalicia.eu\/blog\/\",\"name\":\"AG\",\"description\":\"Arquitectura de Galicia\",\"publisher\":{\"@id\":\"http:\/\/arquitecturadegalicia.eu\/blog\/#organization\"},\"potentialAction\":[{\"@type\":\"SearchAction\",\"target\":{\"@type\":\"EntryPoint\",\"urlTemplate\":\"http:\/\/arquitecturadegalicia.eu\/blog\/?s={search_term_string}\"},\"query-input\":{\"@type\":\"PropertyValueSpecification\",\"valueRequired\":true,\"valueName\":\"search_term_string\"}}],\"inLanguage\":\"es\"},{\"@type\":\"Organization\",\"@id\":\"http:\/\/arquitecturadegalicia.eu\/blog\/#organization\",\"name\":\"Arquitectura de Galicia\",\"url\":\"http:\/\/arquitecturadegalicia.eu\/blog\/\",\"logo\":{\"@type\":\"ImageObject\",\"inLanguage\":\"es\",\"@id\":\"http:\/\/arquitecturadegalicia.eu\/blog\/#\/schema\/logo\/image\/\",\"url\":\"https:\/\/arquitecturadegalicia.eu\/blog\/wp-content\/uploads\/2017\/01\/arquitecturacurrents2.png\",\"contentUrl\":\"https:\/\/arquitecturadegalicia.eu\/blog\/wp-content\/uploads\/2017\/01\/arquitecturacurrents2.png\",\"width\":840,\"height\":640,\"caption\":\"Arquitectura de Galicia\"},\"image\":{\"@id\":\"http:\/\/arquitecturadegalicia.eu\/blog\/#\/schema\/logo\/image\/\"},\"sameAs\":[\"https:\/\/www.facebook.com\/ArquitecturadeGalicia\/\",\"https:\/\/x.com\/arquigaliciaeu\",\"https:\/\/www.instagram.com\/arquigaliciaeu\/\"]}]}<\/script>\n<!-- \/ Yoast SEO plugin. -->","yoast_head_json":{"title":"VII Premios COAG 1996 | AG","robots":{"index":"index","follow":"follow","max-snippet":"max-snippet:-1","max-image-preview":"max-image-preview:large","max-video-preview":"max-video-preview:-1"},"canonical":"https:\/\/arquitecturadegalicia.eu\/blog\/premios\/premios-do-coag\/vii-premios-coag-1996\/","og_locale":"es_ES","og_type":"article","og_title":"VII Premios COAG 1996 | AG","og_description":"Nova planta Premio \u00b7 Museo de Belas Artes da Coru\u00f1a _ Manuel Gallego Jorreto Acc\u00e9sit \u00b7 Novo edificio de xulgados en Santiago de Compostela _ Joaqu\u00edn Fern\u00e1ndez Madrid e Pedro Iglesias Pereira Menci\u00f3n \u00b7 Ampliaci\u00f3n da cl\u00ednica Nosa Se\u00f1ora de F\u00e1tima de Vigo _ Joaqu\u00edn Fern\u00e1ndez Madrid e Pedro Iglesias Pereira \u00b7 Edificio na r\u00faa...","og_url":"https:\/\/arquitecturadegalicia.eu\/blog\/premios\/premios-do-coag\/vii-premios-coag-1996\/","og_site_name":"AG","article_publisher":"https:\/\/www.facebook.com\/ArquitecturadeGalicia\/","article_modified_time":"2013-01-14T12:40:42+00:00","twitter_card":"summary_large_image","twitter_site":"@arquigaliciaeu","twitter_misc":{"Tiempo de lectura":"1 minuto"},"schema":{"@context":"https:\/\/schema.org","@graph":[{"@type":"WebPage","@id":"https:\/\/arquitecturadegalicia.eu\/blog\/premios\/premios-do-coag\/vii-premios-coag-1996\/","url":"https:\/\/arquitecturadegalicia.eu\/blog\/premios\/premios-do-coag\/vii-premios-coag-1996\/","name":"VII Premios COAG 1996 | AG","isPartOf":{"@id":"http:\/\/arquitecturadegalicia.eu\/blog\/#website"},"datePublished":"2013-01-08T12:12:58+00:00","dateModified":"2013-01-14T12:40:42+00:00","breadcrumb":{"@id":"https:\/\/arquitecturadegalicia.eu\/blog\/premios\/premios-do-coag\/vii-premios-coag-1996\/#breadcrumb"},"inLanguage":"es","potentialAction":[{"@type":"ReadAction","target":["https:\/\/arquitecturadegalicia.eu\/blog\/premios\/premios-do-coag\/vii-premios-coag-1996\/"]}]},{"@type":"BreadcrumbList","@id":"https:\/\/arquitecturadegalicia.eu\/blog\/premios\/premios-do-coag\/vii-premios-coag-1996\/#breadcrumb","itemListElement":[{"@type":"ListItem","position":1,"name":"Portada","item":"http:\/\/arquitecturadegalicia.eu\/blog\/"},{"@type":"ListItem","position":2,"name":"Premios","item":"http:\/\/arquitecturadegalicia.eu\/blog\/premios\/"},{"@type":"ListItem","position":3,"name":"Premios do COAG","item":"http:\/\/arquitecturadegalicia.eu\/blog\/premios\/premios-do-coag\/"},{"@type":"ListItem","position":4,"name":"VII Premios COAG 1996"}]},{"@type":"WebSite","@id":"http:\/\/arquitecturadegalicia.eu\/blog\/#website","url":"http:\/\/arquitecturadegalicia.eu\/blog\/","name":"AG","description":"Arquitectura de Galicia","publisher":{"@id":"http:\/\/arquitecturadegalicia.eu\/blog\/#organization"},"potentialAction":[{"@type":"SearchAction","target":{"@type":"EntryPoint","urlTemplate":"http:\/\/arquitecturadegalicia.eu\/blog\/?s={search_term_string}"},"query-input":{"@type":"PropertyValueSpecification","valueRequired":true,"valueName":"search_term_string"}}],"inLanguage":"es"},{"@type":"Organization","@id":"http:\/\/arquitecturadegalicia.eu\/blog\/#organization","name":"Arquitectura de Galicia","url":"http:\/\/arquitecturadegalicia.eu\/blog\/","logo":{"@type":"ImageObject","inLanguage":"es","@id":"http:\/\/arquitecturadegalicia.eu\/blog\/#\/schema\/logo\/image\/","url":"https:\/\/arquitecturadegalicia.eu\/blog\/wp-content\/uploads\/2017\/01\/arquitecturacurrents2.png","contentUrl":"https:\/\/arquitecturadegalicia.eu\/blog\/wp-content\/uploads\/2017\/01\/arquitecturacurrents2.png","width":840,"height":640,"caption":"Arquitectura de Galicia"},"image":{"@id":"http:\/\/arquitecturadegalicia.eu\/blog\/#\/schema\/logo\/image\/"},"sameAs":["https:\/\/www.facebook.com\/ArquitecturadeGalicia\/","https:\/\/x.com\/arquigaliciaeu","https:\/\/www.instagram.com\/arquigaliciaeu\/"]}]}},"jetpack_shortlink":"https:\/\/wp.me\/P2NHs2-v7","jetpack_sharing_enabled":true,"_links":{"self":[{"href":"https:\/\/arquitecturadegalicia.eu\/blog\/wp-json\/wp\/v2\/pages\/1929","targetHints":{"allow":["GET"]}}],"collection":[{"href":"https:\/\/arquitecturadegalicia.eu\/blog\/wp-json\/wp\/v2\/pages"}],"about":[{"href":"https:\/\/arquitecturadegalicia.eu\/blog\/wp-json\/wp\/v2\/types\/page"}],"author":[{"embeddable":true,"href":"https:\/\/arquitecturadegalicia.eu\/blog\/wp-json\/wp\/v2\/users\/2"}],"replies":[{"embeddable":true,"href":"https:\/\/arquitecturadegalicia.eu\/blog\/wp-json\/wp\/v2\/comments?post=1929"}],"version-history":[{"count":4,"href":"https:\/\/arquitecturadegalicia.eu\/blog\/wp-json\/wp\/v2\/pages\/1929\/revisions"}],"predecessor-version":[{"id":2186,"href":"https:\/\/arquitecturadegalicia.eu\/blog\/wp-json\/wp\/v2\/pages\/1929\/revisions\/2186"}],"up":[{"embeddable":true,"href":"https:\/\/arquitecturadegalicia.eu\/blog\/wp-json\/wp\/v2\/pages\/352"}],"wp:attachment":[{"href":"https:\/\/arquitecturadegalicia.eu\/blog\/wp-json\/wp\/v2\/media?parent=1929"}],"curies":[{"name":"wp","href":"https:\/\/api.w.org\/{rel}","templated":true}]}}