{"id":352,"date":"2011-12-07T15:00:44","date_gmt":"2011-12-07T14:00:44","guid":{"rendered":"http:\/\/arquiteturagaliza.nixiweb.com\/?page_id=352"},"modified":"2021-03-14T19:06:37","modified_gmt":"2021-03-14T18:06:37","slug":"premios-do-coag","status":"publish","type":"page","link":"https:\/\/arquitecturadegalicia.eu\/blog\/premios\/premios-do-coag\/","title":{"rendered":"Premios do COAG"},"content":{"rendered":"\n<strong>XVIII PREMIOS COAG (2016-2018)<\/strong> (ver obras ga\u00f1adoras)\n\n\n\n\n<ul class=\"wp-block-list\"><li>Divulgaci\u00f3n, Investigaci\u00f3n e Dese\u00f1o: <strong>EXPOSICI\u00d3N, JORNADAS Y PUBLICACI\u00d3N_\u00c9XODO<\/strong>. PATRICIA MU\u00d1IZ N\u00da\u00d1EZ [DIRECCI\u00d3N, COMISARIA Y AUTORA DE LA PARTE DE INVESTIGACI\u00d3N]<\/li><li>Vivenda: <strong>COOPERATIVA DE VIVIENDAS 13 ROSAS RESIDENCIAL<\/strong> R\u00faa Trece Rosas SANTIAGO DE COMPOSTELA. MANUEL CARBAJO CAPEANS (2391) | CELSO BARRIOS CEIDE (3307) | CARBAJO Y BARRIOS ARQUITECTOS ASOCIADOS, SLP (20140)<\/li><li>Arquitecturas Ef\u00e9meras e de Baixo Custo: <strong>VIVIENDA MODULAR AUTOMONTA<\/strong>. LUGAR LAIAS , CENLLE. MANUEL JORRETO DIAZ (2226)<\/li><li>Rehabilitaci\u00f3n: <strong>REHABILITACI\u00d3N DE IGLESIA. LUGAR IGREXARIO<\/strong>  MOA\u00d1A . ANTONIO PERNAS VARELA (2254)<\/li><li>Proxecto Fin de Carreira. <strong>UN BUEN SUCESO<\/strong>. Monte El Pardo, Madrid. MANUEL BOUZAS BARCALA<\/li><li>Obras de Reforma e Interiorismo: <strong>LECTOCOSMOS . REFORMA DE LOCAL PARA LIBRER\u00cdA<\/strong>. Pza. Anxo Fern\u00e1ndez G\u00f3mez 3 27001 Lugo. FERNANDO MARTINEZ LOPEZ (3201) | MIGUEL CARBALLIDO PENSADO (3521) | INES GARC\u00cdA DINTEN (4626) | SUSANA VAZQUEZ RODRIGUEZ (4627)<\/li><li>Dese\u00f1o Urbano, Planeamento e Paisaxe: <strong>AS PORTAS DO MAR<\/strong>. R\u00faa Malec\u00f3n de Gasset s\/n, Noia. DOSESMAS ARQUITECTOS, SCP (20286) | \u00c1LVARO MAR\u00cdN DUR\u00c1N (3249) | ALFONSO CASTRO LORENZO (3932)<\/li><li>Equipamentos: <strong>ESCOLA INFANTIL EN A VEIGADA\u00d1A<\/strong>. Cami\u00f1o das Lagoas, A Veigada\u00f1a, Mos (Pontevedra) ESTEFAN\u00cdA GRANDAL LEIR\u00d3S (4559) | JUAN IGNACIO PRIETO L\u00d3PEZ (3750) | FAUSTINO PATI\u00d1O CAMBEIRO (3505)<\/li><\/ul>\n\n\n\n\n\n\n\n\n<strong>XVII PREMIOS COAG (2014-2016)<\/strong> <a rel=\"noreferrer noopener\" href=\"http:\/\/www.coag.es\/premioscoag\/candidaturas\/documentacion\/xvii\/acta_xurado_xvii_premios_coag.pdf\" target=\"_blank\">(ver acta do xurado)<\/a>\n\n\n\n\n<ul class=\"wp-block-list\"><li>Premio \u00e1 traxectoria profesional: <strong>JOS\u00c9 JAVIER SUANCES PEREIRO.<\/strong><\/li><li>Vivenda:  <strong>VIVIENDA UNIFAMILIAR AISLADA<\/strong> en Carretera de Fonfr\u00eda 36C Cabanas.  Fernando Mart\u00ednez L\u00f3pez (3201) | Miguel Carballido Pensado (3521)  <br><strong>Cooperativa de vivendas Galeras Entrerrios<\/strong>.  Carbajo y Barrios Arquitectos Asociados, SLP<\/li><li>Rehabilitaci\u00f3n: <strong>REHABILITACI\u00d3N DA CASA DA VI\u00d1A<\/strong>, Allariz .  Seara Peleteiro Arquitectos <\/li><li>Equipamento: <strong>CENTRO DE ACTIVIDADES MARI\u00d1EIRAS E CABANAS DO BARRANCO<\/strong>, Outes: Salgado e Li\u00f1ares SLP<br><strong>REFORMA E AMPLIACI\u00d3N DE CENTRO DOCENTE-ASISTENCIAL DOWN <\/strong>, en Pedralonga. Jos\u00e9 Luis Mart\u00ednez Raido e Emilio Rodriguez Blanco<\/li><li>Dese\u00f1o urbano\/ Espazos abertos: <strong>MIRADOR DE PEDRA DA RA<\/strong>, en Ribeira. Carlos Seoane<\/li><li>Reforma e interiorismo: <strong>DESPACHO DE HELADER\u00cdA<\/strong>: Faustino Pati\u00f1o Cambeiro, Juan Ignacio Prieto L\u00f3pez e Andrea Fern\u00e1ndez Fern\u00e1ndez.<\/li><li>Arquitecturas ef\u00e9meras: Categor\u00eda deserta<\/li><li>Baixo custo: <strong>\u00abChic&amp;Cheap\u00bb<\/strong> Noia.  Mart\u00edn Insua Calvo e Jos\u00e9 Barreiro Carre\u00f1o<\/li><li>Arquitectura novel: Categor\u00eda deserta<\/li><li>Divulgaci\u00f3n e Investigaci\u00f3n: LONGAMETRAXE DOCUMENTAL \u00abA SEARA\u00bb gAU Arquitectura e Urbanismo SLP<\/li><\/ul>\n\n\n\n\n\n\n\n\n<strong><a href=\"http:\/\/arquitecturadegalicia.eu\/blog\/xvi-premios-coag-2014-14\/\">XVI Premios COAG 2014<\/a>&nbsp;<\/strong><a href=\"http:\/\/arquitecturadegalicia.eu\/revista\/2015\/03\/xvi-premios-coag\/\">(ver cr\u00f3nica)<\/a>\n\n\n\n\n<ul class=\"wp-block-list\"><li>Premio \u00e1 traxectoria profesional: Manuel Gallego Jorreto<\/li><li>Rehabilitaci\u00f3n: Emilio Rodr\u00edguez Blanco pola Rehabilitaci\u00f3n Integral dunha vivenda en Portanova<\/li><li>Interiorismo e Reforma Interior: Villac\u00e9 y Comingues pola Adaptaci\u00f3n de local e actividade de Cafeter\u00eda en Vigo.<\/li><li>Arquitectura ef\u00e9mera: Jorge Garc\u00eda, Fernando Eiroa, Francisco Xabier Barral e Rebeca Eiras pola Ordenaci\u00f3n do Festival do Norte 2014<\/li><li>Vivenda: \u201cex aequo\u201d a Manuel Jorreto D\u00edaz pola s\u00faa vivenda en Ourense, e a Terceroderecha Arquitectos pola s\u00faa Vivenda Unifamiliar en Xuanzo.<\/li><li>Equipamento: Carlos Seoane polo Centro Social e de Ocio Biosaludable<\/li><li>Proxecto fin de carreira: Pablo L\u00f3pez Prol polo Estadio Ol\u00edmpico na Ribeira do Manzanares<\/li><li>Baixo custo: Castroferro Arquitectos polo Refuxio en Vilaboa<\/li><li>Divulgaci\u00f3n e Investigaci\u00f3n:<a href=\"http:\/\/arquitecturadegalicia.eu\"> arquitecturadegalicia.eu<\/a><\/li><\/ul>\n\n\n\n\n<!--more-->\n\n\n\n<a href=\"http:\/\/arquitecturadegalicia.eu\/blog\/?page_id=1698\"><strong>XV Premios COAG 2012<\/strong><\/a>\n\n\n\n<span style=\"color: #888888;\"><strong>&nbsp;<\/strong><\/span>\n\n\n\n<!--more-->\n\n\n\n<a href=\"http:\/\/arquitecturadegalicia.eu\/blog\/?page_id=5063\"><strong>XII Premios COAG 2006<\/strong><\/a>\n\n\n\n<span style=\"color: #999999;\"><strong>Nova Planta<\/strong><\/span>\n\n\n\n<span style=\"color: #999999;\"><strong>Rehabilitaci\u00f3n<\/strong><\/span>\n\n\n\n<!--more-->\n\n\n\n<strong><a href=\"http:\/\/arquitecturadegalicia.eu\/blog\/?page_id=1696\">XI Premios COAG 2004<\/a><\/strong>\n\n\n\n<span style=\"color: #888888;\"><b>Nova planta<\/b><\/span>\n\n\n\n<span style=\"color: #888888;\">Premio<\/span><br>\n<span style=\"color: #888888;\"> \u00b7 Centro de Sa\u00fade de Mi\u00f1o _&nbsp;<a href=\"http:\/\/arquitecturadegalicia.eu\/blog\/?tag=irisarri-pinera\"><span style=\"color: #888888;\"><strong>Jes\u00fas Irisarri + Guadalupe Pi\u00f1era<\/strong><\/span><\/a><\/span>\n\n\n\n<span style=\"color: #888888;\"><strong>Rehabilitaci\u00f3n<\/strong><\/span>\n\n\n\n<span style=\"color: #888888;\">Premio<\/span><br>\n<span style=\"color: #888888;\"> \u00b7&nbsp;<a href=\"http:\/\/arquitecturadegalicia.eu\/blog\/?p=600\"><span style=\"color: #888888;\"><strong>Remodelaci\u00f3n do antigo cuartel para museo e sede da fundaci\u00f3n Luis Seoane<\/strong><\/span><\/a>&nbsp;_&nbsp;<strong><a href=\"http:\/\/arquitecturadegalicia.eu\/blog\/?tag=creusecarrasco\"><span style=\"color: #888888;\">Juan Creus + Covadonga Carrasco<\/span><\/a><\/strong><\/span>\n\n\n\n<!--more-->\n\n\n\n<strong><a href=\"http:\/\/arquitecturadegalicia.eu\/blog\/?page_id=1691\">X Premios COAG 2002<\/a><\/strong>\n\n\n\n<b style=\"color: #888888;\">Nova planta<\/b>\n\n\n\n<span style=\"color: #888888;\">Premio<\/span><br>\n<span style=\"color: #888888;\"> \u00b7&nbsp;<strong><a href=\"http:\/\/arquitecturadegalicia.eu\/blog\/?p=580\"><span style=\"color: #888888;\">Centro de Control de T\u00faneles en Pedrafita<\/span><\/a><\/strong>&nbsp;_&nbsp;<strong><a href=\"http:\/\/arquitecturadegalicia.eu\/blog\/?tag=arturo-franco-taboada\"><span style=\"color: #888888;\">Arturo Franco Taboada<\/span><\/a><\/strong><\/span><br>\n<span style=\"color: #888888;\"> \u00b7 Centro de Sa\u00fade Matogrande _&nbsp;<a href=\"http:\/\/arquitecturadegalicia.eu\/blog\/?tag=enrique-rodriguez-garcia\"><span style=\"color: #888888;\"><strong>Enrique Rodr\u00edguez Garc\u00eda<\/strong><\/span><\/a><\/span>\n\n\n\n<span style=\"color: #888888;\"><strong>Rehabilitaci\u00f3n<\/strong><\/span>\n\n\n\n<span style=\"color: #888888;\">Premio<\/span><br>\n<span style=\"color: #888888;\"> \u00b7 Rehabilitaci\u00f3n casa Sarandones _&nbsp;<a href=\"http:\/\/arquitecturadegalicia.eu\/blog\/?tag=carlosseoane\"><span style=\"color: #888888;\"><strong>Carlos Seoane<\/strong><\/span><\/a><\/span>\n\n\n\n<span style=\"color: #888888;\"><strong>Decoraci\u00f3n e interiorismo<\/strong><\/span>\n\n\n\n<span style=\"color: #888888;\">Premio<\/span><br>\n<span style=\"color: #888888;\"> \u00b7 Reforma de local comercial _ Jos\u00e9 Manuel Pe\u00f1a Serna<\/span>\n\n\n\n<span style=\"color: #888888;\"><strong>Espacios abertos e p\u00fablicos<\/strong><\/span>\n\n\n\n<span style=\"color: #888888;\">Premio<\/span><br>\n<span style=\"color: #888888;\"> \u00b7 Urbanizaci\u00f3n de d\u00faas prazas (do recreo-do balc\u00f3n) _ Jos\u00e9 Gonz\u00e1lez-Cebri\u00e1n Tello<\/span>\n\n\n\n<span style=\"color: #888888;\"><strong>Obra primeira<\/strong><\/span>\n\n\n\n<span style=\"color: #888888;\">Menci\u00f3n<\/span><br>\n<span style=\"color: #888888;\"> \u00b7 Casa para un autista _ Antonio Garc\u00eda Fern\u00e1ndez<\/span>\n\n\n\n<span style=\"color: #888888;\"><strong>Arquitectura de baixo custo<\/strong><\/span>\n\n\n\n<span style=\"color: #888888;\">Menci\u00f3n<\/span><br>\n<span style=\"color: #888888;\"> \u00b7 Cafeter\u00eda V\u00eda Lactea _ Carmen Vi\u00f1o, Miguel A L\u00f3pez, Juan J Vi\u00f1o<\/span>\n\n\n\n<!--more-->\n\n\n\n&nbsp;<a href=\"http:\/\/arquitecturadegalicia.eu\/blog\/?page_id=1933\"><strong>IX Premio COAG 2000<\/strong><\/a>\n\n\n\n<!--more-->\n\n\n\n<a href=\"http:\/\/arquitecturadegalicia.eu\/blog\/?page_id=1932\"><strong>VIII Premios COAG 1998<\/strong><\/a>\n\n\n\n<!--more-->\n\n\n\n<strong>VII Premios COAG 1996<\/strong>\n\n\n\n<!--more-->\n\n\n\n<strong><a href=\"http:\/\/arquitecturadegalicia.eu\/blog\/?page_id=1922\">VI Premios COAG 1994<\/a><\/strong>\n\n\n\n<strong>Nova planta<\/strong>\n\n\n\n<em>Premio<\/em>\n\n\n\n\n<ul class=\"wp-block-list\"><li><a href=\"http:\/\/arquitecturadegalicia.eu\/blog\/?p=2425\"><strong>Albergue de peregrinos en Triacastela<\/strong><\/a> _ <a href=\"http:\/\/arquitecturadegalicia.eu\/blog\/?tag=celestino-garcia-brana\">Celestino Garc\u00eda Bra\u00f1a<\/a>, Gonzalo de Pedro Quijano, Jos\u00e9 Manuel Pichel Pichel e Javier Reboredo Chaves<\/li><\/ul>\n\n\n\n\n<strong>Rehabilitaci\u00f3n<\/strong>\n\n\n\n<em>Premio<\/em>\n\n\n\n\n<ul class=\"wp-block-list\"><li><a href=\"http:\/\/arquitecturadegalicia.eu\/blog\/?p=7743\"><strong>Rehabilitaci\u00f3n dos mu\u00ed\u00f1os de mareas no Pozo de Cach\u00f3n de Muros<\/strong><\/a>&nbsp;_ <a href=\"http:\/\/arquitecturadegalicia.eu\/blog\/?tag=anaya-arquitectos\">Jes\u00fas Anaya D\u00edaz, Cristina Nebot e Pilar Volpini<\/a><\/li><\/ul>\n\n\n\n\n<strong>Decoraci\u00f3n e interiorismo<\/strong>\n\n\n\n<em>Premio<\/em>\n\n\n\n\n<ul class=\"wp-block-list\"><li><strong>Delegaci\u00f3n do COAG na Coru\u00f1a <\/strong>_ <a href=\"http:\/\/arquitecturadegalicia.eu\/blog\/?tag=qrc\">Carlos Quint\u00e1ns Eiras, Antonio Raya de Blas e Crist\u00f3bal Crespo Gonz\u00e1lez<\/a><\/li><\/ul>\n\n\n\n\n<!--more-->\n\n\n\n<strong><a href=\"http:\/\/arquitecturadegalicia.eu\/blog\/?page_id=1689\">V Premios COAG 1992<\/a><\/strong>\n\n\n\n<strong>Premio<\/strong>\n\n\n\n\n<ul class=\"wp-block-list\"><li dir=\"ltr\"><strong>Rehabilitaci\u00f3n de antiga f\u00e1brica de curtidos para edificios de vivendas no Carmen de Abaixo, Santiago de Compostela<\/strong> _ Jos\u00e9 Luis Pereiro Alonso<\/li><\/ul>\n\n\n\n\n<br>\n<strong><a href=\"http:\/\/arquitecturadegalicia.eu\/blog\/?page_id=1687\">IV Premios COAG 1990<\/a><\/strong>\n\n\n\n<!--more-->\n\n\n\n<b><b>Nova planta<br>\n<\/b><\/b><em>Premio<\/em>\n\n\n\n\n<ul class=\"wp-block-list\"><li><a href=\"http:\/\/arquitecturadegalicia.eu\/blog\/?p=7785\"><strong>Tres vivendas unifamiliares na Derrasa (Santa Marta de Moreiras), Ourense<\/strong><\/a> _ <a href=\"http:\/\/arquitecturadegalicia.eu\/blog\/?tag=iago-seara\">Iago Seara Morales<\/a> e <a href=\"http:\/\/arquitecturadegalicia.eu\/blog\/?tag=alfredo-freixedo-alemparte\">Alfredo Freixedo Alemparte<\/a><\/li><\/ul>\n\n\n\n\n<br>\n<strong><a href=\"http:\/\/arquitecturadegalicia.eu\/blog\/?page_id=1684\">III Premios COAG 1989<\/a><\/strong>\n\n\n\n<!--more-->\n\n\n\n<b><b>Nova planta<br>\n<\/b><\/b><em>Premio<\/em>\n\n\n\n\n<ul class=\"wp-block-list\"><li><a href=\"http:\/\/arquitecturadegalicia.eu\/blog\/?p=6385\"><strong>Remodelaci\u00f3n do contorno das Burgas en Ourense<\/strong><\/a>&nbsp;_ <a href=\"http:\/\/arquitecturadegalicia.eu\/blog\/?tag=xose-manuel-casabella\">Xos\u00e9 Manuel Casabella<\/a><\/li><\/ul>\n\n\n\n\n<br>\n<strong><a href=\"http:\/\/arquitecturadegalicia.eu\/blog\/?page_id=1682\">II Premios COAG 1988<\/a><\/strong>\n\n\n\n<!--more-->\n\n\n\n<b><b>Nova planta<br>\n<\/b><\/b><em>Premio<\/em>\n\n\n\n\n<ul class=\"wp-block-list\"><li><strong>Edificio da Caixa de Aforros de Ourense e vivendas en Parada de Sil<\/strong> _ Juan Carlos Cabanelas Rodr\u00edguez e Mar\u00eda Jes\u00fas Castelo Villanueva<\/li><\/ul>\n\n\n\n\n<!--more-->\n\n\n\n<a href=\"http:\/\/arquitecturadegalicia.eu\/blog\/?page_id=1680\"><strong>I Premios COAG 1985<\/strong><\/a>\n\n\n\n<strong>Singular de nova planta<\/strong><br>\n<em>Premio<\/em>\n\n\n\n\n<ul class=\"wp-block-list\"><li><strong>Casa das Ciencias da Coru\u00f1a<\/strong>&nbsp;_ <a href=\"http:\/\/arquitecturadegalicia.eu\/blog\/?tag=felipe-pena\">Felipe Pe\u00f1a Pereda<\/a><\/li><\/ul>\n\n\n\n\n<strong>Rehabilitaci\u00f3n<\/strong><br>\n<em>Premio<\/em>\n\n\n\n\n<ul class=\"wp-block-list\"><li><strong>Kiosko Alfonso da Coru\u00f1a<\/strong> _ <a href=\"http:\/\/arquitecturadegalicia.eu\/blog\/?tag=xose-manuel-casabella\">Xos\u00e9 Manuel Casabella<\/a><\/li><\/ul>\n\n\n\n\n<strong>Decoraci\u00f3n e interiorismo<\/strong><br>\n<em>Premio<\/em>\n\n\n\n\n<ul class=\"wp-block-list\"><li><strong>Tenda D\u2019Aquino en Vigo<\/strong> _ Jos\u00e9 Luis Valverde Fern\u00e1ndez<\/li><\/ul>\n\n","protected":false},"excerpt":{"rendered":"<p>XVIII PREMIOS COAG (2016-2018) (ver obras ga\u00f1adoras) Divulgaci\u00f3n, Investigaci\u00f3n e Dese\u00f1o: EXPOSICI\u00d3N, JORNADAS Y PUBLICACI\u00d3N_\u00c9XODO. PATRICIA MU\u00d1IZ N\u00da\u00d1EZ [DIRECCI\u00d3N, COMISARIA Y AUTORA DE LA PARTE DE INVESTIGACI\u00d3N] Vivenda: COOPERATIVA DE VIVIENDAS 13 ROSAS RESIDENCIAL R\u00faa Trece Rosas SANTIAGO DE COMPOSTELA. MANUEL CARBAJO CAPEANS (2391) | CELSO BARRIOS CEIDE (3307) | CARBAJO Y BARRIOS ARQUITECTOS ASOCIADOS,<a href=\"https:\/\/arquitecturadegalicia.eu\/blog\/premios\/premios-do-coag\/\" title=\"Read more\" >&#8230;<\/a><\/p>\n","protected":false},"author":4,"featured_media":0,"parent":325,"menu_order":1,"comment_status":"open","ping_status":"open","template":"","meta":{"jetpack_post_was_ever_published":false,"footnotes":""},"class_list":["post-352","page","type-page","status-publish","hentry","content-print"],"yoast_head":"<!-- This site is optimized with the Yoast SEO plugin v24.1 - https:\/\/yoast.com\/wordpress\/plugins\/seo\/ -->\n<title>Premios do COAG | AG<\/title>\n<meta name=\"robots\" content=\"index, follow, max-snippet:-1, max-image-preview:large, max-video-preview:-1\" \/>\n<link rel=\"canonical\" href=\"http:\/\/arquitecturadegalicia.eu\/blog\/premios\/premios-do-coag\/\" \/>\n<meta property=\"og:locale\" content=\"es_ES\" \/>\n<meta property=\"og:type\" content=\"article\" \/>\n<meta property=\"og:title\" content=\"Premios do COAG | AG\" \/>\n<meta property=\"og:description\" content=\"XVIII PREMIOS COAG (2016-2018) (ver obras ga\u00f1adoras) Divulgaci\u00f3n, Investigaci\u00f3n e Dese\u00f1o: EXPOSICI\u00d3N, JORNADAS Y PUBLICACI\u00d3N_\u00c9XODO. PATRICIA MU\u00d1IZ N\u00da\u00d1EZ [DIRECCI\u00d3N, COMISARIA Y AUTORA DE LA PARTE DE INVESTIGACI\u00d3N] Vivenda: COOPERATIVA DE VIVIENDAS 13 ROSAS RESIDENCIAL R\u00faa Trece Rosas SANTIAGO DE COMPOSTELA. MANUEL CARBAJO CAPEANS (2391) | CELSO BARRIOS CEIDE (3307) | CARBAJO Y BARRIOS ARQUITECTOS ASOCIADOS,...\" \/>\n<meta property=\"og:url\" content=\"http:\/\/arquitecturadegalicia.eu\/blog\/premios\/premios-do-coag\/\" \/>\n<meta property=\"og:site_name\" content=\"AG\" \/>\n<meta property=\"article:publisher\" content=\"https:\/\/www.facebook.com\/ArquitecturadeGalicia\/\" \/>\n<meta property=\"article:modified_time\" content=\"2021-03-14T18:06:37+00:00\" \/>\n<meta name=\"twitter:card\" content=\"summary_large_image\" \/>\n<meta name=\"twitter:site\" content=\"@arquigaliciaeu\" \/>\n<meta name=\"twitter:label1\" content=\"Tiempo de lectura\" \/>\n\t<meta name=\"twitter:data1\" content=\"4 minutos\" \/>\n<script type=\"application\/ld+json\" class=\"yoast-schema-graph\">{\"@context\":\"https:\/\/schema.org\",\"@graph\":[{\"@type\":\"WebPage\",\"@id\":\"http:\/\/arquitecturadegalicia.eu\/blog\/premios\/premios-do-coag\/\",\"url\":\"http:\/\/arquitecturadegalicia.eu\/blog\/premios\/premios-do-coag\/\",\"name\":\"Premios do COAG | AG\",\"isPartOf\":{\"@id\":\"http:\/\/arquitecturadegalicia.eu\/blog\/#website\"},\"datePublished\":\"2011-12-07T14:00:44+00:00\",\"dateModified\":\"2021-03-14T18:06:37+00:00\",\"breadcrumb\":{\"@id\":\"http:\/\/arquitecturadegalicia.eu\/blog\/premios\/premios-do-coag\/#breadcrumb\"},\"inLanguage\":\"es\",\"potentialAction\":[{\"@type\":\"ReadAction\",\"target\":[\"http:\/\/arquitecturadegalicia.eu\/blog\/premios\/premios-do-coag\/\"]}]},{\"@type\":\"BreadcrumbList\",\"@id\":\"http:\/\/arquitecturadegalicia.eu\/blog\/premios\/premios-do-coag\/#breadcrumb\",\"itemListElement\":[{\"@type\":\"ListItem\",\"position\":1,\"name\":\"Portada\",\"item\":\"http:\/\/arquitecturadegalicia.eu\/blog\/\"},{\"@type\":\"ListItem\",\"position\":2,\"name\":\"Premios\",\"item\":\"http:\/\/arquitecturadegalicia.eu\/blog\/premios\/\"},{\"@type\":\"ListItem\",\"position\":3,\"name\":\"Premios do COAG\"}]},{\"@type\":\"WebSite\",\"@id\":\"http:\/\/arquitecturadegalicia.eu\/blog\/#website\",\"url\":\"http:\/\/arquitecturadegalicia.eu\/blog\/\",\"name\":\"AG\",\"description\":\"Arquitectura de Galicia\",\"publisher\":{\"@id\":\"http:\/\/arquitecturadegalicia.eu\/blog\/#organization\"},\"potentialAction\":[{\"@type\":\"SearchAction\",\"target\":{\"@type\":\"EntryPoint\",\"urlTemplate\":\"http:\/\/arquitecturadegalicia.eu\/blog\/?s={search_term_string}\"},\"query-input\":{\"@type\":\"PropertyValueSpecification\",\"valueRequired\":true,\"valueName\":\"search_term_string\"}}],\"inLanguage\":\"es\"},{\"@type\":\"Organization\",\"@id\":\"http:\/\/arquitecturadegalicia.eu\/blog\/#organization\",\"name\":\"Arquitectura de Galicia\",\"url\":\"http:\/\/arquitecturadegalicia.eu\/blog\/\",\"logo\":{\"@type\":\"ImageObject\",\"inLanguage\":\"es\",\"@id\":\"http:\/\/arquitecturadegalicia.eu\/blog\/#\/schema\/logo\/image\/\",\"url\":\"https:\/\/arquitecturadegalicia.eu\/blog\/wp-content\/uploads\/2017\/01\/arquitecturacurrents2.png\",\"contentUrl\":\"https:\/\/arquitecturadegalicia.eu\/blog\/wp-content\/uploads\/2017\/01\/arquitecturacurrents2.png\",\"width\":840,\"height\":640,\"caption\":\"Arquitectura de Galicia\"},\"image\":{\"@id\":\"http:\/\/arquitecturadegalicia.eu\/blog\/#\/schema\/logo\/image\/\"},\"sameAs\":[\"https:\/\/www.facebook.com\/ArquitecturadeGalicia\/\",\"https:\/\/x.com\/arquigaliciaeu\",\"https:\/\/www.instagram.com\/arquigaliciaeu\/\"]}]}<\/script>\n<!-- \/ Yoast SEO plugin. -->","yoast_head_json":{"title":"Premios do COAG | AG","robots":{"index":"index","follow":"follow","max-snippet":"max-snippet:-1","max-image-preview":"max-image-preview:large","max-video-preview":"max-video-preview:-1"},"canonical":"http:\/\/arquitecturadegalicia.eu\/blog\/premios\/premios-do-coag\/","og_locale":"es_ES","og_type":"article","og_title":"Premios do COAG | AG","og_description":"XVIII PREMIOS COAG (2016-2018) (ver obras ga\u00f1adoras) Divulgaci\u00f3n, Investigaci\u00f3n e Dese\u00f1o: EXPOSICI\u00d3N, JORNADAS Y PUBLICACI\u00d3N_\u00c9XODO. PATRICIA MU\u00d1IZ N\u00da\u00d1EZ [DIRECCI\u00d3N, COMISARIA Y AUTORA DE LA PARTE DE INVESTIGACI\u00d3N] Vivenda: COOPERATIVA DE VIVIENDAS 13 ROSAS RESIDENCIAL R\u00faa Trece Rosas SANTIAGO DE COMPOSTELA. MANUEL CARBAJO CAPEANS (2391) | CELSO BARRIOS CEIDE (3307) | CARBAJO Y BARRIOS ARQUITECTOS ASOCIADOS,...","og_url":"http:\/\/arquitecturadegalicia.eu\/blog\/premios\/premios-do-coag\/","og_site_name":"AG","article_publisher":"https:\/\/www.facebook.com\/ArquitecturadeGalicia\/","article_modified_time":"2021-03-14T18:06:37+00:00","twitter_card":"summary_large_image","twitter_site":"@arquigaliciaeu","twitter_misc":{"Tiempo de lectura":"4 minutos"},"schema":{"@context":"https:\/\/schema.org","@graph":[{"@type":"WebPage","@id":"http:\/\/arquitecturadegalicia.eu\/blog\/premios\/premios-do-coag\/","url":"http:\/\/arquitecturadegalicia.eu\/blog\/premios\/premios-do-coag\/","name":"Premios do COAG | AG","isPartOf":{"@id":"http:\/\/arquitecturadegalicia.eu\/blog\/#website"},"datePublished":"2011-12-07T14:00:44+00:00","dateModified":"2021-03-14T18:06:37+00:00","breadcrumb":{"@id":"http:\/\/arquitecturadegalicia.eu\/blog\/premios\/premios-do-coag\/#breadcrumb"},"inLanguage":"es","potentialAction":[{"@type":"ReadAction","target":["http:\/\/arquitecturadegalicia.eu\/blog\/premios\/premios-do-coag\/"]}]},{"@type":"BreadcrumbList","@id":"http:\/\/arquitecturadegalicia.eu\/blog\/premios\/premios-do-coag\/#breadcrumb","itemListElement":[{"@type":"ListItem","position":1,"name":"Portada","item":"http:\/\/arquitecturadegalicia.eu\/blog\/"},{"@type":"ListItem","position":2,"name":"Premios","item":"http:\/\/arquitecturadegalicia.eu\/blog\/premios\/"},{"@type":"ListItem","position":3,"name":"Premios do COAG"}]},{"@type":"WebSite","@id":"http:\/\/arquitecturadegalicia.eu\/blog\/#website","url":"http:\/\/arquitecturadegalicia.eu\/blog\/","name":"AG","description":"Arquitectura de Galicia","publisher":{"@id":"http:\/\/arquitecturadegalicia.eu\/blog\/#organization"},"potentialAction":[{"@type":"SearchAction","target":{"@type":"EntryPoint","urlTemplate":"http:\/\/arquitecturadegalicia.eu\/blog\/?s={search_term_string}"},"query-input":{"@type":"PropertyValueSpecification","valueRequired":true,"valueName":"search_term_string"}}],"inLanguage":"es"},{"@type":"Organization","@id":"http:\/\/arquitecturadegalicia.eu\/blog\/#organization","name":"Arquitectura de Galicia","url":"http:\/\/arquitecturadegalicia.eu\/blog\/","logo":{"@type":"ImageObject","inLanguage":"es","@id":"http:\/\/arquitecturadegalicia.eu\/blog\/#\/schema\/logo\/image\/","url":"https:\/\/arquitecturadegalicia.eu\/blog\/wp-content\/uploads\/2017\/01\/arquitecturacurrents2.png","contentUrl":"https:\/\/arquitecturadegalicia.eu\/blog\/wp-content\/uploads\/2017\/01\/arquitecturacurrents2.png","width":840,"height":640,"caption":"Arquitectura de Galicia"},"image":{"@id":"http:\/\/arquitecturadegalicia.eu\/blog\/#\/schema\/logo\/image\/"},"sameAs":["https:\/\/www.facebook.com\/ArquitecturadeGalicia\/","https:\/\/x.com\/arquigaliciaeu","https:\/\/www.instagram.com\/arquigaliciaeu\/"]}]}},"jetpack_shortlink":"https:\/\/wp.me\/P2NHs2-5G","jetpack_sharing_enabled":true,"_links":{"self":[{"href":"https:\/\/arquitecturadegalicia.eu\/blog\/wp-json\/wp\/v2\/pages\/352","targetHints":{"allow":["GET"]}}],"collection":[{"href":"https:\/\/arquitecturadegalicia.eu\/blog\/wp-json\/wp\/v2\/pages"}],"about":[{"href":"https:\/\/arquitecturadegalicia.eu\/blog\/wp-json\/wp\/v2\/types\/page"}],"author":[{"embeddable":true,"href":"https:\/\/arquitecturadegalicia.eu\/blog\/wp-json\/wp\/v2\/users\/4"}],"replies":[{"embeddable":true,"href":"https:\/\/arquitecturadegalicia.eu\/blog\/wp-json\/wp\/v2\/comments?post=352"}],"version-history":[{"count":26,"href":"https:\/\/arquitecturadegalicia.eu\/blog\/wp-json\/wp\/v2\/pages\/352\/revisions"}],"predecessor-version":[{"id":14939,"href":"https:\/\/arquitecturadegalicia.eu\/blog\/wp-json\/wp\/v2\/pages\/352\/revisions\/14939"}],"up":[{"embeddable":true,"href":"https:\/\/arquitecturadegalicia.eu\/blog\/wp-json\/wp\/v2\/pages\/325"}],"wp:attachment":[{"href":"https:\/\/arquitecturadegalicia.eu\/blog\/wp-json\/wp\/v2\/media?parent=352"}],"curies":[{"name":"wp","href":"https:\/\/api.w.org\/{rel}","templated":true}]}}