{"id":5063,"date":"2013-03-18T11:09:59","date_gmt":"2013-03-18T10:09:59","guid":{"rendered":"http:\/\/arquitecturadegalicia.eu\/blog\/?page_id=5063"},"modified":"2013-12-14T12:33:00","modified_gmt":"2013-12-14T11:33:00","slug":"xii-premios-coag-2006","status":"publish","type":"page","link":"https:\/\/arquitecturadegalicia.eu\/blog\/xii-premios-coag-2006\/","title":{"rendered":"XII Premios COAG 2006"},"content":{"rendered":"<p><strong>Nova Planta<\/strong><\/p>\n<p>Premio:<\/p>\n<p>Campo de f\u00fatbol en Coir\u00f3s. A Coru\u00f1a.<\/p>\n<p>Autores: Patricia Sab\u00edn D\u00edaz e Enrique M. Blanco Lorenzo<\/p>\n<p><strong>Rehabilitaci\u00f3n<\/strong><\/p>\n<p>Premio:<\/p>\n<p>Reforma de vivenda unifamiliar Ciudad Jard\u00edn. R\u00faa Valle Incl\u00e1n, 9. A Coru\u00f1a.<\/p>\n<p>Autores: Jos\u00e9 Manuel L\u00f3pez Mihura, Sonia Romero Teijo e Jos\u00e9 Luis Rey Barreiro<\/p>\n<p>Acc\u00e9sit:<\/p>\n<p><strong><a href=\"http:\/\/arquitecturadegalicia.eu\/blog\/?p=3520\">Rehabilitaci\u00f3n do Pazo de Lestrove<\/a>\u00a0<\/strong>_<strong> <a href=\"http:\/\/arquitecturadegalicia.eu\/blog\/?page_id=3561\">Antonio Amado Lorenzo<\/a><\/strong><\/p>\n<p><strong>Decoraci\u00f3n e interiorismo<\/strong><\/p>\n<p>Premio:<\/p>\n<p>Reforma de local comercial para Mixing. Picavia, 2. A Coru\u00f1a.<br \/>\nAutor: Carlos Quint\u00e1ns Eiras<\/p>\n<p><strong>Espazos abertos p\u00fablicos<\/strong><\/p>\n<p>Premio:<br \/>\nCentro de interpretaci\u00f3n da Ribeira Sacra. Sober. Lugo. Autor: Antonio Taboada L\u00f3pez. Rehabilitaci\u00f3n de Mu\u00ed\u00f1o fluvial en Sober. Lugo.<\/p>\n<p>Autor: Antonio Taboada L\u00f3pez.<\/p>\n<p><strong>Arquitecturas ef\u00e9rmeras<\/strong><\/p>\n<p>Premio:<\/p>\n<p>Montaxe da exposici\u00f3n &#8216;Arquitecturas no cami\u00f1o. 1994-2004&#8217;. Sala de Exposici\u00f3ns COAG (Casa da Conga). Santiago de Compostela.<\/p>\n<p>&nbsp;<\/p>\n<p>Autor: Antonio Amado Lorenzo<\/p>\n<p><strong>Primeira obra<\/strong><\/p>\n<p>Premio:<\/p>\n<p>Vivenda unifamiliar e estudio de arquitectura entre medianas. R\u00faa Ameneiro, 20. Lugo.<\/p>\n<p>Autores: Carmen Vi\u00f1o Vila, Miguel \u00c1ngel L\u00f3pez Fern\u00e1ndez e Juan Jos\u00e9 Vi\u00f1o Vila<\/p>\n<p>&nbsp;<\/p>\n<p>&nbsp;<\/p>\n","protected":false},"excerpt":{"rendered":"<p>Nova Planta Premio: Campo de f\u00fatbol en Coir\u00f3s. A Coru\u00f1a. Autores: Patricia Sab\u00edn D\u00edaz e Enrique M. Blanco Lorenzo Rehabilitaci\u00f3n Premio: Reforma de vivenda unifamiliar Ciudad Jard\u00edn. R\u00faa Valle Incl\u00e1n, 9. A Coru\u00f1a. Autores: Jos\u00e9 Manuel L\u00f3pez Mihura, Sonia Romero Teijo e Jos\u00e9 Luis Rey Barreiro Acc\u00e9sit: Rehabilitaci\u00f3n do Pazo de Lestrove\u00a0_ Antonio Amado Lorenzo<a href=\"https:\/\/arquitecturadegalicia.eu\/blog\/xii-premios-coag-2006\/\" title=\"Read more\" >&#8230;<\/a><\/p>\n","protected":false},"author":2,"featured_media":0,"parent":0,"menu_order":0,"comment_status":"open","ping_status":"open","template":"","meta":{"jetpack_post_was_ever_published":false,"footnotes":""},"class_list":["post-5063","page","type-page","status-publish","hentry","content-print"],"yoast_head":"<!-- This site is optimized with the Yoast SEO plugin v24.1 - https:\/\/yoast.com\/wordpress\/plugins\/seo\/ -->\n<title>XII Premios COAG 2006 | AG<\/title>\n<meta name=\"robots\" content=\"index, follow, max-snippet:-1, max-image-preview:large, max-video-preview:-1\" \/>\n<link rel=\"canonical\" href=\"https:\/\/arquitecturadegalicia.eu\/blog\/xii-premios-coag-2006\/\" \/>\n<meta property=\"og:locale\" content=\"es_ES\" \/>\n<meta property=\"og:type\" content=\"article\" \/>\n<meta property=\"og:title\" content=\"XII Premios COAG 2006 | AG\" \/>\n<meta property=\"og:description\" content=\"Nova Planta Premio: Campo de f\u00fatbol en Coir\u00f3s. A Coru\u00f1a. Autores: Patricia Sab\u00edn D\u00edaz e Enrique M. Blanco Lorenzo Rehabilitaci\u00f3n Premio: Reforma de vivenda unifamiliar Ciudad Jard\u00edn. R\u00faa Valle Incl\u00e1n, 9. A Coru\u00f1a. Autores: Jos\u00e9 Manuel L\u00f3pez Mihura, Sonia Romero Teijo e Jos\u00e9 Luis Rey Barreiro Acc\u00e9sit: Rehabilitaci\u00f3n do Pazo de Lestrove\u00a0_ Antonio Amado Lorenzo...\" \/>\n<meta property=\"og:url\" content=\"https:\/\/arquitecturadegalicia.eu\/blog\/xii-premios-coag-2006\/\" \/>\n<meta property=\"og:site_name\" content=\"AG\" \/>\n<meta property=\"article:publisher\" content=\"https:\/\/www.facebook.com\/ArquitecturadeGalicia\/\" \/>\n<meta property=\"article:modified_time\" content=\"2013-12-14T11:33:00+00:00\" \/>\n<meta name=\"twitter:card\" content=\"summary_large_image\" \/>\n<meta name=\"twitter:site\" content=\"@arquigaliciaeu\" \/>\n<meta name=\"twitter:label1\" content=\"Tiempo de lectura\" \/>\n\t<meta name=\"twitter:data1\" content=\"1 minuto\" \/>\n<script type=\"application\/ld+json\" class=\"yoast-schema-graph\">{\"@context\":\"https:\/\/schema.org\",\"@graph\":[{\"@type\":\"WebPage\",\"@id\":\"https:\/\/arquitecturadegalicia.eu\/blog\/xii-premios-coag-2006\/\",\"url\":\"https:\/\/arquitecturadegalicia.eu\/blog\/xii-premios-coag-2006\/\",\"name\":\"XII Premios COAG 2006 | AG\",\"isPartOf\":{\"@id\":\"http:\/\/arquitecturadegalicia.eu\/blog\/#website\"},\"datePublished\":\"2013-03-18T10:09:59+00:00\",\"dateModified\":\"2013-12-14T11:33:00+00:00\",\"breadcrumb\":{\"@id\":\"https:\/\/arquitecturadegalicia.eu\/blog\/xii-premios-coag-2006\/#breadcrumb\"},\"inLanguage\":\"es\",\"potentialAction\":[{\"@type\":\"ReadAction\",\"target\":[\"https:\/\/arquitecturadegalicia.eu\/blog\/xii-premios-coag-2006\/\"]}]},{\"@type\":\"BreadcrumbList\",\"@id\":\"https:\/\/arquitecturadegalicia.eu\/blog\/xii-premios-coag-2006\/#breadcrumb\",\"itemListElement\":[{\"@type\":\"ListItem\",\"position\":1,\"name\":\"Portada\",\"item\":\"http:\/\/arquitecturadegalicia.eu\/blog\/\"},{\"@type\":\"ListItem\",\"position\":2,\"name\":\"XII Premios COAG 2006\"}]},{\"@type\":\"WebSite\",\"@id\":\"http:\/\/arquitecturadegalicia.eu\/blog\/#website\",\"url\":\"http:\/\/arquitecturadegalicia.eu\/blog\/\",\"name\":\"AG\",\"description\":\"Arquitectura de Galicia\",\"publisher\":{\"@id\":\"http:\/\/arquitecturadegalicia.eu\/blog\/#organization\"},\"potentialAction\":[{\"@type\":\"SearchAction\",\"target\":{\"@type\":\"EntryPoint\",\"urlTemplate\":\"http:\/\/arquitecturadegalicia.eu\/blog\/?s={search_term_string}\"},\"query-input\":{\"@type\":\"PropertyValueSpecification\",\"valueRequired\":true,\"valueName\":\"search_term_string\"}}],\"inLanguage\":\"es\"},{\"@type\":\"Organization\",\"@id\":\"http:\/\/arquitecturadegalicia.eu\/blog\/#organization\",\"name\":\"Arquitectura de Galicia\",\"url\":\"http:\/\/arquitecturadegalicia.eu\/blog\/\",\"logo\":{\"@type\":\"ImageObject\",\"inLanguage\":\"es\",\"@id\":\"http:\/\/arquitecturadegalicia.eu\/blog\/#\/schema\/logo\/image\/\",\"url\":\"https:\/\/arquitecturadegalicia.eu\/blog\/wp-content\/uploads\/2017\/01\/arquitecturacurrents2.png\",\"contentUrl\":\"https:\/\/arquitecturadegalicia.eu\/blog\/wp-content\/uploads\/2017\/01\/arquitecturacurrents2.png\",\"width\":840,\"height\":640,\"caption\":\"Arquitectura de Galicia\"},\"image\":{\"@id\":\"http:\/\/arquitecturadegalicia.eu\/blog\/#\/schema\/logo\/image\/\"},\"sameAs\":[\"https:\/\/www.facebook.com\/ArquitecturadeGalicia\/\",\"https:\/\/x.com\/arquigaliciaeu\",\"https:\/\/www.instagram.com\/arquigaliciaeu\/\"]}]}<\/script>\n<!-- \/ Yoast SEO plugin. -->","yoast_head_json":{"title":"XII Premios COAG 2006 | AG","robots":{"index":"index","follow":"follow","max-snippet":"max-snippet:-1","max-image-preview":"max-image-preview:large","max-video-preview":"max-video-preview:-1"},"canonical":"https:\/\/arquitecturadegalicia.eu\/blog\/xii-premios-coag-2006\/","og_locale":"es_ES","og_type":"article","og_title":"XII Premios COAG 2006 | AG","og_description":"Nova Planta Premio: Campo de f\u00fatbol en Coir\u00f3s. A Coru\u00f1a. Autores: Patricia Sab\u00edn D\u00edaz e Enrique M. Blanco Lorenzo Rehabilitaci\u00f3n Premio: Reforma de vivenda unifamiliar Ciudad Jard\u00edn. R\u00faa Valle Incl\u00e1n, 9. A Coru\u00f1a. Autores: Jos\u00e9 Manuel L\u00f3pez Mihura, Sonia Romero Teijo e Jos\u00e9 Luis Rey Barreiro Acc\u00e9sit: Rehabilitaci\u00f3n do Pazo de Lestrove\u00a0_ Antonio Amado Lorenzo...","og_url":"https:\/\/arquitecturadegalicia.eu\/blog\/xii-premios-coag-2006\/","og_site_name":"AG","article_publisher":"https:\/\/www.facebook.com\/ArquitecturadeGalicia\/","article_modified_time":"2013-12-14T11:33:00+00:00","twitter_card":"summary_large_image","twitter_site":"@arquigaliciaeu","twitter_misc":{"Tiempo de lectura":"1 minuto"},"schema":{"@context":"https:\/\/schema.org","@graph":[{"@type":"WebPage","@id":"https:\/\/arquitecturadegalicia.eu\/blog\/xii-premios-coag-2006\/","url":"https:\/\/arquitecturadegalicia.eu\/blog\/xii-premios-coag-2006\/","name":"XII Premios COAG 2006 | AG","isPartOf":{"@id":"http:\/\/arquitecturadegalicia.eu\/blog\/#website"},"datePublished":"2013-03-18T10:09:59+00:00","dateModified":"2013-12-14T11:33:00+00:00","breadcrumb":{"@id":"https:\/\/arquitecturadegalicia.eu\/blog\/xii-premios-coag-2006\/#breadcrumb"},"inLanguage":"es","potentialAction":[{"@type":"ReadAction","target":["https:\/\/arquitecturadegalicia.eu\/blog\/xii-premios-coag-2006\/"]}]},{"@type":"BreadcrumbList","@id":"https:\/\/arquitecturadegalicia.eu\/blog\/xii-premios-coag-2006\/#breadcrumb","itemListElement":[{"@type":"ListItem","position":1,"name":"Portada","item":"http:\/\/arquitecturadegalicia.eu\/blog\/"},{"@type":"ListItem","position":2,"name":"XII Premios COAG 2006"}]},{"@type":"WebSite","@id":"http:\/\/arquitecturadegalicia.eu\/blog\/#website","url":"http:\/\/arquitecturadegalicia.eu\/blog\/","name":"AG","description":"Arquitectura de Galicia","publisher":{"@id":"http:\/\/arquitecturadegalicia.eu\/blog\/#organization"},"potentialAction":[{"@type":"SearchAction","target":{"@type":"EntryPoint","urlTemplate":"http:\/\/arquitecturadegalicia.eu\/blog\/?s={search_term_string}"},"query-input":{"@type":"PropertyValueSpecification","valueRequired":true,"valueName":"search_term_string"}}],"inLanguage":"es"},{"@type":"Organization","@id":"http:\/\/arquitecturadegalicia.eu\/blog\/#organization","name":"Arquitectura de Galicia","url":"http:\/\/arquitecturadegalicia.eu\/blog\/","logo":{"@type":"ImageObject","inLanguage":"es","@id":"http:\/\/arquitecturadegalicia.eu\/blog\/#\/schema\/logo\/image\/","url":"https:\/\/arquitecturadegalicia.eu\/blog\/wp-content\/uploads\/2017\/01\/arquitecturacurrents2.png","contentUrl":"https:\/\/arquitecturadegalicia.eu\/blog\/wp-content\/uploads\/2017\/01\/arquitecturacurrents2.png","width":840,"height":640,"caption":"Arquitectura de Galicia"},"image":{"@id":"http:\/\/arquitecturadegalicia.eu\/blog\/#\/schema\/logo\/image\/"},"sameAs":["https:\/\/www.facebook.com\/ArquitecturadeGalicia\/","https:\/\/x.com\/arquigaliciaeu","https:\/\/www.instagram.com\/arquigaliciaeu\/"]}]}},"jetpack_shortlink":"https:\/\/wp.me\/P2NHs2-1jF","jetpack_sharing_enabled":true,"_links":{"self":[{"href":"https:\/\/arquitecturadegalicia.eu\/blog\/wp-json\/wp\/v2\/pages\/5063","targetHints":{"allow":["GET"]}}],"collection":[{"href":"https:\/\/arquitecturadegalicia.eu\/blog\/wp-json\/wp\/v2\/pages"}],"about":[{"href":"https:\/\/arquitecturadegalicia.eu\/blog\/wp-json\/wp\/v2\/types\/page"}],"author":[{"embeddable":true,"href":"https:\/\/arquitecturadegalicia.eu\/blog\/wp-json\/wp\/v2\/users\/2"}],"replies":[{"embeddable":true,"href":"https:\/\/arquitecturadegalicia.eu\/blog\/wp-json\/wp\/v2\/comments?post=5063"}],"version-history":[{"count":4,"href":"https:\/\/arquitecturadegalicia.eu\/blog\/wp-json\/wp\/v2\/pages\/5063\/revisions"}],"predecessor-version":[{"id":5067,"href":"https:\/\/arquitecturadegalicia.eu\/blog\/wp-json\/wp\/v2\/pages\/5063\/revisions\/5067"}],"wp:attachment":[{"href":"https:\/\/arquitecturadegalicia.eu\/blog\/wp-json\/wp\/v2\/media?parent=5063"}],"curies":[{"name":"wp","href":"https:\/\/api.w.org\/{rel}","templated":true}]}}