{"id":5145,"date":"2013-03-19T18:58:31","date_gmt":"2013-03-19T17:58:31","guid":{"rendered":"http:\/\/arquitecturadegalicia.eu\/blog\/?page_id=5145"},"modified":"2021-03-14T17:43:38","modified_gmt":"2021-03-14T16:43:38","slug":"quenes-somos","status":"publish","type":"page","link":"https:\/\/arquitecturadegalicia.eu\/blog\/quenes-somos\/","title":{"rendered":"\u00bfQuenes somos?"},"content":{"rendered":"ArquitecturadeGalicia.eu \u00e9 un proxecto pequeno cun desenvolvemento sinxelo, formado por estudantes de arquitectura ou arquitectos recentemente titulados, que diante da falta de datos de calidade sobre o patrimonio arquitect\u00f3nico actual busca crear unha base de datos sobre a arquitectura que se realizou en Galicia nas \u00faltimas d\u00e9cadas. Accesible para todo o que queira, dunha manera directa, clara e sinxela.\n\n\n\n\n\n\n\n\n\n<div class=\"wp-block-image\"><figure class=\"aligncenter size-large\"><img fetchpriority=\"high\" decoding=\"async\" width=\"640\" height=\"360\" src=\"https:\/\/arquitecturadegalicia.eu\/blog\/wp-content\/uploads\/2021\/03\/image-640x360.png\" alt=\"\" class=\"wp-image-14912\" srcset=\"https:\/\/arquitecturadegalicia.eu\/blog\/wp-content\/uploads\/2021\/03\/image-640x360.png 640w, https:\/\/arquitecturadegalicia.eu\/blog\/wp-content\/uploads\/2021\/03\/image-230x130.png 230w\" sizes=\"(max-width: 640px) 100vw, 640px\" \/><figcaption>Recepci\u00f3n do premio COAG na categoria de Investigaci\u00f3n e difusi\u00f3n de arquitectura<\/figcaption><\/figure><\/div>\n\n","protected":false},"excerpt":{"rendered":"<p>ArquitecturadeGalicia.eu \u00e9 un proxecto pequeno cun desenvolvemento sinxelo, formado por estudantes de arquitectura ou arquitectos recentemente titulados, que diante da falta de datos de calidade sobre o patrimonio arquitect\u00f3nico actual busca crear unha base de datos sobre a arquitectura que se realizou en Galicia nas \u00faltimas d\u00e9cadas. Accesible para todo o que queira, dunha manera<a href=\"https:\/\/arquitecturadegalicia.eu\/blog\/quenes-somos\/\" title=\"Read more\" >&#8230;<\/a><\/p>\n","protected":false},"author":2,"featured_media":0,"parent":0,"menu_order":0,"comment_status":"open","ping_status":"open","template":"","meta":{"jetpack_post_was_ever_published":false,"footnotes":""},"class_list":["post-5145","page","type-page","status-publish","hentry","content-print"],"yoast_head":"<!-- This site is optimized with the Yoast SEO plugin v24.1 - https:\/\/yoast.com\/wordpress\/plugins\/seo\/ -->\n<title>\u00bfQuenes somos? | Arquitectura de Galicia - arquitecturadegalicia.eu<\/title>\n<meta name=\"description\" content=\"Conoce a xente, todo o equipo, que est\u00e1 detr\u00e1s do proxecto de Arquitectura de Galicia. arquitecturadegalicia.eu o noso &quot;Quenes Somos&quot;.\" \/>\n<meta name=\"robots\" content=\"index, follow, max-snippet:-1, max-image-preview:large, max-video-preview:-1\" \/>\n<link rel=\"canonical\" href=\"http:\/\/arquitecturadegalicia.eu\/blog\/quenes-somos\/\" \/>\n<meta property=\"og:locale\" content=\"es_ES\" \/>\n<meta property=\"og:type\" content=\"article\" \/>\n<meta property=\"og:title\" content=\"\u00bfQuenes somos? | Arquitectura de Galicia - arquitecturadegalicia.eu\" \/>\n<meta property=\"og:description\" content=\"Conoce a xente, todo o equipo, que est\u00e1 detr\u00e1s do proxecto de Arquitectura de Galicia. arquitecturadegalicia.eu o noso &quot;Quenes Somos&quot;.\" \/>\n<meta property=\"og:url\" content=\"http:\/\/arquitecturadegalicia.eu\/blog\/quenes-somos\/\" \/>\n<meta property=\"og:site_name\" content=\"AG\" \/>\n<meta property=\"article:publisher\" content=\"https:\/\/www.facebook.com\/ArquitecturadeGalicia\/\" \/>\n<meta property=\"article:modified_time\" content=\"2021-03-14T16:43:38+00:00\" \/>\n<meta property=\"og:image\" content=\"http:\/\/arquitecturadeasturias.com\/A%20A%20arquitecturadeasturias_files\/logo_principal.png\" \/>\n<meta name=\"twitter:card\" content=\"summary_large_image\" \/>\n<meta name=\"twitter:site\" content=\"@arquigaliciaeu\" \/>\n<meta name=\"twitter:label1\" content=\"Tiempo de lectura\" \/>\n\t<meta name=\"twitter:data1\" content=\"1 minuto\" \/>\n<script type=\"application\/ld+json\" class=\"yoast-schema-graph\">{\"@context\":\"https:\/\/schema.org\",\"@graph\":[{\"@type\":\"WebPage\",\"@id\":\"http:\/\/arquitecturadegalicia.eu\/blog\/quenes-somos\/\",\"url\":\"http:\/\/arquitecturadegalicia.eu\/blog\/quenes-somos\/\",\"name\":\"\u00bfQuenes somos? | Arquitectura de Galicia - arquitecturadegalicia.eu\",\"isPartOf\":{\"@id\":\"http:\/\/arquitecturadegalicia.eu\/blog\/#website\"},\"primaryImageOfPage\":{\"@id\":\"http:\/\/arquitecturadegalicia.eu\/blog\/quenes-somos\/#primaryimage\"},\"image\":{\"@id\":\"http:\/\/arquitecturadegalicia.eu\/blog\/quenes-somos\/#primaryimage\"},\"thumbnailUrl\":\"http:\/\/arquitecturadeasturias.com\/A%20A%20arquitecturadeasturias_files\/logo_principal.png\",\"datePublished\":\"2013-03-19T17:58:31+00:00\",\"dateModified\":\"2021-03-14T16:43:38+00:00\",\"description\":\"Conoce a xente, todo o equipo, que est\u00e1 detr\u00e1s do proxecto de Arquitectura de Galicia. arquitecturadegalicia.eu o noso \\\"Quenes Somos\\\".\",\"breadcrumb\":{\"@id\":\"http:\/\/arquitecturadegalicia.eu\/blog\/quenes-somos\/#breadcrumb\"},\"inLanguage\":\"es\",\"potentialAction\":[{\"@type\":\"ReadAction\",\"target\":[\"http:\/\/arquitecturadegalicia.eu\/blog\/quenes-somos\/\"]}]},{\"@type\":\"ImageObject\",\"inLanguage\":\"es\",\"@id\":\"http:\/\/arquitecturadegalicia.eu\/blog\/quenes-somos\/#primaryimage\",\"url\":\"http:\/\/arquitecturadeasturias.com\/A%20A%20arquitecturadeasturias_files\/logo_principal.png\",\"contentUrl\":\"http:\/\/arquitecturadeasturias.com\/A%20A%20arquitecturadeasturias_files\/logo_principal.png\"},{\"@type\":\"BreadcrumbList\",\"@id\":\"http:\/\/arquitecturadegalicia.eu\/blog\/quenes-somos\/#breadcrumb\",\"itemListElement\":[{\"@type\":\"ListItem\",\"position\":1,\"name\":\"Portada\",\"item\":\"https:\/\/arquitecturadegalicia.eu\/blog\/\"},{\"@type\":\"ListItem\",\"position\":2,\"name\":\"\u00bfQuenes somos?\"}]},{\"@type\":\"WebSite\",\"@id\":\"http:\/\/arquitecturadegalicia.eu\/blog\/#website\",\"url\":\"http:\/\/arquitecturadegalicia.eu\/blog\/\",\"name\":\"AG\",\"description\":\"Arquitectura de Galicia\",\"publisher\":{\"@id\":\"http:\/\/arquitecturadegalicia.eu\/blog\/#organization\"},\"potentialAction\":[{\"@type\":\"SearchAction\",\"target\":{\"@type\":\"EntryPoint\",\"urlTemplate\":\"http:\/\/arquitecturadegalicia.eu\/blog\/?s={search_term_string}\"},\"query-input\":{\"@type\":\"PropertyValueSpecification\",\"valueRequired\":true,\"valueName\":\"search_term_string\"}}],\"inLanguage\":\"es\"},{\"@type\":\"Organization\",\"@id\":\"http:\/\/arquitecturadegalicia.eu\/blog\/#organization\",\"name\":\"Arquitectura de Galicia\",\"url\":\"http:\/\/arquitecturadegalicia.eu\/blog\/\",\"logo\":{\"@type\":\"ImageObject\",\"inLanguage\":\"es\",\"@id\":\"http:\/\/arquitecturadegalicia.eu\/blog\/#\/schema\/logo\/image\/\",\"url\":\"https:\/\/arquitecturadegalicia.eu\/blog\/wp-content\/uploads\/2017\/01\/arquitecturacurrents2.png\",\"contentUrl\":\"https:\/\/arquitecturadegalicia.eu\/blog\/wp-content\/uploads\/2017\/01\/arquitecturacurrents2.png\",\"width\":840,\"height\":640,\"caption\":\"Arquitectura de Galicia\"},\"image\":{\"@id\":\"http:\/\/arquitecturadegalicia.eu\/blog\/#\/schema\/logo\/image\/\"},\"sameAs\":[\"https:\/\/www.facebook.com\/ArquitecturadeGalicia\/\",\"https:\/\/x.com\/arquigaliciaeu\",\"https:\/\/www.instagram.com\/arquigaliciaeu\/\"]}]}<\/script>\n<!-- \/ Yoast SEO plugin. -->","yoast_head_json":{"title":"\u00bfQuenes somos? | Arquitectura de Galicia - arquitecturadegalicia.eu","description":"Conoce a xente, todo o equipo, que est\u00e1 detr\u00e1s do proxecto de Arquitectura de Galicia. arquitecturadegalicia.eu o noso \"Quenes Somos\".","robots":{"index":"index","follow":"follow","max-snippet":"max-snippet:-1","max-image-preview":"max-image-preview:large","max-video-preview":"max-video-preview:-1"},"canonical":"http:\/\/arquitecturadegalicia.eu\/blog\/quenes-somos\/","og_locale":"es_ES","og_type":"article","og_title":"\u00bfQuenes somos? | Arquitectura de Galicia - arquitecturadegalicia.eu","og_description":"Conoce a xente, todo o equipo, que est\u00e1 detr\u00e1s do proxecto de Arquitectura de Galicia. arquitecturadegalicia.eu o noso \"Quenes Somos\".","og_url":"http:\/\/arquitecturadegalicia.eu\/blog\/quenes-somos\/","og_site_name":"AG","article_publisher":"https:\/\/www.facebook.com\/ArquitecturadeGalicia\/","article_modified_time":"2021-03-14T16:43:38+00:00","og_image":[{"url":"http:\/\/arquitecturadeasturias.com\/A%20A%20arquitecturadeasturias_files\/logo_principal.png","type":"","width":"","height":""}],"twitter_card":"summary_large_image","twitter_site":"@arquigaliciaeu","twitter_misc":{"Tiempo de lectura":"1 minuto"},"schema":{"@context":"https:\/\/schema.org","@graph":[{"@type":"WebPage","@id":"http:\/\/arquitecturadegalicia.eu\/blog\/quenes-somos\/","url":"http:\/\/arquitecturadegalicia.eu\/blog\/quenes-somos\/","name":"\u00bfQuenes somos? | Arquitectura de Galicia - arquitecturadegalicia.eu","isPartOf":{"@id":"http:\/\/arquitecturadegalicia.eu\/blog\/#website"},"primaryImageOfPage":{"@id":"http:\/\/arquitecturadegalicia.eu\/blog\/quenes-somos\/#primaryimage"},"image":{"@id":"http:\/\/arquitecturadegalicia.eu\/blog\/quenes-somos\/#primaryimage"},"thumbnailUrl":"http:\/\/arquitecturadeasturias.com\/A%20A%20arquitecturadeasturias_files\/logo_principal.png","datePublished":"2013-03-19T17:58:31+00:00","dateModified":"2021-03-14T16:43:38+00:00","description":"Conoce a xente, todo o equipo, que est\u00e1 detr\u00e1s do proxecto de Arquitectura de Galicia. arquitecturadegalicia.eu o noso \"Quenes Somos\".","breadcrumb":{"@id":"http:\/\/arquitecturadegalicia.eu\/blog\/quenes-somos\/#breadcrumb"},"inLanguage":"es","potentialAction":[{"@type":"ReadAction","target":["http:\/\/arquitecturadegalicia.eu\/blog\/quenes-somos\/"]}]},{"@type":"ImageObject","inLanguage":"es","@id":"http:\/\/arquitecturadegalicia.eu\/blog\/quenes-somos\/#primaryimage","url":"http:\/\/arquitecturadeasturias.com\/A%20A%20arquitecturadeasturias_files\/logo_principal.png","contentUrl":"http:\/\/arquitecturadeasturias.com\/A%20A%20arquitecturadeasturias_files\/logo_principal.png"},{"@type":"BreadcrumbList","@id":"http:\/\/arquitecturadegalicia.eu\/blog\/quenes-somos\/#breadcrumb","itemListElement":[{"@type":"ListItem","position":1,"name":"Portada","item":"https:\/\/arquitecturadegalicia.eu\/blog\/"},{"@type":"ListItem","position":2,"name":"\u00bfQuenes somos?"}]},{"@type":"WebSite","@id":"http:\/\/arquitecturadegalicia.eu\/blog\/#website","url":"http:\/\/arquitecturadegalicia.eu\/blog\/","name":"AG","description":"Arquitectura de Galicia","publisher":{"@id":"http:\/\/arquitecturadegalicia.eu\/blog\/#organization"},"potentialAction":[{"@type":"SearchAction","target":{"@type":"EntryPoint","urlTemplate":"http:\/\/arquitecturadegalicia.eu\/blog\/?s={search_term_string}"},"query-input":{"@type":"PropertyValueSpecification","valueRequired":true,"valueName":"search_term_string"}}],"inLanguage":"es"},{"@type":"Organization","@id":"http:\/\/arquitecturadegalicia.eu\/blog\/#organization","name":"Arquitectura de Galicia","url":"http:\/\/arquitecturadegalicia.eu\/blog\/","logo":{"@type":"ImageObject","inLanguage":"es","@id":"http:\/\/arquitecturadegalicia.eu\/blog\/#\/schema\/logo\/image\/","url":"https:\/\/arquitecturadegalicia.eu\/blog\/wp-content\/uploads\/2017\/01\/arquitecturacurrents2.png","contentUrl":"https:\/\/arquitecturadegalicia.eu\/blog\/wp-content\/uploads\/2017\/01\/arquitecturacurrents2.png","width":840,"height":640,"caption":"Arquitectura de Galicia"},"image":{"@id":"http:\/\/arquitecturadegalicia.eu\/blog\/#\/schema\/logo\/image\/"},"sameAs":["https:\/\/www.facebook.com\/ArquitecturadeGalicia\/","https:\/\/x.com\/arquigaliciaeu","https:\/\/www.instagram.com\/arquigaliciaeu\/"]}]}},"jetpack_shortlink":"https:\/\/wp.me\/P2NHs2-1kZ","jetpack_sharing_enabled":true,"_links":{"self":[{"href":"https:\/\/arquitecturadegalicia.eu\/blog\/wp-json\/wp\/v2\/pages\/5145","targetHints":{"allow":["GET"]}}],"collection":[{"href":"https:\/\/arquitecturadegalicia.eu\/blog\/wp-json\/wp\/v2\/pages"}],"about":[{"href":"https:\/\/arquitecturadegalicia.eu\/blog\/wp-json\/wp\/v2\/types\/page"}],"author":[{"embeddable":true,"href":"https:\/\/arquitecturadegalicia.eu\/blog\/wp-json\/wp\/v2\/users\/2"}],"replies":[{"embeddable":true,"href":"https:\/\/arquitecturadegalicia.eu\/blog\/wp-json\/wp\/v2\/comments?post=5145"}],"version-history":[{"count":31,"href":"https:\/\/arquitecturadegalicia.eu\/blog\/wp-json\/wp\/v2\/pages\/5145\/revisions"}],"predecessor-version":[{"id":14917,"href":"https:\/\/arquitecturadegalicia.eu\/blog\/wp-json\/wp\/v2\/pages\/5145\/revisions\/14917"}],"wp:attachment":[{"href":"https:\/\/arquitecturadegalicia.eu\/blog\/wp-json\/wp\/v2\/media?parent=5145"}],"curies":[{"name":"wp","href":"https:\/\/api.w.org\/{rel}","templated":true}]}}