{"id":9745,"date":"2013-10-22T11:04:19","date_gmt":"2013-10-22T09:04:19","guid":{"rendered":"http:\/\/arquitecturadegalicia.eu\/blog\/?page_id=9745"},"modified":"2013-10-22T11:10:42","modified_gmt":"2013-10-22T09:10:42","slug":"premios-manuel-gomez-roman-2013","status":"publish","type":"page","link":"https:\/\/arquitecturadegalicia.eu\/blog\/premios-manuel-gomez-roman-2013\/","title":{"rendered":"Premios Manuel G\u00f3mez Rom\u00e1n 2013"},"content":{"rendered":"<p><a href=\"http:\/\/arquitecturadegalicia.eu\/blog\/?p=6148\"><img fetchpriority=\"high\" decoding=\"async\" class=\"alignnone\" alt=\"\" src=\"http:\/\/arquitecturadegalicia.eu\/blog\/wp-content\/uploads\/2013\/04\/1340211319-7-silleda-arrokabe-1000x373.jpg\" width=\"620\" height=\"231\" \/><\/a><\/p>\n<p>Primeiro premio\u00a0<strong><a href=\"http:\/\/arquitecturadegalicia.eu\/blog\/?p=6148\">Centro de recursos para personas con discapacidad (Silleda, Pontevedra) Arrokabe Arquitectos<\/a><\/strong><\/p>\n<p>&nbsp;<\/p>\n<p><a href=\"http:\/\/arquitecturadegalicia.eu\/blog\/?p=6178\"><img decoding=\"async\" class=\"alignnone\" alt=\"\" src=\"http:\/\/arquitecturadegalicia.eu\/blog\/wp-content\/uploads\/2013\/04\/lavadero.jpg\" width=\"620\" height=\"414\" \/><\/a><\/p>\n<p>Premio a contrucci\u00f3ns adxectivas\u00a0<strong><a href=\"http:\/\/arquitecturadegalicia.eu\/blog\/?p=6178\">reintegraci\u00f3n do patrimonio cultural de Cha\u00ednza en Santa Mar\u00eda do Obre (Salgado e Li\u00f1ares)<\/a>\u00a0<\/strong><\/p>\n<p>&nbsp;<\/p>\n","protected":false},"excerpt":{"rendered":"<p>Primeiro premio\u00a0Centro de recursos para personas con discapacidad (Silleda, Pontevedra) Arrokabe Arquitectos &nbsp; Premio a contrucci\u00f3ns adxectivas\u00a0reintegraci\u00f3n do patrimonio cultural de Cha\u00ednza en Santa Mar\u00eda do Obre (Salgado e Li\u00f1ares)\u00a0 &nbsp;<\/p>\n","protected":false},"author":3,"featured_media":0,"parent":0,"menu_order":0,"comment_status":"open","ping_status":"open","template":"","meta":{"jetpack_post_was_ever_published":false,"footnotes":""},"class_list":["post-9745","page","type-page","status-publish","hentry","content-print"],"yoast_head":"<!-- This site is optimized with the Yoast SEO plugin v24.1 - https:\/\/yoast.com\/wordpress\/plugins\/seo\/ -->\n<title>Premios Manuel G\u00f3mez Rom\u00e1n 2013 | AG<\/title>\n<meta name=\"robots\" content=\"index, follow, max-snippet:-1, max-image-preview:large, max-video-preview:-1\" \/>\n<link rel=\"canonical\" href=\"https:\/\/arquitecturadegalicia.eu\/blog\/premios-manuel-gomez-roman-2013\/\" \/>\n<meta property=\"og:locale\" content=\"es_ES\" \/>\n<meta property=\"og:type\" content=\"article\" \/>\n<meta property=\"og:title\" content=\"Premios Manuel G\u00f3mez Rom\u00e1n 2013 | AG\" \/>\n<meta property=\"og:description\" content=\"Primeiro premio\u00a0Centro de recursos para personas con discapacidad (Silleda, Pontevedra) Arrokabe Arquitectos &nbsp; Premio a contrucci\u00f3ns adxectivas\u00a0reintegraci\u00f3n do patrimonio cultural de Cha\u00ednza en Santa Mar\u00eda do Obre (Salgado e Li\u00f1ares)\u00a0 &nbsp;\" \/>\n<meta property=\"og:url\" content=\"https:\/\/arquitecturadegalicia.eu\/blog\/premios-manuel-gomez-roman-2013\/\" \/>\n<meta property=\"og:site_name\" content=\"AG\" \/>\n<meta property=\"article:publisher\" content=\"https:\/\/www.facebook.com\/ArquitecturadeGalicia\/\" \/>\n<meta property=\"article:modified_time\" content=\"2013-10-22T09:10:42+00:00\" \/>\n<meta property=\"og:image\" content=\"http:\/\/arquitecturadegalicia.eu\/blog\/wp-content\/uploads\/2013\/04\/1340211319-7-silleda-arrokabe-1000x373.jpg\" \/>\n<meta name=\"twitter:card\" content=\"summary_large_image\" \/>\n<meta name=\"twitter:site\" content=\"@arquigaliciaeu\" \/>\n<script type=\"application\/ld+json\" class=\"yoast-schema-graph\">{\"@context\":\"https:\/\/schema.org\",\"@graph\":[{\"@type\":\"WebPage\",\"@id\":\"https:\/\/arquitecturadegalicia.eu\/blog\/premios-manuel-gomez-roman-2013\/\",\"url\":\"https:\/\/arquitecturadegalicia.eu\/blog\/premios-manuel-gomez-roman-2013\/\",\"name\":\"Premios Manuel G\u00f3mez Rom\u00e1n 2013 | AG\",\"isPartOf\":{\"@id\":\"http:\/\/arquitecturadegalicia.eu\/blog\/#website\"},\"primaryImageOfPage\":{\"@id\":\"https:\/\/arquitecturadegalicia.eu\/blog\/premios-manuel-gomez-roman-2013\/#primaryimage\"},\"image\":{\"@id\":\"https:\/\/arquitecturadegalicia.eu\/blog\/premios-manuel-gomez-roman-2013\/#primaryimage\"},\"thumbnailUrl\":\"http:\/\/arquitecturadegalicia.eu\/blog\/wp-content\/uploads\/2013\/04\/1340211319-7-silleda-arrokabe-1000x373.jpg\",\"datePublished\":\"2013-10-22T09:04:19+00:00\",\"dateModified\":\"2013-10-22T09:10:42+00:00\",\"breadcrumb\":{\"@id\":\"https:\/\/arquitecturadegalicia.eu\/blog\/premios-manuel-gomez-roman-2013\/#breadcrumb\"},\"inLanguage\":\"es\",\"potentialAction\":[{\"@type\":\"ReadAction\",\"target\":[\"https:\/\/arquitecturadegalicia.eu\/blog\/premios-manuel-gomez-roman-2013\/\"]}]},{\"@type\":\"ImageObject\",\"inLanguage\":\"es\",\"@id\":\"https:\/\/arquitecturadegalicia.eu\/blog\/premios-manuel-gomez-roman-2013\/#primaryimage\",\"url\":\"http:\/\/arquitecturadegalicia.eu\/blog\/wp-content\/uploads\/2013\/04\/1340211319-7-silleda-arrokabe-1000x373.jpg\",\"contentUrl\":\"http:\/\/arquitecturadegalicia.eu\/blog\/wp-content\/uploads\/2013\/04\/1340211319-7-silleda-arrokabe-1000x373.jpg\"},{\"@type\":\"BreadcrumbList\",\"@id\":\"https:\/\/arquitecturadegalicia.eu\/blog\/premios-manuel-gomez-roman-2013\/#breadcrumb\",\"itemListElement\":[{\"@type\":\"ListItem\",\"position\":1,\"name\":\"Portada\",\"item\":\"http:\/\/arquitecturadegalicia.eu\/blog\/\"},{\"@type\":\"ListItem\",\"position\":2,\"name\":\"Premios Manuel G\u00f3mez Rom\u00e1n 2013\"}]},{\"@type\":\"WebSite\",\"@id\":\"http:\/\/arquitecturadegalicia.eu\/blog\/#website\",\"url\":\"http:\/\/arquitecturadegalicia.eu\/blog\/\",\"name\":\"AG\",\"description\":\"Arquitectura de Galicia\",\"publisher\":{\"@id\":\"http:\/\/arquitecturadegalicia.eu\/blog\/#organization\"},\"potentialAction\":[{\"@type\":\"SearchAction\",\"target\":{\"@type\":\"EntryPoint\",\"urlTemplate\":\"http:\/\/arquitecturadegalicia.eu\/blog\/?s={search_term_string}\"},\"query-input\":{\"@type\":\"PropertyValueSpecification\",\"valueRequired\":true,\"valueName\":\"search_term_string\"}}],\"inLanguage\":\"es\"},{\"@type\":\"Organization\",\"@id\":\"http:\/\/arquitecturadegalicia.eu\/blog\/#organization\",\"name\":\"Arquitectura de Galicia\",\"url\":\"http:\/\/arquitecturadegalicia.eu\/blog\/\",\"logo\":{\"@type\":\"ImageObject\",\"inLanguage\":\"es\",\"@id\":\"http:\/\/arquitecturadegalicia.eu\/blog\/#\/schema\/logo\/image\/\",\"url\":\"https:\/\/arquitecturadegalicia.eu\/blog\/wp-content\/uploads\/2017\/01\/arquitecturacurrents2.png\",\"contentUrl\":\"https:\/\/arquitecturadegalicia.eu\/blog\/wp-content\/uploads\/2017\/01\/arquitecturacurrents2.png\",\"width\":840,\"height\":640,\"caption\":\"Arquitectura de Galicia\"},\"image\":{\"@id\":\"http:\/\/arquitecturadegalicia.eu\/blog\/#\/schema\/logo\/image\/\"},\"sameAs\":[\"https:\/\/www.facebook.com\/ArquitecturadeGalicia\/\",\"https:\/\/x.com\/arquigaliciaeu\",\"https:\/\/www.instagram.com\/arquigaliciaeu\/\"]}]}<\/script>\n<!-- \/ Yoast SEO plugin. -->","yoast_head_json":{"title":"Premios Manuel G\u00f3mez Rom\u00e1n 2013 | AG","robots":{"index":"index","follow":"follow","max-snippet":"max-snippet:-1","max-image-preview":"max-image-preview:large","max-video-preview":"max-video-preview:-1"},"canonical":"https:\/\/arquitecturadegalicia.eu\/blog\/premios-manuel-gomez-roman-2013\/","og_locale":"es_ES","og_type":"article","og_title":"Premios Manuel G\u00f3mez Rom\u00e1n 2013 | AG","og_description":"Primeiro premio\u00a0Centro de recursos para personas con discapacidad (Silleda, Pontevedra) Arrokabe Arquitectos &nbsp; Premio a contrucci\u00f3ns adxectivas\u00a0reintegraci\u00f3n do patrimonio cultural de Cha\u00ednza en Santa Mar\u00eda do Obre (Salgado e Li\u00f1ares)\u00a0 &nbsp;","og_url":"https:\/\/arquitecturadegalicia.eu\/blog\/premios-manuel-gomez-roman-2013\/","og_site_name":"AG","article_publisher":"https:\/\/www.facebook.com\/ArquitecturadeGalicia\/","article_modified_time":"2013-10-22T09:10:42+00:00","og_image":[{"url":"http:\/\/arquitecturadegalicia.eu\/blog\/wp-content\/uploads\/2013\/04\/1340211319-7-silleda-arrokabe-1000x373.jpg","type":"","width":"","height":""}],"twitter_card":"summary_large_image","twitter_site":"@arquigaliciaeu","schema":{"@context":"https:\/\/schema.org","@graph":[{"@type":"WebPage","@id":"https:\/\/arquitecturadegalicia.eu\/blog\/premios-manuel-gomez-roman-2013\/","url":"https:\/\/arquitecturadegalicia.eu\/blog\/premios-manuel-gomez-roman-2013\/","name":"Premios Manuel G\u00f3mez Rom\u00e1n 2013 | AG","isPartOf":{"@id":"http:\/\/arquitecturadegalicia.eu\/blog\/#website"},"primaryImageOfPage":{"@id":"https:\/\/arquitecturadegalicia.eu\/blog\/premios-manuel-gomez-roman-2013\/#primaryimage"},"image":{"@id":"https:\/\/arquitecturadegalicia.eu\/blog\/premios-manuel-gomez-roman-2013\/#primaryimage"},"thumbnailUrl":"http:\/\/arquitecturadegalicia.eu\/blog\/wp-content\/uploads\/2013\/04\/1340211319-7-silleda-arrokabe-1000x373.jpg","datePublished":"2013-10-22T09:04:19+00:00","dateModified":"2013-10-22T09:10:42+00:00","breadcrumb":{"@id":"https:\/\/arquitecturadegalicia.eu\/blog\/premios-manuel-gomez-roman-2013\/#breadcrumb"},"inLanguage":"es","potentialAction":[{"@type":"ReadAction","target":["https:\/\/arquitecturadegalicia.eu\/blog\/premios-manuel-gomez-roman-2013\/"]}]},{"@type":"ImageObject","inLanguage":"es","@id":"https:\/\/arquitecturadegalicia.eu\/blog\/premios-manuel-gomez-roman-2013\/#primaryimage","url":"http:\/\/arquitecturadegalicia.eu\/blog\/wp-content\/uploads\/2013\/04\/1340211319-7-silleda-arrokabe-1000x373.jpg","contentUrl":"http:\/\/arquitecturadegalicia.eu\/blog\/wp-content\/uploads\/2013\/04\/1340211319-7-silleda-arrokabe-1000x373.jpg"},{"@type":"BreadcrumbList","@id":"https:\/\/arquitecturadegalicia.eu\/blog\/premios-manuel-gomez-roman-2013\/#breadcrumb","itemListElement":[{"@type":"ListItem","position":1,"name":"Portada","item":"http:\/\/arquitecturadegalicia.eu\/blog\/"},{"@type":"ListItem","position":2,"name":"Premios Manuel G\u00f3mez Rom\u00e1n 2013"}]},{"@type":"WebSite","@id":"http:\/\/arquitecturadegalicia.eu\/blog\/#website","url":"http:\/\/arquitecturadegalicia.eu\/blog\/","name":"AG","description":"Arquitectura de Galicia","publisher":{"@id":"http:\/\/arquitecturadegalicia.eu\/blog\/#organization"},"potentialAction":[{"@type":"SearchAction","target":{"@type":"EntryPoint","urlTemplate":"http:\/\/arquitecturadegalicia.eu\/blog\/?s={search_term_string}"},"query-input":{"@type":"PropertyValueSpecification","valueRequired":true,"valueName":"search_term_string"}}],"inLanguage":"es"},{"@type":"Organization","@id":"http:\/\/arquitecturadegalicia.eu\/blog\/#organization","name":"Arquitectura de Galicia","url":"http:\/\/arquitecturadegalicia.eu\/blog\/","logo":{"@type":"ImageObject","inLanguage":"es","@id":"http:\/\/arquitecturadegalicia.eu\/blog\/#\/schema\/logo\/image\/","url":"https:\/\/arquitecturadegalicia.eu\/blog\/wp-content\/uploads\/2017\/01\/arquitecturacurrents2.png","contentUrl":"https:\/\/arquitecturadegalicia.eu\/blog\/wp-content\/uploads\/2017\/01\/arquitecturacurrents2.png","width":840,"height":640,"caption":"Arquitectura de Galicia"},"image":{"@id":"http:\/\/arquitecturadegalicia.eu\/blog\/#\/schema\/logo\/image\/"},"sameAs":["https:\/\/www.facebook.com\/ArquitecturadeGalicia\/","https:\/\/x.com\/arquigaliciaeu","https:\/\/www.instagram.com\/arquigaliciaeu\/"]}]}},"jetpack_shortlink":"https:\/\/wp.me\/P2NHs2-2xb","jetpack_sharing_enabled":true,"_links":{"self":[{"href":"https:\/\/arquitecturadegalicia.eu\/blog\/wp-json\/wp\/v2\/pages\/9745","targetHints":{"allow":["GET"]}}],"collection":[{"href":"https:\/\/arquitecturadegalicia.eu\/blog\/wp-json\/wp\/v2\/pages"}],"about":[{"href":"https:\/\/arquitecturadegalicia.eu\/blog\/wp-json\/wp\/v2\/types\/page"}],"author":[{"embeddable":true,"href":"https:\/\/arquitecturadegalicia.eu\/blog\/wp-json\/wp\/v2\/users\/3"}],"replies":[{"embeddable":true,"href":"https:\/\/arquitecturadegalicia.eu\/blog\/wp-json\/wp\/v2\/comments?post=9745"}],"version-history":[{"count":4,"href":"https:\/\/arquitecturadegalicia.eu\/blog\/wp-json\/wp\/v2\/pages\/9745\/revisions"}],"predecessor-version":[{"id":9752,"href":"https:\/\/arquitecturadegalicia.eu\/blog\/wp-json\/wp\/v2\/pages\/9745\/revisions\/9752"}],"wp:attachment":[{"href":"https:\/\/arquitecturadegalicia.eu\/blog\/wp-json\/wp\/v2\/media?parent=9745"}],"curies":[{"name":"wp","href":"https:\/\/api.w.org\/{rel}","templated":true}]}}